{"id":1046,"date":"2020-01-31T02:46:57","date_gmt":"2020-01-31T06:46:57","guid":{"rendered":"https:\/\/www.bmicos.com\/asia\/products\/sin%20categor\u00eda\/serie-3000\/"},"modified":"2023-12-19T12:25:26","modified_gmt":"2023-12-19T18:25:26","slug":"annual-contribution","status":"publish","type":"product","link":"https:\/\/www.bmicos.com\/asia\/en\/insurance\/annual-contribution\/","title":{"rendered":"Annual Contribution Annuity"},"content":{"rendered":"","protected":false},"excerpt":{"rendered":"","protected":false},"featured_media":5767,"template":"","meta":{"_acf_changed":false},"product_brand":[],"product_cat":[248],"product_tag":[],"class_list":{"0":"post-1046","1":"product","2":"type-product","3":"status-publish","4":"has-post-thumbnail","6":"product_cat-annuity-plans","8":"first","9":"instock","10":"sold-individually","11":"shipping-taxable","12":"product-type-simple"},"acf":[],"yoast_head":"<!-- This site is optimized with the Yoast SEO Premium plugin v20.7 (Yoast SEO v27.4) - https:\/\/yoast.com\/product\/yoast-seo-premium-wordpress\/ -->\n<title>Annual Contribution Annuity BMI Asia<\/title>\n<meta name=\"description\" content=\"Gastos incurridos durante los \u00faltimos 90 d\u00edas del a\u00f1o p\u00f3liza que no excedan el deducible ser\u00e1n aplicados al siguiente per\u00edodo del a\u00f1o p\u00f3liza.\" \/>\n<meta name=\"robots\" content=\"index, follow, max-snippet:-1, max-image-preview:large, max-video-preview:-1\" \/>\n<link rel=\"canonical\" href=\"https:\/\/www.bmicos.com\/asia\/en\/insurance\/annual-contribution\/\" \/>\n<meta property=\"og:locale\" content=\"en_US\" \/>\n<meta property=\"og:type\" content=\"article\" \/>\n<meta property=\"og:title\" content=\"Annual Contribution Annuity\" \/>\n<meta property=\"og:description\" content=\"Gastos incurridos durante los \u00faltimos 90 d\u00edas del a\u00f1o p\u00f3liza que no excedan el deducible ser\u00e1n aplicados al siguiente per\u00edodo del a\u00f1o p\u00f3liza.\" \/>\n<meta property=\"og:url\" content=\"https:\/\/www.bmicos.com\/asia\/en\/insurance\/annual-contribution\/\" \/>\n<meta property=\"og:site_name\" content=\"BMI Asia\" \/>\n<meta property=\"article:publisher\" content=\"https:\/\/www.facebook.com\/BMIHeadquarters\" \/>\n<meta property=\"article:modified_time\" content=\"2023-12-19T18:25:26+00:00\" \/>\n<meta property=\"og:image\" content=\"https:\/\/www.bmicos.com\/asia\/wp-content\/uploads\/sites\/11\/2023\/03\/ANNUAL-CONTRIBUTION-2.jpg\" \/>\n\t<meta property=\"og:image:width\" content=\"800\" \/>\n\t<meta property=\"og:image:height\" content=\"450\" \/>\n\t<meta property=\"og:image:type\" content=\"image\/jpeg\" \/>\n<meta name=\"twitter:card\" content=\"summary_large_image\" \/>\n<meta name=\"twitter:label1\" content=\"Est. reading time\" \/>\n\t<meta name=\"twitter:data1\" content=\"1 minute\" \/>\n<script type=\"application\/ld+json\" class=\"yoast-schema-graph\">{\"@context\":\"https:\\\/\\\/schema.org\",\"@graph\":[{\"@type\":\"WebPage\",\"@id\":\"https:\\\/\\\/www.bmicos.com\\\/asia\\\/insurance\\\/annual-contribution\\\/\",\"url\":\"https:\\\/\\\/www.bmicos.com\\\/asia\\\/insurance\\\/annual-contribution\\\/\",\"name\":\"Annual Contribution Annuity BMI Asia\",\"isPartOf\":{\"@id\":\"https:\\\/\\\/www.bmicos.com\\\/asia\\\/#website\"},\"primaryImageOfPage\":{\"@id\":\"https:\\\/\\\/www.bmicos.com\\\/asia\\\/insurance\\\/annual-contribution\\\/#primaryimage\"},\"image\":{\"@id\":\"https:\\\/\\\/www.bmicos.com\\\/asia\\\/insurance\\\/annual-contribution\\\/#primaryimage\"},\"thumbnailUrl\":\"https:\\\/\\\/www.bmicos.com\\\/asia\\\/wp-content\\\/uploads\\\/sites\\\/11\\\/2023\\\/03\\\/ANNUAL-CONTRIBUTION-2.jpg\",\"datePublished\":\"2020-01-31T06:46:57+00:00\",\"dateModified\":\"2023-12-19T18:25:26+00:00\",\"description\":\"Gastos incurridos durante los \u00faltimos 90 d\u00edas del a\u00f1o p\u00f3liza que no excedan el deducible ser\u00e1n aplicados al siguiente per\u00edodo del a\u00f1o p\u00f3liza.\",\"breadcrumb\":{\"@id\":\"https:\\\/\\\/www.bmicos.com\\\/asia\\\/insurance\\\/annual-contribution\\\/#breadcrumb\"},\"inLanguage\":\"en-US\",\"potentialAction\":[{\"@type\":\"ReadAction\",\"target\":[\"https:\\\/\\\/www.bmicos.com\\\/asia\\\/insurance\\\/annual-contribution\\\/\"]}]},{\"@type\":\"ImageObject\",\"inLanguage\":\"en-US\",\"@id\":\"https:\\\/\\\/www.bmicos.com\\\/asia\\\/insurance\\\/annual-contribution\\\/#primaryimage\",\"url\":\"https:\\\/\\\/www.bmicos.com\\\/asia\\\/wp-content\\\/uploads\\\/sites\\\/11\\\/2023\\\/03\\\/ANNUAL-CONTRIBUTION-2.jpg\",\"contentUrl\":\"https:\\\/\\\/www.bmicos.com\\\/asia\\\/wp-content\\\/uploads\\\/sites\\\/11\\\/2023\\\/03\\\/ANNUAL-CONTRIBUTION-2.jpg\",\"width\":800,\"height\":450},{\"@type\":\"BreadcrumbList\",\"@id\":\"https:\\\/\\\/www.bmicos.com\\\/asia\\\/insurance\\\/annual-contribution\\\/#breadcrumb\",\"itemListElement\":[{\"@type\":\"ListItem\",\"position\":1,\"name\":\"\u9996\u9801\",\"item\":\"https:\\\/\\\/www.bmicos.com\\\/asia\\\/\"},{\"@type\":\"ListItem\",\"position\":2,\"name\":\"\u7522\u54c1\",\"item\":\"https:\\\/\\\/www.bmicos.com\\\/asia\\\/insurances\\\/\"},{\"@type\":\"ListItem\",\"position\":3,\"name\":\"\u5e74\u91d1\u8a08\u5283 - Annuity Plans\",\"item\":\"https:\\\/\\\/www.bmicos.com\\\/asia\\\/plan\\\/annuity-plans\\\/\"},{\"@type\":\"ListItem\",\"position\":4,\"name\":\"Annual Contribution Annuity\"}]},{\"@type\":\"WebSite\",\"@id\":\"https:\\\/\\\/www.bmicos.com\\\/asia\\\/#website\",\"url\":\"https:\\\/\\\/www.bmicos.com\\\/asia\\\/\",\"name\":\"BMI Asia\",\"description\":\"Asegurando familias en todo el mundo\",\"publisher\":{\"@id\":\"https:\\\/\\\/www.bmicos.com\\\/asia\\\/#organization\"},\"potentialAction\":[{\"@type\":\"SearchAction\",\"target\":{\"@type\":\"EntryPoint\",\"urlTemplate\":\"https:\\\/\\\/www.bmicos.com\\\/asia\\\/?s={search_term_string}\"},\"query-input\":{\"@type\":\"PropertyValueSpecification\",\"valueRequired\":true,\"valueName\":\"search_term_string\"}}],\"inLanguage\":\"en-US\"},{\"@type\":\"Organization\",\"@id\":\"https:\\\/\\\/www.bmicos.com\\\/asia\\\/#organization\",\"name\":\"BMI Companies\",\"url\":\"https:\\\/\\\/www.bmicos.com\\\/asia\\\/\",\"logo\":{\"@type\":\"ImageObject\",\"inLanguage\":\"en-US\",\"@id\":\"https:\\\/\\\/www.bmicos.com\\\/asia\\\/#\\\/schema\\\/logo\\\/image\\\/\",\"url\":\"https:\\\/\\\/www.bmicos.com\\\/asia\\\/wp-content\\\/uploads\\\/sites\\\/11\\\/2020\\\/12\\\/logo-1.png\",\"contentUrl\":\"https:\\\/\\\/www.bmicos.com\\\/asia\\\/wp-content\\\/uploads\\\/sites\\\/11\\\/2020\\\/12\\\/logo-1.png\",\"width\":519,\"height\":273,\"caption\":\"BMI Companies\"},\"image\":{\"@id\":\"https:\\\/\\\/www.bmicos.com\\\/asia\\\/#\\\/schema\\\/logo\\\/image\\\/\"},\"sameAs\":[\"https:\\\/\\\/www.facebook.com\\\/BMIHeadquarters\",\"https:\\\/\\\/www.instagram.com\\\/bmicompanies\\\/\",\"https:\\\/\\\/www.linkedin.com\\\/company\\\/bmicompanies\\\/\",\"https:\\\/\\\/www.youtube.com\\\/user\\\/BMICompaniesGlobal\"]}]}<\/script>\n<!-- \/ Yoast SEO Premium plugin. -->","yoast_head_json":{"title":"Annual Contribution Annuity BMI Asia","description":"Gastos incurridos durante los \u00faltimos 90 d\u00edas del a\u00f1o p\u00f3liza que no excedan el deducible ser\u00e1n aplicados al siguiente per\u00edodo del a\u00f1o p\u00f3liza.","robots":{"index":"index","follow":"follow","max-snippet":"max-snippet:-1","max-image-preview":"max-image-preview:large","max-video-preview":"max-video-preview:-1"},"canonical":"https:\/\/www.bmicos.com\/asia\/en\/insurance\/annual-contribution\/","og_locale":"en_US","og_type":"article","og_title":"Annual Contribution Annuity","og_description":"Gastos incurridos durante los \u00faltimos 90 d\u00edas del a\u00f1o p\u00f3liza que no excedan el deducible ser\u00e1n aplicados al siguiente per\u00edodo del a\u00f1o p\u00f3liza.","og_url":"https:\/\/www.bmicos.com\/asia\/en\/insurance\/annual-contribution\/","og_site_name":"BMI Asia","article_publisher":"https:\/\/www.facebook.com\/BMIHeadquarters","article_modified_time":"2023-12-19T18:25:26+00:00","og_image":[{"width":800,"height":450,"url":"https:\/\/www.bmicos.com\/asia\/wp-content\/uploads\/sites\/11\/2023\/03\/ANNUAL-CONTRIBUTION-2.jpg","type":"image\/jpeg"}],"twitter_card":"summary_large_image","twitter_misc":{"Est. reading time":"1 minute"},"schema":{"@context":"https:\/\/schema.org","@graph":[{"@type":"WebPage","@id":"https:\/\/www.bmicos.com\/asia\/insurance\/annual-contribution\/","url":"https:\/\/www.bmicos.com\/asia\/insurance\/annual-contribution\/","name":"Annual Contribution Annuity BMI Asia","isPartOf":{"@id":"https:\/\/www.bmicos.com\/asia\/#website"},"primaryImageOfPage":{"@id":"https:\/\/www.bmicos.com\/asia\/insurance\/annual-contribution\/#primaryimage"},"image":{"@id":"https:\/\/www.bmicos.com\/asia\/insurance\/annual-contribution\/#primaryimage"},"thumbnailUrl":"https:\/\/www.bmicos.com\/asia\/wp-content\/uploads\/sites\/11\/2023\/03\/ANNUAL-CONTRIBUTION-2.jpg","datePublished":"2020-01-31T06:46:57+00:00","dateModified":"2023-12-19T18:25:26+00:00","description":"Gastos incurridos durante los \u00faltimos 90 d\u00edas del a\u00f1o p\u00f3liza que no excedan el deducible ser\u00e1n aplicados al siguiente per\u00edodo del a\u00f1o p\u00f3liza.","breadcrumb":{"@id":"https:\/\/www.bmicos.com\/asia\/insurance\/annual-contribution\/#breadcrumb"},"inLanguage":"en-US","potentialAction":[{"@type":"ReadAction","target":["https:\/\/www.bmicos.com\/asia\/insurance\/annual-contribution\/"]}]},{"@type":"ImageObject","inLanguage":"en-US","@id":"https:\/\/www.bmicos.com\/asia\/insurance\/annual-contribution\/#primaryimage","url":"https:\/\/www.bmicos.com\/asia\/wp-content\/uploads\/sites\/11\/2023\/03\/ANNUAL-CONTRIBUTION-2.jpg","contentUrl":"https:\/\/www.bmicos.com\/asia\/wp-content\/uploads\/sites\/11\/2023\/03\/ANNUAL-CONTRIBUTION-2.jpg","width":800,"height":450},{"@type":"BreadcrumbList","@id":"https:\/\/www.bmicos.com\/asia\/insurance\/annual-contribution\/#breadcrumb","itemListElement":[{"@type":"ListItem","position":1,"name":"\u9996\u9801","item":"https:\/\/www.bmicos.com\/asia\/"},{"@type":"ListItem","position":2,"name":"\u7522\u54c1","item":"https:\/\/www.bmicos.com\/asia\/insurances\/"},{"@type":"ListItem","position":3,"name":"\u5e74\u91d1\u8a08\u5283 - Annuity Plans","item":"https:\/\/www.bmicos.com\/asia\/plan\/annuity-plans\/"},{"@type":"ListItem","position":4,"name":"Annual Contribution Annuity"}]},{"@type":"WebSite","@id":"https:\/\/www.bmicos.com\/asia\/#website","url":"https:\/\/www.bmicos.com\/asia\/","name":"BMI Asia","description":"Asegurando families en todo el mundo","publisher":{"@id":"https:\/\/www.bmicos.com\/asia\/#organization"},"potentialAction":[{"@type":"SearchAction","target":{"@type":"EntryPoint","urlTemplate":"https:\/\/www.bmicos.com\/asia\/?s={search_term_string}"},"query-input":{"@type":"PropertyValueSpecification","valueRequired":true,"valueName":"search_term_string"}}],"inLanguage":"en-US"},{"@type":"Organization","@id":"https:\/\/www.bmicos.com\/asia\/#organization","name":"BMI Companies","url":"https:\/\/www.bmicos.com\/asia\/","logo":{"@type":"ImageObject","inLanguage":"en-US","@id":"https:\/\/www.bmicos.com\/asia\/#\/schema\/logo\/image\/","url":"https:\/\/www.bmicos.com\/asia\/wp-content\/uploads\/sites\/11\/2020\/12\/logo-1.png","contentUrl":"https:\/\/www.bmicos.com\/asia\/wp-content\/uploads\/sites\/11\/2020\/12\/logo-1.png","width":519,"height":273,"caption":"BMI Companies"},"image":{"@id":"https:\/\/www.bmicos.com\/asia\/#\/schema\/logo\/image\/"},"sameAs":["https:\/\/www.facebook.com\/BMIHeadquarters","https:\/\/www.instagram.com\/bmicompanies\/","https:\/\/www.linkedin.com\/company\/bmicompanies\/","https:\/\/www.youtube.com\/user\/BMICompaniesGlobal"]}]}},"_links":{"self":[{"href":"https:\/\/www.bmicos.com\/asia\/en\/wp-json\/wp\/v2\/product\/1046","targetHints":{"allow":["GET"]}}],"collection":[{"href":"https:\/\/www.bmicos.com\/asia\/en\/wp-json\/wp\/v2\/product"}],"about":[{"href":"https:\/\/www.bmicos.com\/asia\/en\/wp-json\/wp\/v2\/types\/product"}],"version-history":[{"count":0,"href":"https:\/\/www.bmicos.com\/asia\/en\/wp-json\/wp\/v2\/product\/1046\/revisions"}],"wp:featuredmedia":[{"embeddable":true,"href":"https:\/\/www.bmicos.com\/asia\/en\/wp-json\/wp\/v2\/media\/5767"}],"wp:attachment":[{"href":"https:\/\/www.bmicos.com\/asia\/en\/wp-json\/wp\/v2\/media?parent=1046"}],"wp:term":[{"taxonomy":"product_brand","embeddable":true,"href":"https:\/\/www.bmicos.com\/asia\/en\/wp-json\/wp\/v2\/product_brand?post=1046"},{"taxonomy":"product_cat","embeddable":true,"href":"https:\/\/www.bmicos.com\/asia\/en\/wp-json\/wp\/v2\/product_cat?post=1046"},{"taxonomy":"product_tag","embeddable":true,"href":"https:\/\/www.bmicos.com\/asia\/en\/wp-json\/wp\/v2\/product_tag?post=1046"}],"curies":[{"name":"wp","href":"https:\/\/api.w.org\/{rel}","templated":true}]}}