{"id":1436,"date":"2020-10-06T15:25:50","date_gmt":"2020-10-06T15:25:50","guid":{"rendered":"https:\/\/www.bmicos.com\/colombia\/?post_type=product&#038;p=1436"},"modified":"2023-03-23T15:28:18","modified_gmt":"2023-03-23T15:28:18","slug":"plan-ejecutivo-de-salud","status":"publish","type":"product","link":"https:\/\/www.bmicos.com\/colombia\/en\/seguros\/plan-ejecutivo-de-salud\/","title":{"rendered":"Executive Health Plan"},"content":{"rendered":"","protected":false},"excerpt":{"rendered":"<p>Our executive plan is a collective insurance solution designed for groups of 5 or more people that allows them to opt for global medical treatment with free choice of medical network and our specialized Azure network in the US, guaranteeing your peace of mind by providing the best medical services that will meet all your expectations, with benefits of up to USD $2,000,000 and our exclusive BMI Access program (a program for all health insured that provides the supervision and permanent assistance of a BMI Medical Coordinator who guides access to all the benefits). If you want to know more about this product please contact us.<\/p>\n<p><strong>Some of our benefits are:<\/strong><\/p>\n<p>\u2022 Extensive coverage designed to meet international health care needs.<br \/>\n\u2022 Product options for family groups with a legal policyholder from 5 or more members with affinity.<br \/>\n\u2022 Rate designed according to age and benefit for children under 24 years of age.<br \/>\n\u2022 Coverage of pre-existing conditions.<br \/>\n\u2022 Different options inside and outside our network with the possibility of reimbursement.<br \/>\n\u2022 Optional coverage and annexes.<br \/>\n\u2022 Different deductible options.<br \/>\n\u2022 Maternity benefit and preservation of stem cells.<\/p>\n<p>&nbsp;<\/p>\n<p><i class=\"fa fa-file-pdf-o\" style=\"font-size: 24px; color: red;\"><\/i><a href=\"https:\/\/www.bmicos.com\/colombia\/en\/download\/brochure-poliza-de-salud-plan-ejecutivo\/?wpdmdl=4321&amp;masterkey=606f539eb145b\" target=\"_blank\" rel=\"noopener noreferrer\"><strong> Brochure Health Policy Executive Plan<\/strong><\/a><\/p>\n<p><i class=\"fa fa-file-pdf-o\" style=\"font-size: 24px; color: red;\"><\/i><strong><a href=\"https:\/\/www.bmicos.com\/colombia\/wp-content\/uploads\/sites\/5\/2020\/10\/Condicionado-Poliza-de-Salud-Plan-Ejecutivo-2.pdf\" target=\"_blank\" rel=\"noopener noreferrer\"> Conditioned Health Policy Executive Plan<\/a><\/strong><\/p>\n<p><strong>Annexes:\u00a0<\/strong><\/p>\n<p><a href=\"https:\/\/www.bmicos.com\/colombia\/wp-content\/uploads\/sites\/5\/2020\/10\/Anexo-de-Transportacion-Aerea-de-Emergencia-Medica.pdf\" target=\"_blank\" rel=\"noopener noreferrer\">\u2022 Annex of Medical Emergency Air Transportation<\/a><\/p>\n<p><a href=\"https:\/\/www.bmicos.com\/colombia\/wp-content\/uploads\/sites\/5\/2020\/10\/Anexo-de-Transportacion-Aerea-de-Emergencia-Medica-y-Repatriacion.pdf\" target=\"_blank\" rel=\"noopener noreferrer\">\u2022 Annex of Air Transportation for Medical Emergency and Repatriation<\/a><\/p>\n<p><a href=\"https:\/\/www.bmicos.com\/colombia\/wp-content\/uploads\/sites\/5\/2020\/10\/Anexo-de-Cuidado-Visual.pdf\" target=\"_blank\" rel=\"noopener noreferrer\">\u2022 Visual Care Annex<\/a><\/p>\n<p><a href=\"https:\/\/www.bmicos.com\/colombia\/wp-content\/uploads\/sites\/5\/2020\/10\/Anexo-de-Cuidado-Dental.pdf\" target=\"_blank\" rel=\"noopener noreferrer\">\u2022 Dental Care Addendum<\/a><\/p>\n<p><a href=\"https:\/\/www.bmicos.com\/colombia\/wp-content\/uploads\/sites\/5\/2020\/10\/Anexo-de-Asistencia-Viajera.pdf\" target=\"_blank\" rel=\"noopener noreferrer\">\u2022 Travel Assistance Annex<\/a><\/p>","protected":false},"featured_media":3470,"template":"","meta":{"_acf_changed":false},"product_brand":[],"product_cat":[248],"product_tag":[501],"class_list":{"0":"post-1436","1":"product","2":"type-product","3":"status-publish","4":"has-post-thumbnail","6":"product_cat-salud","7":"product_tag-colectivo-de-salud","9":"first","10":"instock","11":"sold-individually","12":"shipping-taxable","13":"product-type-simple"},"acf":[],"yoast_head":"<!-- This site is optimized with the Yoast SEO Premium plugin v20.7 (Yoast SEO v27.3) - https:\/\/yoast.com\/product\/yoast-seo-premium-wordpress\/ -->\n<title>Plan Ejecutivo de Salud - BMI Seguros Colombia<\/title>\n<meta name=\"description\" content=\"Nuestro plan ejecutivo es una soluci\u00f3n de aseguramiento colectivo dise\u00f1ado para grupos desde 5 o m\u00e1s personas.\" \/>\n<meta name=\"robots\" content=\"index, follow, max-snippet:-1, max-image-preview:large, max-video-preview:-1\" \/>\n<link rel=\"canonical\" href=\"https:\/\/www.bmicos.com\/colombia\/en\/seguros\/plan-ejecutivo-de-salud\/\" \/>\n<meta property=\"og:locale\" content=\"en_US\" \/>\n<meta property=\"og:type\" content=\"article\" \/>\n<meta property=\"og:title\" content=\"Plan Ejecutivo de Salud - BMI Seguros Colombia\" \/>\n<meta property=\"og:description\" content=\"Nuestro plan ejecutivo es una soluci\u00f3n de aseguramiento colectivo dise\u00f1ado para grupos desde 5 o m\u00e1s personas.\" \/>\n<meta property=\"og:url\" content=\"https:\/\/www.bmicos.com\/colombia\/en\/seguros\/plan-ejecutivo-de-salud\/\" \/>\n<meta property=\"og:site_name\" content=\"BMI Seguros Colombia\" \/>\n<meta property=\"article:publisher\" content=\"https:\/\/www.facebook.com\/BMIseguroscolombia\/\" \/>\n<meta property=\"article:modified_time\" content=\"2023-03-23T15:28:18+00:00\" \/>\n<meta property=\"og:image\" content=\"https:\/\/www.bmicos.com\/colombia\/wp-content\/uploads\/sites\/5\/2020\/12\/Ejecutivo-1.jpg\" \/>\n\t<meta property=\"og:image:width\" content=\"720\" \/>\n\t<meta property=\"og:image:height\" content=\"540\" \/>\n\t<meta property=\"og:image:type\" content=\"image\/jpeg\" \/>\n<meta name=\"twitter:card\" content=\"summary_large_image\" \/>\n<meta name=\"twitter:title\" content=\"Plan Ejecutivo de Salud - BMI Seguros Colombia\" \/>\n<meta name=\"twitter:description\" content=\"Nuestro plan ejecutivo es una soluci\u00f3n de aseguramiento colectivo dise\u00f1ado para grupos desde 5 o m\u00e1s personas.\" \/>\n<script type=\"application\/ld+json\" class=\"yoast-schema-graph\">{\"@context\":\"https:\\\/\\\/schema.org\",\"@graph\":[{\"@type\":\"WebPage\",\"@id\":\"https:\\\/\\\/www.bmicos.com\\\/colombia\\\/seguros\\\/plan-ejecutivo-de-salud\\\/\",\"url\":\"https:\\\/\\\/www.bmicos.com\\\/colombia\\\/seguros\\\/plan-ejecutivo-de-salud\\\/\",\"name\":\"Plan Ejecutivo de Salud - BMI Seguros Colombia\",\"isPartOf\":{\"@id\":\"https:\\\/\\\/www.bmicos.com\\\/colombia\\\/#website\"},\"primaryImageOfPage\":{\"@id\":\"https:\\\/\\\/www.bmicos.com\\\/colombia\\\/seguros\\\/plan-ejecutivo-de-salud\\\/#primaryimage\"},\"image\":{\"@id\":\"https:\\\/\\\/www.bmicos.com\\\/colombia\\\/seguros\\\/plan-ejecutivo-de-salud\\\/#primaryimage\"},\"thumbnailUrl\":\"https:\\\/\\\/www.bmicos.com\\\/colombia\\\/wp-content\\\/uploads\\\/sites\\\/5\\\/2020\\\/12\\\/Ejecutivo-1.jpg\",\"datePublished\":\"2020-10-06T15:25:50+00:00\",\"dateModified\":\"2023-03-23T15:28:18+00:00\",\"description\":\"Nuestro plan ejecutivo es una soluci\u00f3n de aseguramiento colectivo dise\u00f1ado para grupos desde 5 o m\u00e1s personas.\",\"breadcrumb\":{\"@id\":\"https:\\\/\\\/www.bmicos.com\\\/colombia\\\/seguros\\\/plan-ejecutivo-de-salud\\\/#breadcrumb\"},\"inLanguage\":\"en-US\",\"potentialAction\":[{\"@type\":\"ReadAction\",\"target\":[\"https:\\\/\\\/www.bmicos.com\\\/colombia\\\/seguros\\\/plan-ejecutivo-de-salud\\\/\"]}]},{\"@type\":\"ImageObject\",\"inLanguage\":\"en-US\",\"@id\":\"https:\\\/\\\/www.bmicos.com\\\/colombia\\\/seguros\\\/plan-ejecutivo-de-salud\\\/#primaryimage\",\"url\":\"https:\\\/\\\/www.bmicos.com\\\/colombia\\\/wp-content\\\/uploads\\\/sites\\\/5\\\/2020\\\/12\\\/Ejecutivo-1.jpg\",\"contentUrl\":\"https:\\\/\\\/www.bmicos.com\\\/colombia\\\/wp-content\\\/uploads\\\/sites\\\/5\\\/2020\\\/12\\\/Ejecutivo-1.jpg\",\"width\":720,\"height\":540},{\"@type\":\"BreadcrumbList\",\"@id\":\"https:\\\/\\\/www.bmicos.com\\\/colombia\\\/seguros\\\/plan-ejecutivo-de-salud\\\/#breadcrumb\",\"itemListElement\":[{\"@type\":\"ListItem\",\"position\":1,\"name\":\"Inicio\",\"item\":\"https:\\\/\\\/www.bmicos.com\\\/colombia\\\/\"},{\"@type\":\"ListItem\",\"position\":2,\"name\":\"Seguros\",\"item\":\"https:\\\/\\\/www.bmicos.com\\\/colombia\\\/seguros\\\/\"},{\"@type\":\"ListItem\",\"position\":3,\"name\":\"Plan Ejecutivo de Salud\"}]},{\"@type\":\"WebSite\",\"@id\":\"https:\\\/\\\/www.bmicos.com\\\/colombia\\\/#website\",\"url\":\"https:\\\/\\\/www.bmicos.com\\\/colombia\\\/\",\"name\":\"BMI Seguros Colombia\",\"description\":\"Asegurando familias en todo el mundo\",\"publisher\":{\"@id\":\"https:\\\/\\\/www.bmicos.com\\\/colombia\\\/#organization\"},\"potentialAction\":[{\"@type\":\"SearchAction\",\"target\":{\"@type\":\"EntryPoint\",\"urlTemplate\":\"https:\\\/\\\/www.bmicos.com\\\/colombia\\\/?s={search_term_string}\"},\"query-input\":{\"@type\":\"PropertyValueSpecification\",\"valueRequired\":true,\"valueName\":\"search_term_string\"}}],\"inLanguage\":\"en-US\"},{\"@type\":\"Organization\",\"@id\":\"https:\\\/\\\/www.bmicos.com\\\/colombia\\\/#organization\",\"name\":\"BMI Companies\",\"url\":\"https:\\\/\\\/www.bmicos.com\\\/colombia\\\/\",\"logo\":{\"@type\":\"ImageObject\",\"inLanguage\":\"en-US\",\"@id\":\"https:\\\/\\\/www.bmicos.com\\\/colombia\\\/#\\\/schema\\\/logo\\\/image\\\/\",\"url\":\"https:\\\/\\\/www.bmicos.com\\\/colombia\\\/wp-content\\\/uploads\\\/sites\\\/5\\\/2020\\\/12\\\/logo-1.png\",\"contentUrl\":\"https:\\\/\\\/www.bmicos.com\\\/colombia\\\/wp-content\\\/uploads\\\/sites\\\/5\\\/2020\\\/12\\\/logo-1.png\",\"width\":519,\"height\":273,\"caption\":\"BMI Companies\"},\"image\":{\"@id\":\"https:\\\/\\\/www.bmicos.com\\\/colombia\\\/#\\\/schema\\\/logo\\\/image\\\/\"},\"sameAs\":[\"https:\\\/\\\/www.facebook.com\\\/BMIseguroscolombia\\\/\",\"https:\\\/\\\/www.instagram.com\\\/bmiseguroscolombia\\\/\",\"https:\\\/\\\/www.linkedin.com\\\/company\\\/bmi-seguros-colombia\\\/\",\"https:\\\/\\\/www.youtube.com\\\/channel\\\/UCwIGPFasxSetkzViWnYUdBg\"]}]}<\/script>\n<!-- \/ Yoast SEO Premium plugin. -->","yoast_head_json":{"title":"Executive Health Plan - BMI Seguros Colombia","description":"Our executive plan is a collective insurance solution designed for groups of 5 or more people.","robots":{"index":"index","follow":"follow","max-snippet":"max-snippet:-1","max-image-preview":"max-image-preview:large","max-video-preview":"max-video-preview:-1"},"canonical":"https:\/\/www.bmicos.com\/colombia\/en\/seguros\/plan-ejecutivo-de-salud\/","og_locale":"en_US","og_type":"article","og_title":"Plan Ejecutivo de Salud - BMI Seguros Colombia","og_description":"Nuestro plan ejecutivo es una soluci\u00f3n de aseguramiento colectivo dise\u00f1ado para grupos desde 5 o m\u00e1s personas.","og_url":"https:\/\/www.bmicos.com\/colombia\/en\/seguros\/plan-ejecutivo-de-salud\/","og_site_name":"BMI Seguros Colombia","article_publisher":"https:\/\/www.facebook.com\/BMIseguroscolombia\/","article_modified_time":"2023-03-23T15:28:18+00:00","og_image":[{"width":720,"height":540,"url":"https:\/\/www.bmicos.com\/colombia\/wp-content\/uploads\/sites\/5\/2020\/12\/Ejecutivo-1.jpg","type":"image\/jpeg"}],"twitter_card":"summary_large_image","twitter_title":"Plan Ejecutivo de Salud - BMI Seguros Colombia","twitter_description":"Nuestro plan ejecutivo es una soluci\u00f3n de aseguramiento colectivo dise\u00f1ado para grupos desde 5 o m\u00e1s personas.","schema":{"@context":"https:\/\/schema.org","@graph":[{"@type":"WebPage","@id":"https:\/\/www.bmicos.com\/colombia\/seguros\/plan-ejecutivo-de-salud\/","url":"https:\/\/www.bmicos.com\/colombia\/seguros\/plan-ejecutivo-de-salud\/","name":"Executive Health Plan - BMI Seguros Colombia","isPartOf":{"@id":"https:\/\/www.bmicos.com\/colombia\/#website"},"primaryImageOfPage":{"@id":"https:\/\/www.bmicos.com\/colombia\/seguros\/plan-ejecutivo-de-salud\/#primaryimage"},"image":{"@id":"https:\/\/www.bmicos.com\/colombia\/seguros\/plan-ejecutivo-de-salud\/#primaryimage"},"thumbnailUrl":"https:\/\/www.bmicos.com\/colombia\/wp-content\/uploads\/sites\/5\/2020\/12\/Ejecutivo-1.jpg","datePublished":"2020-10-06T15:25:50+00:00","dateModified":"2023-03-23T15:28:18+00:00","description":"Our executive plan is a collective insurance solution designed for groups of 5 or more people.","breadcrumb":{"@id":"https:\/\/www.bmicos.com\/colombia\/seguros\/plan-ejecutivo-de-salud\/#breadcrumb"},"inLanguage":"en-US","potentialAction":[{"@type":"ReadAction","target":["https:\/\/www.bmicos.com\/colombia\/seguros\/plan-ejecutivo-de-salud\/"]}]},{"@type":"ImageObject","inLanguage":"en-US","@id":"https:\/\/www.bmicos.com\/colombia\/seguros\/plan-ejecutivo-de-salud\/#primaryimage","url":"https:\/\/www.bmicos.com\/colombia\/wp-content\/uploads\/sites\/5\/2020\/12\/Ejecutivo-1.jpg","contentUrl":"https:\/\/www.bmicos.com\/colombia\/wp-content\/uploads\/sites\/5\/2020\/12\/Ejecutivo-1.jpg","width":720,"height":540},{"@type":"BreadcrumbList","@id":"https:\/\/www.bmicos.com\/colombia\/seguros\/plan-ejecutivo-de-salud\/#breadcrumb","itemListElement":[{"@type":"ListItem","position":1,"name":"Inicio","item":"https:\/\/www.bmicos.com\/colombia\/"},{"@type":"ListItem","position":2,"name":"Seguros","item":"https:\/\/www.bmicos.com\/colombia\/seguros\/"},{"@type":"ListItem","position":3,"name":"Plan Ejecutivo de Salud"}]},{"@type":"WebSite","@id":"https:\/\/www.bmicos.com\/colombia\/#website","url":"https:\/\/www.bmicos.com\/colombia\/","name":"BMI Insurance Colombia","description":"Insuring Families Worldwide","publisher":{"@id":"https:\/\/www.bmicos.com\/colombia\/#organization"},"potentialAction":[{"@type":"SearchAction","target":{"@type":"EntryPoint","urlTemplate":"https:\/\/www.bmicos.com\/colombia\/?s={search_term_string}"},"query-input":{"@type":"PropertyValueSpecification","valueRequired":true,"valueName":"search_term_string"}}],"inLanguage":"en-US"},{"@type":"Organization","@id":"https:\/\/www.bmicos.com\/colombia\/#organization","name":"BMI Companies","url":"https:\/\/www.bmicos.com\/colombia\/","logo":{"@type":"ImageObject","inLanguage":"en-US","@id":"https:\/\/www.bmicos.com\/colombia\/#\/schema\/logo\/image\/","url":"https:\/\/www.bmicos.com\/colombia\/wp-content\/uploads\/sites\/5\/2020\/12\/logo-1.png","contentUrl":"https:\/\/www.bmicos.com\/colombia\/wp-content\/uploads\/sites\/5\/2020\/12\/logo-1.png","width":519,"height":273,"caption":"BMI Companies"},"image":{"@id":"https:\/\/www.bmicos.com\/colombia\/#\/schema\/logo\/image\/"},"sameAs":["https:\/\/www.facebook.com\/BMIseguroscolombia\/","https:\/\/www.instagram.com\/bmiseguroscolombia\/","https:\/\/www.linkedin.com\/company\/bmi-seguros-colombia\/","https:\/\/www.youtube.com\/channel\/UCwIGPFasxSetkzViWnYUdBg"]}]}},"_links":{"self":[{"href":"https:\/\/www.bmicos.com\/colombia\/en\/wp-json\/wp\/v2\/product\/1436","targetHints":{"allow":["GET"]}}],"collection":[{"href":"https:\/\/www.bmicos.com\/colombia\/en\/wp-json\/wp\/v2\/product"}],"about":[{"href":"https:\/\/www.bmicos.com\/colombia\/en\/wp-json\/wp\/v2\/types\/product"}],"version-history":[{"count":0,"href":"https:\/\/www.bmicos.com\/colombia\/en\/wp-json\/wp\/v2\/product\/1436\/revisions"}],"wp:featuredmedia":[{"embeddable":true,"href":"https:\/\/www.bmicos.com\/colombia\/en\/wp-json\/wp\/v2\/media\/3470"}],"wp:attachment":[{"href":"https:\/\/www.bmicos.com\/colombia\/en\/wp-json\/wp\/v2\/media?parent=1436"}],"wp:term":[{"taxonomy":"product_brand","embeddable":true,"href":"https:\/\/www.bmicos.com\/colombia\/en\/wp-json\/wp\/v2\/product_brand?post=1436"},{"taxonomy":"product_cat","embeddable":true,"href":"https:\/\/www.bmicos.com\/colombia\/en\/wp-json\/wp\/v2\/product_cat?post=1436"},{"taxonomy":"product_tag","embeddable":true,"href":"https:\/\/www.bmicos.com\/colombia\/en\/wp-json\/wp\/v2\/product_tag?post=1436"}],"curies":[{"name":"wp","href":"https:\/\/api.w.org\/{rel}","templated":true}]}}