{"id":4130,"date":"2021-01-25T18:36:56","date_gmt":"2021-01-25T18:36:56","guid":{"rendered":"https:\/\/www.bmicos.com\/colombia\/?post_type=product&#038;p=4130"},"modified":"2026-03-12T09:50:40","modified_gmt":"2026-03-12T14:50:40","slug":"polizas-de-salud-complicaciones-por-cirugia","status":"publish","type":"product","link":"https:\/\/www.bmicos.com\/colombia\/en\/seguros\/polizas-de-salud-complicaciones-por-cirugia\/","title":{"rendered":"Health Policies Complications from Surgery"},"content":{"rendered":"<p>&nbsp;<\/p>\n<p>&nbsp;<\/p>","protected":false},"excerpt":{"rendered":"<p>Our Surgical Complications product offers you the necessary medical support in case of complications that may arise after an aesthetic surgical intervention diagnosed within (60) days from the date and time of the intervention, guaranteeing your peace of mind and with the security of being insured by BMI. If you want to know more about this product please contact us.<\/p>\n<header class=\"vc_cta3-content-header\"><strong>Conditioned:<\/strong><\/header>\n<header class=\"vc_cta3-content-header\"><i class=\"fa fa-file-pdf-o\" style=\"font-size: 24px; color: red;\"><\/i><a href=\"https:\/\/www.bmicos.com\/colombia\/wp-content\/uploads\/sites\/5\/2026\/03\/01_03_2026_Condicionado-Complicaciones-de-Cirugia-III_V.3.0.pdf\" target=\"_blank\" rel=\"noopener noreferrer\"><strong> Conditional Health Policy Complications surgery<\/strong><\/a><\/header>\n<header><\/header>\n<header><\/header>\n<header class=\"vc_cta3-content-header\"><\/header>\n<header class=\"vc_cta3-content-header\"><i class=\"fa fa-file-pdf-o\" style=\"font-size: 24px; color: red;\"><\/i><a href=\"https:\/\/www.bmicos.com\/colombia\/wp-content\/uploads\/sites\/5\/2021\/01\/condicionado-anexo-de-Ginecologia-y-Fertilidad.pdf\" target=\"_blank\" rel=\"noopener noreferrer\"><strong> Conditioned Annex of Gynecology and Fertility<\/strong><\/a><\/header>\n<header><\/header>\n<header><\/header>","protected":false},"featured_media":4963,"template":"","meta":{"_acf_changed":false},"product_brand":[],"product_cat":[248],"product_tag":[503],"class_list":{"0":"post-4130","1":"product","2":"type-product","3":"status-publish","4":"has-post-thumbnail","6":"product_cat-salud","7":"product_tag-colectivo-de-salud-2","9":"first","10":"instock","11":"shipping-taxable","12":"product-type-simple"},"acf":[],"yoast_head":"<!-- This site is optimized with the Yoast SEO Premium plugin v20.7 (Yoast SEO v27.6) - https:\/\/yoast.com\/product\/yoast-seo-premium-wordpress\/ -->\n<title>P\u00f3lizas de Salud Complicaciones por Cirug\u00eda - BMI Seguros Colombia<\/title>\n<meta name=\"description\" content=\"Nuestro producto de Complicaciones por Cirug\u00eda le ofrece el respaldo m\u00e9dico necesario en caso de presentar complicaciones.\" \/>\n<meta name=\"robots\" content=\"index, follow, max-snippet:-1, max-image-preview:large, max-video-preview:-1\" \/>\n<link rel=\"canonical\" href=\"https:\/\/www.bmicos.com\/colombia\/en\/seguros\/polizas-de-salud-complicaciones-por-cirugia\/\" \/>\n<meta property=\"og:locale\" content=\"en_US\" \/>\n<meta property=\"og:type\" content=\"article\" \/>\n<meta property=\"og:title\" content=\"P\u00f3lizas de Salud Complicaciones por Cirug\u00eda - BMI Seguros Colombia\" \/>\n<meta property=\"og:description\" content=\"Nuestro producto de Complicaciones por Cirug\u00eda le ofrece el respaldo m\u00e9dico necesario en caso de presentar complicaciones.\" \/>\n<meta property=\"og:url\" content=\"https:\/\/www.bmicos.com\/colombia\/en\/seguros\/polizas-de-salud-complicaciones-por-cirugia\/\" \/>\n<meta property=\"og:site_name\" content=\"BMI Seguros Colombia\" \/>\n<meta property=\"article:publisher\" content=\"https:\/\/www.facebook.com\/BMIseguroscolombia\/\" \/>\n<meta property=\"article:modified_time\" content=\"2026-03-12T14:50:40+00:00\" \/>\n<meta property=\"og:image\" content=\"https:\/\/www.bmicos.com\/colombia\/wp-content\/uploads\/sites\/5\/2021\/01\/0Poliza_CirugiaBMI_Mesa-de-trabajo-1-1.jpg\" \/>\n\t<meta property=\"og:image:width\" content=\"800\" \/>\n\t<meta property=\"og:image:height\" content=\"533\" \/>\n\t<meta property=\"og:image:type\" content=\"image\/jpeg\" \/>\n<meta name=\"twitter:card\" content=\"summary_large_image\" \/>\n<meta name=\"twitter:title\" content=\"P\u00f3lizas de Salud Complicaciones por Cirug\u00eda - BMI Seguros Colombia\" \/>\n<meta name=\"twitter:description\" content=\"Nuestro producto de Complicaciones por Cirug\u00eda le ofrece el respaldo m\u00e9dico necesario en caso de presentar complicaciones.\" \/>\n<meta name=\"twitter:label1\" content=\"Est. reading time\" \/>\n\t<meta name=\"twitter:data1\" content=\"1 minute\" \/>\n<script type=\"application\/ld+json\" class=\"yoast-schema-graph\">{\"@context\":\"https:\\\/\\\/schema.org\",\"@graph\":[{\"@type\":\"WebPage\",\"@id\":\"https:\\\/\\\/www.bmicos.com\\\/colombia\\\/seguros\\\/polizas-de-salud-complicaciones-por-cirugia\\\/\",\"url\":\"https:\\\/\\\/www.bmicos.com\\\/colombia\\\/seguros\\\/polizas-de-salud-complicaciones-por-cirugia\\\/\",\"name\":\"P\u00f3lizas de Salud Complicaciones por Cirug\u00eda - BMI Seguros Colombia\",\"isPartOf\":{\"@id\":\"https:\\\/\\\/www.bmicos.com\\\/colombia\\\/#website\"},\"primaryImageOfPage\":{\"@id\":\"https:\\\/\\\/www.bmicos.com\\\/colombia\\\/seguros\\\/polizas-de-salud-complicaciones-por-cirugia\\\/#primaryimage\"},\"image\":{\"@id\":\"https:\\\/\\\/www.bmicos.com\\\/colombia\\\/seguros\\\/polizas-de-salud-complicaciones-por-cirugia\\\/#primaryimage\"},\"thumbnailUrl\":\"https:\\\/\\\/www.bmicos.com\\\/colombia\\\/wp-content\\\/uploads\\\/sites\\\/5\\\/2021\\\/01\\\/0Poliza_CirugiaBMI_Mesa-de-trabajo-1-1.jpg\",\"datePublished\":\"2021-01-25T18:36:56+00:00\",\"dateModified\":\"2026-03-12T14:50:40+00:00\",\"description\":\"Nuestro producto de Complicaciones por Cirug\u00eda le ofrece el respaldo m\u00e9dico necesario en caso de presentar complicaciones.\",\"breadcrumb\":{\"@id\":\"https:\\\/\\\/www.bmicos.com\\\/colombia\\\/seguros\\\/polizas-de-salud-complicaciones-por-cirugia\\\/#breadcrumb\"},\"inLanguage\":\"en-US\",\"potentialAction\":[{\"@type\":\"ReadAction\",\"target\":[\"https:\\\/\\\/www.bmicos.com\\\/colombia\\\/seguros\\\/polizas-de-salud-complicaciones-por-cirugia\\\/\"]}]},{\"@type\":\"ImageObject\",\"inLanguage\":\"en-US\",\"@id\":\"https:\\\/\\\/www.bmicos.com\\\/colombia\\\/seguros\\\/polizas-de-salud-complicaciones-por-cirugia\\\/#primaryimage\",\"url\":\"https:\\\/\\\/www.bmicos.com\\\/colombia\\\/wp-content\\\/uploads\\\/sites\\\/5\\\/2021\\\/01\\\/0Poliza_CirugiaBMI_Mesa-de-trabajo-1-1.jpg\",\"contentUrl\":\"https:\\\/\\\/www.bmicos.com\\\/colombia\\\/wp-content\\\/uploads\\\/sites\\\/5\\\/2021\\\/01\\\/0Poliza_CirugiaBMI_Mesa-de-trabajo-1-1.jpg\",\"width\":800,\"height\":533},{\"@type\":\"BreadcrumbList\",\"@id\":\"https:\\\/\\\/www.bmicos.com\\\/colombia\\\/seguros\\\/polizas-de-salud-complicaciones-por-cirugia\\\/#breadcrumb\",\"itemListElement\":[{\"@type\":\"ListItem\",\"position\":1,\"name\":\"Inicio\",\"item\":\"https:\\\/\\\/www.bmicos.com\\\/colombia\\\/\"},{\"@type\":\"ListItem\",\"position\":2,\"name\":\"Seguros\",\"item\":\"https:\\\/\\\/www.bmicos.com\\\/colombia\\\/seguros\\\/\"},{\"@type\":\"ListItem\",\"position\":3,\"name\":\"P\u00f3lizas de Salud Complicaciones por Cirug\u00eda\"}]},{\"@type\":\"WebSite\",\"@id\":\"https:\\\/\\\/www.bmicos.com\\\/colombia\\\/#website\",\"url\":\"https:\\\/\\\/www.bmicos.com\\\/colombia\\\/\",\"name\":\"BMI Seguros Colombia\",\"description\":\"Asegurando familias en todo el mundo\",\"publisher\":{\"@id\":\"https:\\\/\\\/www.bmicos.com\\\/colombia\\\/#organization\"},\"potentialAction\":[{\"@type\":\"SearchAction\",\"target\":{\"@type\":\"EntryPoint\",\"urlTemplate\":\"https:\\\/\\\/www.bmicos.com\\\/colombia\\\/?s={search_term_string}\"},\"query-input\":{\"@type\":\"PropertyValueSpecification\",\"valueRequired\":true,\"valueName\":\"search_term_string\"}}],\"inLanguage\":\"en-US\"},{\"@type\":\"Organization\",\"@id\":\"https:\\\/\\\/www.bmicos.com\\\/colombia\\\/#organization\",\"name\":\"BMI Companies\",\"url\":\"https:\\\/\\\/www.bmicos.com\\\/colombia\\\/\",\"logo\":{\"@type\":\"ImageObject\",\"inLanguage\":\"en-US\",\"@id\":\"https:\\\/\\\/www.bmicos.com\\\/colombia\\\/#\\\/schema\\\/logo\\\/image\\\/\",\"url\":\"https:\\\/\\\/www.bmicos.com\\\/colombia\\\/wp-content\\\/uploads\\\/sites\\\/5\\\/2020\\\/12\\\/logo-1.png\",\"contentUrl\":\"https:\\\/\\\/www.bmicos.com\\\/colombia\\\/wp-content\\\/uploads\\\/sites\\\/5\\\/2020\\\/12\\\/logo-1.png\",\"width\":519,\"height\":273,\"caption\":\"BMI Companies\"},\"image\":{\"@id\":\"https:\\\/\\\/www.bmicos.com\\\/colombia\\\/#\\\/schema\\\/logo\\\/image\\\/\"},\"sameAs\":[\"https:\\\/\\\/www.facebook.com\\\/BMIseguroscolombia\\\/\",\"https:\\\/\\\/www.instagram.com\\\/bmiseguroscolombia\\\/\",\"https:\\\/\\\/www.linkedin.com\\\/company\\\/bmi-seguros-colombia\\\/\",\"https:\\\/\\\/www.youtube.com\\\/channel\\\/UCwIGPFasxSetkzViWnYUdBg\"]}]}<\/script>\n<!-- \/ Yoast SEO Premium plugin. -->","yoast_head_json":{"title":"Health Insurance Policies for Surgery Complications - BMI Seguros Colombia","description":"Our Surgical Complications product offers you the medical support you need in case of complications.","robots":{"index":"index","follow":"follow","max-snippet":"max-snippet:-1","max-image-preview":"max-image-preview:large","max-video-preview":"max-video-preview:-1"},"canonical":"https:\/\/www.bmicos.com\/colombia\/en\/seguros\/polizas-de-salud-complicaciones-por-cirugia\/","og_locale":"en_US","og_type":"article","og_title":"P\u00f3lizas de Salud Complicaciones por Cirug\u00eda - BMI Seguros Colombia","og_description":"Nuestro producto de Complicaciones por Cirug\u00eda le ofrece el respaldo m\u00e9dico necesario en caso de presentar complicaciones.","og_url":"https:\/\/www.bmicos.com\/colombia\/en\/seguros\/polizas-de-salud-complicaciones-por-cirugia\/","og_site_name":"BMI Seguros Colombia","article_publisher":"https:\/\/www.facebook.com\/BMIseguroscolombia\/","article_modified_time":"2026-03-12T14:50:40+00:00","og_image":[{"width":800,"height":533,"url":"https:\/\/www.bmicos.com\/colombia\/wp-content\/uploads\/sites\/5\/2021\/01\/0Poliza_CirugiaBMI_Mesa-de-trabajo-1-1.jpg","type":"image\/jpeg"}],"twitter_card":"summary_large_image","twitter_title":"P\u00f3lizas de Salud Complicaciones por Cirug\u00eda - BMI Seguros Colombia","twitter_description":"Nuestro producto de Complicaciones por Cirug\u00eda le ofrece el respaldo m\u00e9dico necesario en caso de presentar complicaciones.","twitter_misc":{"Est. reading time":"1 minute"},"schema":{"@context":"https:\/\/schema.org","@graph":[{"@type":"WebPage","@id":"https:\/\/www.bmicos.com\/colombia\/seguros\/polizas-de-salud-complicaciones-por-cirugia\/","url":"https:\/\/www.bmicos.com\/colombia\/seguros\/polizas-de-salud-complicaciones-por-cirugia\/","name":"Health Insurance Policies for Surgery Complications - BMI Seguros Colombia","isPartOf":{"@id":"https:\/\/www.bmicos.com\/colombia\/#website"},"primaryImageOfPage":{"@id":"https:\/\/www.bmicos.com\/colombia\/seguros\/polizas-de-salud-complicaciones-por-cirugia\/#primaryimage"},"image":{"@id":"https:\/\/www.bmicos.com\/colombia\/seguros\/polizas-de-salud-complicaciones-por-cirugia\/#primaryimage"},"thumbnailUrl":"https:\/\/www.bmicos.com\/colombia\/wp-content\/uploads\/sites\/5\/2021\/01\/0Poliza_CirugiaBMI_Mesa-de-trabajo-1-1.jpg","datePublished":"2021-01-25T18:36:56+00:00","dateModified":"2026-03-12T14:50:40+00:00","description":"Our Surgical Complications product offers you the medical support you need in case of complications.","breadcrumb":{"@id":"https:\/\/www.bmicos.com\/colombia\/seguros\/polizas-de-salud-complicaciones-por-cirugia\/#breadcrumb"},"inLanguage":"en-US","potentialAction":[{"@type":"ReadAction","target":["https:\/\/www.bmicos.com\/colombia\/seguros\/polizas-de-salud-complicaciones-por-cirugia\/"]}]},{"@type":"ImageObject","inLanguage":"en-US","@id":"https:\/\/www.bmicos.com\/colombia\/seguros\/polizas-de-salud-complicaciones-por-cirugia\/#primaryimage","url":"https:\/\/www.bmicos.com\/colombia\/wp-content\/uploads\/sites\/5\/2021\/01\/0Poliza_CirugiaBMI_Mesa-de-trabajo-1-1.jpg","contentUrl":"https:\/\/www.bmicos.com\/colombia\/wp-content\/uploads\/sites\/5\/2021\/01\/0Poliza_CirugiaBMI_Mesa-de-trabajo-1-1.jpg","width":800,"height":533},{"@type":"BreadcrumbList","@id":"https:\/\/www.bmicos.com\/colombia\/seguros\/polizas-de-salud-complicaciones-por-cirugia\/#breadcrumb","itemListElement":[{"@type":"ListItem","position":1,"name":"Inicio","item":"https:\/\/www.bmicos.com\/colombia\/"},{"@type":"ListItem","position":2,"name":"Seguros","item":"https:\/\/www.bmicos.com\/colombia\/seguros\/"},{"@type":"ListItem","position":3,"name":"P\u00f3lizas de Salud Complicaciones por Cirug\u00eda"}]},{"@type":"WebSite","@id":"https:\/\/www.bmicos.com\/colombia\/#website","url":"https:\/\/www.bmicos.com\/colombia\/","name":"BMI Insurance Colombia","description":"Insuring Families Worldwide","publisher":{"@id":"https:\/\/www.bmicos.com\/colombia\/#organization"},"potentialAction":[{"@type":"SearchAction","target":{"@type":"EntryPoint","urlTemplate":"https:\/\/www.bmicos.com\/colombia\/?s={search_term_string}"},"query-input":{"@type":"PropertyValueSpecification","valueRequired":true,"valueName":"search_term_string"}}],"inLanguage":"en-US"},{"@type":"Organization","@id":"https:\/\/www.bmicos.com\/colombia\/#organization","name":"BMI Companies","url":"https:\/\/www.bmicos.com\/colombia\/","logo":{"@type":"ImageObject","inLanguage":"en-US","@id":"https:\/\/www.bmicos.com\/colombia\/#\/schema\/logo\/image\/","url":"https:\/\/www.bmicos.com\/colombia\/wp-content\/uploads\/sites\/5\/2020\/12\/logo-1.png","contentUrl":"https:\/\/www.bmicos.com\/colombia\/wp-content\/uploads\/sites\/5\/2020\/12\/logo-1.png","width":519,"height":273,"caption":"BMI Companies"},"image":{"@id":"https:\/\/www.bmicos.com\/colombia\/#\/schema\/logo\/image\/"},"sameAs":["https:\/\/www.facebook.com\/BMIseguroscolombia\/","https:\/\/www.instagram.com\/bmiseguroscolombia\/","https:\/\/www.linkedin.com\/company\/bmi-seguros-colombia\/","https:\/\/www.youtube.com\/channel\/UCwIGPFasxSetkzViWnYUdBg"]}]}},"_links":{"self":[{"href":"https:\/\/www.bmicos.com\/colombia\/en\/wp-json\/wp\/v2\/product\/4130","targetHints":{"allow":["GET"]}}],"collection":[{"href":"https:\/\/www.bmicos.com\/colombia\/en\/wp-json\/wp\/v2\/product"}],"about":[{"href":"https:\/\/www.bmicos.com\/colombia\/en\/wp-json\/wp\/v2\/types\/product"}],"version-history":[{"count":0,"href":"https:\/\/www.bmicos.com\/colombia\/en\/wp-json\/wp\/v2\/product\/4130\/revisions"}],"wp:featuredmedia":[{"embeddable":true,"href":"https:\/\/www.bmicos.com\/colombia\/en\/wp-json\/wp\/v2\/media\/4963"}],"wp:attachment":[{"href":"https:\/\/www.bmicos.com\/colombia\/en\/wp-json\/wp\/v2\/media?parent=4130"}],"wp:term":[{"taxonomy":"product_brand","embeddable":true,"href":"https:\/\/www.bmicos.com\/colombia\/en\/wp-json\/wp\/v2\/product_brand?post=4130"},{"taxonomy":"product_cat","embeddable":true,"href":"https:\/\/www.bmicos.com\/colombia\/en\/wp-json\/wp\/v2\/product_cat?post=4130"},{"taxonomy":"product_tag","embeddable":true,"href":"https:\/\/www.bmicos.com\/colombia\/en\/wp-json\/wp\/v2\/product_tag?post=4130"}],"curies":[{"name":"wp","href":"https:\/\/api.w.org\/{rel}","templated":true}]}}