{"id":5528,"date":"2025-02-14T10:41:49","date_gmt":"2025-02-14T15:41:49","guid":{"rendered":"https:\/\/www.bmicos.com\/colombia\/?post_type=product&#038;p=5528"},"modified":"2025-03-05T11:16:08","modified_gmt":"2025-03-05T16:16:08","slug":"poliza-vida-entera-individual-en-pesos-horizon","status":"publish","type":"product","link":"https:\/\/www.bmicos.com\/colombia\/en\/seguros\/poliza-vida-entera-individual-en-pesos-horizon\/","title":{"rendered":"Horizon Individual Whole Life Policy in pesos"},"content":{"rendered":"","protected":false},"excerpt":{"rendered":"<header class=\"vc_cta3-content-header\"><\/header>\n<h2><strong>INDIVIDUAL WHOLE LIFE POLICY IN PESOS \u2013 HORIZON<\/strong><\/h2>\n<p>It is a solution that seeks to protect people who, due to unfavorable medical conditions, currently lack insurance opportunities in the sector.<\/p>\n<p>&nbsp;<\/p>\n<p><i class=\"fa fa-file-pdf-o\" style=\"font-size: 24px; color: red;\"><\/i> <a href=\"https:\/\/www.bmicos.com\/colombia\/wp-content\/uploads\/sites\/5\/2025\/02\/BROCHURE-HORIZON.pdf\" target=\"_blank\" rel=\"noopener noreferrer\"><strong>Horizon Individual Whole Life Policy in pesos (PDF)<\/strong><\/a><\/p>\n<p><i class=\"fa fa-file-pdf-o\" style=\"font-size: 24px; color: red;\"><\/i> <a href=\"https:\/\/www.bmicos.com\/colombia\/wp-content\/uploads\/sites\/5\/2025\/02\/2024_05_14_Clausulado_Horizon-Final.pdf\" target=\"_blank\" rel=\"noopener noreferrer\"><strong>Horizon Clause (PDF)<\/strong><\/a><\/p>\n<p><strong>Benefits<\/strong><\/p>\n<ol>\n<li>Guaranteed issue without evidence of insurability.<\/li>\n<li>No medical tests required.<\/li>\n<li>Ideal for clients whose health condition does not allow them to be insured under a traditional life policy.<\/li>\n<\/ol>\n<p><strong>Who is it addressed to?<\/strong><\/p>\n<p>Natural persons who do not have evidence of insurability:<\/p>\n<ul>\n<li>Single or married people without children.<\/li>\n<li>Married people with children, who seek family protection and to guarantee their children&#039;s future.<\/li>\n<li>People who need protection and who, due to their particular condition, cannot be insured<\/li>\n<\/ul>\n<p><strong>Coverage <\/strong><\/p>\n<ul>\n<li>Basic life support<\/li>\n<li>Death from any cause<\/li>\n<\/ul>\n<p><strong>Insured values:<\/strong><\/p>\n<p>Coverage from 80,000,000 to 2,000,000,000<\/p>","protected":false},"featured_media":5538,"template":"","meta":{"_acf_changed":false},"product_brand":[],"product_cat":[257],"product_tag":[64],"class_list":{"0":"post-5528","1":"product","2":"type-product","3":"status-publish","4":"has-post-thumbnail","6":"product_cat-vida","7":"product_tag-horizon","9":"first","10":"instock","11":"shipping-taxable","12":"product-type-simple"},"acf":[],"yoast_head":"<!-- This site is optimized with the Yoast SEO Premium plugin v20.7 (Yoast SEO v27.6) - https:\/\/yoast.com\/product\/yoast-seo-premium-wordpress\/ -->\n<title>P\u00f3liza Vida Entera Individual en pesos Horizon - BMI Seguros Colombia<\/title>\n<meta name=\"robots\" content=\"index, follow, max-snippet:-1, max-image-preview:large, max-video-preview:-1\" \/>\n<link rel=\"canonical\" href=\"https:\/\/www.bmicos.com\/colombia\/en\/seguros\/poliza-vida-entera-individual-en-pesos-horizon\/\" \/>\n<meta property=\"og:locale\" content=\"en_US\" \/>\n<meta property=\"og:type\" content=\"article\" \/>\n<meta property=\"og:title\" content=\"P\u00f3liza Vida Entera Individual en pesos Horizon\" \/>\n<meta property=\"og:description\" content=\"P\u00d3LIZA DE VIDA ENTERA INDIVIDUAL EN PESOS - HORIZON Es una soluci\u00f3n que busca proteger a las personas que, por condiciones m\u00e9dicas no favorables, carecen de oportunidades de aseguramiento en la actualidad en el sector.  &nbsp;   Poliza Vida Entera Individual en pesos Horizon (PDF)   Clausulado Horizon (PDF)  Beneficios   Emisi\u00f3n garantizada sin evidencia de asegurabilidad.  No requiere pruebas m\u00e9dicas.  Ideal para clientes cuya condici\u00f3n de salud no les permite estar asegurados bajo una p\u00f3liza de vida tradicional.  A quien va dirigido  Personas naturales que no tengan evidencia de asegurabilidad:   Personas solteras o casadas sin hijos.  Personas casadas con hijos, que buscan protecci\u00f3n familiar y garantizar el futuro de sus hijos.  Personas que tengan necesidad de protecci\u00f3n y que por su condici\u00f3n particular no puede ser asegurado  Cobertura    Amparo b\u00e1sico de vida  Muerte por cualquier causa  Los valores asegurados:  Cobertura desde 80.000.000 hasta 2.000.000.000\" \/>\n<meta property=\"og:url\" content=\"https:\/\/www.bmicos.com\/colombia\/en\/seguros\/poliza-vida-entera-individual-en-pesos-horizon\/\" \/>\n<meta property=\"og:site_name\" content=\"BMI Seguros Colombia\" \/>\n<meta property=\"article:publisher\" content=\"https:\/\/www.facebook.com\/BMIseguroscolombia\/\" \/>\n<meta property=\"article:modified_time\" content=\"2025-03-05T16:16:08+00:00\" \/>\n<meta property=\"og:image\" content=\"https:\/\/www.bmicos.com\/colombia\/wp-content\/uploads\/sites\/5\/2020\/10\/Horizon_new-scaled.jpg\" \/>\n\t<meta property=\"og:image:width\" content=\"2560\" \/>\n\t<meta property=\"og:image:height\" content=\"1707\" \/>\n\t<meta property=\"og:image:type\" content=\"image\/jpeg\" \/>\n<meta name=\"twitter:card\" content=\"summary_large_image\" \/>\n<meta name=\"twitter:label1\" content=\"Est. reading time\" \/>\n\t<meta name=\"twitter:data1\" content=\"1 minute\" \/>\n<script type=\"application\/ld+json\" class=\"yoast-schema-graph\">{\"@context\":\"https:\\\/\\\/schema.org\",\"@graph\":[{\"@type\":\"WebPage\",\"@id\":\"https:\\\/\\\/www.bmicos.com\\\/colombia\\\/seguros\\\/poliza-vida-entera-individual-en-pesos-horizon\\\/\",\"url\":\"https:\\\/\\\/www.bmicos.com\\\/colombia\\\/seguros\\\/poliza-vida-entera-individual-en-pesos-horizon\\\/\",\"name\":\"P\u00f3liza Vida Entera Individual en pesos Horizon - BMI Seguros Colombia\",\"isPartOf\":{\"@id\":\"https:\\\/\\\/www.bmicos.com\\\/colombia\\\/#website\"},\"primaryImageOfPage\":{\"@id\":\"https:\\\/\\\/www.bmicos.com\\\/colombia\\\/seguros\\\/poliza-vida-entera-individual-en-pesos-horizon\\\/#primaryimage\"},\"image\":{\"@id\":\"https:\\\/\\\/www.bmicos.com\\\/colombia\\\/seguros\\\/poliza-vida-entera-individual-en-pesos-horizon\\\/#primaryimage\"},\"thumbnailUrl\":\"https:\\\/\\\/www.bmicos.com\\\/colombia\\\/wp-content\\\/uploads\\\/sites\\\/5\\\/2020\\\/10\\\/Horizon_new-scaled.jpg\",\"datePublished\":\"2025-02-14T15:41:49+00:00\",\"dateModified\":\"2025-03-05T16:16:08+00:00\",\"breadcrumb\":{\"@id\":\"https:\\\/\\\/www.bmicos.com\\\/colombia\\\/seguros\\\/poliza-vida-entera-individual-en-pesos-horizon\\\/#breadcrumb\"},\"inLanguage\":\"en-US\",\"potentialAction\":[{\"@type\":\"ReadAction\",\"target\":[\"https:\\\/\\\/www.bmicos.com\\\/colombia\\\/seguros\\\/poliza-vida-entera-individual-en-pesos-horizon\\\/\"]}]},{\"@type\":\"ImageObject\",\"inLanguage\":\"en-US\",\"@id\":\"https:\\\/\\\/www.bmicos.com\\\/colombia\\\/seguros\\\/poliza-vida-entera-individual-en-pesos-horizon\\\/#primaryimage\",\"url\":\"https:\\\/\\\/www.bmicos.com\\\/colombia\\\/wp-content\\\/uploads\\\/sites\\\/5\\\/2020\\\/10\\\/Horizon_new-scaled.jpg\",\"contentUrl\":\"https:\\\/\\\/www.bmicos.com\\\/colombia\\\/wp-content\\\/uploads\\\/sites\\\/5\\\/2020\\\/10\\\/Horizon_new-scaled.jpg\",\"width\":2560,\"height\":1707},{\"@type\":\"BreadcrumbList\",\"@id\":\"https:\\\/\\\/www.bmicos.com\\\/colombia\\\/seguros\\\/poliza-vida-entera-individual-en-pesos-horizon\\\/#breadcrumb\",\"itemListElement\":[{\"@type\":\"ListItem\",\"position\":1,\"name\":\"Inicio\",\"item\":\"https:\\\/\\\/www.bmicos.com\\\/colombia\\\/\"},{\"@type\":\"ListItem\",\"position\":2,\"name\":\"Seguros\",\"item\":\"https:\\\/\\\/www.bmicos.com\\\/colombia\\\/seguros\\\/\"},{\"@type\":\"ListItem\",\"position\":3,\"name\":\"P\u00f3liza Vida Entera Individual en pesos Horizon\"}]},{\"@type\":\"WebSite\",\"@id\":\"https:\\\/\\\/www.bmicos.com\\\/colombia\\\/#website\",\"url\":\"https:\\\/\\\/www.bmicos.com\\\/colombia\\\/\",\"name\":\"BMI Seguros Colombia\",\"description\":\"Asegurando familias en todo el mundo\",\"publisher\":{\"@id\":\"https:\\\/\\\/www.bmicos.com\\\/colombia\\\/#organization\"},\"potentialAction\":[{\"@type\":\"SearchAction\",\"target\":{\"@type\":\"EntryPoint\",\"urlTemplate\":\"https:\\\/\\\/www.bmicos.com\\\/colombia\\\/?s={search_term_string}\"},\"query-input\":{\"@type\":\"PropertyValueSpecification\",\"valueRequired\":true,\"valueName\":\"search_term_string\"}}],\"inLanguage\":\"en-US\"},{\"@type\":\"Organization\",\"@id\":\"https:\\\/\\\/www.bmicos.com\\\/colombia\\\/#organization\",\"name\":\"BMI Companies\",\"url\":\"https:\\\/\\\/www.bmicos.com\\\/colombia\\\/\",\"logo\":{\"@type\":\"ImageObject\",\"inLanguage\":\"en-US\",\"@id\":\"https:\\\/\\\/www.bmicos.com\\\/colombia\\\/#\\\/schema\\\/logo\\\/image\\\/\",\"url\":\"https:\\\/\\\/www.bmicos.com\\\/colombia\\\/wp-content\\\/uploads\\\/sites\\\/5\\\/2020\\\/12\\\/logo-1.png\",\"contentUrl\":\"https:\\\/\\\/www.bmicos.com\\\/colombia\\\/wp-content\\\/uploads\\\/sites\\\/5\\\/2020\\\/12\\\/logo-1.png\",\"width\":519,\"height\":273,\"caption\":\"BMI Companies\"},\"image\":{\"@id\":\"https:\\\/\\\/www.bmicos.com\\\/colombia\\\/#\\\/schema\\\/logo\\\/image\\\/\"},\"sameAs\":[\"https:\\\/\\\/www.facebook.com\\\/BMIseguroscolombia\\\/\",\"https:\\\/\\\/www.instagram.com\\\/bmiseguroscolombia\\\/\",\"https:\\\/\\\/www.linkedin.com\\\/company\\\/bmi-seguros-colombia\\\/\",\"https:\\\/\\\/www.youtube.com\\\/channel\\\/UCwIGPFasxSetkzViWnYUdBg\"]}]}<\/script>\n<!-- \/ Yoast SEO Premium plugin. -->","yoast_head_json":{"title":"Horizon Individual Whole Life Policy in pesos - BMI Seguros Colombia","robots":{"index":"index","follow":"follow","max-snippet":"max-snippet:-1","max-image-preview":"max-image-preview:large","max-video-preview":"max-video-preview:-1"},"canonical":"https:\/\/www.bmicos.com\/colombia\/en\/seguros\/poliza-vida-entera-individual-en-pesos-horizon\/","og_locale":"en_US","og_type":"article","og_title":"P\u00f3liza Vida Entera Individual en pesos Horizon","og_description":"P\u00d3LIZA DE VIDA ENTERA INDIVIDUAL EN PESOS - HORIZON Es una soluci\u00f3n que busca proteger a las personas que, por condiciones m\u00e9dicas no favorables, carecen de oportunidades de aseguramiento en la actualidad en el sector.  &nbsp;   Poliza Vida Entera Individual en pesos Horizon (PDF)   Clausulado Horizon (PDF)  Beneficios   Emisi\u00f3n garantizada sin evidencia de asegurabilidad.  No requiere pruebas m\u00e9dicas.  Ideal para clientes cuya condici\u00f3n de salud no les permite estar asegurados bajo una p\u00f3liza de vida tradicional.  A quien va dirigido  Personas naturales que no tengan evidencia de asegurabilidad:   Personas solteras o casadas sin hijos.  Personas casadas con hijos, que buscan protecci\u00f3n familiar y garantizar el futuro de sus hijos.  Personas que tengan necesidad de protecci\u00f3n y que por su condici\u00f3n particular no puede ser asegurado  Cobertura    Amparo b\u00e1sico de vida  Muerte por cualquier causa  Los valores asegurados:  Cobertura desde 80.000.000 hasta 2.000.000.000","og_url":"https:\/\/www.bmicos.com\/colombia\/en\/seguros\/poliza-vida-entera-individual-en-pesos-horizon\/","og_site_name":"BMI Seguros Colombia","article_publisher":"https:\/\/www.facebook.com\/BMIseguroscolombia\/","article_modified_time":"2025-03-05T16:16:08+00:00","og_image":[{"width":2560,"height":1707,"url":"https:\/\/www.bmicos.com\/colombia\/wp-content\/uploads\/sites\/5\/2020\/10\/Horizon_new-scaled.jpg","type":"image\/jpeg"}],"twitter_card":"summary_large_image","twitter_misc":{"Est. reading time":"1 minute"},"schema":{"@context":"https:\/\/schema.org","@graph":[{"@type":"WebPage","@id":"https:\/\/www.bmicos.com\/colombia\/seguros\/poliza-vida-entera-individual-en-pesos-horizon\/","url":"https:\/\/www.bmicos.com\/colombia\/seguros\/poliza-vida-entera-individual-en-pesos-horizon\/","name":"Horizon Individual Whole Life Policy in pesos - BMI Seguros Colombia","isPartOf":{"@id":"https:\/\/www.bmicos.com\/colombia\/#website"},"primaryImageOfPage":{"@id":"https:\/\/www.bmicos.com\/colombia\/seguros\/poliza-vida-entera-individual-en-pesos-horizon\/#primaryimage"},"image":{"@id":"https:\/\/www.bmicos.com\/colombia\/seguros\/poliza-vida-entera-individual-en-pesos-horizon\/#primaryimage"},"thumbnailUrl":"https:\/\/www.bmicos.com\/colombia\/wp-content\/uploads\/sites\/5\/2020\/10\/Horizon_new-scaled.jpg","datePublished":"2025-02-14T15:41:49+00:00","dateModified":"2025-03-05T16:16:08+00:00","breadcrumb":{"@id":"https:\/\/www.bmicos.com\/colombia\/seguros\/poliza-vida-entera-individual-en-pesos-horizon\/#breadcrumb"},"inLanguage":"en-US","potentialAction":[{"@type":"ReadAction","target":["https:\/\/www.bmicos.com\/colombia\/seguros\/poliza-vida-entera-individual-en-pesos-horizon\/"]}]},{"@type":"ImageObject","inLanguage":"en-US","@id":"https:\/\/www.bmicos.com\/colombia\/seguros\/poliza-vida-entera-individual-en-pesos-horizon\/#primaryimage","url":"https:\/\/www.bmicos.com\/colombia\/wp-content\/uploads\/sites\/5\/2020\/10\/Horizon_new-scaled.jpg","contentUrl":"https:\/\/www.bmicos.com\/colombia\/wp-content\/uploads\/sites\/5\/2020\/10\/Horizon_new-scaled.jpg","width":2560,"height":1707},{"@type":"BreadcrumbList","@id":"https:\/\/www.bmicos.com\/colombia\/seguros\/poliza-vida-entera-individual-en-pesos-horizon\/#breadcrumb","itemListElement":[{"@type":"ListItem","position":1,"name":"Inicio","item":"https:\/\/www.bmicos.com\/colombia\/"},{"@type":"ListItem","position":2,"name":"Seguros","item":"https:\/\/www.bmicos.com\/colombia\/seguros\/"},{"@type":"ListItem","position":3,"name":"P\u00f3liza Vida Entera Individual en pesos Horizon"}]},{"@type":"WebSite","@id":"https:\/\/www.bmicos.com\/colombia\/#website","url":"https:\/\/www.bmicos.com\/colombia\/","name":"BMI Insurance Colombia","description":"Insuring Families Worldwide","publisher":{"@id":"https:\/\/www.bmicos.com\/colombia\/#organization"},"potentialAction":[{"@type":"SearchAction","target":{"@type":"EntryPoint","urlTemplate":"https:\/\/www.bmicos.com\/colombia\/?s={search_term_string}"},"query-input":{"@type":"PropertyValueSpecification","valueRequired":true,"valueName":"search_term_string"}}],"inLanguage":"en-US"},{"@type":"Organization","@id":"https:\/\/www.bmicos.com\/colombia\/#organization","name":"BMI Companies","url":"https:\/\/www.bmicos.com\/colombia\/","logo":{"@type":"ImageObject","inLanguage":"en-US","@id":"https:\/\/www.bmicos.com\/colombia\/#\/schema\/logo\/image\/","url":"https:\/\/www.bmicos.com\/colombia\/wp-content\/uploads\/sites\/5\/2020\/12\/logo-1.png","contentUrl":"https:\/\/www.bmicos.com\/colombia\/wp-content\/uploads\/sites\/5\/2020\/12\/logo-1.png","width":519,"height":273,"caption":"BMI Companies"},"image":{"@id":"https:\/\/www.bmicos.com\/colombia\/#\/schema\/logo\/image\/"},"sameAs":["https:\/\/www.facebook.com\/BMIseguroscolombia\/","https:\/\/www.instagram.com\/bmiseguroscolombia\/","https:\/\/www.linkedin.com\/company\/bmi-seguros-colombia\/","https:\/\/www.youtube.com\/channel\/UCwIGPFasxSetkzViWnYUdBg"]}]}},"_links":{"self":[{"href":"https:\/\/www.bmicos.com\/colombia\/en\/wp-json\/wp\/v2\/product\/5528","targetHints":{"allow":["GET"]}}],"collection":[{"href":"https:\/\/www.bmicos.com\/colombia\/en\/wp-json\/wp\/v2\/product"}],"about":[{"href":"https:\/\/www.bmicos.com\/colombia\/en\/wp-json\/wp\/v2\/types\/product"}],"version-history":[{"count":0,"href":"https:\/\/www.bmicos.com\/colombia\/en\/wp-json\/wp\/v2\/product\/5528\/revisions"}],"wp:featuredmedia":[{"embeddable":true,"href":"https:\/\/www.bmicos.com\/colombia\/en\/wp-json\/wp\/v2\/media\/5538"}],"wp:attachment":[{"href":"https:\/\/www.bmicos.com\/colombia\/en\/wp-json\/wp\/v2\/media?parent=5528"}],"wp:term":[{"taxonomy":"product_brand","embeddable":true,"href":"https:\/\/www.bmicos.com\/colombia\/en\/wp-json\/wp\/v2\/product_brand?post=5528"},{"taxonomy":"product_cat","embeddable":true,"href":"https:\/\/www.bmicos.com\/colombia\/en\/wp-json\/wp\/v2\/product_cat?post=5528"},{"taxonomy":"product_tag","embeddable":true,"href":"https:\/\/www.bmicos.com\/colombia\/en\/wp-json\/wp\/v2\/product_tag?post=5528"}],"curies":[{"name":"wp","href":"https:\/\/api.w.org\/{rel}","templated":true}]}}