{"id":5663,"date":"2026-03-27T15:57:08","date_gmt":"2026-03-27T20:57:08","guid":{"rendered":"https:\/\/www.bmicos.com\/colombia\/?post_type=product&#038;p=5663"},"modified":"2026-04-06T18:00:01","modified_gmt":"2026-04-06T23:00:01","slug":"esencial","status":"publish","type":"product","link":"https:\/\/www.bmicos.com\/colombia\/en\/seguros\/esencial\/","title":{"rendered":"Esencial"},"content":{"rendered":"","protected":false},"excerpt":{"rendered":"<p>Esencial es un plan de salud individual dise\u00f1ado para quienes buscan protecci\u00f3n m\u00e9dica confiable en Colombia, con acceso a una red de prestadores segmentada y de alta calidad. Brinda cobertura para servicios ambulatorios, hospitalarios y asistenciales, garantizando atenci\u00f3n oportuna y eficiente acorde a las necesidades del asegurado y su grupo familiar.<\/p>\n<p>Este plan ofrece beneficios clave como acceso directo a especialistas, copagos bajos y cobertura en las principales instituciones del pa\u00eds, permitiendo una experiencia de atenci\u00f3n integral. Es una soluci\u00f3n pr\u00e1ctica y accesible para quienes priorizan respaldo m\u00e9dico s\u00f3lido con un enfoque local.<\/p>\n<p><a href=\"https:\/\/www.bmicos.com\/colombia\/wp-content\/uploads\/sites\/5\/2026\/03\/POLIZA-DE-SEGURO-DE-SALUD_V4.pdf\" target=\"_blank\" rel=\"noopener noreferrer\"><strong>Brochure P\u00f3liza Esencial<\/strong><\/a><\/p>","protected":false},"featured_media":5660,"template":"","meta":{"_acf_changed":false},"product_brand":[],"product_cat":[576],"product_tag":[577],"class_list":{"0":"post-5663","1":"product","2":"type-product","3":"status-publish","4":"has-post-thumbnail","6":"product_cat-saludn","7":"product_tag-individual-de-salud-nacional","9":"first","10":"instock","11":"shipping-taxable","12":"product-type-simple"},"acf":[],"yoast_head":"<!-- This site is optimized with the Yoast SEO Premium plugin v20.7 (Yoast SEO v27.3) - https:\/\/yoast.com\/product\/yoast-seo-premium-wordpress\/ -->\n<title>Esencial - BMI Seguros Colombia<\/title>\n<meta name=\"robots\" content=\"index, follow, max-snippet:-1, max-image-preview:large, max-video-preview:-1\" \/>\n<link rel=\"canonical\" href=\"https:\/\/www.bmicos.com\/colombia\/en\/seguros\/esencial\/\" \/>\n<meta property=\"og:locale\" content=\"en_US\" \/>\n<meta property=\"og:type\" content=\"article\" \/>\n<meta property=\"og:title\" content=\"Esencial\" \/>\n<meta property=\"og:description\" content=\"Esencial es un plan de salud individual dise\u00f1ado para quienes buscan protecci\u00f3n m\u00e9dica confiable en Colombia, con acceso a una red de prestadores segmentada y de alta calidad. Brinda cobertura para servicios ambulatorios, hospitalarios y asistenciales, garantizando atenci\u00f3n oportuna y eficiente acorde a las necesidades del asegurado y su grupo familiar.  Este plan ofrece beneficios clave como acceso directo a especialistas, copagos bajos y cobertura en las principales instituciones del pa\u00eds, permitiendo una experiencia de atenci\u00f3n integral. Es una soluci\u00f3n pr\u00e1ctica y accesible para quienes priorizan respaldo m\u00e9dico s\u00f3lido con un enfoque local.  Brochure P\u00f3liza Esencial\" \/>\n<meta property=\"og:url\" content=\"https:\/\/www.bmicos.com\/colombia\/en\/seguros\/esencial\/\" \/>\n<meta property=\"og:site_name\" content=\"BMI Seguros Colombia\" \/>\n<meta property=\"article:publisher\" content=\"https:\/\/www.facebook.com\/BMIseguroscolombia\/\" \/>\n<meta property=\"article:modified_time\" content=\"2026-04-06T23:00:01+00:00\" \/>\n<meta property=\"og:image\" content=\"https:\/\/www.bmicos.com\/colombia\/wp-content\/uploads\/sites\/5\/2026\/03\/shutterstock_2675284287-1024x1024.jpg\" \/>\n\t<meta property=\"og:image:width\" content=\"1024\" \/>\n\t<meta property=\"og:image:height\" content=\"1024\" \/>\n\t<meta property=\"og:image:type\" content=\"image\/jpeg\" \/>\n<meta name=\"twitter:card\" content=\"summary_large_image\" \/>\n<meta name=\"twitter:label1\" content=\"Est. reading time\" \/>\n\t<meta name=\"twitter:data1\" content=\"1 minute\" \/>\n<script type=\"application\/ld+json\" class=\"yoast-schema-graph\">{\"@context\":\"https:\\\/\\\/schema.org\",\"@graph\":[{\"@type\":\"WebPage\",\"@id\":\"https:\\\/\\\/www.bmicos.com\\\/colombia\\\/seguros\\\/esencial\\\/\",\"url\":\"https:\\\/\\\/www.bmicos.com\\\/colombia\\\/seguros\\\/esencial\\\/\",\"name\":\"Esencial - BMI Seguros Colombia\",\"isPartOf\":{\"@id\":\"https:\\\/\\\/www.bmicos.com\\\/colombia\\\/#website\"},\"primaryImageOfPage\":{\"@id\":\"https:\\\/\\\/www.bmicos.com\\\/colombia\\\/seguros\\\/esencial\\\/#primaryimage\"},\"image\":{\"@id\":\"https:\\\/\\\/www.bmicos.com\\\/colombia\\\/seguros\\\/esencial\\\/#primaryimage\"},\"thumbnailUrl\":\"https:\\\/\\\/www.bmicos.com\\\/colombia\\\/wp-content\\\/uploads\\\/sites\\\/5\\\/2026\\\/03\\\/shutterstock_2675284287.jpg\",\"datePublished\":\"2026-03-27T20:57:08+00:00\",\"dateModified\":\"2026-04-06T23:00:01+00:00\",\"breadcrumb\":{\"@id\":\"https:\\\/\\\/www.bmicos.com\\\/colombia\\\/seguros\\\/esencial\\\/#breadcrumb\"},\"inLanguage\":\"en-US\",\"potentialAction\":[{\"@type\":\"ReadAction\",\"target\":[\"https:\\\/\\\/www.bmicos.com\\\/colombia\\\/seguros\\\/esencial\\\/\"]}]},{\"@type\":\"ImageObject\",\"inLanguage\":\"en-US\",\"@id\":\"https:\\\/\\\/www.bmicos.com\\\/colombia\\\/seguros\\\/esencial\\\/#primaryimage\",\"url\":\"https:\\\/\\\/www.bmicos.com\\\/colombia\\\/wp-content\\\/uploads\\\/sites\\\/5\\\/2026\\\/03\\\/shutterstock_2675284287.jpg\",\"contentUrl\":\"https:\\\/\\\/www.bmicos.com\\\/colombia\\\/wp-content\\\/uploads\\\/sites\\\/5\\\/2026\\\/03\\\/shutterstock_2675284287.jpg\",\"width\":8256,\"height\":5504},{\"@type\":\"BreadcrumbList\",\"@id\":\"https:\\\/\\\/www.bmicos.com\\\/colombia\\\/seguros\\\/esencial\\\/#breadcrumb\",\"itemListElement\":[{\"@type\":\"ListItem\",\"position\":1,\"name\":\"Inicio\",\"item\":\"https:\\\/\\\/www.bmicos.com\\\/colombia\\\/\"},{\"@type\":\"ListItem\",\"position\":2,\"name\":\"Seguros\",\"item\":\"https:\\\/\\\/www.bmicos.com\\\/colombia\\\/seguros\\\/\"},{\"@type\":\"ListItem\",\"position\":3,\"name\":\"Esencial\"}]},{\"@type\":\"WebSite\",\"@id\":\"https:\\\/\\\/www.bmicos.com\\\/colombia\\\/#website\",\"url\":\"https:\\\/\\\/www.bmicos.com\\\/colombia\\\/\",\"name\":\"BMI Seguros Colombia\",\"description\":\"Asegurando familias en todo el mundo\",\"publisher\":{\"@id\":\"https:\\\/\\\/www.bmicos.com\\\/colombia\\\/#organization\"},\"potentialAction\":[{\"@type\":\"SearchAction\",\"target\":{\"@type\":\"EntryPoint\",\"urlTemplate\":\"https:\\\/\\\/www.bmicos.com\\\/colombia\\\/?s={search_term_string}\"},\"query-input\":{\"@type\":\"PropertyValueSpecification\",\"valueRequired\":true,\"valueName\":\"search_term_string\"}}],\"inLanguage\":\"en-US\"},{\"@type\":\"Organization\",\"@id\":\"https:\\\/\\\/www.bmicos.com\\\/colombia\\\/#organization\",\"name\":\"BMI Companies\",\"url\":\"https:\\\/\\\/www.bmicos.com\\\/colombia\\\/\",\"logo\":{\"@type\":\"ImageObject\",\"inLanguage\":\"en-US\",\"@id\":\"https:\\\/\\\/www.bmicos.com\\\/colombia\\\/#\\\/schema\\\/logo\\\/image\\\/\",\"url\":\"https:\\\/\\\/www.bmicos.com\\\/colombia\\\/wp-content\\\/uploads\\\/sites\\\/5\\\/2020\\\/12\\\/logo-1.png\",\"contentUrl\":\"https:\\\/\\\/www.bmicos.com\\\/colombia\\\/wp-content\\\/uploads\\\/sites\\\/5\\\/2020\\\/12\\\/logo-1.png\",\"width\":519,\"height\":273,\"caption\":\"BMI Companies\"},\"image\":{\"@id\":\"https:\\\/\\\/www.bmicos.com\\\/colombia\\\/#\\\/schema\\\/logo\\\/image\\\/\"},\"sameAs\":[\"https:\\\/\\\/www.facebook.com\\\/BMIseguroscolombia\\\/\",\"https:\\\/\\\/www.instagram.com\\\/bmiseguroscolombia\\\/\",\"https:\\\/\\\/www.linkedin.com\\\/company\\\/bmi-seguros-colombia\\\/\",\"https:\\\/\\\/www.youtube.com\\\/channel\\\/UCwIGPFasxSetkzViWnYUdBg\"]}]}<\/script>\n<!-- \/ Yoast SEO Premium plugin. -->","yoast_head_json":{"title":"Esencial - BMI Seguros Colombia","robots":{"index":"index","follow":"follow","max-snippet":"max-snippet:-1","max-image-preview":"max-image-preview:large","max-video-preview":"max-video-preview:-1"},"canonical":"https:\/\/www.bmicos.com\/colombia\/en\/seguros\/esencial\/","og_locale":"en_US","og_type":"article","og_title":"Esencial","og_description":"Esencial es un plan de salud individual dise\u00f1ado para quienes buscan protecci\u00f3n m\u00e9dica confiable en Colombia, con acceso a una red de prestadores segmentada y de alta calidad. Brinda cobertura para servicios ambulatorios, hospitalarios y asistenciales, garantizando atenci\u00f3n oportuna y eficiente acorde a las necesidades del asegurado y su grupo familiar.  Este plan ofrece beneficios clave como acceso directo a especialistas, copagos bajos y cobertura en las principales instituciones del pa\u00eds, permitiendo una experiencia de atenci\u00f3n integral. Es una soluci\u00f3n pr\u00e1ctica y accesible para quienes priorizan respaldo m\u00e9dico s\u00f3lido con un enfoque local.  Brochure P\u00f3liza Esencial","og_url":"https:\/\/www.bmicos.com\/colombia\/en\/seguros\/esencial\/","og_site_name":"BMI Seguros Colombia","article_publisher":"https:\/\/www.facebook.com\/BMIseguroscolombia\/","article_modified_time":"2026-04-06T23:00:01+00:00","og_image":[{"width":1024,"height":1024,"url":"https:\/\/www.bmicos.com\/colombia\/wp-content\/uploads\/sites\/5\/2026\/03\/shutterstock_2675284287-1024x1024.jpg","type":"image\/jpeg"}],"twitter_card":"summary_large_image","twitter_misc":{"Est. reading time":"1 minute"},"schema":{"@context":"https:\/\/schema.org","@graph":[{"@type":"WebPage","@id":"https:\/\/www.bmicos.com\/colombia\/seguros\/esencial\/","url":"https:\/\/www.bmicos.com\/colombia\/seguros\/esencial\/","name":"Esencial - BMI Seguros Colombia","isPartOf":{"@id":"https:\/\/www.bmicos.com\/colombia\/#website"},"primaryImageOfPage":{"@id":"https:\/\/www.bmicos.com\/colombia\/seguros\/esencial\/#primaryimage"},"image":{"@id":"https:\/\/www.bmicos.com\/colombia\/seguros\/esencial\/#primaryimage"},"thumbnailUrl":"https:\/\/www.bmicos.com\/colombia\/wp-content\/uploads\/sites\/5\/2026\/03\/shutterstock_2675284287.jpg","datePublished":"2026-03-27T20:57:08+00:00","dateModified":"2026-04-06T23:00:01+00:00","breadcrumb":{"@id":"https:\/\/www.bmicos.com\/colombia\/seguros\/esencial\/#breadcrumb"},"inLanguage":"en-US","potentialAction":[{"@type":"ReadAction","target":["https:\/\/www.bmicos.com\/colombia\/seguros\/esencial\/"]}]},{"@type":"ImageObject","inLanguage":"en-US","@id":"https:\/\/www.bmicos.com\/colombia\/seguros\/esencial\/#primaryimage","url":"https:\/\/www.bmicos.com\/colombia\/wp-content\/uploads\/sites\/5\/2026\/03\/shutterstock_2675284287.jpg","contentUrl":"https:\/\/www.bmicos.com\/colombia\/wp-content\/uploads\/sites\/5\/2026\/03\/shutterstock_2675284287.jpg","width":8256,"height":5504},{"@type":"BreadcrumbList","@id":"https:\/\/www.bmicos.com\/colombia\/seguros\/esencial\/#breadcrumb","itemListElement":[{"@type":"ListItem","position":1,"name":"Inicio","item":"https:\/\/www.bmicos.com\/colombia\/"},{"@type":"ListItem","position":2,"name":"Seguros","item":"https:\/\/www.bmicos.com\/colombia\/seguros\/"},{"@type":"ListItem","position":3,"name":"Esencial"}]},{"@type":"WebSite","@id":"https:\/\/www.bmicos.com\/colombia\/#website","url":"https:\/\/www.bmicos.com\/colombia\/","name":"BMI Insurance Colombia","description":"Insuring Families Worldwide","publisher":{"@id":"https:\/\/www.bmicos.com\/colombia\/#organization"},"potentialAction":[{"@type":"SearchAction","target":{"@type":"EntryPoint","urlTemplate":"https:\/\/www.bmicos.com\/colombia\/?s={search_term_string}"},"query-input":{"@type":"PropertyValueSpecification","valueRequired":true,"valueName":"search_term_string"}}],"inLanguage":"en-US"},{"@type":"Organization","@id":"https:\/\/www.bmicos.com\/colombia\/#organization","name":"BMI Companies","url":"https:\/\/www.bmicos.com\/colombia\/","logo":{"@type":"ImageObject","inLanguage":"en-US","@id":"https:\/\/www.bmicos.com\/colombia\/#\/schema\/logo\/image\/","url":"https:\/\/www.bmicos.com\/colombia\/wp-content\/uploads\/sites\/5\/2020\/12\/logo-1.png","contentUrl":"https:\/\/www.bmicos.com\/colombia\/wp-content\/uploads\/sites\/5\/2020\/12\/logo-1.png","width":519,"height":273,"caption":"BMI Companies"},"image":{"@id":"https:\/\/www.bmicos.com\/colombia\/#\/schema\/logo\/image\/"},"sameAs":["https:\/\/www.facebook.com\/BMIseguroscolombia\/","https:\/\/www.instagram.com\/bmiseguroscolombia\/","https:\/\/www.linkedin.com\/company\/bmi-seguros-colombia\/","https:\/\/www.youtube.com\/channel\/UCwIGPFasxSetkzViWnYUdBg"]}]}},"_links":{"self":[{"href":"https:\/\/www.bmicos.com\/colombia\/en\/wp-json\/wp\/v2\/product\/5663","targetHints":{"allow":["GET"]}}],"collection":[{"href":"https:\/\/www.bmicos.com\/colombia\/en\/wp-json\/wp\/v2\/product"}],"about":[{"href":"https:\/\/www.bmicos.com\/colombia\/en\/wp-json\/wp\/v2\/types\/product"}],"version-history":[{"count":0,"href":"https:\/\/www.bmicos.com\/colombia\/en\/wp-json\/wp\/v2\/product\/5663\/revisions"}],"wp:featuredmedia":[{"embeddable":true,"href":"https:\/\/www.bmicos.com\/colombia\/en\/wp-json\/wp\/v2\/media\/5660"}],"wp:attachment":[{"href":"https:\/\/www.bmicos.com\/colombia\/en\/wp-json\/wp\/v2\/media?parent=5663"}],"wp:term":[{"taxonomy":"product_brand","embeddable":true,"href":"https:\/\/www.bmicos.com\/colombia\/en\/wp-json\/wp\/v2\/product_brand?post=5663"},{"taxonomy":"product_cat","embeddable":true,"href":"https:\/\/www.bmicos.com\/colombia\/en\/wp-json\/wp\/v2\/product_cat?post=5663"},{"taxonomy":"product_tag","embeddable":true,"href":"https:\/\/www.bmicos.com\/colombia\/en\/wp-json\/wp\/v2\/product_tag?post=5663"}],"curies":[{"name":"wp","href":"https:\/\/api.w.org\/{rel}","templated":true}]}}