{"id":3519,"date":"2020-12-08T03:09:31","date_gmt":"2020-12-08T03:09:31","guid":{"rendered":"https:\/\/www.bmicos.com\/costarica\/?page_id=3519"},"modified":"2023-05-24T09:56:28","modified_gmt":"2023-05-24T15:56:28","slug":"comparar-planes-vida","status":"publish","type":"page","link":"https:\/\/www.bmicos.com\/costarica\/en\/comparar-planes-vida\/","title":{"rendered":"Compare plans"},"content":{"rendered":"\t\t<div data-elementor-type=\"wp-page\" data-elementor-id=\"3519\" class=\"elementor elementor-3519\" data-elementor-post-type=\"page\">\n\t\t\t\t\t\t<div class=\"elementor-inner\">\n\t\t\t\t<div class=\"elementor-section-wrap\">\n\t\t\t\t\t\t\t\t\t<section data-particle_enable=\"false\" data-particle-mobile-disabled=\"false\" class=\"elementor-section elementor-top-section elementor-element elementor-element-038c078 elementor-section-full_width elementor-section-height-default elementor-section-height-default\" data-id=\"038c078\" data-element_type=\"section\" data-settings=\"{&quot;jet_parallax_layout_list&quot;:[{&quot;jet_parallax_layout_image&quot;:{&quot;url&quot;:&quot;&quot;,&quot;id&quot;:&quot;&quot;,&quot;size&quot;:&quot;&quot;},&quot;_id&quot;:&quot;730ea92&quot;,&quot;jet_parallax_layout_image_tablet&quot;:{&quot;url&quot;:&quot;&quot;,&quot;id&quot;:&quot;&quot;,&quot;size&quot;:&quot;&quot;},&quot;jet_parallax_layout_image_mobile&quot;:{&quot;url&quot;:&quot;&quot;,&quot;id&quot;:&quot;&quot;,&quot;size&quot;:&quot;&quot;},&quot;jet_parallax_layout_speed&quot;:{&quot;unit&quot;:&quot;%&quot;,&quot;size&quot;:50,&quot;sizes&quot;:[]},&quot;jet_parallax_layout_type&quot;:&quot;scroll&quot;,&quot;jet_parallax_layout_direction&quot;:null,&quot;jet_parallax_layout_fx_direction&quot;:null,&quot;jet_parallax_layout_z_index&quot;:&quot;&quot;,&quot;jet_parallax_layout_bg_x&quot;:50,&quot;jet_parallax_layout_bg_x_tablet&quot;:&quot;&quot;,&quot;jet_parallax_layout_bg_x_mobile&quot;:&quot;&quot;,&quot;jet_parallax_layout_bg_y&quot;:50,&quot;jet_parallax_layout_bg_y_tablet&quot;:&quot;&quot;,&quot;jet_parallax_layout_bg_y_mobile&quot;:&quot;&quot;,&quot;jet_parallax_layout_bg_size&quot;:&quot;auto&quot;,&quot;jet_parallax_layout_bg_size_tablet&quot;:&quot;&quot;,&quot;jet_parallax_layout_bg_size_mobile&quot;:&quot;&quot;,&quot;jet_parallax_layout_animation_prop&quot;:&quot;transform&quot;,&quot;jet_parallax_layout_on&quot;:[&quot;desktop&quot;,&quot;tablet&quot;]}]}\">\n\t\t\t\t\t\t<div class=\"elementor-container elementor-column-gap-default\">\n\t\t\t\t\t\t\t<div class=\"elementor-row\">\n\t\t\t\t\t<div class=\"elementor-column elementor-col-100 elementor-top-column elementor-element elementor-element-6a1cd73\" data-id=\"6a1cd73\" data-element_type=\"column\">\n\t\t\t<div class=\"elementor-column-wrap elementor-element-populated\">\n\t\t\t\t\t\t\t<div class=\"elementor-widget-wrap\">\n\t\t\t\t\t\t<div class=\"elementor-element elementor-element-96c8497 elementor-widget elementor-widget-heading\" data-id=\"96c8497\" data-element_type=\"widget\" data-widget_type=\"heading.default\">\n\t\t\t\t<div class=\"elementor-widget-container\">\n\t\t\t<h1 class=\"elementor-heading-title elementor-size-default\">Comparar planes<\/h1>\t\t<\/div>\n\t\t\t\t<\/div>\n\t\t\t\t<div class=\"elementor-element elementor-element-8800b18 elementor-widget-divider--view-line elementor-invisible elementor-widget elementor-widget-divider\" data-id=\"8800b18\" data-element_type=\"widget\" data-settings=\"{&quot;_animation&quot;:&quot;fadeInLeft&quot;}\" data-widget_type=\"divider.default\">\n\t\t\t\t<div class=\"elementor-widget-container\">\n\t\t\t\t\t<div class=\"elementor-divider\">\n\t\t\t<span class=\"elementor-divider-separator\">\n\t\t\t\t\t\t<\/span>\n\t\t<\/div>\n\t\t\t\t<\/div>\n\t\t\t\t<\/div>\n\t\t\t\t<div class=\"elementor-element elementor-element-c5c2345 elementor-widget elementor-widget-text-editor\" data-id=\"c5c2345\" data-element_type=\"widget\" data-widget_type=\"text-editor.default\">\n\t\t\t\t<div class=\"elementor-widget-container\">\n\t\t\t\t\t\t\t\t<div class=\"elementor-text-editor elementor-clearfix\">\n\t\t\t\t\n            <div \n                class=\"elfsight-widget-pricing-table elfsight-widget\" \n                data-elfsight-pricing-table-options=\"%7B%22layout%22%3A%22table%22%2C%22skin%22%3A%22skin1%22%2C%22mainColor%22%3A%22rgb%2832%2C%2084%2C%20165%29%22%2C%22styleColumnBorderRadius%22%3Atrue%2C%22styleColumnBorderWidth%22%3Atrue%2C%22useHorizontalScroll%22%3Afalse%2C%22headTitle%22%3A%22Planes%20de%20vida%22%2C%22headFeatures%22%3A%5B%7B%22text%22%3A%22Plan%22%2C%22hint%22%3A%22%22%7D%2C%7B%22text%22%3A%22Descripci%5Cu00f3n%22%2C%22hint%22%3A%22%22%7D%2C%7B%22text%22%3A%22Cobertura%20M%5Cu00ednima%22%2C%22id%22%3A%2292c63a62-a40e-4852-a050-3396644136ef%22%2C%22hint%22%3A%22%22%7D%2C%7B%22text%22%3A%22Edad%20de%20Emisi%5Cu00f3n%22%2C%22id%22%3A%223d003bf7-abb3-4638-94bf-f3cf76aaffe1%22%2C%22hint%22%3A%22%22%7D%2C%7B%22text%22%3A%22Anexos%20Disponibles%22%2C%22id%22%3A%228c5db843-99bb-4592-bedb-9ecb73455b34%22%2C%22hint%22%3A%22%22%7D%5D%2C%22headTextColor%22%3A%22rgb%2823%2C%2025%2C%2026%29%22%2C%22headBackgroundColor%22%3A%22rgb%28247%2C%20247%2C%20247%29%22%2C%22toggleVisible%22%3Afalse%2C%22toggleItems%22%3A%5B%5D%2C%22toggleDefaultItem%22%3A%22%22%2C%22toggleColor%22%3A%22%22%2C%22columns%22%3A%5B%7B%22isFeatured%22%3Afalse%2C%22title%22%3A%22Best%20Indexed%22%2C%22titleCaption%22%3A%22%22%2C%22features%22%3A%5B%7B%22text%22%3A%22Best%20Indexed%20%7C%20Vida%20Indexada%22%2C%22icon%22%3A%22none%22%2C%22hint%22%3A%22%22%7D%2C%7B%22text%22%3A%22%5Cu2022%20Es%20una%20p%5Cu00f3liza%20de%20vida%20universal%20flexible%20que%20le%20brinda%20protecci%5Cu00f3n%20con%20una%20inversi%5Cu00f3n%20a%20futuro%20para%20desarrollar%20proyectos%20personales%2C%20familiares%20o%20de%20retiro.%3Cbr%3E%22%2C%22icon%22%3A%22none%22%2C%22hint%22%3A%22%22%7D%2C%7B%22text%22%3A%22%5Cu2022%20US%24%20100%2C000%22%2C%22icon%22%3A%22none%22%2C%22hint%22%3A%22%22%7D%2C%7B%22text%22%3A%22%5Cu2022%20A%20partir%20de%201%20a%5Cu00f1o%20de%20edad.%22%2C%22icon%22%3A%22none%22%2C%22hint%22%3A%22%22%7D%2C%7B%22text%22%3A%22%5Cu2022%20Cobertura%20de%20Incapacidad%20Total%20y%20Permanente%3Cbr%3E%5Cu2022%20Aditamento%20sobre%20Beneficio%20Anticipado%20%28Incluido%29.%3Cdiv%3E%5Cu2022%20Exoneraci%5Cu00f3n%20de%20Cargos%20Mensuales%20por%20Incapacidad.%3C%5C%2Fdiv%3E%3Cdiv%3E%5Cu2022%20Seguro%20Adicional%20Sobre%20el%20Asegurado%20Principal.%3C%5C%2Fdiv%3E%3Cdiv%3E%5Cu2022%20Muerte%20Accidental%3C%5C%2Fdiv%3E%3Cdiv%3E%5Cu2022%20Renta%20Familiar%3Cdiv%3E%3Cbr%3E%3C%5C%2Fdiv%3E%3C%5C%2Fdiv%3E%22%2C%22icon%22%3A%22none%22%2C%22hint%22%3A%22%22%7D%5D%2C%22priceCurrency%22%3A%22USD%22%2C%22price%22%3A%22%22%2C%22pricePostfix%22%3A%22%22%2C%22button%22%3A%22Solicitar%20cotizaci%5Cu00f3n%22%2C%22buttonLink%22%3A%22%23elementor-action%253Aaction%253Dpopup%253Aopen%2526settings%253DeyJpZCI6IjU3OCIsInRvZ2dsZSI6ZmFsc2V9%22%2C%22buttonCaption%22%3A%22%22%2C%22mainColor%22%3A%22rgb%2832%2C%2084%2C%20165%29%22%2C%22priceOptions%22%3A%5B%5D%2C%22buttonOptions%22%3A%5B%5D%2C%22pricePrefix%22%3A%22%22%2C%22priceCaption%22%3A%22%22%2C%22buttonTargetBlank%22%3Afalse%2C%22picture%22%3A%22https%3A%5C%2F%5C%2Fwww.bmicos.com%5C%2Fcostarica%5C%2Fwp-content%5C%2Fuploads%5C%2Fsites%5C%2F4%5C%2F2020%5C%2F01%5C%2FBanners-BMI_TERM-95.jpg%22%2C%22ribbonText%22%3A%22%22%2C%22ribbonBackgroundColor%22%3A%22%22%2C%22ribbonTextColor%22%3A%22%22%2C%22contentDivider%22%3Anull%7D%2C%7B%22isFeatured%22%3Afalse%2C%22title%22%3A%22Nova%20II%22%2C%22titleCaption%22%3A%22%22%2C%22features%22%3A%5B%7B%22text%22%3A%22Nova%20II%20%7C%20Vida%20Universal%22%2C%22icon%22%3A%22none%22%2C%22hint%22%3A%22%22%7D%2C%7B%22text%22%3A%22%5Cu2022%20Es%20una%20p%5Cu00f3liza%20de%20Vida%20Universal%20que%20ofrece%20primas%20flexibles%20y%20excelente%20protecci%5Cu00f3n%20financiera%20que%20complementa%20su%20inversi%5Cu00f3n%20y%20su%20portafolio%20de%20seguros.%3Cbr%3E%22%2C%22icon%22%3A%22none%22%2C%22hint%22%3A%22%22%7D%2C%7B%22text%22%3A%22%5Cu2022%20US%24%20100%2C000%22%2C%22icon%22%3A%22none%22%2C%22hint%22%3A%22%22%7D%2C%7B%22text%22%3A%22%5Cu2022%20A%20partir%20de%201%20a%5Cu00f1o%20de%20edad.%22%2C%22icon%22%3A%22none%22%2C%22hint%22%3A%22%22%7D%2C%7B%22text%22%3A%22%5Cu2022%20Exoneraci%5Cu00f3n%20de%20Cargos%20Mensuales%20por%20Incapacidad.%3Cdiv%3E%5Cu2022%20Incapacidad%20Total%20y%20Permanente.%3C%5C%2Fdiv%3E%3Cdiv%3E%5Cu2022%20Seguro%20Adicional%20Sobre%20el%20Asegurado%20Principal.%3C%5C%2Fdiv%3E%3Cdiv%3E%5Cu2022%20Muerte%20Accidental.%3C%5C%2Fdiv%3E%3Cdiv%3E%5Cu2022%20Renta%20Familiar%3Cbr%3E%5Cu2022%20Aditamento%20sobre%20Beneficio%20Anticipado%20%28Incluido%29.%3Cbr%3E%3C%5C%2Fdiv%3E%22%2C%22icon%22%3A%22none%22%2C%22hint%22%3A%22%22%7D%5D%2C%22priceCurrency%22%3A%22USD%22%2C%22price%22%3A%2219%22%2C%22pricePostfix%22%3A%22month%22%2C%22button%22%3A%22Solicitar%20cotizaci%5Cu00f3n%22%2C%22buttonLink%22%3A%22%23elementor-action%253Aaction%253Dpopup%253Aopen%2526settings%253DeyJpZCI6IjU3OCIsInRvZ2dsZSI6ZmFsc2V9%22%2C%22buttonCaption%22%3A%22%22%2C%22buttonFeatured%22%3Atrue%2C%22ribbonText%22%3A%22Popular%22%2C%22mainColor%22%3A%22rgb%2832%2C%2084%2C%20165%29%22%2C%22priceOptions%22%3A%5B%5D%2C%22buttonOptions%22%3A%5B%5D%2C%22pricePrefix%22%3A%22%22%2C%22priceCaption%22%3A%22%22%2C%22buttonTargetBlank%22%3Afalse%2C%22picture%22%3A%22%22%2C%22ribbonBackgroundColor%22%3A%22%22%2C%22ribbonTextColor%22%3A%22%22%2C%22contentDivider%22%3Anull%7D%2C%7B%22isFeatured%22%3Afalse%2C%22title%22%3A%22Uniterm%20II%22%2C%22titleCaption%22%3A%22%22%2C%22features%22%3A%5B%7B%22text%22%3A%22Uniterm%20II%20%7C%20Vida%20Universal%22%2C%22icon%22%3A%22none%22%2C%22hint%22%3A%22%22%7D%2C%7B%22text%22%3A%22%5Cu2022%20Combina%20el%20atractivo%20econ%5Cu00f3mico%20de%20una%20p%5Cu00f3liza%20de%20vida%20temporal%20con%20los%20valores%20acumulados%20de%20una%20p%5Cu00f3liza%20de%20vida%20universal.%3Cdiv%3E%5Cu2022%20Ofrece%20sumas%20aseguradas%20altas%20a%20menor%20costo.%3Cbr%3E%3C%5C%2Fdiv%3E%22%2C%22icon%22%3A%22none%22%2C%22hint%22%3A%22%22%7D%2C%7B%22text%22%3A%22%5Cu2022%20US%24%20250%2C000%22%2C%22icon%22%3A%22none%22%2C%22hint%22%3A%22%22%7D%2C%7B%22text%22%3A%22%5Cu2022%20A%20partir%20de%2020%20a%5Cu00f1os%20de%20edad.%22%2C%22icon%22%3A%22none%22%2C%22hint%22%3A%22%22%7D%2C%7B%22text%22%3A%22%5Cu2022%20Exoneraci%5Cu00f3n%20de%20Cargos%20Mensuales%20por%20Incapacidad.%3Cdiv%3E%5Cu2022%20Incapacidad%20Total%20y%20Permanente.%3C%5C%2Fdiv%3E%3Cdiv%3E%20%5Cu2022%20Seguro%26nbsp%3BAdicional%20Sobre%20el%20Asegurado%20Principal.%3C%5C%2Fdiv%3E%3Cdiv%3E%5Cu2022%20Muerte%20Accidental.%3C%5C%2Fdiv%3E%3Cdiv%3E%5Cu2022%20Renta%20Familiar%3Cbr%3E%5Cu2022%20Aditamento%20sobre%20Beneficio%20Anticipado%20%28Incluido%29.%3Cbr%3E%3C%5C%2Fdiv%3E%22%2C%22icon%22%3A%22none%22%2C%22hint%22%3A%22%22%7D%5D%2C%22priceCurrency%22%3A%22USD%22%2C%22price%22%3A%2219%22%2C%22pricePostfix%22%3A%22month%22%2C%22button%22%3A%22Solicitar%20cotizaci%5Cu00f3n%22%2C%22buttonLink%22%3A%22%23elementor-action%253Aaction%253Dpopup%253Aopen%2526settings%253DeyJpZCI6IjU3OCIsInRvZ2dsZSI6ZmFsc2V9%22%2C%22buttonCaption%22%3A%22%22%2C%22buttonFeatured%22%3Atrue%2C%22ribbonText%22%3A%22Popular%22%2C%22mainColor%22%3A%22rgb%2832%2C%2084%2C%20165%29%22%2C%22priceOptions%22%3A%5B%5D%2C%22buttonOptions%22%3A%5B%5D%2C%22pricePrefix%22%3A%22%22%2C%22priceCaption%22%3A%22%22%2C%22buttonTargetBlank%22%3Afalse%2C%22picture%22%3A%22%22%2C%22ribbonBackgroundColor%22%3A%22%22%2C%22ribbonTextColor%22%3A%22%22%2C%22contentDivider%22%3Anull%2C%22id%22%3A%22273bbb3c-41aa-44e0-b038-c3cf0d8a99f5%22%7D%2C%7B%22isFeatured%22%3Afalse%2C%22title%22%3A%22Term%20Plus%20100%22%2C%22titleCaption%22%3A%22%22%2C%22features%22%3A%5B%7B%22text%22%3A%22Term%20Plus%20100%20%7C%20Vida%20Temporal%22%2C%22icon%22%3A%22none%22%2C%22hint%22%3A%22%22%7D%2C%7B%22text%22%3A%22%5Cu2022%26nbsp%3BEs%20una%20p%5Cu00f3liza%20de%20vida%20temporal%20con%20coberturas%20por%205%2C%2010%2C%2015%2C%2020%20y%2030%20a%5Cu00f1os%2C%20para%20cubrir%20necesidades%20transitorias%20de%20%5Cu00edndole%20persona%20y%20empresarial.%3Cdiv%3E%5Cu2022%20Protecci%5Cu00f3n%20a%20bajo%20costo%20por%20un%20per%5Cu00edodo%20espec%5Cu00edfico%20de%20tiempo.%3Cbr%3E%3C%5C%2Fdiv%3E%22%2C%22icon%22%3A%22none%22%2C%22hint%22%3A%22%22%7D%2C%7B%22text%22%3A%22%5Cu2022%20US%24%20250%2C000%22%2C%22icon%22%3A%22none%22%2C%22hint%22%3A%22%22%7D%2C%7B%22text%22%3A%22%5Cu2022%20A%20partir%20de%2021%20a%5Cu00f1os%20de%20edad.%22%2C%22icon%22%3A%22none%22%2C%22hint%22%3A%22%22%7D%2C%7B%22text%22%3A%22%5Cu2022%20Aditamento%20de%20Indemnizaci%5Cu00f3n%20por%20Incapacidad%20Total%20y%20Permanente%3Cbr%3E%5Cu2022%20Devoluci%5Cu00f3n%20de%20Primas%20en%20los%20a%5Cu00f1os%2020%20y%2030%3Cbr%3E%22%2C%22icon%22%3A%22none%22%2C%22hint%22%3A%22%22%7D%5D%2C%22priceCurrency%22%3A%22USD%22%2C%22price%22%3A%2219%22%2C%22pricePostfix%22%3A%22month%22%2C%22button%22%3A%22Solicitar%20cotizaci%5Cu00f3n%22%2C%22buttonLink%22%3A%22%23elementor-action%253Aaction%253Dpopup%253Aopen%2526settings%253DeyJpZCI6IjU3OCIsInRvZ2dsZSI6ZmFsc2V9%22%2C%22buttonCaption%22%3A%22%22%2C%22buttonFeatured%22%3Atrue%2C%22ribbonText%22%3A%22Popular%22%2C%22mainColor%22%3A%22rgb%2832%2C%2084%2C%20165%29%22%2C%22priceOptions%22%3A%5B%5D%2C%22buttonOptions%22%3A%5B%5D%2C%22pricePrefix%22%3A%22%22%2C%22priceCaption%22%3A%22%22%2C%22buttonTargetBlank%22%3Afalse%2C%22picture%22%3A%22%22%2C%22ribbonBackgroundColor%22%3A%22%22%2C%22ribbonTextColor%22%3A%22%22%2C%22contentDivider%22%3Anull%2C%22id%22%3A%22fdd5016d-6e19-4752-8bb3-79d0e2aef7d2%22%7D%5D%2C%22elements%22%3A%5B%7B%22complexGroup%22%3A%22title%22%2C%22name%22%3A%22Title%22%2C%22titleEnable%22%3Atrue%2C%22titleCaptionColor%22%3A%22%22%2C%22titleTextColor%22%3A%22%22%2C%22titleFontSize%22%3A23%2C%22titleFontWeight%22%3A600%7D%2C%7B%22complexGroup%22%3A%22features%22%2C%22name%22%3A%22Features%22%2C%22featuresEnable%22%3Atrue%2C%22featuresStyle%22%3A%22striped%22%2C%22featuresIconColor%22%3A%22%22%2C%22featuresTextColor%22%3A%22%22%2C%22featuresAlign%22%3A%22left%22%2C%22featuresFontSize%22%3A14%7D%2C%7B%22complexGroup%22%3A%22price%22%2C%22name%22%3A%22Price%22%2C%22priceEnable%22%3Afalse%2C%22priceCaptionColor%22%3A%22%22%2C%22priceTextColor%22%3A%22%22%2C%22priceFontSize%22%3A32%2C%22priceFontWeight%22%3A600%7D%2C%7B%22complexGroup%22%3A%22button%22%2C%22name%22%3A%22Button%22%2C%22buttonEnable%22%3Atrue%2C%22buttonType%22%3A%22filled%22%2C%22buttonColor%22%3A%22rgb%2832%2C%2084%2C%20165%29%22%2C%22buttonTextColor%22%3A%22%22%2C%22buttonSize%22%3A%22small%22%2C%22buttonCaptionColor%22%3A%22%22%7D%2C%7B%22complexGroup%22%3A%22picture%22%2C%22name%22%3A%22Picture%22%2C%22pictureEnable%22%3Afalse%7D%5D%2C%22widgetId%22%3A%225%22%7D\" \n                data-elfsight-pricing-table-version=\"2.6.1\"\n                data-elfsight-widget-id=\"elfsight-pricing-table-5\">\n            <\/div>\n            \t\t\t\t\t<\/div>\n\t\t\t\t\t\t<\/div>\n\t\t\t\t<\/div>\n\t\t\t\t\t\t<\/div>\n\t\t\t\t\t<\/div>\n\t\t<\/div>\n\t\t\t\t\t\t\t\t<\/div>\n\t\t\t\t\t<\/div>\n\t\t<\/section>\n\t\t\t\t\t\t\t\t\t<\/div>\n\t\t\t<\/div>\n\t\t\t\t\t<\/div>\n\t\t","protected":false},"excerpt":{"rendered":"<p>Compare plans<\/p>","protected":false},"author":1,"featured_media":0,"parent":0,"menu_order":0,"comment_status":"closed","ping_status":"closed","template":"elementor_header_footer","meta":{"_acf_changed":false,"footnotes":""},"class_list":["post-3519","page","type-page","status-publish","hentry"],"acf":[],"yoast_head":"<!-- This site is optimized with the Yoast SEO Premium plugin v20.7 (Yoast SEO v27.4) - https:\/\/yoast.com\/product\/yoast-seo-premium-wordpress\/ -->\n<title>Comparar planes de seguro - BMI Seguros Costa Rica<\/title>\n<meta name=\"description\" content=\"Mediante esta comparaci\u00f3n le ser\u00e1 m\u00e1s sencillo elegir el plan que se adec\u00fae m\u00e1s a sus necesidades y preferencias.\" \/>\n<meta name=\"robots\" content=\"index, follow, max-snippet:-1, max-image-preview:large, max-video-preview:-1\" \/>\n<link rel=\"canonical\" href=\"https:\/\/www.bmicos.com\/costarica\/en\/comparar-planes-vida\/\" \/>\n<meta property=\"og:locale\" content=\"en_US\" \/>\n<meta property=\"og:type\" content=\"article\" \/>\n<meta property=\"og:title\" content=\"Comparar planes - BMI Financial Group\" \/>\n<meta property=\"og:description\" content=\"Esta comparaci\u00f3n le har\u00e1 m\u00e1s sencillo elegir el plan que se adec\u00fae a sus necesidades\" \/>\n<meta property=\"og:url\" content=\"https:\/\/www.bmicos.com\/costarica\/en\/comparar-planes-vida\/\" \/>\n<meta property=\"og:site_name\" content=\"BMI Seguros Costa Rica\" \/>\n<meta property=\"article:publisher\" content=\"http:\/\/www.facebook.com\/pages\/BMI-Companies-Headquarter\/367590476667415\" \/>\n<meta property=\"article:modified_time\" content=\"2023-05-24T15:56:28+00:00\" \/>\n<meta property=\"og:image\" content=\"https:\/\/www.bmicos.com\/costarica\/wp-content\/uploads\/sites\/4\/2021\/03\/BMI-Suite_result.jpg\" \/>\n\t<meta property=\"og:image:width\" content=\"601\" \/>\n\t<meta property=\"og:image:height\" content=\"600\" \/>\n\t<meta property=\"og:image:type\" content=\"image\/jpeg\" \/>\n<meta name=\"twitter:card\" content=\"summary_large_image\" \/>\n<meta name=\"twitter:title\" content=\"Comparar planes - BMI Financial Group\" \/>\n<meta name=\"twitter:description\" content=\"Mediante esta comparaci\u00f3n le ser\u00e1 m\u00e1s sencillo elegir el plan que se adec\u00fae m\u00e1s a sus necesidades y preferencias.\" \/>\n<meta name=\"twitter:image\" content=\"https:\/\/www.bmicos.com\/costarica\/wp-content\/uploads\/sites\/4\/2021\/03\/BMI-Suite_result.jpg\" \/>\n<meta name=\"twitter:label1\" content=\"Est. reading time\" \/>\n\t<meta name=\"twitter:data1\" content=\"1 minute\" \/>\n<script type=\"application\/ld+json\" class=\"yoast-schema-graph\">{\"@context\":\"https:\\\/\\\/schema.org\",\"@graph\":[{\"@type\":\"WebPage\",\"@id\":\"https:\\\/\\\/www.bmicos.com\\\/costarica\\\/comparar-planes-vida\\\/\",\"url\":\"https:\\\/\\\/www.bmicos.com\\\/costarica\\\/comparar-planes-vida\\\/\",\"name\":\"Comparar planes de seguro - BMI Seguros Costa Rica\",\"isPartOf\":{\"@id\":\"https:\\\/\\\/www.bmicos.com\\\/costarica\\\/en\\\/#website\"},\"datePublished\":\"2020-12-08T03:09:31+00:00\",\"dateModified\":\"2023-05-24T15:56:28+00:00\",\"description\":\"Mediante esta comparaci\u00f3n le ser\u00e1 m\u00e1s sencillo elegir el plan que se adec\u00fae m\u00e1s a sus necesidades y preferencias.\",\"breadcrumb\":{\"@id\":\"https:\\\/\\\/www.bmicos.com\\\/costarica\\\/comparar-planes-vida\\\/#breadcrumb\"},\"inLanguage\":\"en-US\",\"potentialAction\":[{\"@type\":\"ReadAction\",\"target\":[\"https:\\\/\\\/www.bmicos.com\\\/costarica\\\/comparar-planes-vida\\\/\"]}]},{\"@type\":\"BreadcrumbList\",\"@id\":\"https:\\\/\\\/www.bmicos.com\\\/costarica\\\/comparar-planes-vida\\\/#breadcrumb\",\"itemListElement\":[{\"@type\":\"ListItem\",\"position\":1,\"name\":\"Inicio\",\"item\":\"https:\\\/\\\/www.bmicos.com\\\/costarica\\\/\"},{\"@type\":\"ListItem\",\"position\":2,\"name\":\"Comparar planes\"}]},{\"@type\":\"WebSite\",\"@id\":\"https:\\\/\\\/www.bmicos.com\\\/costarica\\\/en\\\/#website\",\"url\":\"https:\\\/\\\/www.bmicos.com\\\/costarica\\\/en\\\/\",\"name\":\"BMI Seguros Costa Rica\",\"description\":\"Asegurando familias en todo el mundo\",\"publisher\":{\"@id\":\"https:\\\/\\\/www.bmicos.com\\\/costarica\\\/en\\\/#organization\"},\"potentialAction\":[{\"@type\":\"SearchAction\",\"target\":{\"@type\":\"EntryPoint\",\"urlTemplate\":\"https:\\\/\\\/www.bmicos.com\\\/costarica\\\/en\\\/?s={search_term_string}\"},\"query-input\":{\"@type\":\"PropertyValueSpecification\",\"valueRequired\":true,\"valueName\":\"search_term_string\"}}],\"inLanguage\":\"en-US\"},{\"@type\":\"Organization\",\"@id\":\"https:\\\/\\\/www.bmicos.com\\\/costarica\\\/en\\\/#organization\",\"name\":\"BMI Companies\",\"url\":\"https:\\\/\\\/www.bmicos.com\\\/costarica\\\/en\\\/\",\"logo\":{\"@type\":\"ImageObject\",\"inLanguage\":\"en-US\",\"@id\":\"https:\\\/\\\/www.bmicos.com\\\/costarica\\\/en\\\/#\\\/schema\\\/logo\\\/image\\\/\",\"url\":\"https:\\\/\\\/www.bmicos.com\\\/costarica\\\/wp-content\\\/uploads\\\/sites\\\/4\\\/2020\\\/12\\\/logo-1.png\",\"contentUrl\":\"https:\\\/\\\/www.bmicos.com\\\/costarica\\\/wp-content\\\/uploads\\\/sites\\\/4\\\/2020\\\/12\\\/logo-1.png\",\"width\":519,\"height\":273,\"caption\":\"BMI Companies\"},\"image\":{\"@id\":\"https:\\\/\\\/www.bmicos.com\\\/costarica\\\/en\\\/#\\\/schema\\\/logo\\\/image\\\/\"},\"sameAs\":[\"http:\\\/\\\/www.facebook.com\\\/pages\\\/BMI-Companies-Headquarter\\\/367590476667415\",\"https:\\\/\\\/www.instagram.com\\\/bmicompanies\\\/\",\"https:\\\/\\\/www.linkedin.com\\\/company\\\/bmi-companies?trk=top_nav_home\",\"https:\\\/\\\/www.youtube.com\\\/user\\\/BMICompaniesGlobal\\\/videos\"]}]}<\/script>\n<!-- \/ Yoast SEO Premium plugin. -->","yoast_head_json":{"title":"Comparar planes de seguro - BMI Seguros Costa Rica","description":"Through this comparison, it will be easier for you to choose the plan that best suits your needs and preferences.","robots":{"index":"index","follow":"follow","max-snippet":"max-snippet:-1","max-image-preview":"max-image-preview:large","max-video-preview":"max-video-preview:-1"},"canonical":"https:\/\/www.bmicos.com\/costarica\/en\/comparar-planes-vida\/","og_locale":"en_US","og_type":"article","og_title":"Comparar planes - BMI Financial Group","og_description":"Esta comparaci\u00f3n le har\u00e1 m\u00e1s sencillo elegir el plan que se adec\u00fae a sus necesidades","og_url":"https:\/\/www.bmicos.com\/costarica\/en\/comparar-planes-vida\/","og_site_name":"BMI Seguros Costa Rica","article_publisher":"http:\/\/www.facebook.com\/pages\/BMI-Companies-Headquarter\/367590476667415","article_modified_time":"2023-05-24T15:56:28+00:00","og_image":[{"width":601,"height":600,"url":"https:\/\/www.bmicos.com\/costarica\/wp-content\/uploads\/sites\/4\/2021\/03\/BMI-Suite_result.jpg","type":"image\/jpeg"}],"twitter_card":"summary_large_image","twitter_title":"Comparar planes - BMI Financial Group","twitter_description":"Mediante esta comparaci\u00f3n le ser\u00e1 m\u00e1s sencillo elegir el plan que se adec\u00fae m\u00e1s a sus necesidades y preferencias.","twitter_image":"https:\/\/www.bmicos.com\/costarica\/wp-content\/uploads\/sites\/4\/2021\/03\/BMI-Suite_result.jpg","twitter_misc":{"Est. reading time":"1 minute"},"schema":{"@context":"https:\/\/schema.org","@graph":[{"@type":"WebPage","@id":"https:\/\/www.bmicos.com\/costarica\/comparar-planes-vida\/","url":"https:\/\/www.bmicos.com\/costarica\/comparar-planes-vida\/","name":"Comparar planes de seguro - BMI Seguros Costa Rica","isPartOf":{"@id":"https:\/\/www.bmicos.com\/costarica\/en\/#website"},"datePublished":"2020-12-08T03:09:31+00:00","dateModified":"2023-05-24T15:56:28+00:00","description":"Through this comparison, it will be easier for you to choose the plan that best suits your needs and preferences.","breadcrumb":{"@id":"https:\/\/www.bmicos.com\/costarica\/comparar-planes-vida\/#breadcrumb"},"inLanguage":"en-US","potentialAction":[{"@type":"ReadAction","target":["https:\/\/www.bmicos.com\/costarica\/comparar-planes-vida\/"]}]},{"@type":"BreadcrumbList","@id":"https:\/\/www.bmicos.com\/costarica\/comparar-planes-vida\/#breadcrumb","itemListElement":[{"@type":"ListItem","position":1,"name":"Inicio","item":"https:\/\/www.bmicos.com\/costarica\/"},{"@type":"ListItem","position":2,"name":"Comparar planes"}]},{"@type":"WebSite","@id":"https:\/\/www.bmicos.com\/costarica\/en\/#website","url":"https:\/\/www.bmicos.com\/costarica\/en\/","name":"BMI Insurance Costa Rica","description":"Insuring Families Worldwide","publisher":{"@id":"https:\/\/www.bmicos.com\/costarica\/en\/#organization"},"potentialAction":[{"@type":"SearchAction","target":{"@type":"EntryPoint","urlTemplate":"https:\/\/www.bmicos.com\/costarica\/en\/?s={search_term_string}"},"query-input":{"@type":"PropertyValueSpecification","valueRequired":true,"valueName":"search_term_string"}}],"inLanguage":"en-US"},{"@type":"Organization","@id":"https:\/\/www.bmicos.com\/costarica\/en\/#organization","name":"BMI Companies","url":"https:\/\/www.bmicos.com\/costarica\/en\/","logo":{"@type":"ImageObject","inLanguage":"en-US","@id":"https:\/\/www.bmicos.com\/costarica\/en\/#\/schema\/logo\/image\/","url":"https:\/\/www.bmicos.com\/costarica\/wp-content\/uploads\/sites\/4\/2020\/12\/logo-1.png","contentUrl":"https:\/\/www.bmicos.com\/costarica\/wp-content\/uploads\/sites\/4\/2020\/12\/logo-1.png","width":519,"height":273,"caption":"BMI Companies"},"image":{"@id":"https:\/\/www.bmicos.com\/costarica\/en\/#\/schema\/logo\/image\/"},"sameAs":["http:\/\/www.facebook.com\/pages\/BMI-Companies-Headquarter\/367590476667415","https:\/\/www.instagram.com\/bmicompanies\/","https:\/\/www.linkedin.com\/company\/bmi-companies?trk=top_nav_home","https:\/\/www.youtube.com\/user\/BMICompaniesGlobal\/videos"]}]}},"_links":{"self":[{"href":"https:\/\/www.bmicos.com\/costarica\/en\/wp-json\/wp\/v2\/pages\/3519","targetHints":{"allow":["GET"]}}],"collection":[{"href":"https:\/\/www.bmicos.com\/costarica\/en\/wp-json\/wp\/v2\/pages"}],"about":[{"href":"https:\/\/www.bmicos.com\/costarica\/en\/wp-json\/wp\/v2\/types\/page"}],"author":[{"embeddable":true,"href":"https:\/\/www.bmicos.com\/costarica\/en\/wp-json\/wp\/v2\/users\/1"}],"replies":[{"embeddable":true,"href":"https:\/\/www.bmicos.com\/costarica\/en\/wp-json\/wp\/v2\/comments?post=3519"}],"version-history":[{"count":0,"href":"https:\/\/www.bmicos.com\/costarica\/en\/wp-json\/wp\/v2\/pages\/3519\/revisions"}],"wp:attachment":[{"href":"https:\/\/www.bmicos.com\/costarica\/en\/wp-json\/wp\/v2\/media?parent=3519"}],"curies":[{"name":"wp","href":"https:\/\/api.w.org\/{rel}","templated":true}]}}