{"id":4065,"date":"2021-01-12T01:50:43","date_gmt":"2021-01-12T01:50:43","guid":{"rendered":"https:\/\/www.bmicos.com\/costarica\/?page_id=4065"},"modified":"2023-09-27T10:48:19","modified_gmt":"2023-09-27T16:48:19","slug":"reclutamos-talento","status":"publish","type":"page","link":"https:\/\/www.bmicos.com\/costarica\/en\/reclutamos-talento\/","title":{"rendered":"We recruit Talent"},"content":{"rendered":"\t\t<div data-elementor-type=\"wp-page\" data-elementor-id=\"4065\" class=\"elementor elementor-4065\" data-elementor-post-type=\"page\">\n\t\t\t\t\t\t<div class=\"elementor-inner\">\n\t\t\t\t<div class=\"elementor-section-wrap\">\n\t\t\t\t\t\t\t\t\t<section data-particle_enable=\"false\" data-particle-mobile-disabled=\"false\" class=\"elementor-section elementor-top-section elementor-element elementor-element-e25d8ed elementor-section-full_width elementor-section-height-default elementor-section-height-default\" data-id=\"e25d8ed\" data-element_type=\"section\" data-settings=\"{&quot;jet_parallax_layout_list&quot;:[{&quot;jet_parallax_layout_image&quot;:{&quot;url&quot;:&quot;&quot;,&quot;id&quot;:&quot;&quot;,&quot;size&quot;:&quot;&quot;},&quot;_id&quot;:&quot;1d17ffc&quot;,&quot;jet_parallax_layout_image_tablet&quot;:{&quot;url&quot;:&quot;&quot;,&quot;id&quot;:&quot;&quot;,&quot;size&quot;:&quot;&quot;},&quot;jet_parallax_layout_image_mobile&quot;:{&quot;url&quot;:&quot;&quot;,&quot;id&quot;:&quot;&quot;,&quot;size&quot;:&quot;&quot;},&quot;jet_parallax_layout_speed&quot;:{&quot;unit&quot;:&quot;%&quot;,&quot;size&quot;:50,&quot;sizes&quot;:[]},&quot;jet_parallax_layout_type&quot;:&quot;scroll&quot;,&quot;jet_parallax_layout_direction&quot;:null,&quot;jet_parallax_layout_fx_direction&quot;:null,&quot;jet_parallax_layout_z_index&quot;:&quot;&quot;,&quot;jet_parallax_layout_bg_x&quot;:50,&quot;jet_parallax_layout_bg_x_tablet&quot;:&quot;&quot;,&quot;jet_parallax_layout_bg_x_mobile&quot;:&quot;&quot;,&quot;jet_parallax_layout_bg_y&quot;:50,&quot;jet_parallax_layout_bg_y_tablet&quot;:&quot;&quot;,&quot;jet_parallax_layout_bg_y_mobile&quot;:&quot;&quot;,&quot;jet_parallax_layout_bg_size&quot;:&quot;auto&quot;,&quot;jet_parallax_layout_bg_size_tablet&quot;:&quot;&quot;,&quot;jet_parallax_layout_bg_size_mobile&quot;:&quot;&quot;,&quot;jet_parallax_layout_animation_prop&quot;:&quot;transform&quot;,&quot;jet_parallax_layout_on&quot;:[&quot;desktop&quot;,&quot;tablet&quot;]}]}\">\n\t\t\t\t\t\t<div class=\"elementor-container elementor-column-gap-default\">\n\t\t\t\t\t\t\t<div class=\"elementor-row\">\n\t\t\t\t\t<div class=\"elementor-column elementor-col-100 elementor-top-column elementor-element elementor-element-0016a47\" data-id=\"0016a47\" data-element_type=\"column\">\n\t\t\t<div class=\"elementor-column-wrap elementor-element-populated\">\n\t\t\t\t\t\t\t<div class=\"elementor-widget-wrap\">\n\t\t\t\t\t\t<div class=\"elementor-element elementor-element-de68ee2 elementor-widget elementor-widget-image\" data-id=\"de68ee2\" data-element_type=\"widget\" data-widget_type=\"image.default\">\n\t\t\t\t<div class=\"elementor-widget-container\">\n\t\t\t\t\t\t\t\t<div class=\"elementor-image\">\n\t\t\t\t\t\t\t\t\t\t\t\t<img loading=\"lazy\" decoding=\"async\" width=\"800\" height=\"428\" src=\"https:\/\/www.bmicos.com\/costarica\/wp-content\/uploads\/sites\/4\/2021\/01\/Abogado-joven-.jpg\" class=\"attachment-large size-large wp-image-4069\" alt=\"Banner con Abogado joven decorativa\" srcset=\"https:\/\/www.bmicos.com\/costarica\/wp-content\/uploads\/sites\/4\/2021\/01\/Abogado-joven-.jpg 921w, https:\/\/www.bmicos.com\/costarica\/wp-content\/uploads\/sites\/4\/2021\/01\/Abogado-joven--16x9.jpg 16w, https:\/\/www.bmicos.com\/costarica\/wp-content\/uploads\/sites\/4\/2021\/01\/Abogado-joven--600x321.jpg 600w\" sizes=\"auto, (max-width: 800px) 100vw, 800px\" \/>\t\t\t\t\t\t\t\t\t\t\t\t\t\t<\/div>\n\t\t\t\t\t\t<\/div>\n\t\t\t\t<\/div>\n\t\t\t\t<div class=\"elementor-element elementor-element-b93643a elementor-widget elementor-widget-heading\" data-id=\"b93643a\" data-element_type=\"widget\" data-widget_type=\"heading.default\">\n\t\t\t\t<div class=\"elementor-widget-container\">\n\t\t\t<h1 class=\"elementor-heading-title elementor-size-default\">Reclutamos Talento<\/h1>\t\t<\/div>\n\t\t\t\t<\/div>\n\t\t\t\t<div class=\"elementor-element elementor-element-d8082ee elementor-widget-divider--view-line elementor-invisible elementor-widget elementor-widget-divider\" data-id=\"d8082ee\" data-element_type=\"widget\" data-settings=\"{&quot;_animation&quot;:&quot;fadeInLeft&quot;}\" data-widget_type=\"divider.default\">\n\t\t\t\t<div class=\"elementor-widget-container\">\n\t\t\t\t\t<div class=\"elementor-divider\">\n\t\t\t<span class=\"elementor-divider-separator\">\n\t\t\t\t\t\t<\/span>\n\t\t<\/div>\n\t\t\t\t<\/div>\n\t\t\t\t<\/div>\n\t\t\t\t<div class=\"elementor-element elementor-element-fa9e972 elementor-widget elementor-widget-text-editor\" data-id=\"fa9e972\" data-element_type=\"widget\" data-widget_type=\"text-editor.default\">\n\t\t\t\t<div class=\"elementor-widget-container\">\n\t\t\t\t\t\t\t\t<div class=\"elementor-text-editor elementor-clearfix\">\n\t\t\t\t<p style=\"text-align:justify\">En BMI contamos con los mejores agentes de seguros como parte de nuestro equipo de talento. Si te interesa formar parte de \u00e9l puedes enviar tus datos por medio del siguiente formulario para que formes parte de nuestros procesos de reclutamiento y selecci\u00f3n.<\/p>\n\u200b\n\n<p style=\"text-align:justify\">Al formar parte de nuestro talento humano en el \u00c1rea Comercial, recibir\u00e1s capacitaci\u00f3n constante, productos competitivos en el mercado de seguros, el respaldo de una gran empresa y la posibilidad de generarte los ingresos que m\u00e1s te convengan porque no contamos con salarios base, sino que t\u00fa mismo decides cu\u00e1nto deseas ganar a partir de tus ventas.<\/p>\t\t\t\t\t<\/div>\n\t\t\t\t\t\t<\/div>\n\t\t\t\t<\/div>\n\t\t\t\t<div class=\"elementor-element elementor-element-c1208f1 elementor-widget elementor-widget-heading\" data-id=\"c1208f1\" data-element_type=\"widget\" data-widget_type=\"heading.default\">\n\t\t\t\t<div class=\"elementor-widget-container\">\n\t\t\t<p class=\"elementor-heading-title elementor-size-default\">Registro<\/p>\t\t<\/div>\n\t\t\t\t<\/div>\n\t\t\t\t<div class=\"elementor-element elementor-element-c64c428 elementor-widget-divider--view-line elementor-invisible elementor-widget elementor-widget-divider\" data-id=\"c64c428\" data-element_type=\"widget\" data-settings=\"{&quot;_animation&quot;:&quot;fadeInLeft&quot;}\" data-widget_type=\"divider.default\">\n\t\t\t\t<div class=\"elementor-widget-container\">\n\t\t\t\t\t<div class=\"elementor-divider\">\n\t\t\t<span class=\"elementor-divider-separator\">\n\t\t\t\t\t\t<\/span>\n\t\t<\/div>\n\t\t\t\t<\/div>\n\t\t\t\t<\/div>\n\t\t\t\t<div class=\"elementor-element elementor-element-136434c elementor-widget elementor-widget-text-editor\" data-id=\"136434c\" data-element_type=\"widget\" data-widget_type=\"text-editor.default\">\n\t\t\t\t<div class=\"elementor-widget-container\">\n\t\t\t\t\t\t\t\t<div class=\"elementor-text-editor elementor-clearfix\">\n\t\t\t\t<p style=\"text-align: center\">Para ser parte de nuestra base de oferentes, por favor completa la siguiente informaci\u00f3n.<\/p>\t\t\t\t\t<\/div>\n\t\t\t\t\t\t<\/div>\n\t\t\t\t<\/div>\n\t\t\t\t<section data-particle_enable=\"false\" data-particle-mobile-disabled=\"false\" class=\"elementor-section elementor-inner-section elementor-element elementor-element-ab476eb elementor-section-boxed elementor-section-height-default elementor-section-height-default\" data-id=\"ab476eb\" data-element_type=\"section\" data-settings=\"{&quot;jet_parallax_layout_list&quot;:[{&quot;jet_parallax_layout_image&quot;:{&quot;url&quot;:&quot;&quot;,&quot;id&quot;:&quot;&quot;,&quot;size&quot;:&quot;&quot;},&quot;_id&quot;:&quot;9fb2db0&quot;,&quot;jet_parallax_layout_image_tablet&quot;:{&quot;url&quot;:&quot;&quot;,&quot;id&quot;:&quot;&quot;,&quot;size&quot;:&quot;&quot;},&quot;jet_parallax_layout_image_mobile&quot;:{&quot;url&quot;:&quot;&quot;,&quot;id&quot;:&quot;&quot;,&quot;size&quot;:&quot;&quot;},&quot;jet_parallax_layout_speed&quot;:{&quot;unit&quot;:&quot;%&quot;,&quot;size&quot;:50,&quot;sizes&quot;:[]},&quot;jet_parallax_layout_type&quot;:&quot;scroll&quot;,&quot;jet_parallax_layout_direction&quot;:null,&quot;jet_parallax_layout_fx_direction&quot;:null,&quot;jet_parallax_layout_z_index&quot;:&quot;&quot;,&quot;jet_parallax_layout_bg_x&quot;:50,&quot;jet_parallax_layout_bg_x_tablet&quot;:&quot;&quot;,&quot;jet_parallax_layout_bg_x_mobile&quot;:&quot;&quot;,&quot;jet_parallax_layout_bg_y&quot;:50,&quot;jet_parallax_layout_bg_y_tablet&quot;:&quot;&quot;,&quot;jet_parallax_layout_bg_y_mobile&quot;:&quot;&quot;,&quot;jet_parallax_layout_bg_size&quot;:&quot;auto&quot;,&quot;jet_parallax_layout_bg_size_tablet&quot;:&quot;&quot;,&quot;jet_parallax_layout_bg_size_mobile&quot;:&quot;&quot;,&quot;jet_parallax_layout_animation_prop&quot;:&quot;transform&quot;,&quot;jet_parallax_layout_on&quot;:[&quot;desktop&quot;,&quot;tablet&quot;]}]}\">\n\t\t\t\t\t\t<div class=\"elementor-container elementor-column-gap-default\">\n\t\t\t\t\t\t\t<div class=\"elementor-row\">\n\t\t\t\t\t<div class=\"elementor-column elementor-col-100 elementor-inner-column elementor-element elementor-element-3c0007e\" data-id=\"3c0007e\" data-element_type=\"column\">\n\t\t\t<div class=\"elementor-column-wrap elementor-element-populated\">\n\t\t\t\t\t\t\t<div class=\"elementor-widget-wrap\">\n\t\t\t\t\t\t<div class=\"elementor-element elementor-element-2f22af0 elementor-widget elementor-widget-html\" data-id=\"2f22af0\" data-element_type=\"widget\" data-widget_type=\"html.default\">\n\t\t\t\t<div class=\"elementor-widget-container\">\n\t\t\t\n    <iframe\n      id=\"JotFormIFrame-222797167326869\"\n      title=\"Formulario Registro reclutamos talento BMI CR\"\n      onload=\"window.parent.scrollTo(0,0)\"\n      allowtransparency=\"true\"\n      allowfullscreen=\"true\"\n      allow=\"geolocation; microphone; camera\"\n      src=\"https:\/\/hipaa.jotform.com\/222797167326869\"\n      frameborder=\"0\"\n      style=\"\n      min-width: 100%;\n      height:539px;\n      border:none;\"\n      scrolling=\"no\"\n    >\n    <\/iframe>\n    <script type=\"text\/javascript\">\n      var ifr = document.getElementById(\"JotFormIFrame-222797167326869\");\n      if (ifr) {\n        var src = ifr.src;\n        var iframeParams = [];\n        if (window.location.href && window.location.href.indexOf(\"?\") > -1) {\n          iframeParams = iframeParams.concat(window.location.href.substr(window.location.href.indexOf(\"?\") + 1).split('&'));\n        }\n        if (src && src.indexOf(\"?\") > -1) {\n          iframeParams = iframeParams.concat(src.substr(src.indexOf(\"?\") + 1).split(\"&\"));\n          src = src.substr(0, src.indexOf(\"?\"))\n        }\n        iframeParams.push(\"isIframeEmbed=1\");\n        ifr.src = src + \"?\" + iframeParams.join('&');\n      }\n      window.handleIFrameMessage = function(e) {\n        if (typeof e.data === 'object') { return; }\n        var args = e.data.split(\":\");\n        if (args.length > 2) { iframe = document.getElementById(\"JotFormIFrame-\" + args[(args.length - 1)]); } else { iframe = document.getElementById(\"JotFormIFrame\"); }\n        if (!iframe) { return; }\n        switch (args[0]) {\n          case \"scrollIntoView\":\n            iframe.scrollIntoView();\n            break;\n          case \"setHeight\":\n            iframe.style.height = args[1] + \"px\";\n            break;\n          case \"collapseErrorPage\":\n            if (iframe.clientHeight > window.innerHeight) {\n              iframe.style.height = window.innerHeight + \"px\";\n            }\n            break;\n          case \"reloadPage\":\n            window.location.reload();\n            break;\n          case \"loadScript\":\n            if( !window.isPermitted(e.origin, ['jotform.com', 'jotform.pro']) ) { break; }\n            var src = args[1];\n            if (args.length > 3) {\n                src = args[1] + ':' + args[2];\n            }\n            var script = document.createElement('script');\n            script.src = src;\n            script.type = 'text\/javascript';\n            document.body.appendChild(script);\n            break;\n          case \"exitFullscreen\":\n            if      (window.document.exitFullscreen)        window.document.exitFullscreen();\n            else if (window.document.mozCancelFullScreen)   window.document.mozCancelFullScreen();\n            else if (window.document.mozCancelFullscreen)   window.document.mozCancelFullScreen();\n            else if (window.document.webkitExitFullscreen)  window.document.webkitExitFullscreen();\n            else if (window.document.msExitFullscreen)      window.document.msExitFullscreen();\n            break;\n        }\n        var isJotForm = (e.origin.indexOf(\"jotform\") > -1) ? true : false;\n        if(isJotForm && \"contentWindow\" in iframe && \"postMessage\" in iframe.contentWindow) {\n          var urls = {\"docurl\":encodeURIComponent(document.URL),\"referrer\":encodeURIComponent(document.referrer)};\n          iframe.contentWindow.postMessage(JSON.stringify({\"type\":\"urls\",\"value\":urls}), \"*\");\n        }\n      };\n      window.isPermitted = function(originUrl, whitelisted_domains) {\n        var url = document.createElement('a');\n        url.href = originUrl;\n        var hostname = url.hostname;\n        var result = false;\n        if( typeof hostname !== 'undefined' ) {\n          whitelisted_domains.forEach(function(element) {\n              if( hostname.slice((-1 * element.length - 1)) === '.'.concat(element) ||  hostname === element ) {\n                  result = true;\n              }\n          });\n          return result;\n        }\n      };\n      if (window.addEventListener) {\n        window.addEventListener(\"message\", handleIFrameMessage, false);\n      } else if (window.attachEvent) {\n        window.attachEvent(\"onmessage\", handleIFrameMessage);\n      }\n      <\/script>\t\t<\/div>\n\t\t\t\t<\/div>\n\t\t\t\t\t\t<\/div>\n\t\t\t\t\t<\/div>\n\t\t<\/div>\n\t\t\t\t\t\t\t\t<\/div>\n\t\t\t\t\t<\/div>\n\t\t<\/section>\n\t\t\t\t\t\t<\/div>\n\t\t\t\t\t<\/div>\n\t\t<\/div>\n\t\t\t\t\t\t\t\t<\/div>\n\t\t\t\t\t<\/div>\n\t\t<\/section>\n\t\t\t\t\t\t\t\t\t<\/div>\n\t\t\t<\/div>\n\t\t\t\t\t<\/div>\n\t\t","protected":false},"excerpt":{"rendered":"<p>Reclutamos Talento En BMI contamos con los mejores agentes de seguros como parte de nuestro equipo de talento. Si te interesa formar parte de \u00e9l puedes enviar tus datos por medio del siguiente formulario para que formes parte de nuestros procesos de reclutamiento y selecci\u00f3n. \u200b Al formar parte de nuestro talento humano en el [&hellip;]<\/p>\n","protected":false},"author":8,"featured_media":0,"parent":0,"menu_order":0,"comment_status":"closed","ping_status":"closed","template":"elementor_header_footer","meta":{"_acf_changed":false,"footnotes":""},"class_list":["post-4065","page","type-page","status-publish","hentry"],"acf":[],"yoast_head":"<!-- This site is optimized with the Yoast SEO Premium plugin v20.7 (Yoast SEO v27.4) - https:\/\/yoast.com\/product\/yoast-seo-premium-wordpress\/ -->\n<title>Reclutamos Talento - BMI Seguros Costa Rica<\/title>\n<meta name=\"description\" content=\"Contamos con los mejores agentes de seguros. Si te interesa formar parte del equipo env\u00eda tus datos con nuestro formulario.\" \/>\n<meta name=\"robots\" content=\"index, follow, max-snippet:-1, max-image-preview:large, max-video-preview:-1\" \/>\n<link rel=\"canonical\" href=\"https:\/\/www.bmicos.com\/costarica\/en\/reclutamos-talento\/\" \/>\n<meta property=\"og:locale\" content=\"en_US\" \/>\n<meta property=\"og:type\" content=\"article\" \/>\n<meta property=\"og:title\" content=\"Reclutamos Talento - BMI Financial Group\" \/>\n<meta property=\"og:description\" content=\"Si te interesa formar parte del equipo env\u00eda tus datos con nuestro formulario.\" \/>\n<meta property=\"og:url\" content=\"https:\/\/www.bmicos.com\/costarica\/en\/reclutamos-talento\/\" \/>\n<meta property=\"og:site_name\" content=\"BMI Seguros Costa Rica\" \/>\n<meta property=\"article:publisher\" content=\"http:\/\/www.facebook.com\/pages\/BMI-Companies-Headquarter\/367590476667415\" \/>\n<meta property=\"article:modified_time\" content=\"2023-09-27T16:48:19+00:00\" \/>\n<meta property=\"og:image\" content=\"https:\/\/www.bmicos.com\/costarica\/wp-content\/uploads\/sites\/4\/2021\/01\/Abogado-joven-.jpg\" \/>\n\t<meta property=\"og:image:width\" content=\"921\" \/>\n\t<meta property=\"og:image:height\" content=\"493\" \/>\n\t<meta property=\"og:image:type\" content=\"image\/jpeg\" \/>\n<meta name=\"twitter:card\" content=\"summary_large_image\" \/>\n<meta name=\"twitter:title\" content=\"Reclutamos Talento - BMI Financial Group\" \/>\n<meta name=\"twitter:description\" content=\"Contamos con los mejores agentes de seguros. Si te interesa formar parte del equipo env\u00eda tus datos con nuestro formulario.\" \/>\n<meta name=\"twitter:image\" content=\"https:\/\/www.bmicos.com\/costarica\/wp-content\/uploads\/sites\/4\/2021\/01\/Abogado-joven-.jpg\" \/>\n<meta name=\"twitter:label1\" content=\"Est. reading time\" \/>\n\t<meta name=\"twitter:data1\" content=\"1 minute\" \/>\n<script type=\"application\/ld+json\" class=\"yoast-schema-graph\">{\"@context\":\"https:\\\/\\\/schema.org\",\"@graph\":[{\"@type\":\"WebPage\",\"@id\":\"https:\\\/\\\/www.bmicos.com\\\/costarica\\\/reclutamos-talento\\\/\",\"url\":\"https:\\\/\\\/www.bmicos.com\\\/costarica\\\/reclutamos-talento\\\/\",\"name\":\"Reclutamos Talento - BMI Seguros Costa Rica\",\"isPartOf\":{\"@id\":\"https:\\\/\\\/www.bmicos.com\\\/costarica\\\/en\\\/#website\"},\"primaryImageOfPage\":{\"@id\":\"https:\\\/\\\/www.bmicos.com\\\/costarica\\\/reclutamos-talento\\\/#primaryimage\"},\"image\":{\"@id\":\"https:\\\/\\\/www.bmicos.com\\\/costarica\\\/reclutamos-talento\\\/#primaryimage\"},\"thumbnailUrl\":\"https:\\\/\\\/www.bmicos.com\\\/costarica\\\/wp-content\\\/uploads\\\/sites\\\/4\\\/2021\\\/01\\\/Abogado-joven-.jpg\",\"datePublished\":\"2021-01-12T01:50:43+00:00\",\"dateModified\":\"2023-09-27T16:48:19+00:00\",\"description\":\"Contamos con los mejores agentes de seguros. Si te interesa formar parte del equipo env\u00eda tus datos con nuestro formulario.\",\"breadcrumb\":{\"@id\":\"https:\\\/\\\/www.bmicos.com\\\/costarica\\\/reclutamos-talento\\\/#breadcrumb\"},\"inLanguage\":\"en-US\",\"potentialAction\":[{\"@type\":\"ReadAction\",\"target\":[\"https:\\\/\\\/www.bmicos.com\\\/costarica\\\/reclutamos-talento\\\/\"]}]},{\"@type\":\"ImageObject\",\"inLanguage\":\"en-US\",\"@id\":\"https:\\\/\\\/www.bmicos.com\\\/costarica\\\/reclutamos-talento\\\/#primaryimage\",\"url\":\"https:\\\/\\\/www.bmicos.com\\\/costarica\\\/wp-content\\\/uploads\\\/sites\\\/4\\\/2021\\\/01\\\/Abogado-joven-.jpg\",\"contentUrl\":\"https:\\\/\\\/www.bmicos.com\\\/costarica\\\/wp-content\\\/uploads\\\/sites\\\/4\\\/2021\\\/01\\\/Abogado-joven-.jpg\"},{\"@type\":\"BreadcrumbList\",\"@id\":\"https:\\\/\\\/www.bmicos.com\\\/costarica\\\/reclutamos-talento\\\/#breadcrumb\",\"itemListElement\":[{\"@type\":\"ListItem\",\"position\":1,\"name\":\"Inicio\",\"item\":\"https:\\\/\\\/www.bmicos.com\\\/costarica\\\/\"},{\"@type\":\"ListItem\",\"position\":2,\"name\":\"Reclutamos Talento\"}]},{\"@type\":\"WebSite\",\"@id\":\"https:\\\/\\\/www.bmicos.com\\\/costarica\\\/en\\\/#website\",\"url\":\"https:\\\/\\\/www.bmicos.com\\\/costarica\\\/en\\\/\",\"name\":\"BMI Seguros Costa Rica\",\"description\":\"Asegurando familias en todo el mundo\",\"publisher\":{\"@id\":\"https:\\\/\\\/www.bmicos.com\\\/costarica\\\/en\\\/#organization\"},\"potentialAction\":[{\"@type\":\"SearchAction\",\"target\":{\"@type\":\"EntryPoint\",\"urlTemplate\":\"https:\\\/\\\/www.bmicos.com\\\/costarica\\\/en\\\/?s={search_term_string}\"},\"query-input\":{\"@type\":\"PropertyValueSpecification\",\"valueRequired\":true,\"valueName\":\"search_term_string\"}}],\"inLanguage\":\"en-US\"},{\"@type\":\"Organization\",\"@id\":\"https:\\\/\\\/www.bmicos.com\\\/costarica\\\/en\\\/#organization\",\"name\":\"BMI Companies\",\"url\":\"https:\\\/\\\/www.bmicos.com\\\/costarica\\\/en\\\/\",\"logo\":{\"@type\":\"ImageObject\",\"inLanguage\":\"en-US\",\"@id\":\"https:\\\/\\\/www.bmicos.com\\\/costarica\\\/en\\\/#\\\/schema\\\/logo\\\/image\\\/\",\"url\":\"https:\\\/\\\/www.bmicos.com\\\/costarica\\\/wp-content\\\/uploads\\\/sites\\\/4\\\/2020\\\/12\\\/logo-1.png\",\"contentUrl\":\"https:\\\/\\\/www.bmicos.com\\\/costarica\\\/wp-content\\\/uploads\\\/sites\\\/4\\\/2020\\\/12\\\/logo-1.png\",\"width\":519,\"height\":273,\"caption\":\"BMI Companies\"},\"image\":{\"@id\":\"https:\\\/\\\/www.bmicos.com\\\/costarica\\\/en\\\/#\\\/schema\\\/logo\\\/image\\\/\"},\"sameAs\":[\"http:\\\/\\\/www.facebook.com\\\/pages\\\/BMI-Companies-Headquarter\\\/367590476667415\",\"https:\\\/\\\/www.instagram.com\\\/bmicompanies\\\/\",\"https:\\\/\\\/www.linkedin.com\\\/company\\\/bmi-companies?trk=top_nav_home\",\"https:\\\/\\\/www.youtube.com\\\/user\\\/BMICompaniesGlobal\\\/videos\"]}]}<\/script>\n<!-- \/ Yoast SEO Premium plugin. -->","yoast_head_json":{"title":"We Recruit Talent - BMI Seguros Costa Rica","description":"We have the best insurance agents. If you are interested in being part of the team, send your data with our form.","robots":{"index":"index","follow":"follow","max-snippet":"max-snippet:-1","max-image-preview":"max-image-preview:large","max-video-preview":"max-video-preview:-1"},"canonical":"https:\/\/www.bmicos.com\/costarica\/en\/reclutamos-talento\/","og_locale":"en_US","og_type":"article","og_title":"Reclutamos Talento - BMI Financial Group","og_description":"Si te interesa formar parte del equipo env\u00eda tus datos con nuestro formulario.","og_url":"https:\/\/www.bmicos.com\/costarica\/en\/reclutamos-talento\/","og_site_name":"BMI Seguros Costa Rica","article_publisher":"http:\/\/www.facebook.com\/pages\/BMI-Companies-Headquarter\/367590476667415","article_modified_time":"2023-09-27T16:48:19+00:00","og_image":[{"width":921,"height":493,"url":"https:\/\/www.bmicos.com\/costarica\/wp-content\/uploads\/sites\/4\/2021\/01\/Abogado-joven-.jpg","type":"image\/jpeg"}],"twitter_card":"summary_large_image","twitter_title":"Reclutamos Talento - BMI Financial Group","twitter_description":"Contamos con los mejores agentes de seguros. Si te interesa formar parte del equipo env\u00eda tus datos con nuestro formulario.","twitter_image":"https:\/\/www.bmicos.com\/costarica\/wp-content\/uploads\/sites\/4\/2021\/01\/Abogado-joven-.jpg","twitter_misc":{"Est. reading time":"1 minute"},"schema":{"@context":"https:\/\/schema.org","@graph":[{"@type":"WebPage","@id":"https:\/\/www.bmicos.com\/costarica\/reclutamos-talento\/","url":"https:\/\/www.bmicos.com\/costarica\/reclutamos-talento\/","name":"We Recruit Talent - BMI Seguros Costa Rica","isPartOf":{"@id":"https:\/\/www.bmicos.com\/costarica\/en\/#website"},"primaryImageOfPage":{"@id":"https:\/\/www.bmicos.com\/costarica\/reclutamos-talento\/#primaryimage"},"image":{"@id":"https:\/\/www.bmicos.com\/costarica\/reclutamos-talento\/#primaryimage"},"thumbnailUrl":"https:\/\/www.bmicos.com\/costarica\/wp-content\/uploads\/sites\/4\/2021\/01\/Abogado-joven-.jpg","datePublished":"2021-01-12T01:50:43+00:00","dateModified":"2023-09-27T16:48:19+00:00","description":"We have the best insurance agents. If you are interested in being part of the team, send your data with our form.","breadcrumb":{"@id":"https:\/\/www.bmicos.com\/costarica\/reclutamos-talento\/#breadcrumb"},"inLanguage":"en-US","potentialAction":[{"@type":"ReadAction","target":["https:\/\/www.bmicos.com\/costarica\/reclutamos-talento\/"]}]},{"@type":"ImageObject","inLanguage":"en-US","@id":"https:\/\/www.bmicos.com\/costarica\/reclutamos-talento\/#primaryimage","url":"https:\/\/www.bmicos.com\/costarica\/wp-content\/uploads\/sites\/4\/2021\/01\/Abogado-joven-.jpg","contentUrl":"https:\/\/www.bmicos.com\/costarica\/wp-content\/uploads\/sites\/4\/2021\/01\/Abogado-joven-.jpg"},{"@type":"BreadcrumbList","@id":"https:\/\/www.bmicos.com\/costarica\/reclutamos-talento\/#breadcrumb","itemListElement":[{"@type":"ListItem","position":1,"name":"Inicio","item":"https:\/\/www.bmicos.com\/costarica\/"},{"@type":"ListItem","position":2,"name":"Reclutamos Talento"}]},{"@type":"WebSite","@id":"https:\/\/www.bmicos.com\/costarica\/en\/#website","url":"https:\/\/www.bmicos.com\/costarica\/en\/","name":"BMI Insurance Costa Rica","description":"Insuring Families Worldwide","publisher":{"@id":"https:\/\/www.bmicos.com\/costarica\/en\/#organization"},"potentialAction":[{"@type":"SearchAction","target":{"@type":"EntryPoint","urlTemplate":"https:\/\/www.bmicos.com\/costarica\/en\/?s={search_term_string}"},"query-input":{"@type":"PropertyValueSpecification","valueRequired":true,"valueName":"search_term_string"}}],"inLanguage":"en-US"},{"@type":"Organization","@id":"https:\/\/www.bmicos.com\/costarica\/en\/#organization","name":"BMI Companies","url":"https:\/\/www.bmicos.com\/costarica\/en\/","logo":{"@type":"ImageObject","inLanguage":"en-US","@id":"https:\/\/www.bmicos.com\/costarica\/en\/#\/schema\/logo\/image\/","url":"https:\/\/www.bmicos.com\/costarica\/wp-content\/uploads\/sites\/4\/2020\/12\/logo-1.png","contentUrl":"https:\/\/www.bmicos.com\/costarica\/wp-content\/uploads\/sites\/4\/2020\/12\/logo-1.png","width":519,"height":273,"caption":"BMI Companies"},"image":{"@id":"https:\/\/www.bmicos.com\/costarica\/en\/#\/schema\/logo\/image\/"},"sameAs":["http:\/\/www.facebook.com\/pages\/BMI-Companies-Headquarter\/367590476667415","https:\/\/www.instagram.com\/bmicompanies\/","https:\/\/www.linkedin.com\/company\/bmi-companies?trk=top_nav_home","https:\/\/www.youtube.com\/user\/BMICompaniesGlobal\/videos"]}]}},"_links":{"self":[{"href":"https:\/\/www.bmicos.com\/costarica\/en\/wp-json\/wp\/v2\/pages\/4065","targetHints":{"allow":["GET"]}}],"collection":[{"href":"https:\/\/www.bmicos.com\/costarica\/en\/wp-json\/wp\/v2\/pages"}],"about":[{"href":"https:\/\/www.bmicos.com\/costarica\/en\/wp-json\/wp\/v2\/types\/page"}],"author":[{"embeddable":true,"href":"https:\/\/www.bmicos.com\/costarica\/en\/wp-json\/wp\/v2\/users\/8"}],"replies":[{"embeddable":true,"href":"https:\/\/www.bmicos.com\/costarica\/en\/wp-json\/wp\/v2\/comments?post=4065"}],"version-history":[{"count":0,"href":"https:\/\/www.bmicos.com\/costarica\/en\/wp-json\/wp\/v2\/pages\/4065\/revisions"}],"wp:attachment":[{"href":"https:\/\/www.bmicos.com\/costarica\/en\/wp-json\/wp\/v2\/media?parent=4065"}],"curies":[{"name":"wp","href":"https:\/\/api.w.org\/{rel}","templated":true}]}}