{"id":4300,"date":"2021-01-27T19:54:34","date_gmt":"2021-01-27T19:54:34","guid":{"rendered":"https:\/\/www.bmicos.com\/costarica\/?post_type=product&#038;p=4300"},"modified":"2023-06-02T09:53:12","modified_gmt":"2023-06-02T15:53:12","slug":"dental-colectiva","status":"publish","type":"product","link":"https:\/\/www.bmicos.com\/costarica\/en\/seguros\/vida\/dental-colectiva\/","title":{"rendered":"Collective Dental Policy"},"content":{"rendered":"","protected":false},"excerpt":{"rendered":"<p style=\"text-align: justify;\">Our collective dental policy is a product designed for the provision of dental care, either preventively or in case of discomfort or emergency treatments. Aimed at Associations, Business Groups, Professional Associations, Transnational Companies, Cooperatives, SMEs, among others. As part of the main added values that we offer are: direct payment of the service, covered pre-existence, coverage adjusted to the client&#039;s budget, special discounts on non-covered treatments, comprehensive service 24 hours a day, 7 days a week, coverage in all the national territory, as well as access to a wide and specialized network of providers.<\/p>","protected":false},"featured_media":4072,"template":"","meta":{"_acf_changed":false},"product_brand":[],"product_cat":[540,257],"product_tag":[485,601,493],"class_list":{"0":"post-4300","1":"product","2":"type-product","3":"status-publish","4":"has-post-thumbnail","6":"product_cat-polizas-colectivas","7":"product_cat-vida","8":"product_tag-colectivo","9":"product_tag-polizas-colectivas-condiciones-generales","10":"product_tag-vida","12":"first","13":"instock","14":"shipping-taxable","15":"product-type-simple"},"acf":[],"yoast_head":"<!-- This site is optimized with the Yoast SEO Premium plugin v20.7 (Yoast SEO v27.4) - https:\/\/yoast.com\/product\/yoast-seo-premium-wordpress\/ -->\n<title>\u200bP\u00f3liza Dental Colectiva - BMI Seguros Costa Rica<\/title>\n<meta name=\"description\" content=\"Este plan dental est\u00e1 dise\u00f1ado para ofrecer a los usuarios la opci\u00f3n de tener acceso a una salud odontol\u00f3gica o preventiva bucal.\" \/>\n<meta name=\"robots\" content=\"index, follow, max-snippet:-1, max-image-preview:large, max-video-preview:-1\" \/>\n<link rel=\"canonical\" href=\"https:\/\/www.bmicos.com\/costarica\/en\/seguros\/vida\/dental-colectiva\/\" \/>\n<meta property=\"og:locale\" content=\"en_US\" \/>\n<meta property=\"og:type\" content=\"article\" \/>\n<meta property=\"og:title\" content=\"\u200bP\u00f3liza Dental Colectiva - BMI Financial Group\" \/>\n<meta property=\"og:description\" content=\"Ofrece a los usuarios la opci\u00f3n de tener acceso a una salud odontol\u00f3gica o preventiva bucal.\" \/>\n<meta property=\"og:url\" content=\"https:\/\/www.bmicos.com\/costarica\/en\/seguros\/vida\/dental-colectiva\/\" \/>\n<meta property=\"og:site_name\" content=\"BMI Seguros Costa Rica\" \/>\n<meta property=\"article:publisher\" content=\"http:\/\/www.facebook.com\/pages\/BMI-Companies-Headquarter\/367590476667415\" \/>\n<meta property=\"article:modified_time\" content=\"2023-06-02T15:53:12+00:00\" \/>\n<meta property=\"og:image\" content=\"https:\/\/www.bmicos.com\/costarica\/wp-content\/uploads\/sites\/4\/2021\/01\/340220copia_edited.jpg\" \/>\n\t<meta property=\"og:image:width\" content=\"924\" \/>\n\t<meta property=\"og:image:height\" content=\"495\" \/>\n\t<meta property=\"og:image:type\" content=\"image\/jpeg\" \/>\n<meta name=\"twitter:card\" content=\"summary_large_image\" \/>\n<meta name=\"twitter:title\" content=\"\u200bP\u00f3liza Dental Colectiva - BMI Financial Group\" \/>\n<meta name=\"twitter:description\" content=\"Este plan dental est\u00e1 dise\u00f1ado para ofrecer a los usuarios la opci\u00f3n de tener acceso a una salud odontol\u00f3gica o preventiva bucal.\" \/>\n<meta name=\"twitter:image\" content=\"https:\/\/www.bmicos.com\/costarica\/wp-content\/uploads\/sites\/4\/2021\/01\/340220copia_edited.jpg\" \/>\n<script type=\"application\/ld+json\" class=\"yoast-schema-graph\">{\"@context\":\"https:\\\/\\\/schema.org\",\"@graph\":[{\"@type\":\"WebPage\",\"@id\":\"https:\\\/\\\/www.bmicos.com\\\/costarica\\\/seguros\\\/vida\\\/dental-colectiva\\\/\",\"url\":\"https:\\\/\\\/www.bmicos.com\\\/costarica\\\/seguros\\\/vida\\\/dental-colectiva\\\/\",\"name\":\"\u200bP\u00f3liza Dental Colectiva - BMI Seguros Costa Rica\",\"isPartOf\":{\"@id\":\"https:\\\/\\\/www.bmicos.com\\\/costarica\\\/en\\\/#website\"},\"primaryImageOfPage\":{\"@id\":\"https:\\\/\\\/www.bmicos.com\\\/costarica\\\/seguros\\\/vida\\\/dental-colectiva\\\/#primaryimage\"},\"image\":{\"@id\":\"https:\\\/\\\/www.bmicos.com\\\/costarica\\\/seguros\\\/vida\\\/dental-colectiva\\\/#primaryimage\"},\"thumbnailUrl\":\"https:\\\/\\\/www.bmicos.com\\\/costarica\\\/wp-content\\\/uploads\\\/sites\\\/4\\\/2021\\\/01\\\/340220copia_edited.jpg\",\"datePublished\":\"2021-01-27T19:54:34+00:00\",\"dateModified\":\"2023-06-02T15:53:12+00:00\",\"description\":\"Este plan dental est\u00e1 dise\u00f1ado para ofrecer a los usuarios la opci\u00f3n de tener acceso a una salud odontol\u00f3gica o preventiva bucal.\",\"breadcrumb\":{\"@id\":\"https:\\\/\\\/www.bmicos.com\\\/costarica\\\/seguros\\\/vida\\\/dental-colectiva\\\/#breadcrumb\"},\"inLanguage\":\"en-US\",\"potentialAction\":[{\"@type\":\"ReadAction\",\"target\":[\"https:\\\/\\\/www.bmicos.com\\\/costarica\\\/seguros\\\/vida\\\/dental-colectiva\\\/\"]}]},{\"@type\":\"ImageObject\",\"inLanguage\":\"en-US\",\"@id\":\"https:\\\/\\\/www.bmicos.com\\\/costarica\\\/seguros\\\/vida\\\/dental-colectiva\\\/#primaryimage\",\"url\":\"https:\\\/\\\/www.bmicos.com\\\/costarica\\\/wp-content\\\/uploads\\\/sites\\\/4\\\/2021\\\/01\\\/340220copia_edited.jpg\",\"contentUrl\":\"https:\\\/\\\/www.bmicos.com\\\/costarica\\\/wp-content\\\/uploads\\\/sites\\\/4\\\/2021\\\/01\\\/340220copia_edited.jpg\",\"width\":924,\"height\":495,\"caption\":\"Personas en conjunto\"},{\"@type\":\"BreadcrumbList\",\"@id\":\"https:\\\/\\\/www.bmicos.com\\\/costarica\\\/seguros\\\/vida\\\/dental-colectiva\\\/#breadcrumb\",\"itemListElement\":[{\"@type\":\"ListItem\",\"position\":1,\"name\":\"Inicio\",\"item\":\"https:\\\/\\\/www.bmicos.com\\\/costarica\\\/\"},{\"@type\":\"ListItem\",\"position\":2,\"name\":\"Seguros\",\"item\":\"https:\\\/\\\/www.bmicos.com\\\/costarica\\\/seguros\\\/\"},{\"@type\":\"ListItem\",\"position\":3,\"name\":\"\u200bP\u00f3liza Dental Colectiva\"}]},{\"@type\":\"WebSite\",\"@id\":\"https:\\\/\\\/www.bmicos.com\\\/costarica\\\/en\\\/#website\",\"url\":\"https:\\\/\\\/www.bmicos.com\\\/costarica\\\/en\\\/\",\"name\":\"BMI Seguros Costa Rica\",\"description\":\"Asegurando familias en todo el mundo\",\"publisher\":{\"@id\":\"https:\\\/\\\/www.bmicos.com\\\/costarica\\\/en\\\/#organization\"},\"potentialAction\":[{\"@type\":\"SearchAction\",\"target\":{\"@type\":\"EntryPoint\",\"urlTemplate\":\"https:\\\/\\\/www.bmicos.com\\\/costarica\\\/en\\\/?s={search_term_string}\"},\"query-input\":{\"@type\":\"PropertyValueSpecification\",\"valueRequired\":true,\"valueName\":\"search_term_string\"}}],\"inLanguage\":\"en-US\"},{\"@type\":\"Organization\",\"@id\":\"https:\\\/\\\/www.bmicos.com\\\/costarica\\\/en\\\/#organization\",\"name\":\"BMI Companies\",\"url\":\"https:\\\/\\\/www.bmicos.com\\\/costarica\\\/en\\\/\",\"logo\":{\"@type\":\"ImageObject\",\"inLanguage\":\"en-US\",\"@id\":\"https:\\\/\\\/www.bmicos.com\\\/costarica\\\/en\\\/#\\\/schema\\\/logo\\\/image\\\/\",\"url\":\"https:\\\/\\\/www.bmicos.com\\\/costarica\\\/wp-content\\\/uploads\\\/sites\\\/4\\\/2020\\\/12\\\/logo-1.png\",\"contentUrl\":\"https:\\\/\\\/www.bmicos.com\\\/costarica\\\/wp-content\\\/uploads\\\/sites\\\/4\\\/2020\\\/12\\\/logo-1.png\",\"width\":519,\"height\":273,\"caption\":\"BMI Companies\"},\"image\":{\"@id\":\"https:\\\/\\\/www.bmicos.com\\\/costarica\\\/en\\\/#\\\/schema\\\/logo\\\/image\\\/\"},\"sameAs\":[\"http:\\\/\\\/www.facebook.com\\\/pages\\\/BMI-Companies-Headquarter\\\/367590476667415\",\"https:\\\/\\\/www.instagram.com\\\/bmicompanies\\\/\",\"https:\\\/\\\/www.linkedin.com\\\/company\\\/bmi-companies?trk=top_nav_home\",\"https:\\\/\\\/www.youtube.com\\\/user\\\/BMICompaniesGlobal\\\/videos\"]}]}<\/script>\n<!-- \/ Yoast SEO Premium plugin. -->","yoast_head_json":{"title":"\u200bP\u00f3liza Dental Colectiva - BMI Seguros Costa Rica","description":"This dental plan is designed to offer users the option of having access to dental or preventive oral health.","robots":{"index":"index","follow":"follow","max-snippet":"max-snippet:-1","max-image-preview":"max-image-preview:large","max-video-preview":"max-video-preview:-1"},"canonical":"https:\/\/www.bmicos.com\/costarica\/en\/seguros\/vida\/dental-colectiva\/","og_locale":"en_US","og_type":"article","og_title":"\u200bP\u00f3liza Dental Colectiva - BMI Financial Group","og_description":"Ofrece a los usuarios la opci\u00f3n de tener acceso a una salud odontol\u00f3gica o preventiva bucal.","og_url":"https:\/\/www.bmicos.com\/costarica\/en\/seguros\/vida\/dental-colectiva\/","og_site_name":"BMI Seguros Costa Rica","article_publisher":"http:\/\/www.facebook.com\/pages\/BMI-Companies-Headquarter\/367590476667415","article_modified_time":"2023-06-02T15:53:12+00:00","og_image":[{"width":924,"height":495,"url":"https:\/\/www.bmicos.com\/costarica\/wp-content\/uploads\/sites\/4\/2021\/01\/340220copia_edited.jpg","type":"image\/jpeg"}],"twitter_card":"summary_large_image","twitter_title":"\u200bP\u00f3liza Dental Colectiva - BMI Financial Group","twitter_description":"Este plan dental est\u00e1 dise\u00f1ado para ofrecer a los usuarios la opci\u00f3n de tener acceso a una salud odontol\u00f3gica o preventiva bucal.","twitter_image":"https:\/\/www.bmicos.com\/costarica\/wp-content\/uploads\/sites\/4\/2021\/01\/340220copia_edited.jpg","schema":{"@context":"https:\/\/schema.org","@graph":[{"@type":"WebPage","@id":"https:\/\/www.bmicos.com\/costarica\/seguros\/vida\/dental-colectiva\/","url":"https:\/\/www.bmicos.com\/costarica\/seguros\/vida\/dental-colectiva\/","name":"\u200bP\u00f3liza Dental Colectiva - BMI Seguros Costa Rica","isPartOf":{"@id":"https:\/\/www.bmicos.com\/costarica\/en\/#website"},"primaryImageOfPage":{"@id":"https:\/\/www.bmicos.com\/costarica\/seguros\/vida\/dental-colectiva\/#primaryimage"},"image":{"@id":"https:\/\/www.bmicos.com\/costarica\/seguros\/vida\/dental-colectiva\/#primaryimage"},"thumbnailUrl":"https:\/\/www.bmicos.com\/costarica\/wp-content\/uploads\/sites\/4\/2021\/01\/340220copia_edited.jpg","datePublished":"2021-01-27T19:54:34+00:00","dateModified":"2023-06-02T15:53:12+00:00","description":"This dental plan is designed to offer users the option of having access to dental or preventive oral health.","breadcrumb":{"@id":"https:\/\/www.bmicos.com\/costarica\/seguros\/vida\/dental-colectiva\/#breadcrumb"},"inLanguage":"en-US","potentialAction":[{"@type":"ReadAction","target":["https:\/\/www.bmicos.com\/costarica\/seguros\/vida\/dental-colectiva\/"]}]},{"@type":"ImageObject","inLanguage":"en-US","@id":"https:\/\/www.bmicos.com\/costarica\/seguros\/vida\/dental-colectiva\/#primaryimage","url":"https:\/\/www.bmicos.com\/costarica\/wp-content\/uploads\/sites\/4\/2021\/01\/340220copia_edited.jpg","contentUrl":"https:\/\/www.bmicos.com\/costarica\/wp-content\/uploads\/sites\/4\/2021\/01\/340220copia_edited.jpg","width":924,"height":495,"caption":"Personas en conjunto"},{"@type":"BreadcrumbList","@id":"https:\/\/www.bmicos.com\/costarica\/seguros\/vida\/dental-colectiva\/#breadcrumb","itemListElement":[{"@type":"ListItem","position":1,"name":"Inicio","item":"https:\/\/www.bmicos.com\/costarica\/"},{"@type":"ListItem","position":2,"name":"Seguros","item":"https:\/\/www.bmicos.com\/costarica\/seguros\/"},{"@type":"ListItem","position":3,"name":"\u200bP\u00f3liza Dental Colectiva"}]},{"@type":"WebSite","@id":"https:\/\/www.bmicos.com\/costarica\/en\/#website","url":"https:\/\/www.bmicos.com\/costarica\/en\/","name":"BMI Insurance Costa Rica","description":"Insuring Families Worldwide","publisher":{"@id":"https:\/\/www.bmicos.com\/costarica\/en\/#organization"},"potentialAction":[{"@type":"SearchAction","target":{"@type":"EntryPoint","urlTemplate":"https:\/\/www.bmicos.com\/costarica\/en\/?s={search_term_string}"},"query-input":{"@type":"PropertyValueSpecification","valueRequired":true,"valueName":"search_term_string"}}],"inLanguage":"en-US"},{"@type":"Organization","@id":"https:\/\/www.bmicos.com\/costarica\/en\/#organization","name":"BMI Companies","url":"https:\/\/www.bmicos.com\/costarica\/en\/","logo":{"@type":"ImageObject","inLanguage":"en-US","@id":"https:\/\/www.bmicos.com\/costarica\/en\/#\/schema\/logo\/image\/","url":"https:\/\/www.bmicos.com\/costarica\/wp-content\/uploads\/sites\/4\/2020\/12\/logo-1.png","contentUrl":"https:\/\/www.bmicos.com\/costarica\/wp-content\/uploads\/sites\/4\/2020\/12\/logo-1.png","width":519,"height":273,"caption":"BMI Companies"},"image":{"@id":"https:\/\/www.bmicos.com\/costarica\/en\/#\/schema\/logo\/image\/"},"sameAs":["http:\/\/www.facebook.com\/pages\/BMI-Companies-Headquarter\/367590476667415","https:\/\/www.instagram.com\/bmicompanies\/","https:\/\/www.linkedin.com\/company\/bmi-companies?trk=top_nav_home","https:\/\/www.youtube.com\/user\/BMICompaniesGlobal\/videos"]}]}},"_links":{"self":[{"href":"https:\/\/www.bmicos.com\/costarica\/en\/wp-json\/wp\/v2\/product\/4300","targetHints":{"allow":["GET"]}}],"collection":[{"href":"https:\/\/www.bmicos.com\/costarica\/en\/wp-json\/wp\/v2\/product"}],"about":[{"href":"https:\/\/www.bmicos.com\/costarica\/en\/wp-json\/wp\/v2\/types\/product"}],"version-history":[{"count":0,"href":"https:\/\/www.bmicos.com\/costarica\/en\/wp-json\/wp\/v2\/product\/4300\/revisions"}],"wp:featuredmedia":[{"embeddable":true,"href":"https:\/\/www.bmicos.com\/costarica\/en\/wp-json\/wp\/v2\/media\/4072"}],"wp:attachment":[{"href":"https:\/\/www.bmicos.com\/costarica\/en\/wp-json\/wp\/v2\/media?parent=4300"}],"wp:term":[{"taxonomy":"product_brand","embeddable":true,"href":"https:\/\/www.bmicos.com\/costarica\/en\/wp-json\/wp\/v2\/product_brand?post=4300"},{"taxonomy":"product_cat","embeddable":true,"href":"https:\/\/www.bmicos.com\/costarica\/en\/wp-json\/wp\/v2\/product_cat?post=4300"},{"taxonomy":"product_tag","embeddable":true,"href":"https:\/\/www.bmicos.com\/costarica\/en\/wp-json\/wp\/v2\/product_tag?post=4300"}],"curies":[{"name":"wp","href":"https:\/\/api.w.org\/{rel}","templated":true}]}}