{"id":4329,"date":"2021-01-27T21:57:33","date_gmt":"2021-01-27T21:57:33","guid":{"rendered":"https:\/\/www.bmicos.com\/costarica\/?post_type=product&#038;p=4329"},"modified":"2023-06-02T09:41:47","modified_gmt":"2023-06-02T15:41:47","slug":"servicio-funerario-colectivo","status":"publish","type":"product","link":"https:\/\/www.bmicos.com\/costarica\/en\/seguros\/polizas-colectivas\/servicio-funerario-colectivo\/","title":{"rendered":"Collective Funeral Service Policy"},"content":{"rendered":"","protected":false},"excerpt":{"rendered":"<p style=\"text-align: justify;\">Our collective funeral service product allows us to cover funeral expenses in the event that the insured person dies. We put at your disposal more than 200 providers throughout the country, who will provide assistance and guidance during such a difficult time, with the aim of also achieving a reduction in the economic burden and facilitating the funeral process, through a simple and efficient paperwork. Aimed at Business Groups Associations, Cooperatives, Educational Centers, SMEs, among others.<\/p>","protected":false},"featured_media":3943,"template":"","meta":{"_acf_changed":false},"product_brand":[],"product_cat":[540],"product_tag":[485,601,493],"class_list":{"0":"post-4329","1":"product","2":"type-product","3":"status-publish","4":"has-post-thumbnail","6":"product_cat-polizas-colectivas","7":"product_tag-colectivo","8":"product_tag-polizas-colectivas-condiciones-generales","9":"product_tag-vida","11":"first","12":"instock","13":"shipping-taxable","14":"product-type-simple"},"acf":[],"yoast_head":"<!-- This site is optimized with the Yoast SEO Premium plugin v20.7 (Yoast SEO v27.5) - https:\/\/yoast.com\/product\/yoast-seo-premium-wordpress\/ -->\n<title>\u200bP\u00f3liza de Servicio Funerario Colectivo - BMI Seguros Costa Rica<\/title>\n<meta name=\"description\" content=\"Reducci\u00f3n de la carga econ\u00f3mica de un funeral y que facilita el tr\u00e1mite funerario en un momento de tanto dolor y recogimiento.\" \/>\n<meta name=\"robots\" content=\"index, follow, max-snippet:-1, max-image-preview:large, max-video-preview:-1\" \/>\n<link rel=\"canonical\" href=\"https:\/\/www.bmicos.com\/costarica\/en\/seguros\/polizas-colectivas\/servicio-funerario-colectivo\/\" \/>\n<meta property=\"og:locale\" content=\"en_US\" \/>\n<meta property=\"og:type\" content=\"article\" \/>\n<meta property=\"og:title\" content=\"\u200bP\u00f3liza de Servicio Funerario Colectivo - BMI Financial Group\" \/>\n<meta property=\"og:description\" content=\"Reducci\u00f3n de la carga econ\u00f3mica de un funeral y que facilita el tr\u00e1mite funerario en un momento de tanto dolor y recogimiento.\" \/>\n<meta property=\"og:url\" content=\"https:\/\/www.bmicos.com\/costarica\/en\/seguros\/polizas-colectivas\/servicio-funerario-colectivo\/\" \/>\n<meta property=\"og:site_name\" content=\"BMI Seguros Costa Rica\" \/>\n<meta property=\"article:publisher\" content=\"http:\/\/www.facebook.com\/pages\/BMI-Companies-Headquarter\/367590476667415\" \/>\n<meta property=\"article:modified_time\" content=\"2023-06-02T15:41:47+00:00\" \/>\n<meta property=\"og:image\" content=\"https:\/\/www.bmicos.com\/costarica\/wp-content\/uploads\/sites\/4\/2021\/01\/2089-1.jpg\" \/>\n\t<meta property=\"og:image:width\" content=\"924\" \/>\n\t<meta property=\"og:image:height\" content=\"495\" \/>\n\t<meta property=\"og:image:type\" content=\"image\/jpeg\" \/>\n<meta name=\"twitter:card\" content=\"summary_large_image\" \/>\n<meta name=\"twitter:title\" content=\"\u200bP\u00f3liza de Servicio Funerario Colectivo - BMI Financial Group\" \/>\n<meta name=\"twitter:description\" content=\"Reducci\u00f3n de la carga econ\u00f3mica de un funeral y que facilita el tr\u00e1mite funerario en un momento de tanto dolor y recogimiento.\" \/>\n<meta name=\"twitter:image\" content=\"https:\/\/www.bmicos.com\/costarica\/wp-content\/uploads\/sites\/4\/2021\/01\/2089-1.jpg\" \/>\n<script type=\"application\/ld+json\" class=\"yoast-schema-graph\">{\"@context\":\"https:\\\/\\\/schema.org\",\"@graph\":[{\"@type\":\"WebPage\",\"@id\":\"https:\\\/\\\/www.bmicos.com\\\/costarica\\\/seguros\\\/polizas-colectivas\\\/servicio-funerario-colectivo\\\/\",\"url\":\"https:\\\/\\\/www.bmicos.com\\\/costarica\\\/seguros\\\/polizas-colectivas\\\/servicio-funerario-colectivo\\\/\",\"name\":\"\u200bP\u00f3liza de Servicio Funerario Colectivo - BMI Seguros Costa Rica\",\"isPartOf\":{\"@id\":\"https:\\\/\\\/www.bmicos.com\\\/costarica\\\/en\\\/#website\"},\"primaryImageOfPage\":{\"@id\":\"https:\\\/\\\/www.bmicos.com\\\/costarica\\\/seguros\\\/polizas-colectivas\\\/servicio-funerario-colectivo\\\/#primaryimage\"},\"image\":{\"@id\":\"https:\\\/\\\/www.bmicos.com\\\/costarica\\\/seguros\\\/polizas-colectivas\\\/servicio-funerario-colectivo\\\/#primaryimage\"},\"thumbnailUrl\":\"https:\\\/\\\/www.bmicos.com\\\/costarica\\\/wp-content\\\/uploads\\\/sites\\\/4\\\/2021\\\/01\\\/2089-1.jpg\",\"datePublished\":\"2021-01-27T21:57:33+00:00\",\"dateModified\":\"2023-06-02T15:41:47+00:00\",\"description\":\"Reducci\u00f3n de la carga econ\u00f3mica de un funeral y que facilita el tr\u00e1mite funerario en un momento de tanto dolor y recogimiento.\",\"breadcrumb\":{\"@id\":\"https:\\\/\\\/www.bmicos.com\\\/costarica\\\/seguros\\\/polizas-colectivas\\\/servicio-funerario-colectivo\\\/#breadcrumb\"},\"inLanguage\":\"en-US\",\"potentialAction\":[{\"@type\":\"ReadAction\",\"target\":[\"https:\\\/\\\/www.bmicos.com\\\/costarica\\\/seguros\\\/polizas-colectivas\\\/servicio-funerario-colectivo\\\/\"]}]},{\"@type\":\"ImageObject\",\"inLanguage\":\"en-US\",\"@id\":\"https:\\\/\\\/www.bmicos.com\\\/costarica\\\/seguros\\\/polizas-colectivas\\\/servicio-funerario-colectivo\\\/#primaryimage\",\"url\":\"https:\\\/\\\/www.bmicos.com\\\/costarica\\\/wp-content\\\/uploads\\\/sites\\\/4\\\/2021\\\/01\\\/2089-1.jpg\",\"contentUrl\":\"https:\\\/\\\/www.bmicos.com\\\/costarica\\\/wp-content\\\/uploads\\\/sites\\\/4\\\/2021\\\/01\\\/2089-1.jpg\",\"width\":924,\"height\":495,\"caption\":\"Rosa para un ser querido\"},{\"@type\":\"BreadcrumbList\",\"@id\":\"https:\\\/\\\/www.bmicos.com\\\/costarica\\\/seguros\\\/polizas-colectivas\\\/servicio-funerario-colectivo\\\/#breadcrumb\",\"itemListElement\":[{\"@type\":\"ListItem\",\"position\":1,\"name\":\"Inicio\",\"item\":\"https:\\\/\\\/www.bmicos.com\\\/costarica\\\/\"},{\"@type\":\"ListItem\",\"position\":2,\"name\":\"Seguros\",\"item\":\"https:\\\/\\\/www.bmicos.com\\\/costarica\\\/seguros\\\/\"},{\"@type\":\"ListItem\",\"position\":3,\"name\":\"\u200bP\u00f3liza de Servicio Funerario Colectivo\"}]},{\"@type\":\"WebSite\",\"@id\":\"https:\\\/\\\/www.bmicos.com\\\/costarica\\\/en\\\/#website\",\"url\":\"https:\\\/\\\/www.bmicos.com\\\/costarica\\\/en\\\/\",\"name\":\"BMI Seguros Costa Rica\",\"description\":\"Asegurando familias en todo el mundo\",\"publisher\":{\"@id\":\"https:\\\/\\\/www.bmicos.com\\\/costarica\\\/en\\\/#organization\"},\"potentialAction\":[{\"@type\":\"SearchAction\",\"target\":{\"@type\":\"EntryPoint\",\"urlTemplate\":\"https:\\\/\\\/www.bmicos.com\\\/costarica\\\/en\\\/?s={search_term_string}\"},\"query-input\":{\"@type\":\"PropertyValueSpecification\",\"valueRequired\":true,\"valueName\":\"search_term_string\"}}],\"inLanguage\":\"en-US\"},{\"@type\":\"Organization\",\"@id\":\"https:\\\/\\\/www.bmicos.com\\\/costarica\\\/en\\\/#organization\",\"name\":\"BMI Companies\",\"url\":\"https:\\\/\\\/www.bmicos.com\\\/costarica\\\/en\\\/\",\"logo\":{\"@type\":\"ImageObject\",\"inLanguage\":\"en-US\",\"@id\":\"https:\\\/\\\/www.bmicos.com\\\/costarica\\\/en\\\/#\\\/schema\\\/logo\\\/image\\\/\",\"url\":\"https:\\\/\\\/www.bmicos.com\\\/costarica\\\/wp-content\\\/uploads\\\/sites\\\/4\\\/2020\\\/12\\\/logo-1.png\",\"contentUrl\":\"https:\\\/\\\/www.bmicos.com\\\/costarica\\\/wp-content\\\/uploads\\\/sites\\\/4\\\/2020\\\/12\\\/logo-1.png\",\"width\":519,\"height\":273,\"caption\":\"BMI Companies\"},\"image\":{\"@id\":\"https:\\\/\\\/www.bmicos.com\\\/costarica\\\/en\\\/#\\\/schema\\\/logo\\\/image\\\/\"},\"sameAs\":[\"http:\\\/\\\/www.facebook.com\\\/pages\\\/BMI-Companies-Headquarter\\\/367590476667415\",\"https:\\\/\\\/www.instagram.com\\\/bmicompanies\\\/\",\"https:\\\/\\\/www.linkedin.com\\\/company\\\/bmi-companies?trk=top_nav_home\",\"https:\\\/\\\/www.youtube.com\\\/user\\\/BMICompaniesGlobal\\\/videos\"]}]}<\/script>\n<!-- \/ Yoast SEO Premium plugin. -->","yoast_head_json":{"title":"Collective Funeral Service Policy - BMI Seguros Costa Rica","description":"Reduction of the financial burden of a funeral and that facilitates the funeral process at a time of so much pain and recollection.","robots":{"index":"index","follow":"follow","max-snippet":"max-snippet:-1","max-image-preview":"max-image-preview:large","max-video-preview":"max-video-preview:-1"},"canonical":"https:\/\/www.bmicos.com\/costarica\/en\/seguros\/polizas-colectivas\/servicio-funerario-colectivo\/","og_locale":"en_US","og_type":"article","og_title":"\u200bP\u00f3liza de Servicio Funerario Colectivo - BMI Financial Group","og_description":"Reducci\u00f3n de la carga econ\u00f3mica de un funeral y que facilita el tr\u00e1mite funerario en un momento de tanto dolor y recogimiento.","og_url":"https:\/\/www.bmicos.com\/costarica\/en\/seguros\/polizas-colectivas\/servicio-funerario-colectivo\/","og_site_name":"BMI Seguros Costa Rica","article_publisher":"http:\/\/www.facebook.com\/pages\/BMI-Companies-Headquarter\/367590476667415","article_modified_time":"2023-06-02T15:41:47+00:00","og_image":[{"width":924,"height":495,"url":"https:\/\/www.bmicos.com\/costarica\/wp-content\/uploads\/sites\/4\/2021\/01\/2089-1.jpg","type":"image\/jpeg"}],"twitter_card":"summary_large_image","twitter_title":"\u200bP\u00f3liza de Servicio Funerario Colectivo - BMI Financial Group","twitter_description":"Reducci\u00f3n de la carga econ\u00f3mica de un funeral y que facilita el tr\u00e1mite funerario en un momento de tanto dolor y recogimiento.","twitter_image":"https:\/\/www.bmicos.com\/costarica\/wp-content\/uploads\/sites\/4\/2021\/01\/2089-1.jpg","schema":{"@context":"https:\/\/schema.org","@graph":[{"@type":"WebPage","@id":"https:\/\/www.bmicos.com\/costarica\/seguros\/polizas-colectivas\/servicio-funerario-colectivo\/","url":"https:\/\/www.bmicos.com\/costarica\/seguros\/polizas-colectivas\/servicio-funerario-colectivo\/","name":"Collective Funeral Service Policy - BMI Seguros Costa Rica","isPartOf":{"@id":"https:\/\/www.bmicos.com\/costarica\/en\/#website"},"primaryImageOfPage":{"@id":"https:\/\/www.bmicos.com\/costarica\/seguros\/polizas-colectivas\/servicio-funerario-colectivo\/#primaryimage"},"image":{"@id":"https:\/\/www.bmicos.com\/costarica\/seguros\/polizas-colectivas\/servicio-funerario-colectivo\/#primaryimage"},"thumbnailUrl":"https:\/\/www.bmicos.com\/costarica\/wp-content\/uploads\/sites\/4\/2021\/01\/2089-1.jpg","datePublished":"2021-01-27T21:57:33+00:00","dateModified":"2023-06-02T15:41:47+00:00","description":"Reduction of the financial burden of a funeral and that facilitates the funeral process at a time of so much pain and recollection.","breadcrumb":{"@id":"https:\/\/www.bmicos.com\/costarica\/seguros\/polizas-colectivas\/servicio-funerario-colectivo\/#breadcrumb"},"inLanguage":"en-US","potentialAction":[{"@type":"ReadAction","target":["https:\/\/www.bmicos.com\/costarica\/seguros\/polizas-colectivas\/servicio-funerario-colectivo\/"]}]},{"@type":"ImageObject","inLanguage":"en-US","@id":"https:\/\/www.bmicos.com\/costarica\/seguros\/polizas-colectivas\/servicio-funerario-colectivo\/#primaryimage","url":"https:\/\/www.bmicos.com\/costarica\/wp-content\/uploads\/sites\/4\/2021\/01\/2089-1.jpg","contentUrl":"https:\/\/www.bmicos.com\/costarica\/wp-content\/uploads\/sites\/4\/2021\/01\/2089-1.jpg","width":924,"height":495,"caption":"Rosa para un ser querido"},{"@type":"BreadcrumbList","@id":"https:\/\/www.bmicos.com\/costarica\/seguros\/polizas-colectivas\/servicio-funerario-colectivo\/#breadcrumb","itemListElement":[{"@type":"ListItem","position":1,"name":"Inicio","item":"https:\/\/www.bmicos.com\/costarica\/"},{"@type":"ListItem","position":2,"name":"Seguros","item":"https:\/\/www.bmicos.com\/costarica\/seguros\/"},{"@type":"ListItem","position":3,"name":"\u200bP\u00f3liza de Servicio Funerario Colectivo"}]},{"@type":"WebSite","@id":"https:\/\/www.bmicos.com\/costarica\/en\/#website","url":"https:\/\/www.bmicos.com\/costarica\/en\/","name":"BMI Insurance Costa Rica","description":"Insuring Families Worldwide","publisher":{"@id":"https:\/\/www.bmicos.com\/costarica\/en\/#organization"},"potentialAction":[{"@type":"SearchAction","target":{"@type":"EntryPoint","urlTemplate":"https:\/\/www.bmicos.com\/costarica\/en\/?s={search_term_string}"},"query-input":{"@type":"PropertyValueSpecification","valueRequired":true,"valueName":"search_term_string"}}],"inLanguage":"en-US"},{"@type":"Organization","@id":"https:\/\/www.bmicos.com\/costarica\/en\/#organization","name":"BMI Companies","url":"https:\/\/www.bmicos.com\/costarica\/en\/","logo":{"@type":"ImageObject","inLanguage":"en-US","@id":"https:\/\/www.bmicos.com\/costarica\/en\/#\/schema\/logo\/image\/","url":"https:\/\/www.bmicos.com\/costarica\/wp-content\/uploads\/sites\/4\/2020\/12\/logo-1.png","contentUrl":"https:\/\/www.bmicos.com\/costarica\/wp-content\/uploads\/sites\/4\/2020\/12\/logo-1.png","width":519,"height":273,"caption":"BMI Companies"},"image":{"@id":"https:\/\/www.bmicos.com\/costarica\/en\/#\/schema\/logo\/image\/"},"sameAs":["http:\/\/www.facebook.com\/pages\/BMI-Companies-Headquarter\/367590476667415","https:\/\/www.instagram.com\/bmicompanies\/","https:\/\/www.linkedin.com\/company\/bmi-companies?trk=top_nav_home","https:\/\/www.youtube.com\/user\/BMICompaniesGlobal\/videos"]}]}},"_links":{"self":[{"href":"https:\/\/www.bmicos.com\/costarica\/en\/wp-json\/wp\/v2\/product\/4329","targetHints":{"allow":["GET"]}}],"collection":[{"href":"https:\/\/www.bmicos.com\/costarica\/en\/wp-json\/wp\/v2\/product"}],"about":[{"href":"https:\/\/www.bmicos.com\/costarica\/en\/wp-json\/wp\/v2\/types\/product"}],"version-history":[{"count":0,"href":"https:\/\/www.bmicos.com\/costarica\/en\/wp-json\/wp\/v2\/product\/4329\/revisions"}],"wp:featuredmedia":[{"embeddable":true,"href":"https:\/\/www.bmicos.com\/costarica\/en\/wp-json\/wp\/v2\/media\/3943"}],"wp:attachment":[{"href":"https:\/\/www.bmicos.com\/costarica\/en\/wp-json\/wp\/v2\/media?parent=4329"}],"wp:term":[{"taxonomy":"product_brand","embeddable":true,"href":"https:\/\/www.bmicos.com\/costarica\/en\/wp-json\/wp\/v2\/product_brand?post=4329"},{"taxonomy":"product_cat","embeddable":true,"href":"https:\/\/www.bmicos.com\/costarica\/en\/wp-json\/wp\/v2\/product_cat?post=4329"},{"taxonomy":"product_tag","embeddable":true,"href":"https:\/\/www.bmicos.com\/costarica\/en\/wp-json\/wp\/v2\/product_tag?post=4329"}],"curies":[{"name":"wp","href":"https:\/\/api.w.org\/{rel}","templated":true}]}}