{"id":4332,"date":"2021-01-27T22:04:47","date_gmt":"2021-01-27T22:04:47","guid":{"rendered":"https:\/\/www.bmicos.com\/costarica\/?post_type=product&#038;p=4332"},"modified":"2021-03-23T19:34:34","modified_gmt":"2021-03-23T19:34:34","slug":"proteccion-tarjeta-de-credito-y-debito","status":"publish","type":"product","link":"https:\/\/www.bmicos.com\/costarica\/en\/seguros\/polizas-colectivas\/proteccion-tarjeta-de-credito-y-debito\/","title":{"rendered":"Credit and Debit Card Protection"},"content":{"rendered":"","protected":false},"excerpt":{"rendered":"<p>Credit and debit card protection is mainly focused on financial entities, cooperatives, associations, schools, in which their primary interest is to secure their credit line upon the death of the debtor.<\/p>\n<p>&nbsp;<\/p>","protected":false},"featured_media":4051,"template":"","meta":{"_acf_changed":false},"product_brand":[],"product_cat":[540],"product_tag":[485,537],"class_list":{"0":"post-4332","1":"product","2":"type-product","3":"status-publish","4":"has-post-thumbnail","6":"product_cat-polizas-colectivas","7":"product_tag-colectivo","8":"product_tag-salud","10":"first","11":"instock","12":"shipping-taxable","13":"product-type-simple"},"acf":[],"yoast_head":"<!-- This site is optimized with the Yoast SEO Premium plugin v20.7 (Yoast SEO v27.5) - https:\/\/yoast.com\/product\/yoast-seo-premium-wordpress\/ -->\n<title>Seguro de Protecci\u00f3n Tarjeta de Cr\u00e9dito y D\u00e9bito - BMI Seguros Costa Rica<\/title>\n<meta name=\"description\" content=\"Enfocado en entidades financieras, cooperativas, asociaciones, colegios que deseen asegurar su l\u00ednea de cr\u00e9dito.\" \/>\n<meta name=\"robots\" content=\"index, follow, max-snippet:-1, max-image-preview:large, max-video-preview:-1\" \/>\n<link rel=\"canonical\" href=\"https:\/\/www.bmicos.com\/costarica\/en\/seguros\/polizas-colectivas\/proteccion-tarjeta-de-credito-y-debito\/\" \/>\n<meta property=\"og:locale\" content=\"en_US\" \/>\n<meta property=\"og:type\" content=\"article\" \/>\n<meta property=\"og:title\" content=\"Seguro de Protecci\u00f3n Tarjeta de Cr\u00e9dito y D\u00e9bito - BMI Financial Group\" \/>\n<meta property=\"og:description\" content=\"Enfocado en entidades financieras, cooperativas, asociaciones, colegios que deseen asegurar su l\u00ednea de cr\u00e9dito.\" \/>\n<meta property=\"og:url\" content=\"https:\/\/www.bmicos.com\/costarica\/en\/seguros\/polizas-colectivas\/proteccion-tarjeta-de-credito-y-debito\/\" \/>\n<meta property=\"og:site_name\" content=\"BMI Seguros Costa Rica\" \/>\n<meta property=\"article:publisher\" content=\"http:\/\/www.facebook.com\/pages\/BMI-Companies-Headquarter\/367590476667415\" \/>\n<meta property=\"article:modified_time\" content=\"2021-03-23T19:34:34+00:00\" \/>\n<meta property=\"og:image\" content=\"https:\/\/www.bmicos.com\/costarica\/wp-content\/uploads\/sites\/4\/2021\/01\/183720copia_edited.jpg\" \/>\n\t<meta property=\"og:image:width\" content=\"924\" \/>\n\t<meta property=\"og:image:height\" content=\"495\" \/>\n\t<meta property=\"og:image:type\" content=\"image\/jpeg\" \/>\n<meta name=\"twitter:card\" content=\"summary_large_image\" \/>\n<meta name=\"twitter:title\" content=\"Seguro de Protecci\u00f3n Tarjeta de Cr\u00e9dito y D\u00e9bito - BMI Financial Group\" \/>\n<meta name=\"twitter:description\" content=\"Enfocado en entidades financieras, cooperativas, asociaciones, colegios que deseen asegurar su l\u00ednea de cr\u00e9dito.\" \/>\n<meta name=\"twitter:image\" content=\"https:\/\/www.bmicos.com\/costarica\/wp-content\/uploads\/sites\/4\/2021\/01\/183720copia_edited.jpg\" \/>\n<script type=\"application\/ld+json\" class=\"yoast-schema-graph\">{\"@context\":\"https:\\\/\\\/schema.org\",\"@graph\":[{\"@type\":\"WebPage\",\"@id\":\"https:\\\/\\\/www.bmicos.com\\\/costarica\\\/seguros\\\/polizas-colectivas\\\/proteccion-tarjeta-de-credito-y-debito\\\/\",\"url\":\"https:\\\/\\\/www.bmicos.com\\\/costarica\\\/seguros\\\/polizas-colectivas\\\/proteccion-tarjeta-de-credito-y-debito\\\/\",\"name\":\"Seguro de Protecci\u00f3n Tarjeta de Cr\u00e9dito y D\u00e9bito - BMI Seguros Costa Rica\",\"isPartOf\":{\"@id\":\"https:\\\/\\\/www.bmicos.com\\\/costarica\\\/en\\\/#website\"},\"primaryImageOfPage\":{\"@id\":\"https:\\\/\\\/www.bmicos.com\\\/costarica\\\/seguros\\\/polizas-colectivas\\\/proteccion-tarjeta-de-credito-y-debito\\\/#primaryimage\"},\"image\":{\"@id\":\"https:\\\/\\\/www.bmicos.com\\\/costarica\\\/seguros\\\/polizas-colectivas\\\/proteccion-tarjeta-de-credito-y-debito\\\/#primaryimage\"},\"thumbnailUrl\":\"https:\\\/\\\/www.bmicos.com\\\/costarica\\\/wp-content\\\/uploads\\\/sites\\\/4\\\/2021\\\/01\\\/183720copia_edited.jpg\",\"datePublished\":\"2021-01-27T22:04:47+00:00\",\"dateModified\":\"2021-03-23T19:34:34+00:00\",\"description\":\"Enfocado en entidades financieras, cooperativas, asociaciones, colegios que deseen asegurar su l\u00ednea de cr\u00e9dito.\",\"breadcrumb\":{\"@id\":\"https:\\\/\\\/www.bmicos.com\\\/costarica\\\/seguros\\\/polizas-colectivas\\\/proteccion-tarjeta-de-credito-y-debito\\\/#breadcrumb\"},\"inLanguage\":\"en-US\",\"potentialAction\":[{\"@type\":\"ReadAction\",\"target\":[\"https:\\\/\\\/www.bmicos.com\\\/costarica\\\/seguros\\\/polizas-colectivas\\\/proteccion-tarjeta-de-credito-y-debito\\\/\"]}]},{\"@type\":\"ImageObject\",\"inLanguage\":\"en-US\",\"@id\":\"https:\\\/\\\/www.bmicos.com\\\/costarica\\\/seguros\\\/polizas-colectivas\\\/proteccion-tarjeta-de-credito-y-debito\\\/#primaryimage\",\"url\":\"https:\\\/\\\/www.bmicos.com\\\/costarica\\\/wp-content\\\/uploads\\\/sites\\\/4\\\/2021\\\/01\\\/183720copia_edited.jpg\",\"contentUrl\":\"https:\\\/\\\/www.bmicos.com\\\/costarica\\\/wp-content\\\/uploads\\\/sites\\\/4\\\/2021\\\/01\\\/183720copia_edited.jpg\",\"width\":924,\"height\":495,\"caption\":\"Compa\u00f1eros de trabajo elaborando un plan\"},{\"@type\":\"BreadcrumbList\",\"@id\":\"https:\\\/\\\/www.bmicos.com\\\/costarica\\\/seguros\\\/polizas-colectivas\\\/proteccion-tarjeta-de-credito-y-debito\\\/#breadcrumb\",\"itemListElement\":[{\"@type\":\"ListItem\",\"position\":1,\"name\":\"Inicio\",\"item\":\"https:\\\/\\\/www.bmicos.com\\\/costarica\\\/\"},{\"@type\":\"ListItem\",\"position\":2,\"name\":\"Seguros\",\"item\":\"https:\\\/\\\/www.bmicos.com\\\/costarica\\\/seguros\\\/\"},{\"@type\":\"ListItem\",\"position\":3,\"name\":\"Protecci\u00f3n Tarjeta de Cr\u00e9dito y D\u00e9bito\"}]},{\"@type\":\"WebSite\",\"@id\":\"https:\\\/\\\/www.bmicos.com\\\/costarica\\\/en\\\/#website\",\"url\":\"https:\\\/\\\/www.bmicos.com\\\/costarica\\\/en\\\/\",\"name\":\"BMI Seguros Costa Rica\",\"description\":\"Asegurando familias en todo el mundo\",\"publisher\":{\"@id\":\"https:\\\/\\\/www.bmicos.com\\\/costarica\\\/en\\\/#organization\"},\"potentialAction\":[{\"@type\":\"SearchAction\",\"target\":{\"@type\":\"EntryPoint\",\"urlTemplate\":\"https:\\\/\\\/www.bmicos.com\\\/costarica\\\/en\\\/?s={search_term_string}\"},\"query-input\":{\"@type\":\"PropertyValueSpecification\",\"valueRequired\":true,\"valueName\":\"search_term_string\"}}],\"inLanguage\":\"en-US\"},{\"@type\":\"Organization\",\"@id\":\"https:\\\/\\\/www.bmicos.com\\\/costarica\\\/en\\\/#organization\",\"name\":\"BMI Companies\",\"url\":\"https:\\\/\\\/www.bmicos.com\\\/costarica\\\/en\\\/\",\"logo\":{\"@type\":\"ImageObject\",\"inLanguage\":\"en-US\",\"@id\":\"https:\\\/\\\/www.bmicos.com\\\/costarica\\\/en\\\/#\\\/schema\\\/logo\\\/image\\\/\",\"url\":\"https:\\\/\\\/www.bmicos.com\\\/costarica\\\/wp-content\\\/uploads\\\/sites\\\/4\\\/2020\\\/12\\\/logo-1.png\",\"contentUrl\":\"https:\\\/\\\/www.bmicos.com\\\/costarica\\\/wp-content\\\/uploads\\\/sites\\\/4\\\/2020\\\/12\\\/logo-1.png\",\"width\":519,\"height\":273,\"caption\":\"BMI Companies\"},\"image\":{\"@id\":\"https:\\\/\\\/www.bmicos.com\\\/costarica\\\/en\\\/#\\\/schema\\\/logo\\\/image\\\/\"},\"sameAs\":[\"http:\\\/\\\/www.facebook.com\\\/pages\\\/BMI-Companies-Headquarter\\\/367590476667415\",\"https:\\\/\\\/www.instagram.com\\\/bmicompanies\\\/\",\"https:\\\/\\\/www.linkedin.com\\\/company\\\/bmi-companies?trk=top_nav_home\",\"https:\\\/\\\/www.youtube.com\\\/user\\\/BMICompaniesGlobal\\\/videos\"]}]}<\/script>\n<!-- \/ Yoast SEO Premium plugin. -->","yoast_head_json":{"title":"Seguro de Protecci\u00f3n Tarjeta de Cr\u00e9dito y D\u00e9bito - BMI Seguros Costa Rica","description":"Focused on financial entities, cooperatives, associations, schools that wish to secure their line of credit.","robots":{"index":"index","follow":"follow","max-snippet":"max-snippet:-1","max-image-preview":"max-image-preview:large","max-video-preview":"max-video-preview:-1"},"canonical":"https:\/\/www.bmicos.com\/costarica\/en\/seguros\/polizas-colectivas\/proteccion-tarjeta-de-credito-y-debito\/","og_locale":"en_US","og_type":"article","og_title":"Seguro de Protecci\u00f3n Tarjeta de Cr\u00e9dito y D\u00e9bito - BMI Financial Group","og_description":"Enfocado en entidades financieras, cooperativas, asociaciones, colegios que deseen asegurar su l\u00ednea de cr\u00e9dito.","og_url":"https:\/\/www.bmicos.com\/costarica\/en\/seguros\/polizas-colectivas\/proteccion-tarjeta-de-credito-y-debito\/","og_site_name":"BMI Seguros Costa Rica","article_publisher":"http:\/\/www.facebook.com\/pages\/BMI-Companies-Headquarter\/367590476667415","article_modified_time":"2021-03-23T19:34:34+00:00","og_image":[{"width":924,"height":495,"url":"https:\/\/www.bmicos.com\/costarica\/wp-content\/uploads\/sites\/4\/2021\/01\/183720copia_edited.jpg","type":"image\/jpeg"}],"twitter_card":"summary_large_image","twitter_title":"Seguro de Protecci\u00f3n Tarjeta de Cr\u00e9dito y D\u00e9bito - BMI Financial Group","twitter_description":"Enfocado en entidades financieras, cooperativas, asociaciones, colegios que deseen asegurar su l\u00ednea de cr\u00e9dito.","twitter_image":"https:\/\/www.bmicos.com\/costarica\/wp-content\/uploads\/sites\/4\/2021\/01\/183720copia_edited.jpg","schema":{"@context":"https:\/\/schema.org","@graph":[{"@type":"WebPage","@id":"https:\/\/www.bmicos.com\/costarica\/seguros\/polizas-colectivas\/proteccion-tarjeta-de-credito-y-debito\/","url":"https:\/\/www.bmicos.com\/costarica\/seguros\/polizas-colectivas\/proteccion-tarjeta-de-credito-y-debito\/","name":"Seguro de Protecci\u00f3n Tarjeta de Cr\u00e9dito y D\u00e9bito - BMI Seguros Costa Rica","isPartOf":{"@id":"https:\/\/www.bmicos.com\/costarica\/en\/#website"},"primaryImageOfPage":{"@id":"https:\/\/www.bmicos.com\/costarica\/seguros\/polizas-colectivas\/proteccion-tarjeta-de-credito-y-debito\/#primaryimage"},"image":{"@id":"https:\/\/www.bmicos.com\/costarica\/seguros\/polizas-colectivas\/proteccion-tarjeta-de-credito-y-debito\/#primaryimage"},"thumbnailUrl":"https:\/\/www.bmicos.com\/costarica\/wp-content\/uploads\/sites\/4\/2021\/01\/183720copia_edited.jpg","datePublished":"2021-01-27T22:04:47+00:00","dateModified":"2021-03-23T19:34:34+00:00","description":"Focused on financial entities, cooperatives, associations, schools that wish to secure their line of credit.","breadcrumb":{"@id":"https:\/\/www.bmicos.com\/costarica\/seguros\/polizas-colectivas\/proteccion-tarjeta-de-credito-y-debito\/#breadcrumb"},"inLanguage":"en-US","potentialAction":[{"@type":"ReadAction","target":["https:\/\/www.bmicos.com\/costarica\/seguros\/polizas-colectivas\/proteccion-tarjeta-de-credito-y-debito\/"]}]},{"@type":"ImageObject","inLanguage":"en-US","@id":"https:\/\/www.bmicos.com\/costarica\/seguros\/polizas-colectivas\/proteccion-tarjeta-de-credito-y-debito\/#primaryimage","url":"https:\/\/www.bmicos.com\/costarica\/wp-content\/uploads\/sites\/4\/2021\/01\/183720copia_edited.jpg","contentUrl":"https:\/\/www.bmicos.com\/costarica\/wp-content\/uploads\/sites\/4\/2021\/01\/183720copia_edited.jpg","width":924,"height":495,"caption":"Compa\u00f1eros de trabajo elaborando un plan"},{"@type":"BreadcrumbList","@id":"https:\/\/www.bmicos.com\/costarica\/seguros\/polizas-colectivas\/proteccion-tarjeta-de-credito-y-debito\/#breadcrumb","itemListElement":[{"@type":"ListItem","position":1,"name":"Inicio","item":"https:\/\/www.bmicos.com\/costarica\/"},{"@type":"ListItem","position":2,"name":"Seguros","item":"https:\/\/www.bmicos.com\/costarica\/seguros\/"},{"@type":"ListItem","position":3,"name":"Protecci\u00f3n Tarjeta de Cr\u00e9dito y D\u00e9bito"}]},{"@type":"WebSite","@id":"https:\/\/www.bmicos.com\/costarica\/en\/#website","url":"https:\/\/www.bmicos.com\/costarica\/en\/","name":"BMI Insurance Costa Rica","description":"Insuring Families Worldwide","publisher":{"@id":"https:\/\/www.bmicos.com\/costarica\/en\/#organization"},"potentialAction":[{"@type":"SearchAction","target":{"@type":"EntryPoint","urlTemplate":"https:\/\/www.bmicos.com\/costarica\/en\/?s={search_term_string}"},"query-input":{"@type":"PropertyValueSpecification","valueRequired":true,"valueName":"search_term_string"}}],"inLanguage":"en-US"},{"@type":"Organization","@id":"https:\/\/www.bmicos.com\/costarica\/en\/#organization","name":"BMI Companies","url":"https:\/\/www.bmicos.com\/costarica\/en\/","logo":{"@type":"ImageObject","inLanguage":"en-US","@id":"https:\/\/www.bmicos.com\/costarica\/en\/#\/schema\/logo\/image\/","url":"https:\/\/www.bmicos.com\/costarica\/wp-content\/uploads\/sites\/4\/2020\/12\/logo-1.png","contentUrl":"https:\/\/www.bmicos.com\/costarica\/wp-content\/uploads\/sites\/4\/2020\/12\/logo-1.png","width":519,"height":273,"caption":"BMI Companies"},"image":{"@id":"https:\/\/www.bmicos.com\/costarica\/en\/#\/schema\/logo\/image\/"},"sameAs":["http:\/\/www.facebook.com\/pages\/BMI-Companies-Headquarter\/367590476667415","https:\/\/www.instagram.com\/bmicompanies\/","https:\/\/www.linkedin.com\/company\/bmi-companies?trk=top_nav_home","https:\/\/www.youtube.com\/user\/BMICompaniesGlobal\/videos"]}]}},"_links":{"self":[{"href":"https:\/\/www.bmicos.com\/costarica\/en\/wp-json\/wp\/v2\/product\/4332","targetHints":{"allow":["GET"]}}],"collection":[{"href":"https:\/\/www.bmicos.com\/costarica\/en\/wp-json\/wp\/v2\/product"}],"about":[{"href":"https:\/\/www.bmicos.com\/costarica\/en\/wp-json\/wp\/v2\/types\/product"}],"version-history":[{"count":0,"href":"https:\/\/www.bmicos.com\/costarica\/en\/wp-json\/wp\/v2\/product\/4332\/revisions"}],"wp:featuredmedia":[{"embeddable":true,"href":"https:\/\/www.bmicos.com\/costarica\/en\/wp-json\/wp\/v2\/media\/4051"}],"wp:attachment":[{"href":"https:\/\/www.bmicos.com\/costarica\/en\/wp-json\/wp\/v2\/media?parent=4332"}],"wp:term":[{"taxonomy":"product_brand","embeddable":true,"href":"https:\/\/www.bmicos.com\/costarica\/en\/wp-json\/wp\/v2\/product_brand?post=4332"},{"taxonomy":"product_cat","embeddable":true,"href":"https:\/\/www.bmicos.com\/costarica\/en\/wp-json\/wp\/v2\/product_cat?post=4332"},{"taxonomy":"product_tag","embeddable":true,"href":"https:\/\/www.bmicos.com\/costarica\/en\/wp-json\/wp\/v2\/product_tag?post=4332"}],"curies":[{"name":"wp","href":"https:\/\/api.w.org\/{rel}","templated":true}]}}