{"id":5531,"date":"2021-10-28T15:03:04","date_gmt":"2021-10-28T15:03:04","guid":{"rendered":"https:\/\/www.bmicos.com\/costarica\/?post_type=product&#038;p=5531"},"modified":"2022-03-17T21:36:13","modified_gmt":"2022-03-17T21:36:13","slug":"poliza-seguro-colectivo-beca-estudiantil","status":"publish","type":"product","link":"https:\/\/www.bmicos.com\/costarica\/en\/seguros\/polizas-colectivas\/poliza-seguro-colectivo-beca-estudiantil\/","title":{"rendered":"Group Student Scholarship Insurance Policy"},"content":{"rendered":"","protected":false},"excerpt":{"rendered":"<p>Our Student Scholarship Policy allows you to guarantee the continuity of your children&#039;s education in the event that the parents are absent, or if they become completely physically disabled, since it covers academic expenses such as uniforms, school supplies. , annual expenses for food, tuition, funeral expenses, transportation, end of the year and \/ or grade field trip, graduation, computer and monthly rent at home.<\/p>\n<p>BMI gives you peace of mind and support when your children need it most.<\/p>","protected":false},"featured_media":5530,"template":"","meta":{"_acf_changed":false},"product_brand":[],"product_cat":[540],"product_tag":[485,537],"class_list":{"0":"post-5531","1":"product","2":"type-product","3":"status-publish","4":"has-post-thumbnail","6":"product_cat-polizas-colectivas","7":"product_tag-colectivo","8":"product_tag-salud","10":"first","11":"instock","12":"shipping-taxable","13":"product-type-simple"},"acf":[],"yoast_head":"<!-- This site is optimized with the Yoast SEO Premium plugin v20.7 (Yoast SEO v27.4) - https:\/\/yoast.com\/product\/yoast-seo-premium-wordpress\/ -->\n<title>P\u00f3liza de Seguro Colectivo de Beca Estudiantil - BMI Seguros Costa Rica<\/title>\n<meta name=\"description\" content=\"Nuestra P\u00f3liza Beca Estudiantil te permite garantizar la continuidad de la educaci\u00f3n de tus hijos en caso de que se de\" \/>\n<meta name=\"robots\" content=\"index, follow, max-snippet:-1, max-image-preview:large, max-video-preview:-1\" \/>\n<link rel=\"canonical\" href=\"https:\/\/www.bmicos.com\/costarica\/en\/seguros\/polizas-colectivas\/poliza-seguro-colectivo-beca-estudiantil\/\" \/>\n<meta property=\"og:locale\" content=\"en_US\" \/>\n<meta property=\"og:type\" content=\"article\" \/>\n<meta property=\"og:title\" content=\"Protecci\u00f3n Saldo Deudor - BMI Financial Group\" \/>\n<meta property=\"og:description\" content=\"Para entidades cuyo su inter\u00e9s es asegurar su l\u00ednea de cr\u00e9dito ante la muerte del deudor.\" \/>\n<meta property=\"og:url\" content=\"https:\/\/www.bmicos.com\/costarica\/en\/seguros\/polizas-colectivas\/poliza-seguro-colectivo-beca-estudiantil\/\" \/>\n<meta property=\"og:site_name\" content=\"BMI Seguros Costa Rica\" \/>\n<meta property=\"article:publisher\" content=\"http:\/\/www.facebook.com\/pages\/BMI-Companies-Headquarter\/367590476667415\" \/>\n<meta property=\"article:modified_time\" content=\"2022-03-17T21:36:13+00:00\" \/>\n<meta property=\"og:image\" content=\"https:\/\/www.bmicos.com\/costarica\/wp-content\/uploads\/sites\/4\/2021\/01\/174620copia_edited.jpg\" \/>\n\t<meta property=\"og:image:width\" content=\"924\" \/>\n\t<meta property=\"og:image:height\" content=\"495\" \/>\n\t<meta property=\"og:image:type\" content=\"image\/jpeg\" \/>\n<meta name=\"twitter:card\" content=\"summary_large_image\" \/>\n<meta name=\"twitter:title\" content=\"Protecci\u00f3n Saldo Deudor - BMI Financial Group\" \/>\n<meta name=\"twitter:description\" content=\"Para entidades financieras, cooperativas, asociaciones, colegios, donde su inter\u00e9s es asegurar su l\u00ednea de cr\u00e9dito ante la muerte del deudor.\" \/>\n<meta name=\"twitter:image\" content=\"https:\/\/www.bmicos.com\/costarica\/wp-content\/uploads\/sites\/4\/2021\/01\/174620copia_edited.jpg\" \/>\n<script type=\"application\/ld+json\" class=\"yoast-schema-graph\">{\"@context\":\"https:\\\/\\\/schema.org\",\"@graph\":[{\"@type\":\"WebPage\",\"@id\":\"https:\\\/\\\/www.bmicos.com\\\/costarica\\\/seguros\\\/polizas-colectivas\\\/poliza-seguro-colectivo-beca-estudiantil\\\/\",\"url\":\"https:\\\/\\\/www.bmicos.com\\\/costarica\\\/seguros\\\/polizas-colectivas\\\/poliza-seguro-colectivo-beca-estudiantil\\\/\",\"name\":\"P\u00f3liza de Seguro Colectivo de Beca Estudiantil - BMI Seguros Costa Rica\",\"isPartOf\":{\"@id\":\"https:\\\/\\\/www.bmicos.com\\\/costarica\\\/en\\\/#website\"},\"primaryImageOfPage\":{\"@id\":\"https:\\\/\\\/www.bmicos.com\\\/costarica\\\/seguros\\\/polizas-colectivas\\\/poliza-seguro-colectivo-beca-estudiantil\\\/#primaryimage\"},\"image\":{\"@id\":\"https:\\\/\\\/www.bmicos.com\\\/costarica\\\/seguros\\\/polizas-colectivas\\\/poliza-seguro-colectivo-beca-estudiantil\\\/#primaryimage\"},\"thumbnailUrl\":\"https:\\\/\\\/www.bmicos.com\\\/costarica\\\/wp-content\\\/uploads\\\/sites\\\/4\\\/2020\\\/10\\\/PO\u0301LIZA-DE-SEGURO-COLECTIVO-DE-BECA-ESTUDIANTIL.jpg\",\"datePublished\":\"2021-10-28T15:03:04+00:00\",\"dateModified\":\"2022-03-17T21:36:13+00:00\",\"description\":\"Nuestra P\u00f3liza Beca Estudiantil te permite garantizar la continuidad de la educaci\u00f3n de tus hijos en caso de que se de\",\"breadcrumb\":{\"@id\":\"https:\\\/\\\/www.bmicos.com\\\/costarica\\\/seguros\\\/polizas-colectivas\\\/poliza-seguro-colectivo-beca-estudiantil\\\/#breadcrumb\"},\"inLanguage\":\"en-US\",\"potentialAction\":[{\"@type\":\"ReadAction\",\"target\":[\"https:\\\/\\\/www.bmicos.com\\\/costarica\\\/seguros\\\/polizas-colectivas\\\/poliza-seguro-colectivo-beca-estudiantil\\\/\"]}]},{\"@type\":\"ImageObject\",\"inLanguage\":\"en-US\",\"@id\":\"https:\\\/\\\/www.bmicos.com\\\/costarica\\\/seguros\\\/polizas-colectivas\\\/poliza-seguro-colectivo-beca-estudiantil\\\/#primaryimage\",\"url\":\"https:\\\/\\\/www.bmicos.com\\\/costarica\\\/wp-content\\\/uploads\\\/sites\\\/4\\\/2020\\\/10\\\/PO\u0301LIZA-DE-SEGURO-COLECTIVO-DE-BECA-ESTUDIANTIL.jpg\",\"contentUrl\":\"https:\\\/\\\/www.bmicos.com\\\/costarica\\\/wp-content\\\/uploads\\\/sites\\\/4\\\/2020\\\/10\\\/PO\u0301LIZA-DE-SEGURO-COLECTIVO-DE-BECA-ESTUDIANTIL.jpg\",\"width\":800,\"height\":534,\"caption\":\"PO\u0301LIZA DE SEGURO COLECTIVO DE BECA ESTUDIANTIL\"},{\"@type\":\"BreadcrumbList\",\"@id\":\"https:\\\/\\\/www.bmicos.com\\\/costarica\\\/seguros\\\/polizas-colectivas\\\/poliza-seguro-colectivo-beca-estudiantil\\\/#breadcrumb\",\"itemListElement\":[{\"@type\":\"ListItem\",\"position\":1,\"name\":\"Inicio\",\"item\":\"https:\\\/\\\/www.bmicos.com\\\/costarica\\\/\"},{\"@type\":\"ListItem\",\"position\":2,\"name\":\"Seguros\",\"item\":\"https:\\\/\\\/www.bmicos.com\\\/costarica\\\/seguros\\\/\"},{\"@type\":\"ListItem\",\"position\":3,\"name\":\"P\u00f3liza de Seguro Colectivo de Beca Estudiantil\"}]},{\"@type\":\"WebSite\",\"@id\":\"https:\\\/\\\/www.bmicos.com\\\/costarica\\\/en\\\/#website\",\"url\":\"https:\\\/\\\/www.bmicos.com\\\/costarica\\\/en\\\/\",\"name\":\"BMI Seguros Costa Rica\",\"description\":\"Asegurando familias en todo el mundo\",\"publisher\":{\"@id\":\"https:\\\/\\\/www.bmicos.com\\\/costarica\\\/en\\\/#organization\"},\"potentialAction\":[{\"@type\":\"SearchAction\",\"target\":{\"@type\":\"EntryPoint\",\"urlTemplate\":\"https:\\\/\\\/www.bmicos.com\\\/costarica\\\/en\\\/?s={search_term_string}\"},\"query-input\":{\"@type\":\"PropertyValueSpecification\",\"valueRequired\":true,\"valueName\":\"search_term_string\"}}],\"inLanguage\":\"en-US\"},{\"@type\":\"Organization\",\"@id\":\"https:\\\/\\\/www.bmicos.com\\\/costarica\\\/en\\\/#organization\",\"name\":\"BMI Companies\",\"url\":\"https:\\\/\\\/www.bmicos.com\\\/costarica\\\/en\\\/\",\"logo\":{\"@type\":\"ImageObject\",\"inLanguage\":\"en-US\",\"@id\":\"https:\\\/\\\/www.bmicos.com\\\/costarica\\\/en\\\/#\\\/schema\\\/logo\\\/image\\\/\",\"url\":\"https:\\\/\\\/www.bmicos.com\\\/costarica\\\/wp-content\\\/uploads\\\/sites\\\/4\\\/2020\\\/12\\\/logo-1.png\",\"contentUrl\":\"https:\\\/\\\/www.bmicos.com\\\/costarica\\\/wp-content\\\/uploads\\\/sites\\\/4\\\/2020\\\/12\\\/logo-1.png\",\"width\":519,\"height\":273,\"caption\":\"BMI Companies\"},\"image\":{\"@id\":\"https:\\\/\\\/www.bmicos.com\\\/costarica\\\/en\\\/#\\\/schema\\\/logo\\\/image\\\/\"},\"sameAs\":[\"http:\\\/\\\/www.facebook.com\\\/pages\\\/BMI-Companies-Headquarter\\\/367590476667415\",\"https:\\\/\\\/www.instagram.com\\\/bmicompanies\\\/\",\"https:\\\/\\\/www.linkedin.com\\\/company\\\/bmi-companies?trk=top_nav_home\",\"https:\\\/\\\/www.youtube.com\\\/user\\\/BMICompaniesGlobal\\\/videos\"]}]}<\/script>\n<!-- \/ Yoast SEO Premium plugin. -->","yoast_head_json":{"title":"Collective Student Scholarship Insurance Policy - BMI Seguros Costa Rica","description":"Our Student Scholarship Policy allows you to guarantee the continuity of your children&#039;s education in case of a","robots":{"index":"index","follow":"follow","max-snippet":"max-snippet:-1","max-image-preview":"max-image-preview:large","max-video-preview":"max-video-preview:-1"},"canonical":"https:\/\/www.bmicos.com\/costarica\/en\/seguros\/polizas-colectivas\/poliza-seguro-colectivo-beca-estudiantil\/","og_locale":"en_US","og_type":"article","og_title":"Protecci\u00f3n Saldo Deudor - BMI Financial Group","og_description":"Para entidades cuyo su inter\u00e9s es asegurar su l\u00ednea de cr\u00e9dito ante la muerte del deudor.","og_url":"https:\/\/www.bmicos.com\/costarica\/en\/seguros\/polizas-colectivas\/poliza-seguro-colectivo-beca-estudiantil\/","og_site_name":"BMI Seguros Costa Rica","article_publisher":"http:\/\/www.facebook.com\/pages\/BMI-Companies-Headquarter\/367590476667415","article_modified_time":"2022-03-17T21:36:13+00:00","og_image":[{"width":924,"height":495,"url":"https:\/\/www.bmicos.com\/costarica\/wp-content\/uploads\/sites\/4\/2021\/01\/174620copia_edited.jpg","type":"image\/jpeg"}],"twitter_card":"summary_large_image","twitter_title":"Protecci\u00f3n Saldo Deudor - BMI Financial Group","twitter_description":"Para entidades financieras, cooperativas, asociaciones, colegios, donde su inter\u00e9s es asegurar su l\u00ednea de cr\u00e9dito ante la muerte del deudor.","twitter_image":"https:\/\/www.bmicos.com\/costarica\/wp-content\/uploads\/sites\/4\/2021\/01\/174620copia_edited.jpg","schema":{"@context":"https:\/\/schema.org","@graph":[{"@type":"WebPage","@id":"https:\/\/www.bmicos.com\/costarica\/seguros\/polizas-colectivas\/poliza-seguro-colectivo-beca-estudiantil\/","url":"https:\/\/www.bmicos.com\/costarica\/seguros\/polizas-colectivas\/poliza-seguro-colectivo-beca-estudiantil\/","name":"Collective Student Scholarship Insurance Policy - BMI Seguros Costa Rica","isPartOf":{"@id":"https:\/\/www.bmicos.com\/costarica\/en\/#website"},"primaryImageOfPage":{"@id":"https:\/\/www.bmicos.com\/costarica\/seguros\/polizas-colectivas\/poliza-seguro-colectivo-beca-estudiantil\/#primaryimage"},"image":{"@id":"https:\/\/www.bmicos.com\/costarica\/seguros\/polizas-colectivas\/poliza-seguro-colectivo-beca-estudiantil\/#primaryimage"},"thumbnailUrl":"https:\/\/www.bmicos.com\/costarica\/wp-content\/uploads\/sites\/4\/2020\/10\/PO\u0301LIZA-DE-SEGURO-COLECTIVO-DE-BECA-ESTUDIANTIL.jpg","datePublished":"2021-10-28T15:03:04+00:00","dateModified":"2022-03-17T21:36:13+00:00","description":"Our Student Scholarship Policy allows you to guarantee the continuity of your children&#039;s education in case of a","breadcrumb":{"@id":"https:\/\/www.bmicos.com\/costarica\/seguros\/polizas-colectivas\/poliza-seguro-colectivo-beca-estudiantil\/#breadcrumb"},"inLanguage":"en-US","potentialAction":[{"@type":"ReadAction","target":["https:\/\/www.bmicos.com\/costarica\/seguros\/polizas-colectivas\/poliza-seguro-colectivo-beca-estudiantil\/"]}]},{"@type":"ImageObject","inLanguage":"en-US","@id":"https:\/\/www.bmicos.com\/costarica\/seguros\/polizas-colectivas\/poliza-seguro-colectivo-beca-estudiantil\/#primaryimage","url":"https:\/\/www.bmicos.com\/costarica\/wp-content\/uploads\/sites\/4\/2020\/10\/PO\u0301LIZA-DE-SEGURO-COLECTIVO-DE-BECA-ESTUDIANTIL.jpg","contentUrl":"https:\/\/www.bmicos.com\/costarica\/wp-content\/uploads\/sites\/4\/2020\/10\/PO\u0301LIZA-DE-SEGURO-COLECTIVO-DE-BECA-ESTUDIANTIL.jpg","width":800,"height":534,"caption":"PO\u0301LIZA DE SEGURO COLECTIVO DE BECA ESTUDIANTIL"},{"@type":"BreadcrumbList","@id":"https:\/\/www.bmicos.com\/costarica\/seguros\/polizas-colectivas\/poliza-seguro-colectivo-beca-estudiantil\/#breadcrumb","itemListElement":[{"@type":"ListItem","position":1,"name":"Inicio","item":"https:\/\/www.bmicos.com\/costarica\/"},{"@type":"ListItem","position":2,"name":"Seguros","item":"https:\/\/www.bmicos.com\/costarica\/seguros\/"},{"@type":"ListItem","position":3,"name":"P\u00f3liza de Seguro Colectivo de Beca Estudiantil"}]},{"@type":"WebSite","@id":"https:\/\/www.bmicos.com\/costarica\/en\/#website","url":"https:\/\/www.bmicos.com\/costarica\/en\/","name":"BMI Insurance Costa Rica","description":"Insuring Families Worldwide","publisher":{"@id":"https:\/\/www.bmicos.com\/costarica\/en\/#organization"},"potentialAction":[{"@type":"SearchAction","target":{"@type":"EntryPoint","urlTemplate":"https:\/\/www.bmicos.com\/costarica\/en\/?s={search_term_string}"},"query-input":{"@type":"PropertyValueSpecification","valueRequired":true,"valueName":"search_term_string"}}],"inLanguage":"en-US"},{"@type":"Organization","@id":"https:\/\/www.bmicos.com\/costarica\/en\/#organization","name":"BMI Companies","url":"https:\/\/www.bmicos.com\/costarica\/en\/","logo":{"@type":"ImageObject","inLanguage":"en-US","@id":"https:\/\/www.bmicos.com\/costarica\/en\/#\/schema\/logo\/image\/","url":"https:\/\/www.bmicos.com\/costarica\/wp-content\/uploads\/sites\/4\/2020\/12\/logo-1.png","contentUrl":"https:\/\/www.bmicos.com\/costarica\/wp-content\/uploads\/sites\/4\/2020\/12\/logo-1.png","width":519,"height":273,"caption":"BMI Companies"},"image":{"@id":"https:\/\/www.bmicos.com\/costarica\/en\/#\/schema\/logo\/image\/"},"sameAs":["http:\/\/www.facebook.com\/pages\/BMI-Companies-Headquarter\/367590476667415","https:\/\/www.instagram.com\/bmicompanies\/","https:\/\/www.linkedin.com\/company\/bmi-companies?trk=top_nav_home","https:\/\/www.youtube.com\/user\/BMICompaniesGlobal\/videos"]}]}},"_links":{"self":[{"href":"https:\/\/www.bmicos.com\/costarica\/en\/wp-json\/wp\/v2\/product\/5531","targetHints":{"allow":["GET"]}}],"collection":[{"href":"https:\/\/www.bmicos.com\/costarica\/en\/wp-json\/wp\/v2\/product"}],"about":[{"href":"https:\/\/www.bmicos.com\/costarica\/en\/wp-json\/wp\/v2\/types\/product"}],"version-history":[{"count":0,"href":"https:\/\/www.bmicos.com\/costarica\/en\/wp-json\/wp\/v2\/product\/5531\/revisions"}],"wp:featuredmedia":[{"embeddable":true,"href":"https:\/\/www.bmicos.com\/costarica\/en\/wp-json\/wp\/v2\/media\/5530"}],"wp:attachment":[{"href":"https:\/\/www.bmicos.com\/costarica\/en\/wp-json\/wp\/v2\/media?parent=5531"}],"wp:term":[{"taxonomy":"product_brand","embeddable":true,"href":"https:\/\/www.bmicos.com\/costarica\/en\/wp-json\/wp\/v2\/product_brand?post=5531"},{"taxonomy":"product_cat","embeddable":true,"href":"https:\/\/www.bmicos.com\/costarica\/en\/wp-json\/wp\/v2\/product_cat?post=5531"},{"taxonomy":"product_tag","embeddable":true,"href":"https:\/\/www.bmicos.com\/costarica\/en\/wp-json\/wp\/v2\/product_tag?post=5531"}],"curies":[{"name":"wp","href":"https:\/\/api.w.org\/{rel}","templated":true}]}}