{"id":3914,"date":"2021-01-10T18:30:28","date_gmt":"2021-01-10T18:30:28","guid":{"rendered":"https:\/\/www.bmicos.com\/costarica\/?page_id=3914"},"modified":"2023-05-25T11:22:07","modified_gmt":"2023-05-25T17:22:07","slug":"carta-de-derechos-de-los-consumidores","status":"publish","type":"page","link":"https:\/\/www.bmicos.com\/costarica\/carta-de-derechos-de-los-consumidores\/","title":{"rendered":"Carta de Derechos de los Consumidores"},"content":{"rendered":"\t\t<div data-elementor-type=\"wp-page\" data-elementor-id=\"3914\" class=\"elementor elementor-3914\" data-elementor-post-type=\"page\">\n\t\t\t\t\t\t<div class=\"elementor-inner\">\n\t\t\t\t<div class=\"elementor-section-wrap\">\n\t\t\t\t\t\t\t\t\t<section data-particle_enable=\"false\" data-particle-mobile-disabled=\"false\" class=\"elementor-section elementor-top-section elementor-element elementor-element-55fc15f elementor-section-full_width elementor-section-height-default elementor-section-height-default\" data-id=\"55fc15f\" data-element_type=\"section\" data-settings=\"{&quot;jet_parallax_layout_list&quot;:[{&quot;jet_parallax_layout_image&quot;:{&quot;url&quot;:&quot;&quot;,&quot;id&quot;:&quot;&quot;,&quot;size&quot;:&quot;&quot;},&quot;_id&quot;:&quot;64040e4&quot;,&quot;jet_parallax_layout_image_tablet&quot;:{&quot;url&quot;:&quot;&quot;,&quot;id&quot;:&quot;&quot;,&quot;size&quot;:&quot;&quot;},&quot;jet_parallax_layout_image_mobile&quot;:{&quot;url&quot;:&quot;&quot;,&quot;id&quot;:&quot;&quot;,&quot;size&quot;:&quot;&quot;},&quot;jet_parallax_layout_speed&quot;:{&quot;unit&quot;:&quot;%&quot;,&quot;size&quot;:50,&quot;sizes&quot;:[]},&quot;jet_parallax_layout_type&quot;:&quot;scroll&quot;,&quot;jet_parallax_layout_direction&quot;:null,&quot;jet_parallax_layout_fx_direction&quot;:null,&quot;jet_parallax_layout_z_index&quot;:&quot;&quot;,&quot;jet_parallax_layout_bg_x&quot;:50,&quot;jet_parallax_layout_bg_x_tablet&quot;:&quot;&quot;,&quot;jet_parallax_layout_bg_x_mobile&quot;:&quot;&quot;,&quot;jet_parallax_layout_bg_y&quot;:50,&quot;jet_parallax_layout_bg_y_tablet&quot;:&quot;&quot;,&quot;jet_parallax_layout_bg_y_mobile&quot;:&quot;&quot;,&quot;jet_parallax_layout_bg_size&quot;:&quot;auto&quot;,&quot;jet_parallax_layout_bg_size_tablet&quot;:&quot;&quot;,&quot;jet_parallax_layout_bg_size_mobile&quot;:&quot;&quot;,&quot;jet_parallax_layout_animation_prop&quot;:&quot;transform&quot;,&quot;jet_parallax_layout_on&quot;:[&quot;desktop&quot;,&quot;tablet&quot;]}]}\">\n\t\t\t\t\t\t<div class=\"elementor-container elementor-column-gap-default\">\n\t\t\t\t\t\t\t<div class=\"elementor-row\">\n\t\t\t\t\t<div class=\"elementor-column elementor-col-100 elementor-top-column elementor-element elementor-element-67f5082\" data-id=\"67f5082\" data-element_type=\"column\">\n\t\t\t<div class=\"elementor-column-wrap elementor-element-populated\">\n\t\t\t\t\t\t\t<div class=\"elementor-widget-wrap\">\n\t\t\t\t\t\t<div class=\"elementor-element elementor-element-b031398 elementor-widget elementor-widget-image\" data-id=\"b031398\" data-element_type=\"widget\" data-widget_type=\"image.default\">\n\t\t\t\t<div class=\"elementor-widget-container\">\n\t\t\t\t\t\t\t\t<div class=\"elementor-image\">\n\t\t\t\t\t\t\t\t\t\t\t\t<img loading=\"lazy\" decoding=\"async\" width=\"800\" height=\"428\" src=\"https:\/\/www.bmicos.com\/costarica\/wp-content\/uploads\/sites\/4\/2021\/01\/sugese-01_Mesa-de-trabajo-1.jpg\" class=\"attachment-large size-large wp-image-3916\" alt=\"SUGESE: Superintendencia General de Seguros - Rep\u00fablica de Costa Rica\" srcset=\"https:\/\/www.bmicos.com\/costarica\/wp-content\/uploads\/sites\/4\/2021\/01\/sugese-01_Mesa-de-trabajo-1.jpg 921w, https:\/\/www.bmicos.com\/costarica\/wp-content\/uploads\/sites\/4\/2021\/01\/sugese-01_Mesa-de-trabajo-1-16x9.jpg 16w, https:\/\/www.bmicos.com\/costarica\/wp-content\/uploads\/sites\/4\/2021\/01\/sugese-01_Mesa-de-trabajo-1-600x321.jpg 600w\" sizes=\"auto, (max-width: 800px) 100vw, 800px\" \/>\t\t\t\t\t\t\t\t\t\t\t\t\t\t<\/div>\n\t\t\t\t\t\t<\/div>\n\t\t\t\t<\/div>\n\t\t\t\t<div class=\"elementor-element elementor-element-84034a1 elementor-widget elementor-widget-heading\" data-id=\"84034a1\" data-element_type=\"widget\" data-widget_type=\"heading.default\">\n\t\t\t\t<div class=\"elementor-widget-container\">\n\t\t\t<h1 class=\"elementor-heading-title elementor-size-default\">Carta de Derechos de los Consumidores de Seguros<\/h1>\t\t<\/div>\n\t\t\t\t<\/div>\n\t\t\t\t<div class=\"elementor-element elementor-element-02eb231 elementor-widget-divider--view-line elementor-invisible elementor-widget elementor-widget-divider\" data-id=\"02eb231\" data-element_type=\"widget\" data-settings=\"{&quot;_animation&quot;:&quot;fadeInLeft&quot;}\" data-widget_type=\"divider.default\">\n\t\t\t\t<div class=\"elementor-widget-container\">\n\t\t\t\t\t<div class=\"elementor-divider\">\n\t\t\t<span class=\"elementor-divider-separator\">\n\t\t\t\t\t\t<\/span>\n\t\t<\/div>\n\t\t\t\t<\/div>\n\t\t\t\t<\/div>\n\t\t\t\t<div class=\"elementor-element elementor-element-300c32b elementor-widget elementor-widget-text-editor\" data-id=\"300c32b\" data-element_type=\"widget\" data-widget_type=\"text-editor.default\">\n\t\t\t\t<div class=\"elementor-widget-container\">\n\t\t\t\t\t\t\t\t<div class=\"elementor-text-editor elementor-clearfix\">\n\t\t\t\t<p style=\"text-align:justify;margin-top:10px\">Como usuario de la SUGESE usted tiene derecho a:<\/p>\n<ul>\n \t<li>\n<p class=\"font_8\">Obtener respuesta oportuna de sus solicitudes y reclamos en un m\u00e1ximo de treinta d\u00edas naturales.<\/p>\n<\/li>\n \t<li>\n<p class=\"font_8\">Recibir un trato igualitario, digno y respetuoso.<\/p>\n<\/li>\n \t<li>\n<p class=\"font_8\">Obtener informaci\u00f3n p\u00fablica de forma gratuita, exceptuando los costos de reproducci\u00f3n.<\/p>\n<\/li>\n \t<li>\n<p class=\"font_8\">Conocer el estado de sus requerimientos, quejas y denuncias, as\u00ed como el funcionario responsable de \u00e9stos.<\/p>\n<\/li>\n \t<li>\n<p class=\"font_8\">Contar con acceso a los servicios de forma personal, virtual o telef\u00f3nica.<\/p>\n<\/li>\n \t<li>\n<p class=\"font_8\">Exigir transparencia en los procedimientos.<\/p>\n<\/li>\n \t<li>\n<p class=\"font_8\">Solicitar informaci\u00f3n p\u00fablica relevante para el consumidor y orientaci\u00f3n acerca del mercado de seguros y sus participantes.<\/p>\n<\/li>\n \t<li>\n<p class=\"font_8\">Tener acceso a educaci\u00f3n y divulgaci\u00f3n sobre el consumo adecuado de productos y servicios del mercado de seguros.<\/p>\n<\/li>\n<\/ul>\t\t\t\t\t<\/div>\n\t\t\t\t\t\t<\/div>\n\t\t\t\t<\/div>\n\t\t\t\t<div class=\"elementor-element elementor-element-03e20f8 elementor-widget elementor-widget-heading\" data-id=\"03e20f8\" data-element_type=\"widget\" data-widget_type=\"heading.default\">\n\t\t\t\t<div class=\"elementor-widget-container\">\n\t\t\t<p class=\"elementor-heading-title elementor-size-medium\">Derechos de los consumidores de seguros, ante las aseguradoras e intermediarios de seguros:\n<\/p>\t\t<\/div>\n\t\t\t\t<\/div>\n\t\t\t\t<div class=\"elementor-element elementor-element-9e4697a elementor-widget elementor-widget-text-editor\" data-id=\"9e4697a\" data-element_type=\"widget\" data-widget_type=\"text-editor.default\">\n\t\t\t\t<div class=\"elementor-widget-container\">\n\t\t\t\t\t\t\t\t<div class=\"elementor-text-editor elementor-clearfix\">\n\t\t\t\t<ul style=\"text-align: justify\">\n \t<li>\n<p class=\"font_8\">Derecho a la protecci\u00f3n de sus leg\u00edtimos intereses econ\u00f3micos.<\/p>\n<\/li>\n \t<li>\n<p class=\"font_8\">Derecho a la libertad de elecci\u00f3n entre aseguradoras, intermediarios, productos y servicios auxiliares seg\u00fan lo dispuesto en el contrato.<\/p>\n<\/li>\n \t<li>\n<p class=\"font_8\">Derecho a obtener informaci\u00f3n adecuada y veraz, antes y despu\u00e9s de la contrataci\u00f3n.<\/p>\n<\/li>\n \t<li>\n<p class=\"font_8\">Derecho a un trato equitativo y no discriminatorio.<\/p>\n<\/li>\n \t<li>\n<p class=\"font_8\">En caso de duda sobre la interpretaci\u00f3n de los principios que establece la ley, prevalecer\u00e1 siempre lo m\u00e1s favorable al consumidor.<\/p>\n<\/li>\n \t<li>\n<p class=\"font_8\">Derecho a una atenci\u00f3n \u00e1gil, mediante resoluci\u00f3n motivada y por escrito de las reclamaciones, quejas y peticiones del consumidor de seguros, en un m\u00e1ximo de treinta d\u00edas naturales.<\/p>\n<\/li>\n \t<li>\n<p class=\"font_8\">Derecho a la protecci\u00f3n de sus datos.<\/p>\n<\/li>\n<\/ul>\t\t\t\t\t<\/div>\n\t\t\t\t\t\t<\/div>\n\t\t\t\t<\/div>\n\t\t\t\t<div class=\"elementor-element elementor-element-58acf57 elementor-widget elementor-widget-heading\" data-id=\"58acf57\" data-element_type=\"widget\" data-widget_type=\"heading.default\">\n\t\t\t\t<div class=\"elementor-widget-container\">\n\t\t\t<p class=\"elementor-heading-title elementor-size-medium\">Instancias para exigir sus derechos:<\/p>\t\t<\/div>\n\t\t\t\t<\/div>\n\t\t\t\t<div class=\"elementor-element elementor-element-d232661 elementor-widget elementor-widget-text-editor\" data-id=\"d232661\" data-element_type=\"widget\" data-widget_type=\"text-editor.default\">\n\t\t\t\t<div class=\"elementor-widget-container\">\n\t\t\t\t\t\t\t\t<div class=\"elementor-text-editor elementor-clearfix\">\n\t\t\t\t<p style=\"text-align: justify\">En caso que se vulneren sus derechos como consumidor de seguros, podr\u00e1 realizar su reclamaci\u00f3n o queja en forma escrita, a trav\u00e9s de los medios disponibles, en las instancias de su elecci\u00f3n y de acuerdo a las competencias de \u00e9stas:<\/p>\n\n<ul style=\"text-align: justify\">\n \t<li>\n<p class=\"font_8\">Recurrir ante la instancia de defensa de los derechos del consumidor, determinada por la entidad aseguradora involucrada.<\/p>\n<\/li>\n \t<li>\n<p class=\"font_8\">Una vez agotada la etapa anterior y de persistir el reclamo, presentar formulario de queja ante la Superintendencia General de Seguros, debidamente firmado o transmitido por medios electr\u00f3nicos mediante firma digital. El formulario puede descargarse del sitio web\u00a0<a href=\"http:\/\/www.sugese.fi.cr\/\" target=\"_blank\" rel=\"noopener\">www.sugese.fi.cr<\/a>.<\/p>\n<\/li>\n \t<li>\n<p class=\"font_8\">Acudir directamente ante la Comisi\u00f3n Nacional del Consumidor, del Ministerio de Econom\u00eda, Industria y Comercio (MEIC), ante los Tribunales de Justicia o ante los medios de resoluci\u00f3n alterna de conflictos establecidos.<\/p>\n<\/li>\n<\/ul>\t\t\t\t\t<\/div>\n\t\t\t\t\t\t<\/div>\n\t\t\t\t<\/div>\n\t\t\t\t<div class=\"elementor-element elementor-element-f2b8c36 elementor-widget elementor-widget-heading\" data-id=\"f2b8c36\" data-element_type=\"widget\" data-widget_type=\"heading.default\">\n\t\t\t\t<div class=\"elementor-widget-container\">\n\t\t\t<p class=\"elementor-heading-title elementor-size-medium\">Nuestro Compromiso:<\/p>\t\t<\/div>\n\t\t\t\t<\/div>\n\t\t\t\t<div class=\"elementor-element elementor-element-f367642 elementor-widget elementor-widget-text-editor\" data-id=\"f367642\" data-element_type=\"widget\" data-widget_type=\"text-editor.default\">\n\t\t\t\t<div class=\"elementor-widget-container\">\n\t\t\t\t\t\t\t\t<div class=\"elementor-text-editor elementor-clearfix\">\n\t\t\t\t<ul style=\"text-align: justify\">\n \t<li class=\"font_8\">Investigar los hechos que ocasionaron el reclamo y responder las consultas y denuncias interpuestas contra entidades supervisadas.<\/li>\n \t<li class=\"font_8\">Entregar explicaciones por escrito de las quejas formales en contra del servicio brindado por la Sugese.<\/li>\n<\/ul>\t\t\t\t\t<\/div>\n\t\t\t\t\t\t<\/div>\n\t\t\t\t<\/div>\n\t\t\t\t<div class=\"elementor-element elementor-element-78dbc64 elementor-widget elementor-widget-heading\" data-id=\"78dbc64\" data-element_type=\"widget\" data-widget_type=\"heading.default\">\n\t\t\t\t<div class=\"elementor-widget-container\">\n\t\t\t<p class=\"elementor-heading-title elementor-size-medium\">Para realizar su tr\u00e1mite se le recomienda:<\/p>\t\t<\/div>\n\t\t\t\t<\/div>\n\t\t\t\t<div class=\"elementor-element elementor-element-b94af11 elementor-widget elementor-widget-text-editor\" data-id=\"b94af11\" data-element_type=\"widget\" data-widget_type=\"text-editor.default\">\n\t\t\t\t<div class=\"elementor-widget-container\">\n\t\t\t\t\t\t\t\t<div class=\"elementor-text-editor elementor-clearfix\">\n\t\t\t\tPara realizar su tr\u00e1mite se le recomienda:\n<ul style=\"text-align: justify\">\n \t<li>\n<p class=\"font_8\">Tratar respetuosamente al funcionario que lo atiende.<\/p>\n<\/li>\n \t<li>\n<p class=\"font_8\">Presentar con claridad su requerimiento, denuncia o consulta.<\/p>\n<\/li>\n \t<li>\n<p class=\"font_8\">Entregar informaci\u00f3n completa, fidedigna y actualizada.<\/p>\n<\/li>\n \t<li>\n<p class=\"font_8\">Informarse y respetar los procedimientos y plazos establecidos para cada tr\u00e1mite.<\/p>\n<\/li>\n \t<li>\n<p class=\"font_8\">Conservar y no alterar los documentos que le otorga tanto la entidad aseguradora, intermediario o la Sugese.<\/p>\n<\/li>\n<\/ul>\t\t\t\t\t<\/div>\n\t\t\t\t\t\t<\/div>\n\t\t\t\t<\/div>\n\t\t\t\t<div class=\"elementor-element elementor-element-cbb4ea2 elementor-widget elementor-widget-heading\" data-id=\"cbb4ea2\" data-element_type=\"widget\" data-widget_type=\"heading.default\">\n\t\t\t\t<div class=\"elementor-widget-container\">\n\t\t\t<p class=\"elementor-heading-title elementor-size-medium\">Acceso a la Superintendencia:<\/p>\t\t<\/div>\n\t\t\t\t<\/div>\n\t\t\t\t<div class=\"elementor-element elementor-element-c4f57a1 elementor-widget elementor-widget-text-editor\" data-id=\"c4f57a1\" data-element_type=\"widget\" data-widget_type=\"text-editor.default\">\n\t\t\t\t<div class=\"elementor-widget-container\">\n\t\t\t\t\t\t\t\t<div class=\"elementor-text-editor elementor-clearfix\">\n\t\t\t\t<p class=\"font_8\">Ubicaci\u00f3n: \u00a0San Jos\u00e9, Montes de Oca, San Pedro, Frente a la Facultad de Derecho de la UCR,\u00a0Edificio Torre del Este, Piso 7.<br \/>Central telef\u00f3nica: +(506) 2243-5108<br \/>Fax: +(506)\u00a02243-5151<br \/>Horario de atenci\u00f3n: lunes a viernes de 9:00 a.m. a 5:00 p.m.<br \/>Sitio web:\u00a0<a href=\"http:\/\/www.sugese.fi.cr\/\" target=\"_blank\" rel=\"noopener\">www.sugese.fi.cr<\/a><br \/>e-mail:\u00a0<a href=\"mailto:sugese@sugese.fi.cr\" target=\"_self\">sugese@sugese.fi.cr<\/a><\/p><p class=\"font_8\">De conformidad con el acuerdo de Superintendente SGS-DES-A-031-2014<\/p>\t\t\t\t\t<\/div>\n\t\t\t\t\t\t<\/div>\n\t\t\t\t<\/div>\n\t\t\t\t\t\t<\/div>\n\t\t\t\t\t<\/div>\n\t\t<\/div>\n\t\t\t\t\t\t\t\t<\/div>\n\t\t\t\t\t<\/div>\n\t\t<\/section>\n\t\t\t\t\t\t\t\t\t<\/div>\n\t\t\t<\/div>\n\t\t\t\t\t<\/div>\n\t\t","protected":false},"excerpt":{"rendered":"<p>Carta de Derechos de los Consumidores de Seguros Como usuario de la SUGESE usted tiene derecho a: Obtener respuesta oportuna de sus solicitudes y reclamos en un m\u00e1ximo de treinta d\u00edas naturales. Recibir un trato igualitario, digno y respetuoso. Obtener informaci\u00f3n p\u00fablica de forma gratuita, exceptuando los costos de reproducci\u00f3n. Conocer el estado de sus [&hellip;]<\/p>\n","protected":false},"author":8,"featured_media":0,"parent":0,"menu_order":0,"comment_status":"closed","ping_status":"closed","template":"elementor_header_footer","meta":{"_acf_changed":false,"footnotes":""},"class_list":["post-3914","page","type-page","status-publish","hentry"],"acf":[],"yoast_head":"<!-- This site is optimized with the Yoast SEO Premium plugin v20.7 (Yoast SEO v27.4) - https:\/\/yoast.com\/product\/yoast-seo-premium-wordpress\/ -->\n<title>Carta de Derechos de los Consumidores - BMI Seguros Costa Rica<\/title>\n<meta name=\"description\" content=\"Carta de Derechos de los Consumidores de Seguros por parte de la Superintendencia General de Seguros de Costa Rica.\" \/>\n<meta name=\"robots\" content=\"index, follow, max-snippet:-1, max-image-preview:large, max-video-preview:-1\" \/>\n<link rel=\"canonical\" href=\"https:\/\/www.bmicos.com\/costarica\/carta-de-derechos-de-los-consumidores\/\" \/>\n<meta property=\"og:locale\" content=\"es_ES\" \/>\n<meta property=\"og:type\" content=\"article\" \/>\n<meta property=\"og:title\" content=\"Carta de Derechos de los Consumidores de SUGESE\" \/>\n<meta property=\"og:description\" content=\"Informaci\u00f3n de la carta de parte de la Superintendencia General de Seguros de Costa Rica.\" \/>\n<meta property=\"og:url\" content=\"https:\/\/www.bmicos.com\/costarica\/carta-de-derechos-de-los-consumidores\/\" \/>\n<meta property=\"og:site_name\" content=\"BMI Seguros Costa Rica\" \/>\n<meta property=\"article:publisher\" content=\"http:\/\/www.facebook.com\/pages\/BMI-Companies-Headquarter\/367590476667415\" \/>\n<meta property=\"article:modified_time\" content=\"2023-05-25T17:22:07+00:00\" \/>\n<meta property=\"og:image\" content=\"https:\/\/www.bmicos.com\/costarica\/wp-content\/uploads\/sites\/4\/2021\/01\/sugese-01_Mesa-de-trabajo-1.jpg\" \/>\n<meta name=\"twitter:card\" content=\"summary_large_image\" \/>\n<meta name=\"twitter:title\" content=\"Carta de Derechos de los Consumidores de SUGESE\" \/>\n<meta name=\"twitter:description\" content=\"Informaci\u00f3n de la carta de parte de la Superintendencia General de Seguros de Costa Rica.\" \/>\n<meta name=\"twitter:label1\" content=\"Tiempo de lectura\" \/>\n\t<meta name=\"twitter:data1\" content=\"3 minutos\" \/>\n<script type=\"application\/ld+json\" class=\"yoast-schema-graph\">{\"@context\":\"https:\\\/\\\/schema.org\",\"@graph\":[{\"@type\":\"WebPage\",\"@id\":\"https:\\\/\\\/www.bmicos.com\\\/costarica\\\/carta-de-derechos-de-los-consumidores\\\/\",\"url\":\"https:\\\/\\\/www.bmicos.com\\\/costarica\\\/carta-de-derechos-de-los-consumidores\\\/\",\"name\":\"Carta de Derechos de los Consumidores - BMI Seguros Costa Rica\",\"isPartOf\":{\"@id\":\"https:\\\/\\\/www.bmicos.com\\\/costarica\\\/en\\\/#website\"},\"primaryImageOfPage\":{\"@id\":\"https:\\\/\\\/www.bmicos.com\\\/costarica\\\/carta-de-derechos-de-los-consumidores\\\/#primaryimage\"},\"image\":{\"@id\":\"https:\\\/\\\/www.bmicos.com\\\/costarica\\\/carta-de-derechos-de-los-consumidores\\\/#primaryimage\"},\"thumbnailUrl\":\"https:\\\/\\\/www.bmicos.com\\\/costarica\\\/wp-content\\\/uploads\\\/sites\\\/4\\\/2021\\\/01\\\/sugese-01_Mesa-de-trabajo-1.jpg\",\"datePublished\":\"2021-01-10T18:30:28+00:00\",\"dateModified\":\"2023-05-25T17:22:07+00:00\",\"description\":\"Carta de Derechos de los Consumidores de Seguros por parte de la Superintendencia General de Seguros de Costa Rica.\",\"breadcrumb\":{\"@id\":\"https:\\\/\\\/www.bmicos.com\\\/costarica\\\/carta-de-derechos-de-los-consumidores\\\/#breadcrumb\"},\"inLanguage\":\"es\",\"potentialAction\":[{\"@type\":\"ReadAction\",\"target\":[\"https:\\\/\\\/www.bmicos.com\\\/costarica\\\/carta-de-derechos-de-los-consumidores\\\/\"]}]},{\"@type\":\"ImageObject\",\"inLanguage\":\"es\",\"@id\":\"https:\\\/\\\/www.bmicos.com\\\/costarica\\\/carta-de-derechos-de-los-consumidores\\\/#primaryimage\",\"url\":\"https:\\\/\\\/www.bmicos.com\\\/costarica\\\/wp-content\\\/uploads\\\/sites\\\/4\\\/2021\\\/01\\\/sugese-01_Mesa-de-trabajo-1.jpg\",\"contentUrl\":\"https:\\\/\\\/www.bmicos.com\\\/costarica\\\/wp-content\\\/uploads\\\/sites\\\/4\\\/2021\\\/01\\\/sugese-01_Mesa-de-trabajo-1.jpg\",\"width\":921,\"height\":493,\"caption\":\"SUGESE: Superintendencia General de Seguros - Rep\u00fablica de Costa Rica\"},{\"@type\":\"BreadcrumbList\",\"@id\":\"https:\\\/\\\/www.bmicos.com\\\/costarica\\\/carta-de-derechos-de-los-consumidores\\\/#breadcrumb\",\"itemListElement\":[{\"@type\":\"ListItem\",\"position\":1,\"name\":\"Inicio\",\"item\":\"https:\\\/\\\/www.bmicos.com\\\/costarica\\\/\"},{\"@type\":\"ListItem\",\"position\":2,\"name\":\"Carta de Derechos de los Consumidores\"}]},{\"@type\":\"WebSite\",\"@id\":\"https:\\\/\\\/www.bmicos.com\\\/costarica\\\/en\\\/#website\",\"url\":\"https:\\\/\\\/www.bmicos.com\\\/costarica\\\/en\\\/\",\"name\":\"BMI Seguros Costa Rica\",\"description\":\"Asegurando familias en todo el mundo\",\"publisher\":{\"@id\":\"https:\\\/\\\/www.bmicos.com\\\/costarica\\\/en\\\/#organization\"},\"potentialAction\":[{\"@type\":\"SearchAction\",\"target\":{\"@type\":\"EntryPoint\",\"urlTemplate\":\"https:\\\/\\\/www.bmicos.com\\\/costarica\\\/en\\\/?s={search_term_string}\"},\"query-input\":{\"@type\":\"PropertyValueSpecification\",\"valueRequired\":true,\"valueName\":\"search_term_string\"}}],\"inLanguage\":\"es\"},{\"@type\":\"Organization\",\"@id\":\"https:\\\/\\\/www.bmicos.com\\\/costarica\\\/en\\\/#organization\",\"name\":\"BMI Companies\",\"url\":\"https:\\\/\\\/www.bmicos.com\\\/costarica\\\/en\\\/\",\"logo\":{\"@type\":\"ImageObject\",\"inLanguage\":\"es\",\"@id\":\"https:\\\/\\\/www.bmicos.com\\\/costarica\\\/en\\\/#\\\/schema\\\/logo\\\/image\\\/\",\"url\":\"https:\\\/\\\/www.bmicos.com\\\/costarica\\\/wp-content\\\/uploads\\\/sites\\\/4\\\/2020\\\/12\\\/logo-1.png\",\"contentUrl\":\"https:\\\/\\\/www.bmicos.com\\\/costarica\\\/wp-content\\\/uploads\\\/sites\\\/4\\\/2020\\\/12\\\/logo-1.png\",\"width\":519,\"height\":273,\"caption\":\"BMI Companies\"},\"image\":{\"@id\":\"https:\\\/\\\/www.bmicos.com\\\/costarica\\\/en\\\/#\\\/schema\\\/logo\\\/image\\\/\"},\"sameAs\":[\"http:\\\/\\\/www.facebook.com\\\/pages\\\/BMI-Companies-Headquarter\\\/367590476667415\",\"https:\\\/\\\/www.instagram.com\\\/bmicompanies\\\/\",\"https:\\\/\\\/www.linkedin.com\\\/company\\\/bmi-companies?trk=top_nav_home\",\"https:\\\/\\\/www.youtube.com\\\/user\\\/BMICompaniesGlobal\\\/videos\"]}]}<\/script>\n<!-- \/ Yoast SEO Premium plugin. -->","yoast_head_json":{"title":"Carta de Derechos de los Consumidores - BMI Seguros Costa Rica","description":"Carta de Derechos de los Consumidores de Seguros por parte de la Superintendencia General de Seguros de Costa Rica.","robots":{"index":"index","follow":"follow","max-snippet":"max-snippet:-1","max-image-preview":"max-image-preview:large","max-video-preview":"max-video-preview:-1"},"canonical":"https:\/\/www.bmicos.com\/costarica\/carta-de-derechos-de-los-consumidores\/","og_locale":"es_ES","og_type":"article","og_title":"Carta de Derechos de los Consumidores de SUGESE","og_description":"Informaci\u00f3n de la carta de parte de la Superintendencia General de Seguros de Costa Rica.","og_url":"https:\/\/www.bmicos.com\/costarica\/carta-de-derechos-de-los-consumidores\/","og_site_name":"BMI Seguros Costa Rica","article_publisher":"http:\/\/www.facebook.com\/pages\/BMI-Companies-Headquarter\/367590476667415","article_modified_time":"2023-05-25T17:22:07+00:00","og_image":[{"url":"https:\/\/www.bmicos.com\/costarica\/wp-content\/uploads\/sites\/4\/2021\/01\/sugese-01_Mesa-de-trabajo-1.jpg","type":"","width":"","height":""}],"twitter_card":"summary_large_image","twitter_title":"Carta de Derechos de los Consumidores de SUGESE","twitter_description":"Informaci\u00f3n de la carta de parte de la Superintendencia General de Seguros de Costa Rica.","twitter_misc":{"Tiempo de lectura":"3 minutos"},"schema":{"@context":"https:\/\/schema.org","@graph":[{"@type":"WebPage","@id":"https:\/\/www.bmicos.com\/costarica\/carta-de-derechos-de-los-consumidores\/","url":"https:\/\/www.bmicos.com\/costarica\/carta-de-derechos-de-los-consumidores\/","name":"Carta de Derechos de los Consumidores - BMI Seguros Costa Rica","isPartOf":{"@id":"https:\/\/www.bmicos.com\/costarica\/en\/#website"},"primaryImageOfPage":{"@id":"https:\/\/www.bmicos.com\/costarica\/carta-de-derechos-de-los-consumidores\/#primaryimage"},"image":{"@id":"https:\/\/www.bmicos.com\/costarica\/carta-de-derechos-de-los-consumidores\/#primaryimage"},"thumbnailUrl":"https:\/\/www.bmicos.com\/costarica\/wp-content\/uploads\/sites\/4\/2021\/01\/sugese-01_Mesa-de-trabajo-1.jpg","datePublished":"2021-01-10T18:30:28+00:00","dateModified":"2023-05-25T17:22:07+00:00","description":"Carta de Derechos de los Consumidores de Seguros por parte de la Superintendencia General de Seguros de Costa Rica.","breadcrumb":{"@id":"https:\/\/www.bmicos.com\/costarica\/carta-de-derechos-de-los-consumidores\/#breadcrumb"},"inLanguage":"es","potentialAction":[{"@type":"ReadAction","target":["https:\/\/www.bmicos.com\/costarica\/carta-de-derechos-de-los-consumidores\/"]}]},{"@type":"ImageObject","inLanguage":"es","@id":"https:\/\/www.bmicos.com\/costarica\/carta-de-derechos-de-los-consumidores\/#primaryimage","url":"https:\/\/www.bmicos.com\/costarica\/wp-content\/uploads\/sites\/4\/2021\/01\/sugese-01_Mesa-de-trabajo-1.jpg","contentUrl":"https:\/\/www.bmicos.com\/costarica\/wp-content\/uploads\/sites\/4\/2021\/01\/sugese-01_Mesa-de-trabajo-1.jpg","width":921,"height":493,"caption":"SUGESE: Superintendencia General de Seguros - Rep\u00fablica de Costa Rica"},{"@type":"BreadcrumbList","@id":"https:\/\/www.bmicos.com\/costarica\/carta-de-derechos-de-los-consumidores\/#breadcrumb","itemListElement":[{"@type":"ListItem","position":1,"name":"Inicio","item":"https:\/\/www.bmicos.com\/costarica\/"},{"@type":"ListItem","position":2,"name":"Carta de Derechos de los Consumidores"}]},{"@type":"WebSite","@id":"https:\/\/www.bmicos.com\/costarica\/en\/#website","url":"https:\/\/www.bmicos.com\/costarica\/en\/","name":"BMI Seguros Costa Rica","description":"Asegurando familias en todo el mundo","publisher":{"@id":"https:\/\/www.bmicos.com\/costarica\/en\/#organization"},"potentialAction":[{"@type":"SearchAction","target":{"@type":"EntryPoint","urlTemplate":"https:\/\/www.bmicos.com\/costarica\/en\/?s={search_term_string}"},"query-input":{"@type":"PropertyValueSpecification","valueRequired":true,"valueName":"search_term_string"}}],"inLanguage":"es"},{"@type":"Organization","@id":"https:\/\/www.bmicos.com\/costarica\/en\/#organization","name":"BMI Companies","url":"https:\/\/www.bmicos.com\/costarica\/en\/","logo":{"@type":"ImageObject","inLanguage":"es","@id":"https:\/\/www.bmicos.com\/costarica\/en\/#\/schema\/logo\/image\/","url":"https:\/\/www.bmicos.com\/costarica\/wp-content\/uploads\/sites\/4\/2020\/12\/logo-1.png","contentUrl":"https:\/\/www.bmicos.com\/costarica\/wp-content\/uploads\/sites\/4\/2020\/12\/logo-1.png","width":519,"height":273,"caption":"BMI Companies"},"image":{"@id":"https:\/\/www.bmicos.com\/costarica\/en\/#\/schema\/logo\/image\/"},"sameAs":["http:\/\/www.facebook.com\/pages\/BMI-Companies-Headquarter\/367590476667415","https:\/\/www.instagram.com\/bmicompanies\/","https:\/\/www.linkedin.com\/company\/bmi-companies?trk=top_nav_home","https:\/\/www.youtube.com\/user\/BMICompaniesGlobal\/videos"]}]}},"_links":{"self":[{"href":"https:\/\/www.bmicos.com\/costarica\/wp-json\/wp\/v2\/pages\/3914","targetHints":{"allow":["GET"]}}],"collection":[{"href":"https:\/\/www.bmicos.com\/costarica\/wp-json\/wp\/v2\/pages"}],"about":[{"href":"https:\/\/www.bmicos.com\/costarica\/wp-json\/wp\/v2\/types\/page"}],"author":[{"embeddable":true,"href":"https:\/\/www.bmicos.com\/costarica\/wp-json\/wp\/v2\/users\/8"}],"replies":[{"embeddable":true,"href":"https:\/\/www.bmicos.com\/costarica\/wp-json\/wp\/v2\/comments?post=3914"}],"version-history":[{"count":0,"href":"https:\/\/www.bmicos.com\/costarica\/wp-json\/wp\/v2\/pages\/3914\/revisions"}],"wp:attachment":[{"href":"https:\/\/www.bmicos.com\/costarica\/wp-json\/wp\/v2\/media?parent=3914"}],"curies":[{"name":"wp","href":"https:\/\/api.w.org\/{rel}","templated":true}]}}