{"id":3919,"date":"2021-01-10T19:23:01","date_gmt":"2021-01-10T19:23:01","guid":{"rendered":"https:\/\/www.bmicos.com\/costarica\/?page_id=3919"},"modified":"2023-05-24T10:58:37","modified_gmt":"2023-05-24T16:58:37","slug":"efectos-del-iva-sobre-las-polizas-de-seguro","status":"publish","type":"page","link":"https:\/\/www.bmicos.com\/costarica\/efectos-del-iva-sobre-las-polizas-de-seguro\/","title":{"rendered":"Efectos del IVA sobre las P\u00f3lizas"},"content":{"rendered":"\t\t<div data-elementor-type=\"wp-page\" data-elementor-id=\"3919\" class=\"elementor elementor-3919\" data-elementor-post-type=\"page\">\n\t\t\t\t\t\t<div class=\"elementor-inner\">\n\t\t\t\t<div class=\"elementor-section-wrap\">\n\t\t\t\t\t\t\t\t\t<section data-particle_enable=\"false\" data-particle-mobile-disabled=\"false\" class=\"elementor-section elementor-top-section elementor-element elementor-element-583c165 elementor-section-full_width elementor-section-height-default elementor-section-height-default\" data-id=\"583c165\" data-element_type=\"section\" data-settings=\"{&quot;jet_parallax_layout_list&quot;:[{&quot;jet_parallax_layout_image&quot;:{&quot;url&quot;:&quot;&quot;,&quot;id&quot;:&quot;&quot;,&quot;size&quot;:&quot;&quot;},&quot;_id&quot;:&quot;ba7b38f&quot;,&quot;jet_parallax_layout_image_tablet&quot;:{&quot;url&quot;:&quot;&quot;,&quot;id&quot;:&quot;&quot;,&quot;size&quot;:&quot;&quot;},&quot;jet_parallax_layout_image_mobile&quot;:{&quot;url&quot;:&quot;&quot;,&quot;id&quot;:&quot;&quot;,&quot;size&quot;:&quot;&quot;},&quot;jet_parallax_layout_speed&quot;:{&quot;unit&quot;:&quot;%&quot;,&quot;size&quot;:50,&quot;sizes&quot;:[]},&quot;jet_parallax_layout_type&quot;:&quot;scroll&quot;,&quot;jet_parallax_layout_direction&quot;:null,&quot;jet_parallax_layout_fx_direction&quot;:null,&quot;jet_parallax_layout_z_index&quot;:&quot;&quot;,&quot;jet_parallax_layout_bg_x&quot;:50,&quot;jet_parallax_layout_bg_x_tablet&quot;:&quot;&quot;,&quot;jet_parallax_layout_bg_x_mobile&quot;:&quot;&quot;,&quot;jet_parallax_layout_bg_y&quot;:50,&quot;jet_parallax_layout_bg_y_tablet&quot;:&quot;&quot;,&quot;jet_parallax_layout_bg_y_mobile&quot;:&quot;&quot;,&quot;jet_parallax_layout_bg_size&quot;:&quot;auto&quot;,&quot;jet_parallax_layout_bg_size_tablet&quot;:&quot;&quot;,&quot;jet_parallax_layout_bg_size_mobile&quot;:&quot;&quot;,&quot;jet_parallax_layout_animation_prop&quot;:&quot;transform&quot;,&quot;jet_parallax_layout_on&quot;:[&quot;desktop&quot;,&quot;tablet&quot;]}]}\">\n\t\t\t\t\t\t<div class=\"elementor-container elementor-column-gap-default\">\n\t\t\t\t\t\t\t<div class=\"elementor-row\">\n\t\t\t\t\t<div class=\"elementor-column elementor-col-100 elementor-top-column elementor-element elementor-element-823e392\" data-id=\"823e392\" data-element_type=\"column\">\n\t\t\t<div class=\"elementor-column-wrap elementor-element-populated\">\n\t\t\t\t\t\t\t<div class=\"elementor-widget-wrap\">\n\t\t\t\t\t\t<div class=\"elementor-element elementor-element-c279ddd elementor-widget elementor-widget-image\" data-id=\"c279ddd\" data-element_type=\"widget\" data-widget_type=\"image.default\">\n\t\t\t\t<div class=\"elementor-widget-container\">\n\t\t\t\t\t\t\t\t<div class=\"elementor-image\">\n\t\t\t\t\t\t\t\t\t\t\t\t<img loading=\"lazy\" decoding=\"async\" width=\"784\" height=\"420\" src=\"https:\/\/www.bmicos.com\/costarica\/wp-content\/uploads\/sites\/4\/2021\/01\/logo-para-fb_Mesa-de-trabajo-1_Mesa-de-t-1.jpg\" class=\"attachment-large size-large wp-image-3928\" alt=\"Imagen de decoraci\u00f3 de Seguros de Vida y Salud de BMI\" srcset=\"https:\/\/www.bmicos.com\/costarica\/wp-content\/uploads\/sites\/4\/2021\/01\/logo-para-fb_Mesa-de-trabajo-1_Mesa-de-t-1.jpg 784w, https:\/\/www.bmicos.com\/costarica\/wp-content\/uploads\/sites\/4\/2021\/01\/logo-para-fb_Mesa-de-trabajo-1_Mesa-de-t-1-16x9.jpg 16w, https:\/\/www.bmicos.com\/costarica\/wp-content\/uploads\/sites\/4\/2021\/01\/logo-para-fb_Mesa-de-trabajo-1_Mesa-de-t-1-600x321.jpg 600w\" sizes=\"auto, (max-width: 784px) 100vw, 784px\" \/>\t\t\t\t\t\t\t\t\t\t\t\t\t\t<\/div>\n\t\t\t\t\t\t<\/div>\n\t\t\t\t<\/div>\n\t\t\t\t<div class=\"elementor-element elementor-element-dbc9e75 elementor-widget elementor-widget-heading\" data-id=\"dbc9e75\" data-element_type=\"widget\" data-widget_type=\"heading.default\">\n\t\t\t\t<div class=\"elementor-widget-container\">\n\t\t\t<h1 class=\"elementor-heading-title elementor-size-default\">Comunicado Oficial<\/h1>\t\t<\/div>\n\t\t\t\t<\/div>\n\t\t\t\t<div class=\"elementor-element elementor-element-86bb6f3 elementor-widget-divider--view-line elementor-invisible elementor-widget elementor-widget-divider\" data-id=\"86bb6f3\" data-element_type=\"widget\" data-settings=\"{&quot;_animation&quot;:&quot;fadeInLeft&quot;}\" data-widget_type=\"divider.default\">\n\t\t\t\t<div class=\"elementor-widget-container\">\n\t\t\t\t\t<div class=\"elementor-divider\">\n\t\t\t<span class=\"elementor-divider-separator\">\n\t\t\t\t\t\t<\/span>\n\t\t<\/div>\n\t\t\t\t<\/div>\n\t\t\t\t<\/div>\n\t\t\t\t<div class=\"elementor-element elementor-element-d533c2b elementor-widget elementor-widget-text-editor\" data-id=\"d533c2b\" data-element_type=\"widget\" data-widget_type=\"text-editor.default\">\n\t\t\t\t<div class=\"elementor-widget-container\">\n\t\t\t\t\t\t\t\t<div class=\"elementor-text-editor elementor-clearfix\">\n\t\t\t\t<p class=\"font_8\" style=\"text-align: justify\">Estimado\u00a0Asegurado,<\/p>\n<p class=\"font_8\" style=\"text-align: justify\">Con el prop\u00f3sito de informarle los principales cambios que ocurrir\u00e1n sobre las p\u00f3lizas de seguros con la entrada en vigencia de la Ley N\u00b0 9635 Ley de Fortalecimiento de las Finanzas P\u00fablicas, se emite el presente comunicado:<\/p>\n<p class=\"font_8\" style=\"text-align: justify\">A partir del primero de julio de 2019 las primas de los seguros personales estar\u00e1n gravadas con un 2% de Impuesto de Valor Agregado (IVA). Los seguros personales incluyen las p\u00f3lizas de Salud (gastos m\u00e9dicos) individual y colectivo y Vida individual y colectivo.<\/p>\n<p class=\"font_8\" style=\"text-align: justify\">Seg\u00fan lo anterior, las primas incluir\u00e1n el monto correspondiente al IVA a partir del lunes primero de julio de 2019. En la factura usted podr\u00e1 observar el detalle de la prima y el IVA pagado.<\/p>\n<p class=\"font_8\" style=\"text-align: justify\">La Ley establece una serie de excepciones, por lo que, si usted se encuentra exonerado o exento del pago de dicho impuesto, es necesario que nos informe y nos haga llegar la documentaci\u00f3n de respaldo, esto con el fin de aplicarle el tratamiento tributario que corresponda.<\/p>\n<p class=\"font_8\" style=\"text-align: justify\">Para resolver cualquier consulta o inquietud sobre este tema, puede comunicarse con nuestro Departamento Financiero al tel\u00e9fono 2228-6069<\/p>\n&nbsp;\n<p class=\"font_8\" style=\"text-align: justify\">Atentamente,<\/p>\n<p class=\"font_8\" style=\"text-align: justify\"><span class=\"wixGuard\">\u200b<\/span><\/p>\n<p class=\"font_8\" style=\"text-align: justify\">Ricardo Loew Sandoval<\/p>\n<p class=\"font_8\" style=\"text-align: justify\">Director General<\/p>\n<p class=\"font_8\" style=\"text-align: justify\">Best Meridian Insurance Company<\/p>\n<p class=\"font_8\" style=\"text-align: justify\">Sucursal Costa Rica<\/p>\t\t\t\t\t<\/div>\n\t\t\t\t\t\t<\/div>\n\t\t\t\t<\/div>\n\t\t\t\t\t\t<\/div>\n\t\t\t\t\t<\/div>\n\t\t<\/div>\n\t\t\t\t\t\t\t\t<\/div>\n\t\t\t\t\t<\/div>\n\t\t<\/section>\n\t\t\t\t\t\t\t\t\t<\/div>\n\t\t\t<\/div>\n\t\t\t\t\t<\/div>\n\t\t","protected":false},"excerpt":{"rendered":"<p>Comunicado Oficial Estimado\u00a0Asegurado, Con el prop\u00f3sito de informarle los principales cambios que ocurrir\u00e1n sobre las p\u00f3lizas de seguros con la entrada en vigencia de la Ley N\u00b0 9635 Ley de Fortalecimiento de las Finanzas P\u00fablicas, se emite el presente comunicado: A partir del primero de julio de 2019 las primas de los seguros personales estar\u00e1n [&hellip;]<\/p>\n","protected":false},"author":8,"featured_media":0,"parent":0,"menu_order":0,"comment_status":"closed","ping_status":"closed","template":"elementor_header_footer","meta":{"_acf_changed":false,"footnotes":""},"class_list":["post-3919","page","type-page","status-publish","hentry"],"acf":[],"yoast_head":"<!-- This site is optimized with the Yoast SEO Premium plugin v20.7 (Yoast SEO v27.3) - https:\/\/yoast.com\/product\/yoast-seo-premium-wordpress\/ -->\n<title>Efectos del IVA sobre las P\u00f3lizas - BMI Seguros Costa Rica<\/title>\n<meta name=\"description\" content=\"A partir del primero de julio de 2019 las primas de los seguros personales estar\u00e1n gravadas con un 2% de Impuesto de Valor Agregado (IVA).\" \/>\n<meta name=\"robots\" content=\"index, follow, max-snippet:-1, max-image-preview:large, max-video-preview:-1\" \/>\n<link rel=\"canonical\" href=\"https:\/\/www.bmicos.com\/costarica\/efectos-del-iva-sobre-las-polizas-de-seguro\/\" \/>\n<meta property=\"og:locale\" content=\"es_ES\" \/>\n<meta property=\"og:type\" content=\"article\" \/>\n<meta property=\"og:title\" content=\"Efectos del IVA sobre las P\u00f3lizas - BMI Financial Group\" \/>\n<meta property=\"og:description\" content=\"Comunicado a los asegurados sobre los efectos del IVA en sus p\u00f3lizas.\" \/>\n<meta property=\"og:url\" content=\"https:\/\/www.bmicos.com\/costarica\/efectos-del-iva-sobre-las-polizas-de-seguro\/\" \/>\n<meta property=\"og:site_name\" content=\"BMI Seguros Costa Rica\" \/>\n<meta property=\"article:publisher\" content=\"http:\/\/www.facebook.com\/pages\/BMI-Companies-Headquarter\/367590476667415\" \/>\n<meta property=\"article:modified_time\" content=\"2023-05-24T16:58:37+00:00\" \/>\n<meta property=\"og:image\" content=\"https:\/\/www.bmicos.com\/costarica\/wp-content\/uploads\/sites\/4\/2021\/01\/logo-para-fb_Mesa-de-trabajo-1_Mesa-de-t-1.jpg\" \/>\n\t<meta property=\"og:image:width\" content=\"784\" \/>\n\t<meta property=\"og:image:height\" content=\"420\" \/>\n\t<meta property=\"og:image:type\" content=\"image\/jpeg\" \/>\n<meta name=\"twitter:card\" content=\"summary_large_image\" \/>\n<meta name=\"twitter:title\" content=\"Efectos del IVA sobre las P\u00f3lizas - BMI Financial Group\" \/>\n<meta name=\"twitter:description\" content=\"Comunicado a los asegurados sobre los efectos del IVA en sus p\u00f3lizas.\" \/>\n<meta name=\"twitter:image\" content=\"https:\/\/www.bmicos.com\/costarica\/wp-content\/uploads\/sites\/4\/2021\/01\/logo-para-fb_Mesa-de-trabajo-1_Mesa-de-t-1.jpg\" \/>\n<meta name=\"twitter:label1\" content=\"Tiempo de lectura\" \/>\n\t<meta name=\"twitter:data1\" content=\"2 minutos\" \/>\n<script type=\"application\/ld+json\" class=\"yoast-schema-graph\">{\"@context\":\"https:\\\/\\\/schema.org\",\"@graph\":[{\"@type\":\"WebPage\",\"@id\":\"https:\\\/\\\/www.bmicos.com\\\/costarica\\\/efectos-del-iva-sobre-las-polizas-de-seguro\\\/\",\"url\":\"https:\\\/\\\/www.bmicos.com\\\/costarica\\\/efectos-del-iva-sobre-las-polizas-de-seguro\\\/\",\"name\":\"Efectos del IVA sobre las P\u00f3lizas - BMI Seguros Costa Rica\",\"isPartOf\":{\"@id\":\"https:\\\/\\\/www.bmicos.com\\\/costarica\\\/en\\\/#website\"},\"primaryImageOfPage\":{\"@id\":\"https:\\\/\\\/www.bmicos.com\\\/costarica\\\/efectos-del-iva-sobre-las-polizas-de-seguro\\\/#primaryimage\"},\"image\":{\"@id\":\"https:\\\/\\\/www.bmicos.com\\\/costarica\\\/efectos-del-iva-sobre-las-polizas-de-seguro\\\/#primaryimage\"},\"thumbnailUrl\":\"https:\\\/\\\/www.bmicos.com\\\/costarica\\\/wp-content\\\/uploads\\\/sites\\\/4\\\/2021\\\/01\\\/logo-para-fb_Mesa-de-trabajo-1_Mesa-de-t-1.jpg\",\"datePublished\":\"2021-01-10T19:23:01+00:00\",\"dateModified\":\"2023-05-24T16:58:37+00:00\",\"description\":\"A partir del primero de julio de 2019 las primas de los seguros personales estar\u00e1n gravadas con un 2% de Impuesto de Valor Agregado (IVA).\",\"breadcrumb\":{\"@id\":\"https:\\\/\\\/www.bmicos.com\\\/costarica\\\/efectos-del-iva-sobre-las-polizas-de-seguro\\\/#breadcrumb\"},\"inLanguage\":\"es\",\"potentialAction\":[{\"@type\":\"ReadAction\",\"target\":[\"https:\\\/\\\/www.bmicos.com\\\/costarica\\\/efectos-del-iva-sobre-las-polizas-de-seguro\\\/\"]}]},{\"@type\":\"ImageObject\",\"inLanguage\":\"es\",\"@id\":\"https:\\\/\\\/www.bmicos.com\\\/costarica\\\/efectos-del-iva-sobre-las-polizas-de-seguro\\\/#primaryimage\",\"url\":\"https:\\\/\\\/www.bmicos.com\\\/costarica\\\/wp-content\\\/uploads\\\/sites\\\/4\\\/2021\\\/01\\\/logo-para-fb_Mesa-de-trabajo-1_Mesa-de-t-1.jpg\",\"contentUrl\":\"https:\\\/\\\/www.bmicos.com\\\/costarica\\\/wp-content\\\/uploads\\\/sites\\\/4\\\/2021\\\/01\\\/logo-para-fb_Mesa-de-trabajo-1_Mesa-de-t-1.jpg\",\"width\":784,\"height\":420,\"caption\":\"Imagen de decoraci\u00f3 de Seguros de Vida y Salud de BMI\"},{\"@type\":\"BreadcrumbList\",\"@id\":\"https:\\\/\\\/www.bmicos.com\\\/costarica\\\/efectos-del-iva-sobre-las-polizas-de-seguro\\\/#breadcrumb\",\"itemListElement\":[{\"@type\":\"ListItem\",\"position\":1,\"name\":\"Inicio\",\"item\":\"https:\\\/\\\/www.bmicos.com\\\/costarica\\\/\"},{\"@type\":\"ListItem\",\"position\":2,\"name\":\"Efectos del IVA sobre las P\u00f3lizas\"}]},{\"@type\":\"WebSite\",\"@id\":\"https:\\\/\\\/www.bmicos.com\\\/costarica\\\/en\\\/#website\",\"url\":\"https:\\\/\\\/www.bmicos.com\\\/costarica\\\/en\\\/\",\"name\":\"BMI Seguros Costa Rica\",\"description\":\"Asegurando familias en todo el mundo\",\"publisher\":{\"@id\":\"https:\\\/\\\/www.bmicos.com\\\/costarica\\\/en\\\/#organization\"},\"potentialAction\":[{\"@type\":\"SearchAction\",\"target\":{\"@type\":\"EntryPoint\",\"urlTemplate\":\"https:\\\/\\\/www.bmicos.com\\\/costarica\\\/en\\\/?s={search_term_string}\"},\"query-input\":{\"@type\":\"PropertyValueSpecification\",\"valueRequired\":true,\"valueName\":\"search_term_string\"}}],\"inLanguage\":\"es\"},{\"@type\":\"Organization\",\"@id\":\"https:\\\/\\\/www.bmicos.com\\\/costarica\\\/en\\\/#organization\",\"name\":\"BMI Companies\",\"url\":\"https:\\\/\\\/www.bmicos.com\\\/costarica\\\/en\\\/\",\"logo\":{\"@type\":\"ImageObject\",\"inLanguage\":\"es\",\"@id\":\"https:\\\/\\\/www.bmicos.com\\\/costarica\\\/en\\\/#\\\/schema\\\/logo\\\/image\\\/\",\"url\":\"https:\\\/\\\/www.bmicos.com\\\/costarica\\\/wp-content\\\/uploads\\\/sites\\\/4\\\/2020\\\/12\\\/logo-1.png\",\"contentUrl\":\"https:\\\/\\\/www.bmicos.com\\\/costarica\\\/wp-content\\\/uploads\\\/sites\\\/4\\\/2020\\\/12\\\/logo-1.png\",\"width\":519,\"height\":273,\"caption\":\"BMI Companies\"},\"image\":{\"@id\":\"https:\\\/\\\/www.bmicos.com\\\/costarica\\\/en\\\/#\\\/schema\\\/logo\\\/image\\\/\"},\"sameAs\":[\"http:\\\/\\\/www.facebook.com\\\/pages\\\/BMI-Companies-Headquarter\\\/367590476667415\",\"https:\\\/\\\/www.instagram.com\\\/bmicompanies\\\/\",\"https:\\\/\\\/www.linkedin.com\\\/company\\\/bmi-companies?trk=top_nav_home\",\"https:\\\/\\\/www.youtube.com\\\/user\\\/BMICompaniesGlobal\\\/videos\"]}]}<\/script>\n<!-- \/ Yoast SEO Premium plugin. -->","yoast_head_json":{"title":"Efectos del IVA sobre las P\u00f3lizas - BMI Seguros Costa Rica","description":"A partir del primero de julio de 2019 las primas de los seguros personales estar\u00e1n gravadas con un 2% de Impuesto de Valor Agregado (IVA).","robots":{"index":"index","follow":"follow","max-snippet":"max-snippet:-1","max-image-preview":"max-image-preview:large","max-video-preview":"max-video-preview:-1"},"canonical":"https:\/\/www.bmicos.com\/costarica\/efectos-del-iva-sobre-las-polizas-de-seguro\/","og_locale":"es_ES","og_type":"article","og_title":"Efectos del IVA sobre las P\u00f3lizas - BMI Financial Group","og_description":"Comunicado a los asegurados sobre los efectos del IVA en sus p\u00f3lizas.","og_url":"https:\/\/www.bmicos.com\/costarica\/efectos-del-iva-sobre-las-polizas-de-seguro\/","og_site_name":"BMI Seguros Costa Rica","article_publisher":"http:\/\/www.facebook.com\/pages\/BMI-Companies-Headquarter\/367590476667415","article_modified_time":"2023-05-24T16:58:37+00:00","og_image":[{"width":784,"height":420,"url":"https:\/\/www.bmicos.com\/costarica\/wp-content\/uploads\/sites\/4\/2021\/01\/logo-para-fb_Mesa-de-trabajo-1_Mesa-de-t-1.jpg","type":"image\/jpeg"}],"twitter_card":"summary_large_image","twitter_title":"Efectos del IVA sobre las P\u00f3lizas - BMI Financial Group","twitter_description":"Comunicado a los asegurados sobre los efectos del IVA en sus p\u00f3lizas.","twitter_image":"https:\/\/www.bmicos.com\/costarica\/wp-content\/uploads\/sites\/4\/2021\/01\/logo-para-fb_Mesa-de-trabajo-1_Mesa-de-t-1.jpg","twitter_misc":{"Tiempo de lectura":"2 minutos"},"schema":{"@context":"https:\/\/schema.org","@graph":[{"@type":"WebPage","@id":"https:\/\/www.bmicos.com\/costarica\/efectos-del-iva-sobre-las-polizas-de-seguro\/","url":"https:\/\/www.bmicos.com\/costarica\/efectos-del-iva-sobre-las-polizas-de-seguro\/","name":"Efectos del IVA sobre las P\u00f3lizas - BMI Seguros Costa Rica","isPartOf":{"@id":"https:\/\/www.bmicos.com\/costarica\/en\/#website"},"primaryImageOfPage":{"@id":"https:\/\/www.bmicos.com\/costarica\/efectos-del-iva-sobre-las-polizas-de-seguro\/#primaryimage"},"image":{"@id":"https:\/\/www.bmicos.com\/costarica\/efectos-del-iva-sobre-las-polizas-de-seguro\/#primaryimage"},"thumbnailUrl":"https:\/\/www.bmicos.com\/costarica\/wp-content\/uploads\/sites\/4\/2021\/01\/logo-para-fb_Mesa-de-trabajo-1_Mesa-de-t-1.jpg","datePublished":"2021-01-10T19:23:01+00:00","dateModified":"2023-05-24T16:58:37+00:00","description":"A partir del primero de julio de 2019 las primas de los seguros personales estar\u00e1n gravadas con un 2% de Impuesto de Valor Agregado (IVA).","breadcrumb":{"@id":"https:\/\/www.bmicos.com\/costarica\/efectos-del-iva-sobre-las-polizas-de-seguro\/#breadcrumb"},"inLanguage":"es","potentialAction":[{"@type":"ReadAction","target":["https:\/\/www.bmicos.com\/costarica\/efectos-del-iva-sobre-las-polizas-de-seguro\/"]}]},{"@type":"ImageObject","inLanguage":"es","@id":"https:\/\/www.bmicos.com\/costarica\/efectos-del-iva-sobre-las-polizas-de-seguro\/#primaryimage","url":"https:\/\/www.bmicos.com\/costarica\/wp-content\/uploads\/sites\/4\/2021\/01\/logo-para-fb_Mesa-de-trabajo-1_Mesa-de-t-1.jpg","contentUrl":"https:\/\/www.bmicos.com\/costarica\/wp-content\/uploads\/sites\/4\/2021\/01\/logo-para-fb_Mesa-de-trabajo-1_Mesa-de-t-1.jpg","width":784,"height":420,"caption":"Imagen de decoraci\u00f3 de Seguros de Vida y Salud de BMI"},{"@type":"BreadcrumbList","@id":"https:\/\/www.bmicos.com\/costarica\/efectos-del-iva-sobre-las-polizas-de-seguro\/#breadcrumb","itemListElement":[{"@type":"ListItem","position":1,"name":"Inicio","item":"https:\/\/www.bmicos.com\/costarica\/"},{"@type":"ListItem","position":2,"name":"Efectos del IVA sobre las P\u00f3lizas"}]},{"@type":"WebSite","@id":"https:\/\/www.bmicos.com\/costarica\/en\/#website","url":"https:\/\/www.bmicos.com\/costarica\/en\/","name":"BMI Seguros Costa Rica","description":"Asegurando familias en todo el mundo","publisher":{"@id":"https:\/\/www.bmicos.com\/costarica\/en\/#organization"},"potentialAction":[{"@type":"SearchAction","target":{"@type":"EntryPoint","urlTemplate":"https:\/\/www.bmicos.com\/costarica\/en\/?s={search_term_string}"},"query-input":{"@type":"PropertyValueSpecification","valueRequired":true,"valueName":"search_term_string"}}],"inLanguage":"es"},{"@type":"Organization","@id":"https:\/\/www.bmicos.com\/costarica\/en\/#organization","name":"BMI Companies","url":"https:\/\/www.bmicos.com\/costarica\/en\/","logo":{"@type":"ImageObject","inLanguage":"es","@id":"https:\/\/www.bmicos.com\/costarica\/en\/#\/schema\/logo\/image\/","url":"https:\/\/www.bmicos.com\/costarica\/wp-content\/uploads\/sites\/4\/2020\/12\/logo-1.png","contentUrl":"https:\/\/www.bmicos.com\/costarica\/wp-content\/uploads\/sites\/4\/2020\/12\/logo-1.png","width":519,"height":273,"caption":"BMI Companies"},"image":{"@id":"https:\/\/www.bmicos.com\/costarica\/en\/#\/schema\/logo\/image\/"},"sameAs":["http:\/\/www.facebook.com\/pages\/BMI-Companies-Headquarter\/367590476667415","https:\/\/www.instagram.com\/bmicompanies\/","https:\/\/www.linkedin.com\/company\/bmi-companies?trk=top_nav_home","https:\/\/www.youtube.com\/user\/BMICompaniesGlobal\/videos"]}]}},"_links":{"self":[{"href":"https:\/\/www.bmicos.com\/costarica\/wp-json\/wp\/v2\/pages\/3919","targetHints":{"allow":["GET"]}}],"collection":[{"href":"https:\/\/www.bmicos.com\/costarica\/wp-json\/wp\/v2\/pages"}],"about":[{"href":"https:\/\/www.bmicos.com\/costarica\/wp-json\/wp\/v2\/types\/page"}],"author":[{"embeddable":true,"href":"https:\/\/www.bmicos.com\/costarica\/wp-json\/wp\/v2\/users\/8"}],"replies":[{"embeddable":true,"href":"https:\/\/www.bmicos.com\/costarica\/wp-json\/wp\/v2\/comments?post=3919"}],"version-history":[{"count":0,"href":"https:\/\/www.bmicos.com\/costarica\/wp-json\/wp\/v2\/pages\/3919\/revisions"}],"wp:attachment":[{"href":"https:\/\/www.bmicos.com\/costarica\/wp-json\/wp\/v2\/media?parent=3919"}],"curies":[{"name":"wp","href":"https:\/\/api.w.org\/{rel}","templated":true}]}}