{"id":1040,"date":"2020-01-31T02:47:54","date_gmt":"2020-01-31T02:47:54","guid":{"rendered":"https:\/\/www.bmicos.com\/costarica\/products\/sin%20categor\u00eda\/flexi-plan-iii-latin-america\/"},"modified":"2025-03-18T08:36:39","modified_gmt":"2025-03-18T14:36:39","slug":"flexi-plan-iii-latin-america","status":"publish","type":"product","link":"https:\/\/www.bmicos.com\/costarica\/seguros\/salud\/flexi-plan-iii-latin-america\/","title":{"rendered":"Flexi Plan III Am\u00e9rica Latina"},"content":{"rendered":"","protected":false},"excerpt":{"rendered":"<p style=\"text-align: justify;\">Es nuestro plan de cobertura para Am\u00e9rica Latina y el Caribe con una cobertura de US$500,000 y la posibilidad de aumentarla a US$1,500,000. Te ofrece libre elecci\u00f3n de hospitales y especialistas, cobertura de incapacidad total y permanente para el titular de la p\u00f3liza por US$50,000 y un anexo de seguro de vida a t\u00e9rmino por US$50,000 o US$100,000.<\/p>\n","protected":false},"featured_media":4555,"template":"","meta":{"_acf_changed":false},"product_brand":[],"product_cat":[248],"product_tag":[538,69],"class_list":{"0":"post-1040","1":"product","2":"type-product","3":"status-publish","4":"has-post-thumbnail","6":"product_cat-salud","7":"product_tag-flexiplan","8":"product_tag-health-insurance","10":"first","11":"instock","12":"sold-individually","13":"shipping-taxable","14":"product-type-simple"},"acf":[],"yoast_head":"<!-- This site is optimized with the Yoast SEO Premium plugin v20.7 (Yoast SEO v27.4) - https:\/\/yoast.com\/product\/yoast-seo-premium-wordpress\/ -->\n<title>Flexi Plan III Am\u00e9rica Latina - BMI Seguros Costa Rica<\/title>\n<meta name=\"description\" content=\"Seguro de salud con cobertura en Am\u00e9rica Latina y el Caribe, con libre elecci\u00f3n de hospitales y especialistas.\" \/>\n<meta name=\"robots\" content=\"index, follow, max-snippet:-1, max-image-preview:large, max-video-preview:-1\" \/>\n<link rel=\"canonical\" href=\"https:\/\/www.bmicos.com\/costarica\/seguros\/salud\/flexi-plan-iii-latin-america\/\" \/>\n<meta property=\"og:locale\" content=\"es_ES\" \/>\n<meta property=\"og:type\" content=\"article\" \/>\n<meta property=\"og:title\" content=\"Flexi Plan III Am\u00e9rica Latina - BMI Financial Group\" \/>\n<meta property=\"og:description\" content=\"Seguro de salud con cobertura en Am\u00e9rica Latina y el Caribe. Libre elecci\u00f3n de hospitales y especialistas.\" \/>\n<meta property=\"og:url\" content=\"https:\/\/www.bmicos.com\/costarica\/seguros\/salud\/flexi-plan-iii-latin-america\/\" \/>\n<meta property=\"og:site_name\" content=\"BMI Seguros Costa Rica\" \/>\n<meta property=\"article:publisher\" content=\"http:\/\/www.facebook.com\/pages\/BMI-Companies-Headquarter\/367590476667415\" \/>\n<meta property=\"article:modified_time\" content=\"2025-03-18T14:36:39+00:00\" \/>\n<meta property=\"og:image\" content=\"https:\/\/www.bmicos.com\/costarica\/wp-content\/uploads\/sites\/4\/2020\/10\/Flexi-Plan-III-America-Latina.jpg\" \/>\n\t<meta property=\"og:image:width\" content=\"1400\" \/>\n\t<meta property=\"og:image:height\" content=\"752\" \/>\n\t<meta property=\"og:image:type\" content=\"image\/jpeg\" \/>\n<meta name=\"twitter:card\" content=\"summary_large_image\" \/>\n<meta name=\"twitter:title\" content=\"Flexi Plan III Am\u00e9rica Latina - BMI Financial Group\" \/>\n<meta name=\"twitter:description\" content=\"Seguro de salud con cobertura en Am\u00e9rica Latina y el Caribe, con libre elecci\u00f3n de hospitales y especialistas.\" \/>\n<meta name=\"twitter:image\" content=\"https:\/\/www.bmicos.com\/costarica\/wp-content\/uploads\/sites\/4\/2020\/10\/Flexi-Plan-III-America-Latina.jpg\" \/>\n<meta name=\"twitter:label1\" content=\"Tiempo de lectura\" \/>\n\t<meta name=\"twitter:data1\" content=\"1 minuto\" \/>\n<script type=\"application\/ld+json\" class=\"yoast-schema-graph\">{\"@context\":\"https:\\\/\\\/schema.org\",\"@graph\":[{\"@type\":\"WebPage\",\"@id\":\"https:\\\/\\\/www.bmicos.com\\\/costarica\\\/seguros\\\/salud\\\/flexi-plan-iii-latin-america\\\/\",\"url\":\"https:\\\/\\\/www.bmicos.com\\\/costarica\\\/seguros\\\/salud\\\/flexi-plan-iii-latin-america\\\/\",\"name\":\"Flexi Plan III Am\u00e9rica Latina - BMI Seguros Costa Rica\",\"isPartOf\":{\"@id\":\"https:\\\/\\\/www.bmicos.com\\\/costarica\\\/en\\\/#website\"},\"primaryImageOfPage\":{\"@id\":\"https:\\\/\\\/www.bmicos.com\\\/costarica\\\/seguros\\\/salud\\\/flexi-plan-iii-latin-america\\\/#primaryimage\"},\"image\":{\"@id\":\"https:\\\/\\\/www.bmicos.com\\\/costarica\\\/seguros\\\/salud\\\/flexi-plan-iii-latin-america\\\/#primaryimage\"},\"thumbnailUrl\":\"https:\\\/\\\/www.bmicos.com\\\/costarica\\\/wp-content\\\/uploads\\\/sites\\\/4\\\/2020\\\/10\\\/Flexi-Plan-III-America-Latina.jpg\",\"datePublished\":\"2020-01-31T02:47:54+00:00\",\"dateModified\":\"2025-03-18T14:36:39+00:00\",\"description\":\"Seguro de salud con cobertura en Am\u00e9rica Latina y el Caribe, con libre elecci\u00f3n de hospitales y especialistas.\",\"breadcrumb\":{\"@id\":\"https:\\\/\\\/www.bmicos.com\\\/costarica\\\/seguros\\\/salud\\\/flexi-plan-iii-latin-america\\\/#breadcrumb\"},\"inLanguage\":\"es\",\"potentialAction\":[{\"@type\":\"ReadAction\",\"target\":[\"https:\\\/\\\/www.bmicos.com\\\/costarica\\\/seguros\\\/salud\\\/flexi-plan-iii-latin-america\\\/\"]}]},{\"@type\":\"ImageObject\",\"inLanguage\":\"es\",\"@id\":\"https:\\\/\\\/www.bmicos.com\\\/costarica\\\/seguros\\\/salud\\\/flexi-plan-iii-latin-america\\\/#primaryimage\",\"url\":\"https:\\\/\\\/www.bmicos.com\\\/costarica\\\/wp-content\\\/uploads\\\/sites\\\/4\\\/2020\\\/10\\\/Flexi-Plan-III-America-Latina.jpg\",\"contentUrl\":\"https:\\\/\\\/www.bmicos.com\\\/costarica\\\/wp-content\\\/uploads\\\/sites\\\/4\\\/2020\\\/10\\\/Flexi-Plan-III-America-Latina.jpg\",\"width\":1400,\"height\":752,\"caption\":\"Pareja joven feliz rebosante de salud\"},{\"@type\":\"BreadcrumbList\",\"@id\":\"https:\\\/\\\/www.bmicos.com\\\/costarica\\\/seguros\\\/salud\\\/flexi-plan-iii-latin-america\\\/#breadcrumb\",\"itemListElement\":[{\"@type\":\"ListItem\",\"position\":1,\"name\":\"Inicio\",\"item\":\"https:\\\/\\\/www.bmicos.com\\\/costarica\\\/\"},{\"@type\":\"ListItem\",\"position\":2,\"name\":\"Seguros\",\"item\":\"https:\\\/\\\/www.bmicos.com\\\/costarica\\\/seguros\\\/\"},{\"@type\":\"ListItem\",\"position\":3,\"name\":\"Flexi Plan III Am\u00e9rica Latina\"}]},{\"@type\":\"WebSite\",\"@id\":\"https:\\\/\\\/www.bmicos.com\\\/costarica\\\/en\\\/#website\",\"url\":\"https:\\\/\\\/www.bmicos.com\\\/costarica\\\/en\\\/\",\"name\":\"BMI Seguros Costa Rica\",\"description\":\"Asegurando familias en todo el mundo\",\"publisher\":{\"@id\":\"https:\\\/\\\/www.bmicos.com\\\/costarica\\\/en\\\/#organization\"},\"potentialAction\":[{\"@type\":\"SearchAction\",\"target\":{\"@type\":\"EntryPoint\",\"urlTemplate\":\"https:\\\/\\\/www.bmicos.com\\\/costarica\\\/en\\\/?s={search_term_string}\"},\"query-input\":{\"@type\":\"PropertyValueSpecification\",\"valueRequired\":true,\"valueName\":\"search_term_string\"}}],\"inLanguage\":\"es\"},{\"@type\":\"Organization\",\"@id\":\"https:\\\/\\\/www.bmicos.com\\\/costarica\\\/en\\\/#organization\",\"name\":\"BMI Companies\",\"url\":\"https:\\\/\\\/www.bmicos.com\\\/costarica\\\/en\\\/\",\"logo\":{\"@type\":\"ImageObject\",\"inLanguage\":\"es\",\"@id\":\"https:\\\/\\\/www.bmicos.com\\\/costarica\\\/en\\\/#\\\/schema\\\/logo\\\/image\\\/\",\"url\":\"https:\\\/\\\/www.bmicos.com\\\/costarica\\\/wp-content\\\/uploads\\\/sites\\\/4\\\/2020\\\/12\\\/logo-1.png\",\"contentUrl\":\"https:\\\/\\\/www.bmicos.com\\\/costarica\\\/wp-content\\\/uploads\\\/sites\\\/4\\\/2020\\\/12\\\/logo-1.png\",\"width\":519,\"height\":273,\"caption\":\"BMI Companies\"},\"image\":{\"@id\":\"https:\\\/\\\/www.bmicos.com\\\/costarica\\\/en\\\/#\\\/schema\\\/logo\\\/image\\\/\"},\"sameAs\":[\"http:\\\/\\\/www.facebook.com\\\/pages\\\/BMI-Companies-Headquarter\\\/367590476667415\",\"https:\\\/\\\/www.instagram.com\\\/bmicompanies\\\/\",\"https:\\\/\\\/www.linkedin.com\\\/company\\\/bmi-companies?trk=top_nav_home\",\"https:\\\/\\\/www.youtube.com\\\/user\\\/BMICompaniesGlobal\\\/videos\"]}]}<\/script>\n<!-- \/ Yoast SEO Premium plugin. -->","yoast_head_json":{"title":"Flexi Plan III Am\u00e9rica Latina - BMI Seguros Costa Rica","description":"Seguro de salud con cobertura en Am\u00e9rica Latina y el Caribe, con libre elecci\u00f3n de hospitales y especialistas.","robots":{"index":"index","follow":"follow","max-snippet":"max-snippet:-1","max-image-preview":"max-image-preview:large","max-video-preview":"max-video-preview:-1"},"canonical":"https:\/\/www.bmicos.com\/costarica\/seguros\/salud\/flexi-plan-iii-latin-america\/","og_locale":"es_ES","og_type":"article","og_title":"Flexi Plan III Am\u00e9rica Latina - BMI Financial Group","og_description":"Seguro de salud con cobertura en Am\u00e9rica Latina y el Caribe. Libre elecci\u00f3n de hospitales y especialistas.","og_url":"https:\/\/www.bmicos.com\/costarica\/seguros\/salud\/flexi-plan-iii-latin-america\/","og_site_name":"BMI Seguros Costa Rica","article_publisher":"http:\/\/www.facebook.com\/pages\/BMI-Companies-Headquarter\/367590476667415","article_modified_time":"2025-03-18T14:36:39+00:00","og_image":[{"width":1400,"height":752,"url":"https:\/\/www.bmicos.com\/costarica\/wp-content\/uploads\/sites\/4\/2020\/10\/Flexi-Plan-III-America-Latina.jpg","type":"image\/jpeg"}],"twitter_card":"summary_large_image","twitter_title":"Flexi Plan III Am\u00e9rica Latina - BMI Financial Group","twitter_description":"Seguro de salud con cobertura en Am\u00e9rica Latina y el Caribe, con libre elecci\u00f3n de hospitales y especialistas.","twitter_image":"https:\/\/www.bmicos.com\/costarica\/wp-content\/uploads\/sites\/4\/2020\/10\/Flexi-Plan-III-America-Latina.jpg","twitter_misc":{"Tiempo de lectura":"1 minuto"},"schema":{"@context":"https:\/\/schema.org","@graph":[{"@type":"WebPage","@id":"https:\/\/www.bmicos.com\/costarica\/seguros\/salud\/flexi-plan-iii-latin-america\/","url":"https:\/\/www.bmicos.com\/costarica\/seguros\/salud\/flexi-plan-iii-latin-america\/","name":"Flexi Plan III Am\u00e9rica Latina - BMI Seguros Costa Rica","isPartOf":{"@id":"https:\/\/www.bmicos.com\/costarica\/en\/#website"},"primaryImageOfPage":{"@id":"https:\/\/www.bmicos.com\/costarica\/seguros\/salud\/flexi-plan-iii-latin-america\/#primaryimage"},"image":{"@id":"https:\/\/www.bmicos.com\/costarica\/seguros\/salud\/flexi-plan-iii-latin-america\/#primaryimage"},"thumbnailUrl":"https:\/\/www.bmicos.com\/costarica\/wp-content\/uploads\/sites\/4\/2020\/10\/Flexi-Plan-III-America-Latina.jpg","datePublished":"2020-01-31T02:47:54+00:00","dateModified":"2025-03-18T14:36:39+00:00","description":"Seguro de salud con cobertura en Am\u00e9rica Latina y el Caribe, con libre elecci\u00f3n de hospitales y especialistas.","breadcrumb":{"@id":"https:\/\/www.bmicos.com\/costarica\/seguros\/salud\/flexi-plan-iii-latin-america\/#breadcrumb"},"inLanguage":"es","potentialAction":[{"@type":"ReadAction","target":["https:\/\/www.bmicos.com\/costarica\/seguros\/salud\/flexi-plan-iii-latin-america\/"]}]},{"@type":"ImageObject","inLanguage":"es","@id":"https:\/\/www.bmicos.com\/costarica\/seguros\/salud\/flexi-plan-iii-latin-america\/#primaryimage","url":"https:\/\/www.bmicos.com\/costarica\/wp-content\/uploads\/sites\/4\/2020\/10\/Flexi-Plan-III-America-Latina.jpg","contentUrl":"https:\/\/www.bmicos.com\/costarica\/wp-content\/uploads\/sites\/4\/2020\/10\/Flexi-Plan-III-America-Latina.jpg","width":1400,"height":752,"caption":"Pareja joven feliz rebosante de salud"},{"@type":"BreadcrumbList","@id":"https:\/\/www.bmicos.com\/costarica\/seguros\/salud\/flexi-plan-iii-latin-america\/#breadcrumb","itemListElement":[{"@type":"ListItem","position":1,"name":"Inicio","item":"https:\/\/www.bmicos.com\/costarica\/"},{"@type":"ListItem","position":2,"name":"Seguros","item":"https:\/\/www.bmicos.com\/costarica\/seguros\/"},{"@type":"ListItem","position":3,"name":"Flexi Plan III Am\u00e9rica Latina"}]},{"@type":"WebSite","@id":"https:\/\/www.bmicos.com\/costarica\/en\/#website","url":"https:\/\/www.bmicos.com\/costarica\/en\/","name":"BMI Seguros Costa Rica","description":"Asegurando familias en todo el mundo","publisher":{"@id":"https:\/\/www.bmicos.com\/costarica\/en\/#organization"},"potentialAction":[{"@type":"SearchAction","target":{"@type":"EntryPoint","urlTemplate":"https:\/\/www.bmicos.com\/costarica\/en\/?s={search_term_string}"},"query-input":{"@type":"PropertyValueSpecification","valueRequired":true,"valueName":"search_term_string"}}],"inLanguage":"es"},{"@type":"Organization","@id":"https:\/\/www.bmicos.com\/costarica\/en\/#organization","name":"BMI Companies","url":"https:\/\/www.bmicos.com\/costarica\/en\/","logo":{"@type":"ImageObject","inLanguage":"es","@id":"https:\/\/www.bmicos.com\/costarica\/en\/#\/schema\/logo\/image\/","url":"https:\/\/www.bmicos.com\/costarica\/wp-content\/uploads\/sites\/4\/2020\/12\/logo-1.png","contentUrl":"https:\/\/www.bmicos.com\/costarica\/wp-content\/uploads\/sites\/4\/2020\/12\/logo-1.png","width":519,"height":273,"caption":"BMI Companies"},"image":{"@id":"https:\/\/www.bmicos.com\/costarica\/en\/#\/schema\/logo\/image\/"},"sameAs":["http:\/\/www.facebook.com\/pages\/BMI-Companies-Headquarter\/367590476667415","https:\/\/www.instagram.com\/bmicompanies\/","https:\/\/www.linkedin.com\/company\/bmi-companies?trk=top_nav_home","https:\/\/www.youtube.com\/user\/BMICompaniesGlobal\/videos"]}]}},"_links":{"self":[{"href":"https:\/\/www.bmicos.com\/costarica\/wp-json\/wp\/v2\/product\/1040","targetHints":{"allow":["GET"]}}],"collection":[{"href":"https:\/\/www.bmicos.com\/costarica\/wp-json\/wp\/v2\/product"}],"about":[{"href":"https:\/\/www.bmicos.com\/costarica\/wp-json\/wp\/v2\/types\/product"}],"version-history":[{"count":0,"href":"https:\/\/www.bmicos.com\/costarica\/wp-json\/wp\/v2\/product\/1040\/revisions"}],"wp:featuredmedia":[{"embeddable":true,"href":"https:\/\/www.bmicos.com\/costarica\/wp-json\/wp\/v2\/media\/4555"}],"wp:attachment":[{"href":"https:\/\/www.bmicos.com\/costarica\/wp-json\/wp\/v2\/media?parent=1040"}],"wp:term":[{"taxonomy":"product_brand","embeddable":true,"href":"https:\/\/www.bmicos.com\/costarica\/wp-json\/wp\/v2\/product_brand?post=1040"},{"taxonomy":"product_cat","embeddable":true,"href":"https:\/\/www.bmicos.com\/costarica\/wp-json\/wp\/v2\/product_cat?post=1040"},{"taxonomy":"product_tag","embeddable":true,"href":"https:\/\/www.bmicos.com\/costarica\/wp-json\/wp\/v2\/product_tag?post=1040"}],"curies":[{"name":"wp","href":"https:\/\/api.w.org\/{rel}","templated":true}]}}