{"id":3540,"date":"2020-12-11T19:58:07","date_gmt":"2020-12-11T19:58:07","guid":{"rendered":"https:\/\/www.bmicos.com\/dominicana\/?page_id=3540"},"modified":"2024-08-07T11:30:42","modified_gmt":"2024-08-07T15:30:42","slug":"red-bmi-usa-planes-azure-ideal-y-ejecutivo","status":"publish","type":"page","link":"https:\/\/www.bmicos.com\/dominicana\/red-bmi-usa-planes-azure-ideal-y-ejecutivo\/","title":{"rendered":"RED BMI USA PLANES AZURE, IDEAL Y EJECUTIVO"},"content":{"rendered":"\t\t<div data-elementor-type=\"wp-page\" data-elementor-id=\"3540\" class=\"elementor elementor-3540\" data-elementor-post-type=\"page\">\n\t\t\t\t\t\t<div class=\"elementor-inner\">\n\t\t\t\t<div class=\"elementor-section-wrap\">\n\t\t\t\t\t\t\t\t\t<section data-particle_enable=\"false\" data-particle-mobile-disabled=\"false\" class=\"elementor-section elementor-top-section elementor-element elementor-element-cf81b4e elementor-section-full_width elementor-section-height-default elementor-section-height-default\" data-id=\"cf81b4e\" data-element_type=\"section\" data-settings=\"{&quot;jet_parallax_layout_list&quot;:[{&quot;_id&quot;:&quot;8aad75c&quot;,&quot;jet_parallax_layout_image&quot;:{&quot;url&quot;:&quot;&quot;,&quot;id&quot;:&quot;&quot;,&quot;size&quot;:&quot;&quot;},&quot;jet_parallax_layout_image_tablet&quot;:{&quot;url&quot;:&quot;&quot;,&quot;id&quot;:&quot;&quot;,&quot;size&quot;:&quot;&quot;},&quot;jet_parallax_layout_image_mobile&quot;:{&quot;url&quot;:&quot;&quot;,&quot;id&quot;:&quot;&quot;,&quot;size&quot;:&quot;&quot;},&quot;jet_parallax_layout_speed&quot;:{&quot;unit&quot;:&quot;%&quot;,&quot;size&quot;:50,&quot;sizes&quot;:[]},&quot;jet_parallax_layout_type&quot;:&quot;scroll&quot;,&quot;jet_parallax_layout_direction&quot;:null,&quot;jet_parallax_layout_fx_direction&quot;:null,&quot;jet_parallax_layout_z_index&quot;:&quot;&quot;,&quot;jet_parallax_layout_bg_x&quot;:50,&quot;jet_parallax_layout_bg_x_tablet&quot;:&quot;&quot;,&quot;jet_parallax_layout_bg_x_mobile&quot;:&quot;&quot;,&quot;jet_parallax_layout_bg_y&quot;:50,&quot;jet_parallax_layout_bg_y_tablet&quot;:&quot;&quot;,&quot;jet_parallax_layout_bg_y_mobile&quot;:&quot;&quot;,&quot;jet_parallax_layout_bg_size&quot;:&quot;auto&quot;,&quot;jet_parallax_layout_bg_size_tablet&quot;:&quot;&quot;,&quot;jet_parallax_layout_bg_size_mobile&quot;:&quot;&quot;,&quot;jet_parallax_layout_animation_prop&quot;:&quot;transform&quot;,&quot;jet_parallax_layout_on&quot;:[&quot;desktop&quot;,&quot;tablet&quot;]}]}\">\n\t\t\t\t\t\t<div class=\"elementor-container elementor-column-gap-default\">\n\t\t\t\t\t\t\t<div class=\"elementor-row\">\n\t\t\t\t\t<div class=\"elementor-column elementor-col-100 elementor-top-column elementor-element elementor-element-427d890\" data-id=\"427d890\" data-element_type=\"column\">\n\t\t\t<div class=\"elementor-column-wrap elementor-element-populated\">\n\t\t\t\t\t\t\t<div class=\"elementor-widget-wrap\">\n\t\t\t\t\t\t<div class=\"elementor-element elementor-element-600c8dd elementor-widget elementor-widget-html\" data-id=\"600c8dd\" data-element_type=\"widget\" data-widget_type=\"html.default\">\n\t\t\t\t<div class=\"elementor-widget-container\">\n\t\t\t<div class=\"container\">\r\n    <style>\r\n        div.contentTable {\r\n            display: block;\r\n            margin: 0 auto;\r\n            width: 100%;\r\n            font-family: Poppins, sans-serif;\r\n            font-weight: 400;\r\n            font-size: .9em;\r\n            color: #036;\r\n        }\r\n        div.contentTable h3 {\r\n                font-family: Raleway, sans-serif;\r\n                font-weight: 700;\r\n        }\r\n        .table tr td:first-child {\r\n            font-weight: bold;\r\n        }\r\n        .trClassTitle td {\r\n            background: #3466AF;\r\n            color: #FFF;\r\n            border: solid 1px #FFF;\r\n            padding: 2px;\r\n        }\r\n        .table tr td {\r\n            border-bottom: solid 1px #666;\r\n            padding: 2px;\r\n        }\r\n    \t.se-pre-con {\r\n            position: fixed;\r\n            left: 0 !important;\r\n            top: 0 !important;\r\n            bottom: 0 !important;\r\n            right: 0 !important;\r\n            background: #000;\r\n            opacity: 0.8;\r\n            filter: alpha(opacity=80);\r\n            z-index: 1000;\r\n            text-align: center !important;\r\n            vertical-align: middle !important;\r\n            display: flex;\r\n            align-items: center;\r\n            justify-content: center;\r\n        }\r\n        .loadtext {\r\n            color: #FFF;\r\n            font-size: xx-large;\r\n        }\r\n        @media print {\r\n            .elementor-location-header,\r\n            .print, \r\n            .Providers, \r\n            .pojo-a11y-toolbar-toggle,\r\n            .elementor-element-6812317c,\r\n            .elementor-element-67aa00fb,\r\n            .pull-left,\r\n            .elementor-element-7bf2d722,\r\n            .elementor-image,\r\n            .elementor-divider,\r\n            .ea-advanced-data-table,\r\n            .elementor-element-bc9c101\r\n            { display:none!important; }\r\n            \r\n            #pTitle { margin-top: -1.5rem; }\r\n            \r\n            #h3Title { margin-top: .5rem; }\r\n            \r\n            .table { width:100%!important;}\r\n            \r\n            .table > thead > tr > td \r\n            {\r\n                padding-top: 8px!important;\r\n                padding-right: 8px!important;\r\n                padding-bottom: 8px!important;\r\n                padding-left: 8px!important;\r\n                vertical-align: middle!important;\r\n                text-align: left!important;\r\n                background: #3466af!important;\r\n                border: 1px solid #dddddd!important;\r\n                color: #FFFFFF!important;\r\n            }\r\n        }\r\n<\/style>     \r\n\r\n<div class=\"contentTable\">\r\n\t\r\n    <h1 id=\"h3Title\">BMI USA Network Azure - Ideal - Ejecutivo<\/h1>\r\n    \r\n    <div style=\"width:100%;text-align:right;\" class=\"print\">\r\n        <input type=\"button\" style=\"background:#3466af;border:1px solid #3466af;padding:15px;color:white;margin-bottom:1rem;\" value=\"Imprimir\" onclick=\"javascript:window.print()\">\r\n    <\/div>\r\n    \r\n    <label class=\"print\">\r\n        Estado donde desea recibir tratamiento:\r\n    <\/label>\r\n    <select name=\"State\" id=\"State\" class=\"Providers\"><\/select><br><br>\r\n    \r\n    <label class=\"print\">\r\n        Ciudad donde desea recibir tratamiento: \r\n    <\/label>\r\n    <select name=\"City\" id=\"City\" class=\"Providers\"><\/select><br>\r\n\t\t\t\t\r\n    <p id=\"pTitle\">Nuestros planes Azure, Ideal y Ejecutivo tienen una extensa red de m\u00e1s de 5,000 hospitales y proveedores dentro de los Estados Unidos.<\/p>\r\n    <p>Los hospitales a continuaci\u00f3n son para hospitalizaciones, cirug\u00edas ambulatorias o tratamientos en un hospital de los Estados Unidos. Para consultas m\u00e9dicas o tratamientos fuera del hospital, o cualquier estado que no incluye un listado espec\u00edfico de hospitales aplica cualquier proveedor de la Red Aetna Primary PPO.\r\n        <a  class=\"print\" href=\"https:\/\/www.aetna.com\/dsepublic\/#\/contentPage?page=providerSearchLanding&site_id=passport&language=es\" target=\"_blank\">\r\n            Ver Red Aetna Primary PPO.\r\n        <\/a>\r\n    <\/p>\r\n    \r\n    <table id=\"tblProviders\" width=\"100%\" border=\"0\" cellpadding=\"0\" cellspacing=\"0\" class=\"table\" style=\"\">\r\n        <thead>\r\n            <tr class=\"trClassTitle\">\r\n                <td align=\"center\" valign=\"top\"><strong> Nombre<\/strong><\/td>\r\n                <td align=\"center\" valign=\"top\"><strong>Ciudad<\/strong><\/td>\r\n                <td align=\"center\" valign=\"top\"><strong>Estado<\/strong><\/td>\r\n                <td width=\"5%\" align=\"center\" valign=\"top\" class=\"print\"><strong>Mapa<\/strong><\/td>\r\n            <\/tr>\r\n        <\/thead>\r\n        <tbody><\/tbody>\r\n    <\/table>\r\n<\/div>\r\n\r\n<script src=\"https:\/\/code.jquery.com\/jquery-3.5.1.min.js\" integrity=\"sha256-9\/aliU8dGd2tb6OSsuzixeV4y\/faTqgFtohetphbbj0=\" crossorigin=\"anonymous\"><\/script>\r\n\r\n<script>\r\n    function SortArrayStates(x, y){\r\n        if (x.sState < y.sState) {return -1;}\r\n        if (x.sState > y.sState) {return 1;}\r\n        return 0;\r\n    } \r\n    function SortArrayCities(x, y){\r\n        if (x.sCity < y.sCity) {return -1;}\r\n        if (x.sCity > y.sCity) {return 1;}\r\n        return 0;\r\n    }\r\n\r\n    function GetProviders()\r\n    {\r\n        jQuery.ajax({\r\n            type: \"GET\",\r\n            cache: false,\r\n            url: 'https:\/\/cloud.bmicos.com\/BMICOS\/Providers',\r\n             data: {\r\n                providerNet: 3,\r\n                nCountry: 2,\r\n                nState: jQuery('#State').val(),\r\n                sCity: jQuery('#City').val(),\r\n                userLanguage: 2,\r\n                nActive: 1\r\n            },\r\n            success: function(data) {\r\n                jQuery(\"#tblProviders tbody tr\").remove();\r\n                data.map(item=>{\r\n                    jQuery('#tblProviders tbody').append(`<tr>\r\n                        <td class=\"mytd\"><strong>${item.sSpecialty}<\/strong><br><strong>${item.sProviderName}<\/strong><br>${item.sFullPhone}<\/td>\r\n                        <td align=\"left\" valign=\"top\">${item.sCity}<\/td>\r\n                        <td align=\"left\" valign=\"top\">${item.sState}<\/td>\r\n                        <td align=\"left\" valign=\"top\" class=\"print\"><a href=\"http:\/\/www.google.com\/maps\/place\/${item.nlatitude},${item.nlongitude}\" target=\"_blank\">Open Map<\/a><\/td>\r\n                    <\/tr>`);\r\n                });\r\n            }\r\n        });\r\n    }\r\n    \r\n    jQuery(document).ready(function() {\r\n        \r\n        \/\/LOAD DATA TAtable\r\n        GetProviders();\r\n        \r\n        jQuery.ajax({\r\n            type: \"GET\",\r\n            \/*url: 'https:\/\/portal.bmicos.com\/BMICOS\/States?providerNet=2&nCountryID=2&userLanguage=2&nActive=1',*\/\r\n\t\t\tcache: false,\r\n            url: 'https:\/\/cloud.bmicos.com\/BMICOS\/States?providerNet=3&nCountryID=2&userLanguage=2',\r\n            \/*         data: {\r\n                _token: $(\"input[name='_token']\").val()\r\n            }, *\/\r\n            success: function(data) {\r\n                data = data.sort(SortArrayStates);\r\n                jQuery('#State').find('option').remove();\r\n                jQuery('#State').append(jQuery('<option>', {\r\n                        value: \"\",\r\n                        text: 'Select State \/ Seleccionar Estado'\r\n                        }));\r\n                data.map(item=>{\r\n                    if(typeof(item.sState)=='string' && item.sState !=\"\"){\r\n                        jQuery('#State').append(jQuery('<option>', {\r\n                        value: item.nState,\r\n                        text: item.sState\r\n                        }));\r\n                    }\r\n                });\r\n            }\r\n        });\r\n    });\r\n\r\n    jQuery('#State').change((e)=>{\r\n        e.preventDefault();\r\n        jQuery.ajax({\r\n            type: \"GET\",\r\n            cache: false,\r\n            url: 'https:\/\/cloud.bmicos.com\/BMICOS\/Cities?providerNet=3&userLanguage=2',\r\n            data: {\r\n                nCountryID: 2,\r\n                nStateID: jQuery('#State').val()\r\n            },\r\n            success: function(data) {\r\n                data = data.sort(SortArrayCities);\r\n                jQuery('#City').find('option').remove();\r\n                jQuery('#City').append(jQuery('<option>', {\r\n                        value: \"\",\r\n                        text: 'Select City \/ Seleccionar Ciudad'\r\n                        }));\r\n                data.map(item=>{\r\n                    if(typeof(item.sCity)=='string' && item.sCity !=\"\"){\r\n                        jQuery('#City').append($('<option>', {\r\n                        value: item.sCity,\r\n                        text: item.sCity\r\n                        }));\r\n                    }\r\n                });\r\n            }\r\n        });\r\n    });\r\n    \r\n    jQuery('.Providers').change((e)=>{\r\n        GetProviders();\r\n    });\r\n\r\n\r\n    \/*function printerDiv(divID){ \r\n    \r\n        var divElements = document.getElementById(divID).innerHTML;\r\n    \r\n        var oldPage = document.body.innerHTML;\r\n        \r\n        document.body.innerHTML = \"<html><head><title><\/title><style>.table-responsive table {border-collapse: collapse;border-spacing: 0;table-layout: auto;padding: 0;width: 100%;max-width: 100%;margin: 0 auto 20px auto;}wprt-container .table > thead > tr > td {padding-top: 8px!important; padding-right: 8px!important;padding-bottom: 8px!important; padding-left: 8px!important;vertical-align: middle;text-align: left;border: 1px solid #dddddd!important;}.table tr td:first-child { font-weight: bold;}<\/style><\/head><body>\" + divElements + \"<\/body>\";\r\n        \r\n        window.print();\r\n        \r\n        document.body.innerHTML = oldPage;\r\n    }*\/\r\n<\/script>\r\n\r\n<p class=\"pull-left\" style=\"margin-top:10px;\"><a href=\"#\">Back to top \u02c4<\/a><\/p>\r\n<\/div>\t\t<\/div>\n\t\t\t\t<\/div>\n\t\t\t\t\t\t<\/div>\n\t\t\t\t\t<\/div>\n\t\t<\/div>\n\t\t\t\t\t\t\t\t<\/div>\n\t\t\t\t\t<\/div>\n\t\t<\/section>\n\t\t\t\t\t\t\t\t\t<\/div>\n\t\t\t<\/div>\n\t\t\t\t\t<\/div>\n\t\t","protected":false},"excerpt":{"rendered":"<p>BMI USA Network Azure &#8211; Ideal &#8211; Ejecutivo Estado donde desea recibir tratamiento: Ciudad donde desea recibir tratamiento: Nuestros planes Azure, Ideal y Ejecutivo tienen una extensa red de m\u00e1s de 5,000 hospitales y proveedores dentro de los Estados Unidos. Los hospitales a continuaci\u00f3n son para hospitalizaciones, cirug\u00edas ambulatorias o tratamientos en un hospital de [&hellip;]<\/p>\n","protected":false},"author":1,"featured_media":0,"parent":0,"menu_order":0,"comment_status":"closed","ping_status":"closed","template":"elementor_header_footer","meta":{"_acf_changed":false,"footnotes":""},"class_list":["post-3540","page","type-page","status-publish","hentry"],"acf":[],"yoast_head":"<!-- This site is optimized with the Yoast SEO Premium plugin v20.7 (Yoast SEO v27.5) - https:\/\/yoast.com\/product\/yoast-seo-premium-wordpress\/ -->\n<title>RED BMI USA PLANES - BMI Rep\u00fablica Dominicana<\/title>\n<meta name=\"description\" content=\"Nuestros planes Azure, Ideal y Ejecutivo tienen una extensa red de m\u00e1s de 5,000 hospitales y proveedores, selecciona una ciudad.\" \/>\n<meta name=\"robots\" content=\"index, follow, max-snippet:-1, max-image-preview:large, max-video-preview:-1\" \/>\n<link rel=\"canonical\" href=\"https:\/\/www.bmicos.com\/dominicana\/red-de-proveedores__trashed\/red-bmi-usa-planes-azure-ideal-y-ejecutivo\/\" \/>\n<meta property=\"og:locale\" content=\"es_ES\" \/>\n<meta property=\"og:type\" content=\"article\" \/>\n<meta property=\"og:title\" content=\"RED BMI USA PLANES - BMI Rep\u00fablica Dominicana\" \/>\n<meta property=\"og:description\" content=\"Nuestros planes Azure, Ideal y Ejecutivo tienen una extensa red de m\u00e1s de 5,000 hospitales y proveedores, selecciona una ciudad.\" \/>\n<meta property=\"og:url\" content=\"https:\/\/www.bmicos.com\/dominicana\/red-de-proveedores__trashed\/red-bmi-usa-planes-azure-ideal-y-ejecutivo\/\" \/>\n<meta property=\"og:site_name\" content=\"BMI Rep\u00fablica Dominicana\" \/>\n<meta property=\"article:publisher\" content=\"https:\/\/www.facebook.com\/BMIRD\/\" \/>\n<meta property=\"article:modified_time\" content=\"2024-08-07T15:30:42+00:00\" \/>\n<meta property=\"og:image\" content=\"https:\/\/www.bmicos.com\/dominicana\/wp-content\/uploads\/sites\/7\/2021\/02\/Por-que-BMI.jpg\" \/>\n\t<meta property=\"og:image:width\" content=\"576\" \/>\n\t<meta property=\"og:image:height\" content=\"401\" \/>\n\t<meta property=\"og:image:type\" content=\"image\/jpeg\" \/>\n<meta name=\"twitter:card\" content=\"summary_large_image\" \/>\n<meta name=\"twitter:title\" content=\"RED BMI USA PLANES - BMI Rep\u00fablica Dominicana\" \/>\n<meta name=\"twitter:description\" content=\"Nuestros planes Azure, Ideal y Ejecutivo tienen una extensa red de m\u00e1s de 5,000 hospitales y proveedores, selecciona una ciudad.\" \/>\n<meta name=\"twitter:label1\" content=\"Tiempo de lectura\" \/>\n\t<meta name=\"twitter:data1\" content=\"19 minutos\" \/>\n<script type=\"application\/ld+json\" class=\"yoast-schema-graph\">{\"@context\":\"https:\\\/\\\/schema.org\",\"@graph\":[{\"@type\":\"WebPage\",\"@id\":\"https:\\\/\\\/www.bmicos.com\\\/dominicana\\\/red-de-proveedores__trashed\\\/red-bmi-usa-planes-azure-ideal-y-ejecutivo\\\/\",\"url\":\"https:\\\/\\\/www.bmicos.com\\\/dominicana\\\/red-de-proveedores__trashed\\\/red-bmi-usa-planes-azure-ideal-y-ejecutivo\\\/\",\"name\":\"RED BMI USA PLANES - BMI Rep\u00fablica Dominicana\",\"isPartOf\":{\"@id\":\"https:\\\/\\\/www.bmicos.com\\\/dominicana\\\/#website\"},\"datePublished\":\"2020-12-11T19:58:07+00:00\",\"dateModified\":\"2024-08-07T15:30:42+00:00\",\"description\":\"Nuestros planes Azure, Ideal y Ejecutivo tienen una extensa red de m\u00e1s de 5,000 hospitales y proveedores, selecciona una ciudad.\",\"breadcrumb\":{\"@id\":\"https:\\\/\\\/www.bmicos.com\\\/dominicana\\\/red-de-proveedores__trashed\\\/red-bmi-usa-planes-azure-ideal-y-ejecutivo\\\/#breadcrumb\"},\"inLanguage\":\"es\",\"potentialAction\":[{\"@type\":\"ReadAction\",\"target\":[\"https:\\\/\\\/www.bmicos.com\\\/dominicana\\\/red-de-proveedores__trashed\\\/red-bmi-usa-planes-azure-ideal-y-ejecutivo\\\/\"]}]},{\"@type\":\"BreadcrumbList\",\"@id\":\"https:\\\/\\\/www.bmicos.com\\\/dominicana\\\/red-de-proveedores__trashed\\\/red-bmi-usa-planes-azure-ideal-y-ejecutivo\\\/#breadcrumb\",\"itemListElement\":[{\"@type\":\"ListItem\",\"position\":1,\"name\":\"Inicio\",\"item\":\"https:\\\/\\\/www.bmicos.com\\\/dominicana\\\/\"},{\"@type\":\"ListItem\",\"position\":2,\"name\":\"RED BMI USA PLANES AZURE, IDEAL Y EJECUTIVO\"}]},{\"@type\":\"WebSite\",\"@id\":\"https:\\\/\\\/www.bmicos.com\\\/dominicana\\\/#website\",\"url\":\"https:\\\/\\\/www.bmicos.com\\\/dominicana\\\/\",\"name\":\"BMI Rep\u00fablica Dominicana\",\"description\":\"Asegurando familias en todo el mundo\",\"publisher\":{\"@id\":\"https:\\\/\\\/www.bmicos.com\\\/dominicana\\\/#organization\"},\"potentialAction\":[{\"@type\":\"SearchAction\",\"target\":{\"@type\":\"EntryPoint\",\"urlTemplate\":\"https:\\\/\\\/www.bmicos.com\\\/dominicana\\\/?s={search_term_string}\"},\"query-input\":{\"@type\":\"PropertyValueSpecification\",\"valueRequired\":true,\"valueName\":\"search_term_string\"}}],\"inLanguage\":\"es\"},{\"@type\":\"Organization\",\"@id\":\"https:\\\/\\\/www.bmicos.com\\\/dominicana\\\/#organization\",\"name\":\"BMI Companies\",\"url\":\"https:\\\/\\\/www.bmicos.com\\\/dominicana\\\/\",\"logo\":{\"@type\":\"ImageObject\",\"inLanguage\":\"es\",\"@id\":\"https:\\\/\\\/www.bmicos.com\\\/dominicana\\\/#\\\/schema\\\/logo\\\/image\\\/\",\"url\":\"https:\\\/\\\/www.bmicos.com\\\/dominicana\\\/wp-content\\\/uploads\\\/sites\\\/7\\\/2020\\\/12\\\/logo-1.png\",\"contentUrl\":\"https:\\\/\\\/www.bmicos.com\\\/dominicana\\\/wp-content\\\/uploads\\\/sites\\\/7\\\/2020\\\/12\\\/logo-1.png\",\"width\":519,\"height\":273,\"caption\":\"BMI Companies\"},\"image\":{\"@id\":\"https:\\\/\\\/www.bmicos.com\\\/dominicana\\\/#\\\/schema\\\/logo\\\/image\\\/\"},\"sameAs\":[\"https:\\\/\\\/www.facebook.com\\\/BMIRD\\\/\",\"https:\\\/\\\/www.instagram.com\\\/bmird\\\/\",\"https:\\\/\\\/www.linkedin.com\\\/company\\\/bmird\\\/\",\"https:\\\/\\\/www.youtube.com\\\/user\\\/BMICompaniesGlobal\\\/videos\"]}]}<\/script>\n<!-- \/ Yoast SEO Premium plugin. -->","yoast_head_json":{"title":"RED BMI USA PLANES - BMI Rep\u00fablica Dominicana","description":"Nuestros planes Azure, Ideal y Ejecutivo tienen una extensa red de m\u00e1s de 5,000 hospitales y proveedores, selecciona una ciudad.","robots":{"index":"index","follow":"follow","max-snippet":"max-snippet:-1","max-image-preview":"max-image-preview:large","max-video-preview":"max-video-preview:-1"},"canonical":"https:\/\/www.bmicos.com\/dominicana\/red-de-proveedores__trashed\/red-bmi-usa-planes-azure-ideal-y-ejecutivo\/","og_locale":"es_ES","og_type":"article","og_title":"RED BMI USA PLANES - BMI Rep\u00fablica Dominicana","og_description":"Nuestros planes Azure, Ideal y Ejecutivo tienen una extensa red de m\u00e1s de 5,000 hospitales y proveedores, selecciona una ciudad.","og_url":"https:\/\/www.bmicos.com\/dominicana\/red-de-proveedores__trashed\/red-bmi-usa-planes-azure-ideal-y-ejecutivo\/","og_site_name":"BMI Rep\u00fablica Dominicana","article_publisher":"https:\/\/www.facebook.com\/BMIRD\/","article_modified_time":"2024-08-07T15:30:42+00:00","og_image":[{"width":576,"height":401,"url":"https:\/\/www.bmicos.com\/dominicana\/wp-content\/uploads\/sites\/7\/2021\/02\/Por-que-BMI.jpg","type":"image\/jpeg"}],"twitter_card":"summary_large_image","twitter_title":"RED BMI USA PLANES - BMI Rep\u00fablica Dominicana","twitter_description":"Nuestros planes Azure, Ideal y Ejecutivo tienen una extensa red de m\u00e1s de 5,000 hospitales y proveedores, selecciona una ciudad.","twitter_misc":{"Tiempo de lectura":"19 minutos"},"schema":{"@context":"https:\/\/schema.org","@graph":[{"@type":"WebPage","@id":"https:\/\/www.bmicos.com\/dominicana\/red-de-proveedores__trashed\/red-bmi-usa-planes-azure-ideal-y-ejecutivo\/","url":"https:\/\/www.bmicos.com\/dominicana\/red-de-proveedores__trashed\/red-bmi-usa-planes-azure-ideal-y-ejecutivo\/","name":"RED BMI USA PLANES - BMI Rep\u00fablica Dominicana","isPartOf":{"@id":"https:\/\/www.bmicos.com\/dominicana\/#website"},"datePublished":"2020-12-11T19:58:07+00:00","dateModified":"2024-08-07T15:30:42+00:00","description":"Nuestros planes Azure, Ideal y Ejecutivo tienen una extensa red de m\u00e1s de 5,000 hospitales y proveedores, selecciona una ciudad.","breadcrumb":{"@id":"https:\/\/www.bmicos.com\/dominicana\/red-de-proveedores__trashed\/red-bmi-usa-planes-azure-ideal-y-ejecutivo\/#breadcrumb"},"inLanguage":"es","potentialAction":[{"@type":"ReadAction","target":["https:\/\/www.bmicos.com\/dominicana\/red-de-proveedores__trashed\/red-bmi-usa-planes-azure-ideal-y-ejecutivo\/"]}]},{"@type":"BreadcrumbList","@id":"https:\/\/www.bmicos.com\/dominicana\/red-de-proveedores__trashed\/red-bmi-usa-planes-azure-ideal-y-ejecutivo\/#breadcrumb","itemListElement":[{"@type":"ListItem","position":1,"name":"Inicio","item":"https:\/\/www.bmicos.com\/dominicana\/"},{"@type":"ListItem","position":2,"name":"RED BMI USA PLANES AZURE, IDEAL Y EJECUTIVO"}]},{"@type":"WebSite","@id":"https:\/\/www.bmicos.com\/dominicana\/#website","url":"https:\/\/www.bmicos.com\/dominicana\/","name":"BMI Rep\u00fablica Dominicana","description":"Asegurando familias en todo el mundo","publisher":{"@id":"https:\/\/www.bmicos.com\/dominicana\/#organization"},"potentialAction":[{"@type":"SearchAction","target":{"@type":"EntryPoint","urlTemplate":"https:\/\/www.bmicos.com\/dominicana\/?s={search_term_string}"},"query-input":{"@type":"PropertyValueSpecification","valueRequired":true,"valueName":"search_term_string"}}],"inLanguage":"es"},{"@type":"Organization","@id":"https:\/\/www.bmicos.com\/dominicana\/#organization","name":"BMI Companies","url":"https:\/\/www.bmicos.com\/dominicana\/","logo":{"@type":"ImageObject","inLanguage":"es","@id":"https:\/\/www.bmicos.com\/dominicana\/#\/schema\/logo\/image\/","url":"https:\/\/www.bmicos.com\/dominicana\/wp-content\/uploads\/sites\/7\/2020\/12\/logo-1.png","contentUrl":"https:\/\/www.bmicos.com\/dominicana\/wp-content\/uploads\/sites\/7\/2020\/12\/logo-1.png","width":519,"height":273,"caption":"BMI Companies"},"image":{"@id":"https:\/\/www.bmicos.com\/dominicana\/#\/schema\/logo\/image\/"},"sameAs":["https:\/\/www.facebook.com\/BMIRD\/","https:\/\/www.instagram.com\/bmird\/","https:\/\/www.linkedin.com\/company\/bmird\/","https:\/\/www.youtube.com\/user\/BMICompaniesGlobal\/videos"]}]}},"_links":{"self":[{"href":"https:\/\/www.bmicos.com\/dominicana\/wp-json\/wp\/v2\/pages\/3540","targetHints":{"allow":["GET"]}}],"collection":[{"href":"https:\/\/www.bmicos.com\/dominicana\/wp-json\/wp\/v2\/pages"}],"about":[{"href":"https:\/\/www.bmicos.com\/dominicana\/wp-json\/wp\/v2\/types\/page"}],"author":[{"embeddable":true,"href":"https:\/\/www.bmicos.com\/dominicana\/wp-json\/wp\/v2\/users\/1"}],"replies":[{"embeddable":true,"href":"https:\/\/www.bmicos.com\/dominicana\/wp-json\/wp\/v2\/comments?post=3540"}],"version-history":[{"count":0,"href":"https:\/\/www.bmicos.com\/dominicana\/wp-json\/wp\/v2\/pages\/3540\/revisions"}],"wp:attachment":[{"href":"https:\/\/www.bmicos.com\/dominicana\/wp-json\/wp\/v2\/media?parent=3540"}],"curies":[{"name":"wp","href":"https:\/\/api.w.org\/{rel}","templated":true}]}}