{"id":4305,"date":"2022-01-18T17:03:03","date_gmt":"2022-01-18T17:03:03","guid":{"rendered":"https:\/\/www.bmicos.com\/dominicana\/?post_type=product&#038;p=4305"},"modified":"2023-02-13T12:49:00","modified_gmt":"2023-02-13T18:49:00","slug":"beca-estudiantil","status":"publish","type":"product","link":"https:\/\/www.bmicos.com\/dominicana\/seguros\/beca-estudiantil\/","title":{"rendered":"Beca Estudiantil"},"content":{"rendered":"<div class='w3eden'>\n    <div class=''>\n\n        \n        <div id=\"content_wpdm_package_1\">\n            <div class='row'><div class='col-lg-12 col-md-6 col-12'><!-- WPDM Link Template: Default Template -->\n\n\n<div class=\"link-template-default card mb-2\">\n    <div class=\"card-body\">\n        <div class=\"media stack-xs\">\n            <div class=\"media-body\">\n                <div class=\"media\">\n                    <div class=\"mr-3 img-48\"><img decoding=\"async\" class=\"wpdm_icon\" alt=\"Icono\" src=\"https:\/\/www.bmicos.com\/dominicana\/wp-content\/plugins\/download-manager\/assets\/file-type-icons\/pdf.svg\" \/><\/div>\n                    <div class=\"media-body\">\n                        <h3 class=\"package-title\">Beca Estudiantil<\/h3>\n                        <div class=\"text-muted text-small\"><i class=\"fas fa-copy\"><\/i> 1 archivo(s) <i class=\"fas fa-hdd ml-3\"><\/i> 1.55 MB<\/div>\n                    <\/div>\n                <\/div>\n            <\/div>\n            <div class=\"ml-3 wpdmdl-btn\">\n                <a href=\"https:\/\/www.bmicos.com\/dominicana\/download\/beca-estudiantil\/?wpdmdl=4306&refresh=6a059b815f03e1778752385\" class=\"btn btn-primary\" target=_blank>Ver archivo<\/a>\n                <\/div>\n        <\/div>\n    <\/div>\n<\/div><\/div><div class='col-lg-12 col-md-6 col-12'><!-- WPDM Link Template: Default Template -->\n\n\n<div class=\"link-template-default card mb-2\">\n    <div class=\"card-body\">\n        <div class=\"media stack-xs\">\n            <div class=\"media-body\">\n                <div class=\"media\">\n                    <div class=\"mr-3 img-48\"><img decoding=\"async\" class=\"wpdm_icon\" alt=\"Icono\" src=\"https:\/\/www.bmicos.com\/dominicana\/wp-content\/plugins\/download-manager\/assets\/file-type-icons\/pdf.svg\" \/><\/div>\n                    <div class=\"media-body\">\n                        <h3 class=\"package-title\">Beca Universitaria Estudiantil<\/h3>\n                        <div class=\"text-muted text-small\"><i class=\"fas fa-copy\"><\/i> 1 archivo(s) <i class=\"fas fa-hdd ml-3\"><\/i> 2.24 MB<\/div>\n                    <\/div>\n                <\/div>\n            <\/div>\n            <div class=\"ml-3 wpdmdl-btn\">\n                <a href=\"https:\/\/www.bmicos.com\/dominicana\/download\/beca-universitaria-estudiantil\/?wpdmdl=4682&refresh=6a059b816bd5e1778752385\" class=\"btn btn-primary\" target=_blank>Ver archivo<\/a>\n                <\/div>\n        <\/div>\n    <\/div>\n<\/div><\/div><\/div>            <div style='clear:both'><\/div><div class='text-center'><ul class='pagination wpdm-pagination pagination-centered text-center'><\/ul><\/div><div style='clear:both'><\/div>        <\/div>\n\n        <div style='clear:both'><\/div>\n    <\/div>\n<\/div>\n\n","protected":false},"excerpt":{"rendered":"<p>\u30fb El destino lo escribes t\u00fa mismo, con cada decisi\u00f3n que tomas.<br \/>\n\u30fb Decidir la educaci\u00f3n y el ambiente que queremos brindar a nuestros hijos es esencial para su crecimiento y es una responsabilidad que est\u00e1 en nuestras manos.<br \/>\n\u30fb No dejes lo m\u00e1s importante de tu vida al azar. BMI busca ser tu tranquilidad y apoyo cuando tus hijos m\u00e1s lo requieran.<\/p>\n","protected":false},"featured_media":4303,"template":"","meta":{"_acf_changed":false},"product_brand":[],"product_cat":[257],"product_tag":[511],"class_list":{"0":"post-4305","1":"product","2":"type-product","3":"status-publish","4":"has-post-thumbnail","6":"product_cat-vida","7":"product_tag-beca-estudiantil","9":"first","10":"instock","11":"shipping-taxable","12":"product-type-simple"},"acf":[],"yoast_head":"<!-- This site is optimized with the Yoast SEO Premium plugin v20.7 (Yoast SEO v27.6) - https:\/\/yoast.com\/product\/yoast-seo-premium-wordpress\/ -->\n<title>Beca Estudiantil - BMI Rep\u00fablica Dominicana<\/title>\n<meta name=\"description\" content=\"No dejes lo m\u00e1s importante de tu vida al azar. BMI busca ser tu tranquilidad y apoyo cuando tus hijos m\u00e1s lo requieran.\" \/>\n<meta name=\"robots\" content=\"index, follow, max-snippet:-1, max-image-preview:large, max-video-preview:-1\" \/>\n<link rel=\"canonical\" href=\"https:\/\/www.bmicos.com\/dominicana\/seguros\/beca-estudiantil\/\" \/>\n<meta property=\"og:locale\" content=\"es_ES\" \/>\n<meta property=\"og:type\" content=\"article\" \/>\n<meta property=\"og:title\" content=\"Beca Estudiantil\" \/>\n<meta property=\"og:description\" content=\"No dejes lo m\u00e1s importante de tu vida al azar. BMI busca ser tu tranquilidad y apoyo cuando tus hijos m\u00e1s lo requieran.\" \/>\n<meta property=\"og:url\" content=\"https:\/\/www.bmicos.com\/dominicana\/seguros\/beca-estudiantil\/\" \/>\n<meta property=\"og:site_name\" content=\"BMI Rep\u00fablica Dominicana\" \/>\n<meta property=\"article:publisher\" content=\"https:\/\/www.facebook.com\/BMIRD\/\" \/>\n<meta property=\"article:modified_time\" content=\"2023-02-13T18:49:00+00:00\" \/>\n<meta property=\"og:image\" content=\"https:\/\/www.bmicos.com\/dominicana\/wp-content\/uploads\/sites\/7\/2020\/10\/0001.jpeg\" \/>\n\t<meta property=\"og:image:width\" content=\"791\" \/>\n\t<meta property=\"og:image:height\" content=\"1024\" \/>\n\t<meta property=\"og:image:type\" content=\"image\/jpeg\" \/>\n<meta name=\"twitter:card\" content=\"summary_large_image\" \/>\n<meta name=\"twitter:label1\" content=\"Tiempo de lectura\" \/>\n\t<meta name=\"twitter:data1\" content=\"1 minuto\" \/>\n<script type=\"application\/ld+json\" class=\"yoast-schema-graph\">{\"@context\":\"https:\\\/\\\/schema.org\",\"@graph\":[{\"@type\":\"WebPage\",\"@id\":\"https:\\\/\\\/www.bmicos.com\\\/dominicana\\\/seguros\\\/beca-estudiantil\\\/\",\"url\":\"https:\\\/\\\/www.bmicos.com\\\/dominicana\\\/seguros\\\/beca-estudiantil\\\/\",\"name\":\"Beca Estudiantil - BMI Rep\u00fablica Dominicana\",\"isPartOf\":{\"@id\":\"https:\\\/\\\/www.bmicos.com\\\/dominicana\\\/#website\"},\"primaryImageOfPage\":{\"@id\":\"https:\\\/\\\/www.bmicos.com\\\/dominicana\\\/seguros\\\/beca-estudiantil\\\/#primaryimage\"},\"image\":{\"@id\":\"https:\\\/\\\/www.bmicos.com\\\/dominicana\\\/seguros\\\/beca-estudiantil\\\/#primaryimage\"},\"thumbnailUrl\":\"https:\\\/\\\/www.bmicos.com\\\/dominicana\\\/wp-content\\\/uploads\\\/sites\\\/7\\\/2020\\\/10\\\/0001.jpeg\",\"datePublished\":\"2022-01-18T17:03:03+00:00\",\"dateModified\":\"2023-02-13T18:49:00+00:00\",\"description\":\"No dejes lo m\u00e1s importante de tu vida al azar. BMI busca ser tu tranquilidad y apoyo cuando tus hijos m\u00e1s lo requieran.\",\"breadcrumb\":{\"@id\":\"https:\\\/\\\/www.bmicos.com\\\/dominicana\\\/seguros\\\/beca-estudiantil\\\/#breadcrumb\"},\"inLanguage\":\"es\",\"potentialAction\":[{\"@type\":\"ReadAction\",\"target\":[\"https:\\\/\\\/www.bmicos.com\\\/dominicana\\\/seguros\\\/beca-estudiantil\\\/\"]}]},{\"@type\":\"ImageObject\",\"inLanguage\":\"es\",\"@id\":\"https:\\\/\\\/www.bmicos.com\\\/dominicana\\\/seguros\\\/beca-estudiantil\\\/#primaryimage\",\"url\":\"https:\\\/\\\/www.bmicos.com\\\/dominicana\\\/wp-content\\\/uploads\\\/sites\\\/7\\\/2020\\\/10\\\/0001.jpeg\",\"contentUrl\":\"https:\\\/\\\/www.bmicos.com\\\/dominicana\\\/wp-content\\\/uploads\\\/sites\\\/7\\\/2020\\\/10\\\/0001.jpeg\",\"width\":791,\"height\":1024},{\"@type\":\"BreadcrumbList\",\"@id\":\"https:\\\/\\\/www.bmicos.com\\\/dominicana\\\/seguros\\\/beca-estudiantil\\\/#breadcrumb\",\"itemListElement\":[{\"@type\":\"ListItem\",\"position\":1,\"name\":\"Inicio\",\"item\":\"https:\\\/\\\/www.bmicos.com\\\/dominicana\\\/\"},{\"@type\":\"ListItem\",\"position\":2,\"name\":\"Seguros\",\"item\":\"https:\\\/\\\/www.bmicos.com\\\/dominicana\\\/seguros\\\/\"},{\"@type\":\"ListItem\",\"position\":3,\"name\":\"Beca Estudiantil\"}]},{\"@type\":\"WebSite\",\"@id\":\"https:\\\/\\\/www.bmicos.com\\\/dominicana\\\/#website\",\"url\":\"https:\\\/\\\/www.bmicos.com\\\/dominicana\\\/\",\"name\":\"BMI Rep\u00fablica Dominicana\",\"description\":\"Asegurando familias en todo el mundo\",\"publisher\":{\"@id\":\"https:\\\/\\\/www.bmicos.com\\\/dominicana\\\/#organization\"},\"potentialAction\":[{\"@type\":\"SearchAction\",\"target\":{\"@type\":\"EntryPoint\",\"urlTemplate\":\"https:\\\/\\\/www.bmicos.com\\\/dominicana\\\/?s={search_term_string}\"},\"query-input\":{\"@type\":\"PropertyValueSpecification\",\"valueRequired\":true,\"valueName\":\"search_term_string\"}}],\"inLanguage\":\"es\"},{\"@type\":\"Organization\",\"@id\":\"https:\\\/\\\/www.bmicos.com\\\/dominicana\\\/#organization\",\"name\":\"BMI Companies\",\"url\":\"https:\\\/\\\/www.bmicos.com\\\/dominicana\\\/\",\"logo\":{\"@type\":\"ImageObject\",\"inLanguage\":\"es\",\"@id\":\"https:\\\/\\\/www.bmicos.com\\\/dominicana\\\/#\\\/schema\\\/logo\\\/image\\\/\",\"url\":\"https:\\\/\\\/www.bmicos.com\\\/dominicana\\\/wp-content\\\/uploads\\\/sites\\\/7\\\/2020\\\/12\\\/logo-1.png\",\"contentUrl\":\"https:\\\/\\\/www.bmicos.com\\\/dominicana\\\/wp-content\\\/uploads\\\/sites\\\/7\\\/2020\\\/12\\\/logo-1.png\",\"width\":519,\"height\":273,\"caption\":\"BMI Companies\"},\"image\":{\"@id\":\"https:\\\/\\\/www.bmicos.com\\\/dominicana\\\/#\\\/schema\\\/logo\\\/image\\\/\"},\"sameAs\":[\"https:\\\/\\\/www.facebook.com\\\/BMIRD\\\/\",\"https:\\\/\\\/www.instagram.com\\\/bmird\\\/\",\"https:\\\/\\\/www.linkedin.com\\\/company\\\/bmird\\\/\",\"https:\\\/\\\/www.youtube.com\\\/user\\\/BMICompaniesGlobal\\\/videos\"]}]}<\/script>\n<!-- \/ Yoast SEO Premium plugin. -->","yoast_head_json":{"title":"Beca Estudiantil - BMI Rep\u00fablica Dominicana","description":"No dejes lo m\u00e1s importante de tu vida al azar. BMI busca ser tu tranquilidad y apoyo cuando tus hijos m\u00e1s lo requieran.","robots":{"index":"index","follow":"follow","max-snippet":"max-snippet:-1","max-image-preview":"max-image-preview:large","max-video-preview":"max-video-preview:-1"},"canonical":"https:\/\/www.bmicos.com\/dominicana\/seguros\/beca-estudiantil\/","og_locale":"es_ES","og_type":"article","og_title":"Beca Estudiantil","og_description":"No dejes lo m\u00e1s importante de tu vida al azar. BMI busca ser tu tranquilidad y apoyo cuando tus hijos m\u00e1s lo requieran.","og_url":"https:\/\/www.bmicos.com\/dominicana\/seguros\/beca-estudiantil\/","og_site_name":"BMI Rep\u00fablica Dominicana","article_publisher":"https:\/\/www.facebook.com\/BMIRD\/","article_modified_time":"2023-02-13T18:49:00+00:00","og_image":[{"width":791,"height":1024,"url":"https:\/\/www.bmicos.com\/dominicana\/wp-content\/uploads\/sites\/7\/2020\/10\/0001.jpeg","type":"image\/jpeg"}],"twitter_card":"summary_large_image","twitter_misc":{"Tiempo de lectura":"1 minuto"},"schema":{"@context":"https:\/\/schema.org","@graph":[{"@type":"WebPage","@id":"https:\/\/www.bmicos.com\/dominicana\/seguros\/beca-estudiantil\/","url":"https:\/\/www.bmicos.com\/dominicana\/seguros\/beca-estudiantil\/","name":"Beca Estudiantil - BMI Rep\u00fablica Dominicana","isPartOf":{"@id":"https:\/\/www.bmicos.com\/dominicana\/#website"},"primaryImageOfPage":{"@id":"https:\/\/www.bmicos.com\/dominicana\/seguros\/beca-estudiantil\/#primaryimage"},"image":{"@id":"https:\/\/www.bmicos.com\/dominicana\/seguros\/beca-estudiantil\/#primaryimage"},"thumbnailUrl":"https:\/\/www.bmicos.com\/dominicana\/wp-content\/uploads\/sites\/7\/2020\/10\/0001.jpeg","datePublished":"2022-01-18T17:03:03+00:00","dateModified":"2023-02-13T18:49:00+00:00","description":"No dejes lo m\u00e1s importante de tu vida al azar. BMI busca ser tu tranquilidad y apoyo cuando tus hijos m\u00e1s lo requieran.","breadcrumb":{"@id":"https:\/\/www.bmicos.com\/dominicana\/seguros\/beca-estudiantil\/#breadcrumb"},"inLanguage":"es","potentialAction":[{"@type":"ReadAction","target":["https:\/\/www.bmicos.com\/dominicana\/seguros\/beca-estudiantil\/"]}]},{"@type":"ImageObject","inLanguage":"es","@id":"https:\/\/www.bmicos.com\/dominicana\/seguros\/beca-estudiantil\/#primaryimage","url":"https:\/\/www.bmicos.com\/dominicana\/wp-content\/uploads\/sites\/7\/2020\/10\/0001.jpeg","contentUrl":"https:\/\/www.bmicos.com\/dominicana\/wp-content\/uploads\/sites\/7\/2020\/10\/0001.jpeg","width":791,"height":1024},{"@type":"BreadcrumbList","@id":"https:\/\/www.bmicos.com\/dominicana\/seguros\/beca-estudiantil\/#breadcrumb","itemListElement":[{"@type":"ListItem","position":1,"name":"Inicio","item":"https:\/\/www.bmicos.com\/dominicana\/"},{"@type":"ListItem","position":2,"name":"Seguros","item":"https:\/\/www.bmicos.com\/dominicana\/seguros\/"},{"@type":"ListItem","position":3,"name":"Beca Estudiantil"}]},{"@type":"WebSite","@id":"https:\/\/www.bmicos.com\/dominicana\/#website","url":"https:\/\/www.bmicos.com\/dominicana\/","name":"BMI Rep\u00fablica Dominicana","description":"Asegurando familias en todo el mundo","publisher":{"@id":"https:\/\/www.bmicos.com\/dominicana\/#organization"},"potentialAction":[{"@type":"SearchAction","target":{"@type":"EntryPoint","urlTemplate":"https:\/\/www.bmicos.com\/dominicana\/?s={search_term_string}"},"query-input":{"@type":"PropertyValueSpecification","valueRequired":true,"valueName":"search_term_string"}}],"inLanguage":"es"},{"@type":"Organization","@id":"https:\/\/www.bmicos.com\/dominicana\/#organization","name":"BMI Companies","url":"https:\/\/www.bmicos.com\/dominicana\/","logo":{"@type":"ImageObject","inLanguage":"es","@id":"https:\/\/www.bmicos.com\/dominicana\/#\/schema\/logo\/image\/","url":"https:\/\/www.bmicos.com\/dominicana\/wp-content\/uploads\/sites\/7\/2020\/12\/logo-1.png","contentUrl":"https:\/\/www.bmicos.com\/dominicana\/wp-content\/uploads\/sites\/7\/2020\/12\/logo-1.png","width":519,"height":273,"caption":"BMI Companies"},"image":{"@id":"https:\/\/www.bmicos.com\/dominicana\/#\/schema\/logo\/image\/"},"sameAs":["https:\/\/www.facebook.com\/BMIRD\/","https:\/\/www.instagram.com\/bmird\/","https:\/\/www.linkedin.com\/company\/bmird\/","https:\/\/www.youtube.com\/user\/BMICompaniesGlobal\/videos"]}]}},"_links":{"self":[{"href":"https:\/\/www.bmicos.com\/dominicana\/wp-json\/wp\/v2\/product\/4305","targetHints":{"allow":["GET"]}}],"collection":[{"href":"https:\/\/www.bmicos.com\/dominicana\/wp-json\/wp\/v2\/product"}],"about":[{"href":"https:\/\/www.bmicos.com\/dominicana\/wp-json\/wp\/v2\/types\/product"}],"version-history":[{"count":0,"href":"https:\/\/www.bmicos.com\/dominicana\/wp-json\/wp\/v2\/product\/4305\/revisions"}],"wp:featuredmedia":[{"embeddable":true,"href":"https:\/\/www.bmicos.com\/dominicana\/wp-json\/wp\/v2\/media\/4303"}],"wp:attachment":[{"href":"https:\/\/www.bmicos.com\/dominicana\/wp-json\/wp\/v2\/media?parent=4305"}],"wp:term":[{"taxonomy":"product_brand","embeddable":true,"href":"https:\/\/www.bmicos.com\/dominicana\/wp-json\/wp\/v2\/product_brand?post=4305"},{"taxonomy":"product_cat","embeddable":true,"href":"https:\/\/www.bmicos.com\/dominicana\/wp-json\/wp\/v2\/product_cat?post=4305"},{"taxonomy":"product_tag","embeddable":true,"href":"https:\/\/www.bmicos.com\/dominicana\/wp-json\/wp\/v2\/product_tag?post=4305"}],"curies":[{"name":"wp","href":"https:\/\/api.w.org\/{rel}","templated":true}]}}