{"id":5310,"date":"2021-12-27T15:40:59","date_gmt":"2021-12-27T19:40:59","guid":{"rendered":"https:\/\/www.bmicos.com\/ecuador\/?post_type=product&#038;p=5310"},"modified":"2023-08-01T13:53:06","modified_gmt":"2023-08-01T18:53:06","slug":"plan-gastos-medicos-mayores","status":"publish","type":"product","link":"https:\/\/www.bmicos.com\/ecuador\/en\/seguros\/plan-gastos-medicos-mayores\/","title":{"rendered":"Major Medical Expenses Plan"},"content":{"rendered":"<p><b>Characteristics:<\/b><\/p>\n<ul>\n<li>Recruitment from 20 affiliates.<br \/>\nPlans with or without maternity coverage.<br \/>\nOutpatient and\/or hospital copays at 100%<\/li>\n<\/ul>","protected":false},"excerpt":{"rendered":"<p>Plan with coverage of half a million dollars that is not limited to a group of disabilities.<\/p>","protected":false},"featured_media":5692,"template":"","meta":{"_acf_changed":false,"content-type":""},"product_brand":[],"product_cat":[522],"product_tag":[641],"class_list":{"0":"post-5310","1":"product","2":"type-product","3":"status-publish","4":"has-post-thumbnail","6":"product_cat-planes-corporativos-de-medicina-prepagada","7":"product_tag-producto-gmm-igualas-medicas","9":"first","10":"instock","11":"shipping-taxable","12":"product-type-simple"},"acf":[],"yoast_head":"<!-- This site is optimized with the Yoast SEO Premium plugin v20.7 (Yoast SEO v27.4) - https:\/\/yoast.com\/product\/yoast-seo-premium-wordpress\/ -->\n<title>Plan Gastos M\u00e9dicos Mayores - BMI Ecuador<\/title>\n<meta name=\"description\" content=\"Plan Gastos M\u00e9dicos Mayores Contrataci\u00f3n desde 20 afiliados.Planes con o sin cobertura de maternidad.Copagos ambulatorio y\/u hospitalario al 100%\" \/>\n<meta name=\"robots\" content=\"index, follow, max-snippet:-1, max-image-preview:large, max-video-preview:-1\" \/>\n<link rel=\"canonical\" href=\"https:\/\/www.bmicos.com\/ecuador\/en\/seguros\/plan-gastos-medicos-mayores\/\" \/>\n<meta property=\"og:locale\" content=\"en_US\" \/>\n<meta property=\"og:type\" content=\"article\" \/>\n<meta property=\"og:title\" content=\"Plan Gastos M\u00e9dicos Mayores\" \/>\n<meta property=\"og:description\" content=\"Plan Gastos M\u00e9dicos Mayores Contrataci\u00f3n desde 20 afiliados.Planes con o sin cobertura de maternidad.Copagos ambulatorio y\/u hospitalario al 100%\" \/>\n<meta property=\"og:url\" content=\"https:\/\/www.bmicos.com\/ecuador\/en\/seguros\/plan-gastos-medicos-mayores\/\" \/>\n<meta property=\"og:site_name\" content=\"BMI Ecuador\" \/>\n<meta property=\"article:publisher\" content=\"https:\/\/www.facebook.com\/BMIEcuador\" \/>\n<meta property=\"article:modified_time\" content=\"2023-08-01T18:53:06+00:00\" \/>\n<meta property=\"og:image\" content=\"https:\/\/www.bmicos.com\/ecuador\/wp-content\/uploads\/sites\/9\/2021\/12\/Plan-Gastos-Medicos-Mayores.jpg\" \/>\n\t<meta property=\"og:image:width\" content=\"800\" \/>\n\t<meta property=\"og:image:height\" content=\"534\" \/>\n\t<meta property=\"og:image:type\" content=\"image\/jpeg\" \/>\n<meta name=\"twitter:card\" content=\"summary_large_image\" \/>\n<meta name=\"twitter:label1\" content=\"Est. reading time\" \/>\n\t<meta name=\"twitter:data1\" content=\"1 minute\" \/>\n<script type=\"application\/ld+json\" class=\"yoast-schema-graph\">{\"@context\":\"https:\\\/\\\/schema.org\",\"@graph\":[{\"@type\":\"WebPage\",\"@id\":\"https:\\\/\\\/www.bmicos.com\\\/ecuador\\\/seguros\\\/plan-gastos-medicos-mayores\\\/\",\"url\":\"https:\\\/\\\/www.bmicos.com\\\/ecuador\\\/seguros\\\/plan-gastos-medicos-mayores\\\/\",\"name\":\"Plan Gastos M\u00e9dicos Mayores - BMI Ecuador\",\"isPartOf\":{\"@id\":\"https:\\\/\\\/www.bmicos.com\\\/ecuador\\\/#website\"},\"primaryImageOfPage\":{\"@id\":\"https:\\\/\\\/www.bmicos.com\\\/ecuador\\\/seguros\\\/plan-gastos-medicos-mayores\\\/#primaryimage\"},\"image\":{\"@id\":\"https:\\\/\\\/www.bmicos.com\\\/ecuador\\\/seguros\\\/plan-gastos-medicos-mayores\\\/#primaryimage\"},\"thumbnailUrl\":\"https:\\\/\\\/www.bmicos.com\\\/ecuador\\\/wp-content\\\/uploads\\\/sites\\\/9\\\/2021\\\/12\\\/Plan-Gastos-Medicos-Mayores.jpg\",\"datePublished\":\"2021-12-27T19:40:59+00:00\",\"dateModified\":\"2023-08-01T18:53:06+00:00\",\"description\":\"Plan Gastos M\u00e9dicos Mayores Contrataci\u00f3n desde 20 afiliados.Planes con o sin cobertura de maternidad.Copagos ambulatorio y\\\/u hospitalario al 100%\",\"breadcrumb\":{\"@id\":\"https:\\\/\\\/www.bmicos.com\\\/ecuador\\\/seguros\\\/plan-gastos-medicos-mayores\\\/#breadcrumb\"},\"inLanguage\":\"en-US\",\"potentialAction\":[{\"@type\":\"ReadAction\",\"target\":[\"https:\\\/\\\/www.bmicos.com\\\/ecuador\\\/seguros\\\/plan-gastos-medicos-mayores\\\/\"]}]},{\"@type\":\"ImageObject\",\"inLanguage\":\"en-US\",\"@id\":\"https:\\\/\\\/www.bmicos.com\\\/ecuador\\\/seguros\\\/plan-gastos-medicos-mayores\\\/#primaryimage\",\"url\":\"https:\\\/\\\/www.bmicos.com\\\/ecuador\\\/wp-content\\\/uploads\\\/sites\\\/9\\\/2021\\\/12\\\/Plan-Gastos-Medicos-Mayores.jpg\",\"contentUrl\":\"https:\\\/\\\/www.bmicos.com\\\/ecuador\\\/wp-content\\\/uploads\\\/sites\\\/9\\\/2021\\\/12\\\/Plan-Gastos-Medicos-Mayores.jpg\",\"width\":800,\"height\":534},{\"@type\":\"BreadcrumbList\",\"@id\":\"https:\\\/\\\/www.bmicos.com\\\/ecuador\\\/seguros\\\/plan-gastos-medicos-mayores\\\/#breadcrumb\",\"itemListElement\":[{\"@type\":\"ListItem\",\"position\":1,\"name\":\"Inicio\",\"item\":\"https:\\\/\\\/www.bmicos.com\\\/ecuador\\\/\"},{\"@type\":\"ListItem\",\"position\":2,\"name\":\"Seguros\",\"item\":\"https:\\\/\\\/www.bmicos.com\\\/ecuador\\\/seguros\\\/\"},{\"@type\":\"ListItem\",\"position\":3,\"name\":\"Plan Gastos M\u00e9dicos Mayores\"}]},{\"@type\":\"WebSite\",\"@id\":\"https:\\\/\\\/www.bmicos.com\\\/ecuador\\\/#website\",\"url\":\"https:\\\/\\\/www.bmicos.com\\\/ecuador\\\/\",\"name\":\"BMI Ecuador\",\"description\":\"Asegurando familias en todo el mundo\",\"publisher\":{\"@id\":\"https:\\\/\\\/www.bmicos.com\\\/ecuador\\\/#organization\"},\"potentialAction\":[{\"@type\":\"SearchAction\",\"target\":{\"@type\":\"EntryPoint\",\"urlTemplate\":\"https:\\\/\\\/www.bmicos.com\\\/ecuador\\\/?s={search_term_string}\"},\"query-input\":{\"@type\":\"PropertyValueSpecification\",\"valueRequired\":true,\"valueName\":\"search_term_string\"}}],\"inLanguage\":\"en-US\"},{\"@type\":\"Organization\",\"@id\":\"https:\\\/\\\/www.bmicos.com\\\/ecuador\\\/#organization\",\"name\":\"BMI Companies\",\"url\":\"https:\\\/\\\/www.bmicos.com\\\/ecuador\\\/\",\"logo\":{\"@type\":\"ImageObject\",\"inLanguage\":\"en-US\",\"@id\":\"https:\\\/\\\/www.bmicos.com\\\/ecuador\\\/#\\\/schema\\\/logo\\\/image\\\/\",\"url\":\"https:\\\/\\\/www.bmicos.com\\\/ecuador\\\/wp-content\\\/uploads\\\/sites\\\/9\\\/2020\\\/12\\\/logo-1.png\",\"contentUrl\":\"https:\\\/\\\/www.bmicos.com\\\/ecuador\\\/wp-content\\\/uploads\\\/sites\\\/9\\\/2020\\\/12\\\/logo-1.png\",\"width\":519,\"height\":273,\"caption\":\"BMI Companies\"},\"image\":{\"@id\":\"https:\\\/\\\/www.bmicos.com\\\/ecuador\\\/#\\\/schema\\\/logo\\\/image\\\/\"},\"sameAs\":[\"https:\\\/\\\/www.facebook.com\\\/BMIEcuador\",\"https:\\\/\\\/www.instagram.com\\\/bmi_ec\\\/\",\"https:\\\/\\\/www.linkedin.com\\\/company\\\/bmi-ecuador\",\"https:\\\/\\\/www.youtube.com\\\/c\\\/BMIEcuadorOficial\"]}]}<\/script>\n<!-- \/ Yoast SEO Premium plugin. -->","yoast_head_json":{"title":"Plan Gastos M\u00e9dicos Mayores - BMI Ecuador","description":"Plan Gastos M\u00e9dicos Mayores Contrataci\u00f3n desde 20 afiliados.Planes con o sin cobertura de maternidad.Copagos ambulatorio y\/u hospitalario al 100%","robots":{"index":"index","follow":"follow","max-snippet":"max-snippet:-1","max-image-preview":"max-image-preview:large","max-video-preview":"max-video-preview:-1"},"canonical":"https:\/\/www.bmicos.com\/ecuador\/en\/seguros\/plan-gastos-medicos-mayores\/","og_locale":"en_US","og_type":"article","og_title":"Plan Gastos M\u00e9dicos Mayores","og_description":"Plan Gastos M\u00e9dicos Mayores Contrataci\u00f3n desde 20 afiliados.Planes con o sin cobertura de maternidad.Copagos ambulatorio y\/u hospitalario al 100%","og_url":"https:\/\/www.bmicos.com\/ecuador\/en\/seguros\/plan-gastos-medicos-mayores\/","og_site_name":"BMI Ecuador","article_publisher":"https:\/\/www.facebook.com\/BMIEcuador","article_modified_time":"2023-08-01T18:53:06+00:00","og_image":[{"width":800,"height":534,"url":"https:\/\/www.bmicos.com\/ecuador\/wp-content\/uploads\/sites\/9\/2021\/12\/Plan-Gastos-Medicos-Mayores.jpg","type":"image\/jpeg"}],"twitter_card":"summary_large_image","twitter_misc":{"Est. reading time":"1 minute"},"schema":{"@context":"https:\/\/schema.org","@graph":[{"@type":"WebPage","@id":"https:\/\/www.bmicos.com\/ecuador\/seguros\/plan-gastos-medicos-mayores\/","url":"https:\/\/www.bmicos.com\/ecuador\/seguros\/plan-gastos-medicos-mayores\/","name":"Plan Gastos M\u00e9dicos Mayores - BMI Ecuador","isPartOf":{"@id":"https:\/\/www.bmicos.com\/ecuador\/#website"},"primaryImageOfPage":{"@id":"https:\/\/www.bmicos.com\/ecuador\/seguros\/plan-gastos-medicos-mayores\/#primaryimage"},"image":{"@id":"https:\/\/www.bmicos.com\/ecuador\/seguros\/plan-gastos-medicos-mayores\/#primaryimage"},"thumbnailUrl":"https:\/\/www.bmicos.com\/ecuador\/wp-content\/uploads\/sites\/9\/2021\/12\/Plan-Gastos-Medicos-Mayores.jpg","datePublished":"2021-12-27T19:40:59+00:00","dateModified":"2023-08-01T18:53:06+00:00","description":"Plan Gastos M\u00e9dicos Mayores Contrataci\u00f3n desde 20 afiliados.Planes con o sin cobertura de maternidad.Copagos ambulatorio y\/u hospitalario al 100%","breadcrumb":{"@id":"https:\/\/www.bmicos.com\/ecuador\/seguros\/plan-gastos-medicos-mayores\/#breadcrumb"},"inLanguage":"en-US","potentialAction":[{"@type":"ReadAction","target":["https:\/\/www.bmicos.com\/ecuador\/seguros\/plan-gastos-medicos-mayores\/"]}]},{"@type":"ImageObject","inLanguage":"en-US","@id":"https:\/\/www.bmicos.com\/ecuador\/seguros\/plan-gastos-medicos-mayores\/#primaryimage","url":"https:\/\/www.bmicos.com\/ecuador\/wp-content\/uploads\/sites\/9\/2021\/12\/Plan-Gastos-Medicos-Mayores.jpg","contentUrl":"https:\/\/www.bmicos.com\/ecuador\/wp-content\/uploads\/sites\/9\/2021\/12\/Plan-Gastos-Medicos-Mayores.jpg","width":800,"height":534},{"@type":"BreadcrumbList","@id":"https:\/\/www.bmicos.com\/ecuador\/seguros\/plan-gastos-medicos-mayores\/#breadcrumb","itemListElement":[{"@type":"ListItem","position":1,"name":"Inicio","item":"https:\/\/www.bmicos.com\/ecuador\/"},{"@type":"ListItem","position":2,"name":"Seguros","item":"https:\/\/www.bmicos.com\/ecuador\/seguros\/"},{"@type":"ListItem","position":3,"name":"Plan Gastos M\u00e9dicos Mayores"}]},{"@type":"WebSite","@id":"https:\/\/www.bmicos.com\/ecuador\/#website","url":"https:\/\/www.bmicos.com\/ecuador\/","name":"BMI Ecuador","description":"Insuring Families Worldwide","publisher":{"@id":"https:\/\/www.bmicos.com\/ecuador\/#organization"},"potentialAction":[{"@type":"SearchAction","target":{"@type":"EntryPoint","urlTemplate":"https:\/\/www.bmicos.com\/ecuador\/?s={search_term_string}"},"query-input":{"@type":"PropertyValueSpecification","valueRequired":true,"valueName":"search_term_string"}}],"inLanguage":"en-US"},{"@type":"Organization","@id":"https:\/\/www.bmicos.com\/ecuador\/#organization","name":"BMI Companies","url":"https:\/\/www.bmicos.com\/ecuador\/","logo":{"@type":"ImageObject","inLanguage":"en-US","@id":"https:\/\/www.bmicos.com\/ecuador\/#\/schema\/logo\/image\/","url":"https:\/\/www.bmicos.com\/ecuador\/wp-content\/uploads\/sites\/9\/2020\/12\/logo-1.png","contentUrl":"https:\/\/www.bmicos.com\/ecuador\/wp-content\/uploads\/sites\/9\/2020\/12\/logo-1.png","width":519,"height":273,"caption":"BMI Companies"},"image":{"@id":"https:\/\/www.bmicos.com\/ecuador\/#\/schema\/logo\/image\/"},"sameAs":["https:\/\/www.facebook.com\/BMIEcuador","https:\/\/www.instagram.com\/bmi_ec\/","https:\/\/www.linkedin.com\/company\/bmi-ecuador","https:\/\/www.youtube.com\/c\/BMIEcuadorOficial"]}]}},"_links":{"self":[{"href":"https:\/\/www.bmicos.com\/ecuador\/en\/wp-json\/wp\/v2\/product\/5310","targetHints":{"allow":["GET"]}}],"collection":[{"href":"https:\/\/www.bmicos.com\/ecuador\/en\/wp-json\/wp\/v2\/product"}],"about":[{"href":"https:\/\/www.bmicos.com\/ecuador\/en\/wp-json\/wp\/v2\/types\/product"}],"version-history":[{"count":0,"href":"https:\/\/www.bmicos.com\/ecuador\/en\/wp-json\/wp\/v2\/product\/5310\/revisions"}],"wp:featuredmedia":[{"embeddable":true,"href":"https:\/\/www.bmicos.com\/ecuador\/en\/wp-json\/wp\/v2\/media\/5692"}],"wp:attachment":[{"href":"https:\/\/www.bmicos.com\/ecuador\/en\/wp-json\/wp\/v2\/media?parent=5310"}],"wp:term":[{"taxonomy":"product_brand","embeddable":true,"href":"https:\/\/www.bmicos.com\/ecuador\/en\/wp-json\/wp\/v2\/product_brand?post=5310"},{"taxonomy":"product_cat","embeddable":true,"href":"https:\/\/www.bmicos.com\/ecuador\/en\/wp-json\/wp\/v2\/product_cat?post=5310"},{"taxonomy":"product_tag","embeddable":true,"href":"https:\/\/www.bmicos.com\/ecuador\/en\/wp-json\/wp\/v2\/product_tag?post=5310"}],"curies":[{"name":"wp","href":"https:\/\/api.w.org\/{rel}","templated":true}]}}