{"id":8503,"date":"2023-08-09T13:02:14","date_gmt":"2023-08-09T18:02:14","guid":{"rendered":"https:\/\/www.bmicos.com\/ecuador\/?page_id=8503"},"modified":"2025-11-27T14:40:14","modified_gmt":"2025-11-27T19:40:14","slug":"revista","status":"publish","type":"page","link":"https:\/\/www.bmicos.com\/ecuador\/revista\/","title":{"rendered":"Revista"},"content":{"rendered":"\t\t<div data-elementor-type=\"wp-page\" data-elementor-id=\"8503\" class=\"elementor elementor-8503\" data-elementor-post-type=\"page\">\n\t\t\t\t\t\t<div class=\"elementor-inner\">\n\t\t\t\t<div class=\"elementor-section-wrap\">\n\t\t\t\t\t\t\t\t\t<section class=\"elementor-section elementor-top-section elementor-element elementor-element-8f39f0d elementor-section-height-min-height elementor-section-boxed elementor-section-height-default elementor-section-items-middle\" data-id=\"8f39f0d\" data-element_type=\"section\" data-settings=\"{&quot;jet_parallax_layout_list&quot;:[],&quot;background_background&quot;:&quot;classic&quot;}\">\n\t\t\t\t\t\t<div class=\"elementor-container elementor-column-gap-default\">\n\t\t\t\t\t\t\t<div class=\"elementor-row\">\n\t\t\t\t\t<div class=\"elementor-column elementor-col-50 elementor-top-column elementor-element elementor-element-85732bf\" data-id=\"85732bf\" data-element_type=\"column\">\n\t\t\t<div class=\"elementor-column-wrap\">\n\t\t\t\t\t\t\t<div class=\"elementor-widget-wrap\">\n\t\t\t\t\t\t\t\t<\/div>\n\t\t\t\t\t<\/div>\n\t\t<\/div>\n\t\t\t\t<div class=\"elementor-column elementor-col-50 elementor-top-column elementor-element elementor-element-01eea20\" data-id=\"01eea20\" data-element_type=\"column\">\n\t\t\t<div class=\"elementor-column-wrap\">\n\t\t\t\t\t\t\t<div class=\"elementor-widget-wrap\">\n\t\t\t\t\t\t\t\t<\/div>\n\t\t\t\t\t<\/div>\n\t\t<\/div>\n\t\t\t\t\t\t\t\t<\/div>\n\t\t\t\t\t<\/div>\n\t\t<\/section>\n\t\t\t\t<section class=\"elementor-section elementor-top-section elementor-element elementor-element-0a06644 elementor-section-boxed elementor-section-height-default elementor-section-height-default\" data-id=\"0a06644\" data-element_type=\"section\" data-settings=\"{&quot;jet_parallax_layout_list&quot;:[]}\">\n\t\t\t\t\t\t<div class=\"elementor-container elementor-column-gap-default\">\n\t\t\t\t\t\t\t<div class=\"elementor-row\">\n\t\t\t\t\t<div class=\"elementor-column elementor-col-100 elementor-top-column elementor-element elementor-element-2be25f1\" data-id=\"2be25f1\" data-element_type=\"column\">\n\t\t\t<div class=\"elementor-column-wrap elementor-element-populated\">\n\t\t\t\t\t\t\t<div class=\"elementor-widget-wrap\">\n\t\t\t\t\t\t<div class=\"elementor-element elementor-element-cdf90cd elementor-widget elementor-widget-html\" data-id=\"cdf90cd\" data-element_type=\"widget\" data-widget_type=\"html.default\">\n\t\t\t\t<div class=\"elementor-widget-container\">\n\t\t\t<iframe style=\"width: 1245px; height: 700px; opacity: 1; visibility: visible;\" src=\"https:\/\/fliphtml5.com\/bookcase\/bsuss\/silver\" seamless=\"seamless\" scrolling=\"no\" frameborder=\"0\" allowtransparency=\"true\" allowfullscreen=\"\" data-dashlane-frameid=\"127\"><\/iframe>\t\t<\/div>\n\t\t\t\t<\/div>\n\t\t\t\t\t\t<\/div>\n\t\t\t\t\t<\/div>\n\t\t<\/div>\n\t\t\t\t\t\t\t\t<\/div>\n\t\t\t\t\t<\/div>\n\t\t<\/section>\n\t\t\t\t<section class=\"elementor-section elementor-top-section elementor-element elementor-element-b10f386 elementor-section-boxed elementor-section-height-default elementor-section-height-default\" data-id=\"b10f386\" data-element_type=\"section\" data-settings=\"{&quot;jet_parallax_layout_list&quot;:[]}\">\n\t\t\t\t\t\t<div class=\"elementor-container elementor-column-gap-default\">\n\t\t\t\t\t\t\t<div class=\"elementor-row\">\n\t\t\t\t\t<div class=\"elementor-column elementor-col-100 elementor-top-column elementor-element elementor-element-a7c5802\" data-id=\"a7c5802\" data-element_type=\"column\">\n\t\t\t<div class=\"elementor-column-wrap elementor-element-populated\">\n\t\t\t\t\t\t\t<div class=\"elementor-widget-wrap\">\n\t\t\t\t\t\t<section class=\"elementor-section elementor-inner-section elementor-element elementor-element-84c2926 elementor-section-boxed elementor-section-height-default elementor-section-height-default\" data-id=\"84c2926\" data-element_type=\"section\" data-settings=\"{&quot;jet_parallax_layout_list&quot;:[{&quot;_id&quot;:&quot;4676a5e&quot;,&quot;jet_parallax_layout_image&quot;:{&quot;url&quot;:&quot;&quot;,&quot;id&quot;:&quot;&quot;,&quot;size&quot;:&quot;&quot;},&quot;jet_parallax_layout_image_tablet&quot;:{&quot;url&quot;:&quot;&quot;,&quot;id&quot;:&quot;&quot;,&quot;size&quot;:&quot;&quot;},&quot;jet_parallax_layout_image_mobile&quot;:{&quot;url&quot;:&quot;&quot;,&quot;id&quot;:&quot;&quot;,&quot;size&quot;:&quot;&quot;},&quot;jet_parallax_layout_speed&quot;:{&quot;unit&quot;:&quot;%&quot;,&quot;size&quot;:50,&quot;sizes&quot;:[]},&quot;jet_parallax_layout_type&quot;:&quot;scroll&quot;,&quot;jet_parallax_layout_direction&quot;:null,&quot;jet_parallax_layout_fx_direction&quot;:null,&quot;jet_parallax_layout_z_index&quot;:&quot;&quot;,&quot;jet_parallax_layout_bg_x&quot;:50,&quot;jet_parallax_layout_bg_x_tablet&quot;:&quot;&quot;,&quot;jet_parallax_layout_bg_x_mobile&quot;:&quot;&quot;,&quot;jet_parallax_layout_bg_y&quot;:50,&quot;jet_parallax_layout_bg_y_tablet&quot;:&quot;&quot;,&quot;jet_parallax_layout_bg_y_mobile&quot;:&quot;&quot;,&quot;jet_parallax_layout_bg_size&quot;:&quot;auto&quot;,&quot;jet_parallax_layout_bg_size_tablet&quot;:&quot;&quot;,&quot;jet_parallax_layout_bg_size_mobile&quot;:&quot;&quot;,&quot;jet_parallax_layout_animation_prop&quot;:&quot;transform&quot;,&quot;jet_parallax_layout_on&quot;:[&quot;desktop&quot;,&quot;tablet&quot;]}]}\">\n\t\t\t\t\t\t<div class=\"elementor-container elementor-column-gap-default\">\n\t\t\t\t\t\t\t<div class=\"elementor-row\">\n\t\t\t\t\t<div class=\"elementor-column elementor-col-100 elementor-inner-column elementor-element elementor-element-baab606\" data-id=\"baab606\" data-element_type=\"column\" data-settings=\"{&quot;background_background&quot;:&quot;classic&quot;}\">\n\t\t\t<div class=\"elementor-column-wrap elementor-element-populated\">\n\t\t\t\t\t<div class=\"elementor-background-overlay\"><\/div>\n\t\t\t\t\t\t\t<div class=\"elementor-widget-wrap\">\n\t\t\t\t\t\t<div class=\"elementor-element elementor-element-c9884fe elementor-widget elementor-widget-spacer\" data-id=\"c9884fe\" data-element_type=\"widget\" data-widget_type=\"spacer.default\">\n\t\t\t\t<div class=\"elementor-widget-container\">\n\t\t\t\t\t<div class=\"elementor-spacer\">\n\t\t\t<div class=\"elementor-spacer-inner\"><\/div>\n\t\t<\/div>\n\t\t\t\t<\/div>\n\t\t\t\t<\/div>\n\t\t\t\t<div class=\"elementor-element elementor-element-5a4f47a elementor-widget elementor-widget-heading\" data-id=\"5a4f47a\" data-element_type=\"widget\" data-widget_type=\"heading.default\">\n\t\t\t\t<div class=\"elementor-widget-container\">\n\t\t\t<p class=\"elementor-heading-title elementor-size-default\">Suscr\u00edbete<\/p>\t\t<\/div>\n\t\t\t\t<\/div>\n\t\t\t\t<div class=\"elementor-element elementor-element-39ab732 elementor-widget elementor-widget-menu-anchor\" data-id=\"39ab732\" data-element_type=\"widget\" data-widget_type=\"menu-anchor.default\">\n\t\t\t\t<div class=\"elementor-widget-container\">\n\t\t\t\t\t<div id=\"suscribe\" class=\"elementor-menu-anchor\"><\/div>\n\t\t\t\t<\/div>\n\t\t\t\t<\/div>\n\t\t\t\t<div class=\"elementor-element elementor-element-5048e26 elementor-widget elementor-widget-text-editor\" data-id=\"5048e26\" data-element_type=\"widget\" data-widget_type=\"text-editor.default\">\n\t\t\t\t<div class=\"elementor-widget-container\">\n\t\t\t\t\t\t\t\t<div class=\"elementor-text-editor elementor-clearfix\">\n\t\t\t\tConoce toda la informaci\u00f3n\nactualizada en el \u00e1mbito de la salud\ny nuestra red de prestadores\n\n\t\t\t\t\t<\/div>\n\t\t\t\t\t\t<\/div>\n\t\t\t\t<\/div>\n\t\t\t\t<div class=\"elementor-element elementor-element-6542541 elementor-button-align-center elementor-widget elementor-widget-form\" data-id=\"6542541\" data-element_type=\"widget\" data-settings=\"{&quot;step_next_label&quot;:&quot;Next&quot;,&quot;step_previous_label&quot;:&quot;Previous&quot;,&quot;button_width&quot;:&quot;100&quot;,&quot;step_type&quot;:&quot;number_text&quot;,&quot;step_icon_shape&quot;:&quot;circle&quot;}\" data-widget_type=\"form.default\">\n\t\t\t\t<div class=\"elementor-widget-container\">\n\t\t\t\t\t<form class=\"elementor-form\" method=\"post\" id=\"12\" name=\"Revista MAS\">\n\t\t\t<input type=\"hidden\" name=\"post_id\" value=\"8503\"\/>\n\t\t\t<input type=\"hidden\" name=\"form_id\" value=\"6542541\"\/>\n\t\t\t<input type=\"hidden\" name=\"referer_title\" value=\"BMI Ecuador\" \/>\n\n\t\t\t\n\t\t\t<div class=\"elementor-form-fields-wrapper elementor-labels-above\">\n\t\t\t\t\t\t\t\t<div class=\"elementor-field-type-text elementor-field-group elementor-column elementor-field-group-Nombre elementor-col-50 elementor-field-required elementor-mark-required\">\n\t\t\t\t\t\t\t\t\t\t\t\t<label for=\"form-field-Nombre\" class=\"elementor-field-label\">\n\t\t\t\t\t\t\t\tNombre\t\t\t\t\t\t\t<\/label>\n\t\t\t\t\t\t\t\t\t\t\t\t\t\t<input size=\"1\" type=\"text\" name=\"form_fields[Nombre]\" id=\"form-field-Nombre\" class=\"elementor-field elementor-size-xs  elementor-field-textual\" required=\"required\" aria-required=\"true\">\n\t\t\t\t\t\t\t\t\t\t\t<\/div>\n\t\t\t\t\t\t\t\t<div class=\"elementor-field-type-text elementor-field-group elementor-column elementor-field-group-Apellido elementor-col-50 elementor-field-required elementor-mark-required\">\n\t\t\t\t\t\t\t\t\t\t\t\t<label for=\"form-field-Apellido\" class=\"elementor-field-label\">\n\t\t\t\t\t\t\t\tApellido\t\t\t\t\t\t\t<\/label>\n\t\t\t\t\t\t\t\t\t\t\t\t\t\t<input size=\"1\" type=\"text\" name=\"form_fields[Apellido]\" id=\"form-field-Apellido\" class=\"elementor-field elementor-size-xs  elementor-field-textual\" required=\"required\" aria-required=\"true\">\n\t\t\t\t\t\t\t\t\t\t\t<\/div>\n\t\t\t\t\t\t\t\t<div class=\"elementor-field-type-email elementor-field-group elementor-column elementor-field-group-field_d24d545 elementor-col-100 elementor-field-required elementor-mark-required\">\n\t\t\t\t\t\t\t\t\t\t\t\t<label for=\"form-field-field_d24d545\" class=\"elementor-field-label\">\n\t\t\t\t\t\t\t\tDireccion de correo\t\t\t\t\t\t\t<\/label>\n\t\t\t\t\t\t\t\t\t\t\t\t\t\t<input size=\"1\" type=\"email\" name=\"form_fields[field_d24d545]\" id=\"form-field-field_d24d545\" class=\"elementor-field elementor-size-xs  elementor-field-textual\" required=\"required\" aria-required=\"true\">\n\t\t\t\t\t\t\t\t\t\t\t<\/div>\n\t\t\t\t\t\t\t\t<div class=\"elementor-field-type-text elementor-field-group elementor-column elementor-field-group-telefono elementor-col-100 elementor-field-required elementor-mark-required\">\n\t\t\t\t\t\t\t\t\t\t\t\t<label for=\"form-field-telefono\" class=\"elementor-field-label\">\n\t\t\t\t\t\t\t\tTel\u00e9fono\t\t\t\t\t\t\t<\/label>\n\t\t\t\t\t\t\t\t\t\t\t\t\t\t<input size=\"1\" type=\"text\" name=\"form_fields[telefono]\" id=\"form-field-telefono\" class=\"elementor-field elementor-size-xs  elementor-field-textual\" required=\"required\" aria-required=\"true\">\n\t\t\t\t\t\t\t\t\t\t\t<\/div>\n\t\t\t\t\t\t\t\t<div class=\"elementor-field-type-checkbox elementor-field-group elementor-column elementor-field-group-field_65ca11b elementor-col-100\">\n\t\t\t\t\t<div class=\"elementor-field-subgroup  \"><span class=\"elementor-field-option\"><input type=\"checkbox\" value=\"&lt;span style=&quot;color: #FFFFFF; font-size: 10px; line-height: 11px&quot;&gt;He le\u00eddo y acepto los &lt;a style=&quot;color: #FFF; font-weight: bold&quot; href=&quot;https:\/\/www.bmicos.com\/ecuador\/terminos-y-condiciones-de-uso-del-sitio-web\/&quot; target=&quot;_blank&quot;&gt;t\u00e9rminos y condiciones&lt;\/a&gt; de BMI y su &lt;a style=&quot;color: #FFF;font-weight: bold&quot; href=&quot;https:\/\/www.bmicos.com\/ecuador\/proteccion-de-datos\/&quot; target=&quot;_blank&quot;&gt;aviso de privacidad&lt;\/a&gt;.&lt;\/span&gt;\" id=\"form-field-field_65ca11b-0\" name=\"form_fields[field_65ca11b]\"> <label for=\"form-field-field_65ca11b-0\"><span style=\"color: #FFFFFF; font-size: 10px; line-height: 11px\">He le\u00eddo y acepto los <a style=\"color: #FFF; font-weight: bold\" href=\"https:\/\/www.bmicos.com\/ecuador\/terminos-y-condiciones-de-uso-del-sitio-web\/\" target=\"_blank\">t\u00e9rminos y condiciones<\/a> de BMI y su <a style=\"color: #FFF;font-weight: bold\" href=\"https:\/\/www.bmicos.com\/ecuador\/proteccion-de-datos\/\" target=\"_blank\">aviso de privacidad<\/a>.<\/span><\/label><\/span><\/div>\t\t\t\t<\/div>\n\t\t\t\t\t\t\t\t<div class=\"elementor-field-type-checkbox elementor-field-group elementor-column elementor-field-group-field_400f95d elementor-col-100\">\n\t\t\t\t\t<div class=\"elementor-field-subgroup  \"><span class=\"elementor-field-option\"><input type=\"checkbox\" value=\"&lt;span style=&quot;color: #FFFFFF; font-size: 10px; line-height: 11px&quot;&gt;Autorizo a BMI Compa\u00f1\u00eda de Seguros a tratar mis datos personales conforme a lo establecido en el Aviso de Privacidad de Clientes, con el fin de gestionar mi solicitud de suscripci\u00f3n de la Revista M\u00e1s al D\u00eda&lt;\/span&gt;\" id=\"form-field-field_400f95d-0\" name=\"form_fields[field_400f95d]\"> <label for=\"form-field-field_400f95d-0\"><span style=\"color: #FFFFFF; font-size: 10px; line-height: 11px\">Autorizo a BMI Compa\u00f1\u00eda de Seguros a tratar mis datos personales conforme a lo establecido en el Aviso de Privacidad de Clientes, con el fin de gestionar mi solicitud de suscripci\u00f3n de la Revista M\u00e1s al D\u00eda<\/span><\/label><\/span><\/div>\t\t\t\t<\/div>\n\t\t\t\t\t\t\t\t<div class=\"elementor-field-group elementor-column elementor-field-type-submit elementor-col-100 e-form__buttons\">\n\t\t\t\t\t<button type=\"submit\" class=\"elementor-button elementor-size-sm\">\n\t\t\t\t\t\t<span >\n\t\t\t\t\t\t\t\t\t\t\t\t\t\t\t<span class=\" elementor-button-icon\">\n\t\t\t\t\t\t\t\t\t\t\t\t\t\t\t\t\t\t\t\t\t\t\t\t\t\t<\/span>\n\t\t\t\t\t\t\t\t\t\t\t\t\t\t\t\t\t\t\t\t\t\t<span class=\"elementor-button-text\">Enviar<\/span>\n\t\t\t\t\t\t\t\t\t\t\t\t\t<\/span>\n\t\t\t\t\t<\/button>\n\t\t\t\t<\/div>\n\t\t\t<\/div>\n\t\t<\/form>\n\t\t\t\t<\/div>\n\t\t\t\t<\/div>\n\t\t\t\t<div class=\"elementor-element elementor-element-1629884 elementor-widget elementor-widget-text-editor\" data-id=\"1629884\" data-element_type=\"widget\" data-widget_type=\"text-editor.default\">\n\t\t\t\t<div class=\"elementor-widget-container\">\n\t\t\t\t\t\t\t\t<div class=\"elementor-text-editor elementor-clearfix\">\n\t\t\t\t<p>Tu informaci\u00f3n es importante para nosotros, te invitamos a leer nuestras pol\u00edticas de privacidad.<\/p>\t\t\t\t\t<\/div>\n\t\t\t\t\t\t<\/div>\n\t\t\t\t<\/div>\n\t\t\t\t\t\t<\/div>\n\t\t\t\t\t<\/div>\n\t\t<\/div>\n\t\t\t\t\t\t\t\t<\/div>\n\t\t\t\t\t<\/div>\n\t\t<\/section>\n\t\t\t\t\t\t<\/div>\n\t\t\t\t\t<\/div>\n\t\t<\/div>\n\t\t\t\t\t\t\t\t<\/div>\n\t\t\t\t\t<\/div>\n\t\t<\/section>\n\t\t\t\t\t\t\t\t\t<\/div>\n\t\t\t<\/div>\n\t\t\t\t\t<\/div>\n\t\t","protected":false},"excerpt":{"rendered":"<p>Suscr\u00edbete Conoce toda la informaci\u00f3n actualizada en el \u00e1mbito de la salud y nuestra red de prestadores Tu informaci\u00f3n es importante para nosotros, te invitamos a leer nuestras pol\u00edticas de privacidad.<\/p>\n","protected":false},"author":1,"featured_media":0,"parent":0,"menu_order":0,"comment_status":"closed","ping_status":"closed","template":"","meta":{"_acf_changed":false,"content-type":"","footnotes":""},"class_list":["post-8503","page","type-page","status-publish","hentry"],"acf":[],"yoast_head":"<!-- This site is optimized with the Yoast SEO Premium plugin v20.7 (Yoast SEO v27.4) - https:\/\/yoast.com\/product\/yoast-seo-premium-wordpress\/ -->\n<title>Revista - BMI Ecuador<\/title>\n<meta name=\"robots\" content=\"noindex, follow\" \/>\n<meta property=\"og:locale\" content=\"es_ES\" \/>\n<meta property=\"og:type\" content=\"article\" \/>\n<meta property=\"og:title\" content=\"Revista\" \/>\n<meta property=\"og:description\" content=\"Suscr\u00edbete Conoce toda la informaci\u00f3n actualizada en el \u00e1mbito de la salud y nuestra red de prestadores Tu informaci\u00f3n es importante para nosotros, te invitamos a leer nuestras pol\u00edticas de privacidad.\" \/>\n<meta property=\"og:url\" content=\"https:\/\/www.bmicos.com\/ecuador\/revista\/\" \/>\n<meta property=\"og:site_name\" content=\"BMI Ecuador\" \/>\n<meta property=\"article:publisher\" content=\"https:\/\/www.facebook.com\/BMIEcuador\" \/>\n<meta property=\"article:modified_time\" content=\"2025-11-27T19:40:14+00:00\" \/>\n<meta name=\"twitter:card\" content=\"summary_large_image\" \/>\n<meta name=\"twitter:label1\" content=\"Tiempo de lectura\" \/>\n\t<meta name=\"twitter:data1\" content=\"1 minuto\" \/>\n<script type=\"application\/ld+json\" class=\"yoast-schema-graph\">{\"@context\":\"https:\\\/\\\/schema.org\",\"@graph\":[{\"@type\":\"WebPage\",\"@id\":\"https:\\\/\\\/www.bmicos.com\\\/ecuador\\\/revista\\\/\",\"url\":\"https:\\\/\\\/www.bmicos.com\\\/ecuador\\\/revista\\\/\",\"name\":\"Revista - BMI Ecuador\",\"isPartOf\":{\"@id\":\"https:\\\/\\\/www.bmicos.com\\\/ecuador\\\/#website\"},\"datePublished\":\"2023-08-09T18:02:14+00:00\",\"dateModified\":\"2025-11-27T19:40:14+00:00\",\"breadcrumb\":{\"@id\":\"https:\\\/\\\/www.bmicos.com\\\/ecuador\\\/revista\\\/#breadcrumb\"},\"inLanguage\":\"es\",\"potentialAction\":[{\"@type\":\"ReadAction\",\"target\":[\"https:\\\/\\\/www.bmicos.com\\\/ecuador\\\/revista\\\/\"]}]},{\"@type\":\"BreadcrumbList\",\"@id\":\"https:\\\/\\\/www.bmicos.com\\\/ecuador\\\/revista\\\/#breadcrumb\",\"itemListElement\":[{\"@type\":\"ListItem\",\"position\":1,\"name\":\"Inicio\",\"item\":\"https:\\\/\\\/www.bmicos.com\\\/ecuador\\\/\"},{\"@type\":\"ListItem\",\"position\":2,\"name\":\"Revista\"}]},{\"@type\":\"WebSite\",\"@id\":\"https:\\\/\\\/www.bmicos.com\\\/ecuador\\\/#website\",\"url\":\"https:\\\/\\\/www.bmicos.com\\\/ecuador\\\/\",\"name\":\"BMI Ecuador\",\"description\":\"Asegurando familias en todo el mundo\",\"publisher\":{\"@id\":\"https:\\\/\\\/www.bmicos.com\\\/ecuador\\\/#organization\"},\"potentialAction\":[{\"@type\":\"SearchAction\",\"target\":{\"@type\":\"EntryPoint\",\"urlTemplate\":\"https:\\\/\\\/www.bmicos.com\\\/ecuador\\\/?s={search_term_string}\"},\"query-input\":{\"@type\":\"PropertyValueSpecification\",\"valueRequired\":true,\"valueName\":\"search_term_string\"}}],\"inLanguage\":\"es\"},{\"@type\":\"Organization\",\"@id\":\"https:\\\/\\\/www.bmicos.com\\\/ecuador\\\/#organization\",\"name\":\"BMI Companies\",\"url\":\"https:\\\/\\\/www.bmicos.com\\\/ecuador\\\/\",\"logo\":{\"@type\":\"ImageObject\",\"inLanguage\":\"es\",\"@id\":\"https:\\\/\\\/www.bmicos.com\\\/ecuador\\\/#\\\/schema\\\/logo\\\/image\\\/\",\"url\":\"https:\\\/\\\/www.bmicos.com\\\/ecuador\\\/wp-content\\\/uploads\\\/sites\\\/9\\\/2020\\\/12\\\/logo-1.png\",\"contentUrl\":\"https:\\\/\\\/www.bmicos.com\\\/ecuador\\\/wp-content\\\/uploads\\\/sites\\\/9\\\/2020\\\/12\\\/logo-1.png\",\"width\":519,\"height\":273,\"caption\":\"BMI Companies\"},\"image\":{\"@id\":\"https:\\\/\\\/www.bmicos.com\\\/ecuador\\\/#\\\/schema\\\/logo\\\/image\\\/\"},\"sameAs\":[\"https:\\\/\\\/www.facebook.com\\\/BMIEcuador\",\"https:\\\/\\\/www.instagram.com\\\/bmi_ec\\\/\",\"https:\\\/\\\/www.linkedin.com\\\/company\\\/bmi-ecuador\",\"https:\\\/\\\/www.youtube.com\\\/c\\\/BMIEcuadorOficial\"]}]}<\/script>\n<!-- \/ Yoast SEO Premium plugin. -->","yoast_head_json":{"title":"Revista - BMI Ecuador","robots":{"index":"noindex","follow":"follow"},"og_locale":"es_ES","og_type":"article","og_title":"Revista","og_description":"Suscr\u00edbete Conoce toda la informaci\u00f3n actualizada en el \u00e1mbito de la salud y nuestra red de prestadores Tu informaci\u00f3n es importante para nosotros, te invitamos a leer nuestras pol\u00edticas de privacidad.","og_url":"https:\/\/www.bmicos.com\/ecuador\/revista\/","og_site_name":"BMI Ecuador","article_publisher":"https:\/\/www.facebook.com\/BMIEcuador","article_modified_time":"2025-11-27T19:40:14+00:00","twitter_card":"summary_large_image","twitter_misc":{"Tiempo de lectura":"1 minuto"},"schema":{"@context":"https:\/\/schema.org","@graph":[{"@type":"WebPage","@id":"https:\/\/www.bmicos.com\/ecuador\/revista\/","url":"https:\/\/www.bmicos.com\/ecuador\/revista\/","name":"Revista - BMI Ecuador","isPartOf":{"@id":"https:\/\/www.bmicos.com\/ecuador\/#website"},"datePublished":"2023-08-09T18:02:14+00:00","dateModified":"2025-11-27T19:40:14+00:00","breadcrumb":{"@id":"https:\/\/www.bmicos.com\/ecuador\/revista\/#breadcrumb"},"inLanguage":"es","potentialAction":[{"@type":"ReadAction","target":["https:\/\/www.bmicos.com\/ecuador\/revista\/"]}]},{"@type":"BreadcrumbList","@id":"https:\/\/www.bmicos.com\/ecuador\/revista\/#breadcrumb","itemListElement":[{"@type":"ListItem","position":1,"name":"Inicio","item":"https:\/\/www.bmicos.com\/ecuador\/"},{"@type":"ListItem","position":2,"name":"Revista"}]},{"@type":"WebSite","@id":"https:\/\/www.bmicos.com\/ecuador\/#website","url":"https:\/\/www.bmicos.com\/ecuador\/","name":"BMI Ecuador","description":"Asegurando familias en todo el mundo","publisher":{"@id":"https:\/\/www.bmicos.com\/ecuador\/#organization"},"potentialAction":[{"@type":"SearchAction","target":{"@type":"EntryPoint","urlTemplate":"https:\/\/www.bmicos.com\/ecuador\/?s={search_term_string}"},"query-input":{"@type":"PropertyValueSpecification","valueRequired":true,"valueName":"search_term_string"}}],"inLanguage":"es"},{"@type":"Organization","@id":"https:\/\/www.bmicos.com\/ecuador\/#organization","name":"BMI Companies","url":"https:\/\/www.bmicos.com\/ecuador\/","logo":{"@type":"ImageObject","inLanguage":"es","@id":"https:\/\/www.bmicos.com\/ecuador\/#\/schema\/logo\/image\/","url":"https:\/\/www.bmicos.com\/ecuador\/wp-content\/uploads\/sites\/9\/2020\/12\/logo-1.png","contentUrl":"https:\/\/www.bmicos.com\/ecuador\/wp-content\/uploads\/sites\/9\/2020\/12\/logo-1.png","width":519,"height":273,"caption":"BMI Companies"},"image":{"@id":"https:\/\/www.bmicos.com\/ecuador\/#\/schema\/logo\/image\/"},"sameAs":["https:\/\/www.facebook.com\/BMIEcuador","https:\/\/www.instagram.com\/bmi_ec\/","https:\/\/www.linkedin.com\/company\/bmi-ecuador","https:\/\/www.youtube.com\/c\/BMIEcuadorOficial"]}]}},"_links":{"self":[{"href":"https:\/\/www.bmicos.com\/ecuador\/wp-json\/wp\/v2\/pages\/8503","targetHints":{"allow":["GET"]}}],"collection":[{"href":"https:\/\/www.bmicos.com\/ecuador\/wp-json\/wp\/v2\/pages"}],"about":[{"href":"https:\/\/www.bmicos.com\/ecuador\/wp-json\/wp\/v2\/types\/page"}],"author":[{"embeddable":true,"href":"https:\/\/www.bmicos.com\/ecuador\/wp-json\/wp\/v2\/users\/1"}],"replies":[{"embeddable":true,"href":"https:\/\/www.bmicos.com\/ecuador\/wp-json\/wp\/v2\/comments?post=8503"}],"version-history":[{"count":0,"href":"https:\/\/www.bmicos.com\/ecuador\/wp-json\/wp\/v2\/pages\/8503\/revisions"}],"wp:attachment":[{"href":"https:\/\/www.bmicos.com\/ecuador\/wp-json\/wp\/v2\/media?parent=8503"}],"curies":[{"name":"wp","href":"https:\/\/api.w.org\/{rel}","templated":true}]}}