{"id":9335,"date":"2025-01-23T16:25:43","date_gmt":"2025-01-23T21:25:43","guid":{"rendered":"https:\/\/www.bmicos.com\/ecuador\/?page_id=9335"},"modified":"2025-01-23T16:26:23","modified_gmt":"2025-01-23T21:26:23","slug":"proteccion-de-datos-personales-p2p","status":"publish","type":"page","link":"https:\/\/www.bmicos.com\/ecuador\/proteccion-de-datos-personales-p2p\/","title":{"rendered":"Protecci\u00f3n de datos personales"},"content":{"rendered":"\n<p>El titular de los datos acepta y emite su consentimiento unilateral de manera libre y voluntaria para el tratamiento de sus datos personales para que sean: recolectados a trav\u00e9s de nuestros canales electr\u00f3nicos o por cualquier medio, almacenados, procesados, transmitidos y eliminados o para ser objeto de cualquier tratamiento o conjunto de tratamientos a realizar, ya sea por procedimientos t\u00e9cnicos de car\u00e1cter automatizado, parcialmente automatizado o no automatizados por el Comercio o su delegado, con la finalidad de identificar, actualizar sus datos y ofrecerle servicios y\/o productos a trav\u00e9s de los canales digitales o cualquier otro medio.<\/p>\n\n\n\n<p>La transmisi\u00f3n y almacenamiento de la informaci\u00f3n recopilada por el Comercio o su delegado, ser\u00e1 realizada en la infraestructura que este administre, dentro o fuera del territorio ecuatoriano. Esta infraestructura puede ser implementada en servidores f\u00edsicos o en la nube de proveedores que cuenten con las debidas certificaciones internacionales para el tratamiento de Seguridad de la Informaci\u00f3n.<\/p>\n\n\n\n<p>Adicionalmente, mediante la presente el titular de los datos declara conocer y aceptar el Aviso de Pol\u00edtica de Privacidad de Placetopay en la cual se indican sus derechos, datos tratados y las actividades comerciales de los aliados, as\u00ed como otros datos de inter\u00e9s respecto a la protecci\u00f3n de datos personales, que se encuentran detallados en el sitio web de Placetopay en la ruta <a href=\"https:\/\/www.evertecinc.com\/politica-de-privacidad\/\">Pol\u00edtica de privacidad<\/a> , mediante la cual, se podr\u00e1 solicitar la gesti\u00f3n de derechos o consentimientos.<\/p>\n\n\n\n<p>El Comercio o su delegado notificar\u00e1 sobre las actualizaciones del Aviso de Pol\u00edtica de Privacidad antes mencionado por medio de los diferentes canales digitales.<\/p>\n","protected":false},"excerpt":{"rendered":"<p>El titular de los datos acepta y emite su consentimiento unilateral de manera libre y voluntaria para el tratamiento de sus datos personales para que sean: recolectados a trav\u00e9s de nuestros canales electr\u00f3nicos o por cualquier medio, almacenados, procesados, transmitidos y eliminados o para ser objeto de cualquier tratamiento o conjunto de tratamientos a realizar, [&hellip;]<\/p>\n","protected":false},"author":1,"featured_media":0,"parent":0,"menu_order":0,"comment_status":"closed","ping_status":"closed","template":"","meta":{"content-type":"","footnotes":""},"class_list":["post-9335","page","type-page","status-publish","hentry"],"acf":[],"yoast_head":"<!-- This site is optimized with the Yoast SEO Premium plugin v20.7 (Yoast SEO v27.3) - https:\/\/yoast.com\/product\/yoast-seo-premium-wordpress\/ -->\n<title>Protecci\u00f3n de datos personales - BMI Ecuador<\/title>\n<meta name=\"robots\" content=\"index, follow, max-snippet:-1, max-image-preview:large, max-video-preview:-1\" \/>\n<link rel=\"canonical\" href=\"https:\/\/www.bmicos.com\/ecuador\/proteccion-de-datos-personales-p2p\/\" \/>\n<meta property=\"og:locale\" content=\"es_ES\" \/>\n<meta property=\"og:type\" content=\"article\" \/>\n<meta property=\"og:title\" content=\"Protecci\u00f3n de datos personales\" \/>\n<meta property=\"og:description\" content=\"El titular de los datos acepta y emite su consentimiento unilateral de manera libre y voluntaria para el tratamiento de sus datos personales para que sean: recolectados a trav\u00e9s de nuestros canales electr\u00f3nicos o por cualquier medio, almacenados, procesados, transmitidos y eliminados o para ser objeto de cualquier tratamiento o conjunto de tratamientos a realizar, [&hellip;]\" \/>\n<meta property=\"og:url\" content=\"https:\/\/www.bmicos.com\/ecuador\/proteccion-de-datos-personales-p2p\/\" \/>\n<meta property=\"og:site_name\" content=\"BMI Ecuador\" \/>\n<meta property=\"article:publisher\" content=\"https:\/\/www.facebook.com\/BMIEcuador\" \/>\n<meta property=\"article:modified_time\" content=\"2025-01-23T21:26:23+00:00\" \/>\n<meta name=\"twitter:card\" content=\"summary_large_image\" \/>\n<meta name=\"twitter:label1\" content=\"Tiempo de lectura\" \/>\n\t<meta name=\"twitter:data1\" content=\"2 minutos\" \/>\n<script type=\"application\/ld+json\" class=\"yoast-schema-graph\">{\"@context\":\"https:\\\/\\\/schema.org\",\"@graph\":[{\"@type\":\"WebPage\",\"@id\":\"https:\\\/\\\/www.bmicos.com\\\/ecuador\\\/proteccion-de-datos-personales-p2p\\\/\",\"url\":\"https:\\\/\\\/www.bmicos.com\\\/ecuador\\\/proteccion-de-datos-personales-p2p\\\/\",\"name\":\"Protecci\u00f3n de datos personales - BMI Ecuador\",\"isPartOf\":{\"@id\":\"https:\\\/\\\/www.bmicos.com\\\/ecuador\\\/#website\"},\"datePublished\":\"2025-01-23T21:25:43+00:00\",\"dateModified\":\"2025-01-23T21:26:23+00:00\",\"breadcrumb\":{\"@id\":\"https:\\\/\\\/www.bmicos.com\\\/ecuador\\\/proteccion-de-datos-personales-p2p\\\/#breadcrumb\"},\"inLanguage\":\"es\",\"potentialAction\":[{\"@type\":\"ReadAction\",\"target\":[\"https:\\\/\\\/www.bmicos.com\\\/ecuador\\\/proteccion-de-datos-personales-p2p\\\/\"]}]},{\"@type\":\"BreadcrumbList\",\"@id\":\"https:\\\/\\\/www.bmicos.com\\\/ecuador\\\/proteccion-de-datos-personales-p2p\\\/#breadcrumb\",\"itemListElement\":[{\"@type\":\"ListItem\",\"position\":1,\"name\":\"Inicio\",\"item\":\"https:\\\/\\\/www.bmicos.com\\\/ecuador\\\/\"},{\"@type\":\"ListItem\",\"position\":2,\"name\":\"Protecci\u00f3n de datos personales\"}]},{\"@type\":\"WebSite\",\"@id\":\"https:\\\/\\\/www.bmicos.com\\\/ecuador\\\/#website\",\"url\":\"https:\\\/\\\/www.bmicos.com\\\/ecuador\\\/\",\"name\":\"BMI Ecuador\",\"description\":\"Asegurando familias en todo el mundo\",\"publisher\":{\"@id\":\"https:\\\/\\\/www.bmicos.com\\\/ecuador\\\/#organization\"},\"potentialAction\":[{\"@type\":\"SearchAction\",\"target\":{\"@type\":\"EntryPoint\",\"urlTemplate\":\"https:\\\/\\\/www.bmicos.com\\\/ecuador\\\/?s={search_term_string}\"},\"query-input\":{\"@type\":\"PropertyValueSpecification\",\"valueRequired\":true,\"valueName\":\"search_term_string\"}}],\"inLanguage\":\"es\"},{\"@type\":\"Organization\",\"@id\":\"https:\\\/\\\/www.bmicos.com\\\/ecuador\\\/#organization\",\"name\":\"BMI Companies\",\"url\":\"https:\\\/\\\/www.bmicos.com\\\/ecuador\\\/\",\"logo\":{\"@type\":\"ImageObject\",\"inLanguage\":\"es\",\"@id\":\"https:\\\/\\\/www.bmicos.com\\\/ecuador\\\/#\\\/schema\\\/logo\\\/image\\\/\",\"url\":\"https:\\\/\\\/www.bmicos.com\\\/ecuador\\\/wp-content\\\/uploads\\\/sites\\\/9\\\/2020\\\/12\\\/logo-1.png\",\"contentUrl\":\"https:\\\/\\\/www.bmicos.com\\\/ecuador\\\/wp-content\\\/uploads\\\/sites\\\/9\\\/2020\\\/12\\\/logo-1.png\",\"width\":519,\"height\":273,\"caption\":\"BMI Companies\"},\"image\":{\"@id\":\"https:\\\/\\\/www.bmicos.com\\\/ecuador\\\/#\\\/schema\\\/logo\\\/image\\\/\"},\"sameAs\":[\"https:\\\/\\\/www.facebook.com\\\/BMIEcuador\",\"https:\\\/\\\/www.instagram.com\\\/bmi_ec\\\/\",\"https:\\\/\\\/www.linkedin.com\\\/company\\\/bmi-ecuador\",\"https:\\\/\\\/www.youtube.com\\\/c\\\/BMIEcuadorOficial\"]}]}<\/script>\n<!-- \/ Yoast SEO Premium plugin. -->","yoast_head_json":{"title":"Protecci\u00f3n de datos personales - BMI Ecuador","robots":{"index":"index","follow":"follow","max-snippet":"max-snippet:-1","max-image-preview":"max-image-preview:large","max-video-preview":"max-video-preview:-1"},"canonical":"https:\/\/www.bmicos.com\/ecuador\/proteccion-de-datos-personales-p2p\/","og_locale":"es_ES","og_type":"article","og_title":"Protecci\u00f3n de datos personales","og_description":"El titular de los datos acepta y emite su consentimiento unilateral de manera libre y voluntaria para el tratamiento de sus datos personales para que sean: recolectados a trav\u00e9s de nuestros canales electr\u00f3nicos o por cualquier medio, almacenados, procesados, transmitidos y eliminados o para ser objeto de cualquier tratamiento o conjunto de tratamientos a realizar, [&hellip;]","og_url":"https:\/\/www.bmicos.com\/ecuador\/proteccion-de-datos-personales-p2p\/","og_site_name":"BMI Ecuador","article_publisher":"https:\/\/www.facebook.com\/BMIEcuador","article_modified_time":"2025-01-23T21:26:23+00:00","twitter_card":"summary_large_image","twitter_misc":{"Tiempo de lectura":"2 minutos"},"schema":{"@context":"https:\/\/schema.org","@graph":[{"@type":"WebPage","@id":"https:\/\/www.bmicos.com\/ecuador\/proteccion-de-datos-personales-p2p\/","url":"https:\/\/www.bmicos.com\/ecuador\/proteccion-de-datos-personales-p2p\/","name":"Protecci\u00f3n de datos personales - BMI Ecuador","isPartOf":{"@id":"https:\/\/www.bmicos.com\/ecuador\/#website"},"datePublished":"2025-01-23T21:25:43+00:00","dateModified":"2025-01-23T21:26:23+00:00","breadcrumb":{"@id":"https:\/\/www.bmicos.com\/ecuador\/proteccion-de-datos-personales-p2p\/#breadcrumb"},"inLanguage":"es","potentialAction":[{"@type":"ReadAction","target":["https:\/\/www.bmicos.com\/ecuador\/proteccion-de-datos-personales-p2p\/"]}]},{"@type":"BreadcrumbList","@id":"https:\/\/www.bmicos.com\/ecuador\/proteccion-de-datos-personales-p2p\/#breadcrumb","itemListElement":[{"@type":"ListItem","position":1,"name":"Inicio","item":"https:\/\/www.bmicos.com\/ecuador\/"},{"@type":"ListItem","position":2,"name":"Protecci\u00f3n de datos personales"}]},{"@type":"WebSite","@id":"https:\/\/www.bmicos.com\/ecuador\/#website","url":"https:\/\/www.bmicos.com\/ecuador\/","name":"BMI Ecuador","description":"Asegurando familias en todo el mundo","publisher":{"@id":"https:\/\/www.bmicos.com\/ecuador\/#organization"},"potentialAction":[{"@type":"SearchAction","target":{"@type":"EntryPoint","urlTemplate":"https:\/\/www.bmicos.com\/ecuador\/?s={search_term_string}"},"query-input":{"@type":"PropertyValueSpecification","valueRequired":true,"valueName":"search_term_string"}}],"inLanguage":"es"},{"@type":"Organization","@id":"https:\/\/www.bmicos.com\/ecuador\/#organization","name":"BMI Companies","url":"https:\/\/www.bmicos.com\/ecuador\/","logo":{"@type":"ImageObject","inLanguage":"es","@id":"https:\/\/www.bmicos.com\/ecuador\/#\/schema\/logo\/image\/","url":"https:\/\/www.bmicos.com\/ecuador\/wp-content\/uploads\/sites\/9\/2020\/12\/logo-1.png","contentUrl":"https:\/\/www.bmicos.com\/ecuador\/wp-content\/uploads\/sites\/9\/2020\/12\/logo-1.png","width":519,"height":273,"caption":"BMI Companies"},"image":{"@id":"https:\/\/www.bmicos.com\/ecuador\/#\/schema\/logo\/image\/"},"sameAs":["https:\/\/www.facebook.com\/BMIEcuador","https:\/\/www.instagram.com\/bmi_ec\/","https:\/\/www.linkedin.com\/company\/bmi-ecuador","https:\/\/www.youtube.com\/c\/BMIEcuadorOficial"]}]}},"_links":{"self":[{"href":"https:\/\/www.bmicos.com\/ecuador\/wp-json\/wp\/v2\/pages\/9335","targetHints":{"allow":["GET"]}}],"collection":[{"href":"https:\/\/www.bmicos.com\/ecuador\/wp-json\/wp\/v2\/pages"}],"about":[{"href":"https:\/\/www.bmicos.com\/ecuador\/wp-json\/wp\/v2\/types\/page"}],"author":[{"embeddable":true,"href":"https:\/\/www.bmicos.com\/ecuador\/wp-json\/wp\/v2\/users\/1"}],"replies":[{"embeddable":true,"href":"https:\/\/www.bmicos.com\/ecuador\/wp-json\/wp\/v2\/comments?post=9335"}],"version-history":[{"count":0,"href":"https:\/\/www.bmicos.com\/ecuador\/wp-json\/wp\/v2\/pages\/9335\/revisions"}],"wp:attachment":[{"href":"https:\/\/www.bmicos.com\/ecuador\/wp-json\/wp\/v2\/media?parent=9335"}],"curies":[{"name":"wp","href":"https:\/\/api.w.org\/{rel}","templated":true}]}}