{"id":4800,"date":"2021-12-20T15:43:59","date_gmt":"2021-12-20T19:43:59","guid":{"rendered":"https:\/\/www.bmicos.com\/ecuador\/?post_type=product&#038;p=4800"},"modified":"2023-03-20T17:26:15","modified_gmt":"2023-03-20T21:26:15","slug":"support","status":"publish","type":"product","link":"https:\/\/www.bmicos.com\/ecuador\/seguros\/support\/","title":{"rendered":"Plan Support"},"content":{"rendered":"","protected":false},"excerpt":{"rendered":"<p>Atenci\u00f3n m\u00e9dica exclusiva en los mejores hospitales nacionales e internacionales, con acceso a nuestra red m\u00e9dica en Colombia.<\/p>\n","protected":false},"featured_media":5824,"template":"","meta":{"_acf_changed":false,"content-type":""},"product_brand":[],"product_cat":[500],"product_tag":[501,561],"class_list":{"0":"post-4800","1":"product","2":"type-product","3":"status-publish","4":"has-post-thumbnail","6":"product_cat-bmi-unique","7":"product_tag-planes-individuales-de-asistencia-medica-internacional","8":"product_tag-support-eliminar-el-termino-planes-individuales-de-asistencia-medica-internacional-planes-individuales-de-asistencia-medica-internacional","10":"first","11":"instock","12":"shipping-taxable","13":"product-type-simple"},"acf":[],"yoast_head":"<!-- This site is optimized with the Yoast SEO Premium plugin v20.7 (Yoast SEO v27.5) - https:\/\/yoast.com\/product\/yoast-seo-premium-wordpress\/ -->\n<title>Plan Support - BMI Ecuador<\/title>\n<meta name=\"description\" content=\"Atenci\u00f3n m\u00e9dica exclusiva en los mejores hospitales nacionales e internacionales, con acceso a nuestra red m\u00e9dica en Colombia.\" \/>\n<meta name=\"robots\" content=\"index, follow, max-snippet:-1, max-image-preview:large, max-video-preview:-1\" \/>\n<link rel=\"canonical\" href=\"https:\/\/www.bmicos.com\/ecuador\/seguros\/support\/\" \/>\n<meta property=\"og:locale\" content=\"es_ES\" \/>\n<meta property=\"og:type\" content=\"article\" \/>\n<meta property=\"og:title\" content=\"Plan Support\" \/>\n<meta property=\"og:description\" content=\"Atenci\u00f3n m\u00e9dica exclusiva en los mejores hospitales nacionales e internacionales, con acceso a nuestra red m\u00e9dica en Colombia.\" \/>\n<meta property=\"og:url\" content=\"https:\/\/www.bmicos.com\/ecuador\/seguros\/support\/\" \/>\n<meta property=\"og:site_name\" content=\"BMI Ecuador\" \/>\n<meta property=\"article:publisher\" content=\"https:\/\/www.facebook.com\/BMIEcuador\" \/>\n<meta property=\"article:modified_time\" content=\"2023-03-20T21:26:15+00:00\" \/>\n<meta property=\"og:image\" content=\"https:\/\/www.bmicos.com\/ecuador\/wp-content\/uploads\/sites\/9\/2022\/01\/Imagen-Support.jpg\" \/>\n\t<meta property=\"og:image:width\" content=\"1\" \/>\n\t<meta property=\"og:image:height\" content=\"1\" \/>\n\t<meta property=\"og:image:type\" content=\"image\/jpeg\" \/>\n<meta name=\"twitter:card\" content=\"summary_large_image\" \/>\n<script type=\"application\/ld+json\" class=\"yoast-schema-graph\">{\"@context\":\"https:\\\/\\\/schema.org\",\"@graph\":[{\"@type\":\"WebPage\",\"@id\":\"https:\\\/\\\/www.bmicos.com\\\/ecuador\\\/seguros\\\/support\\\/\",\"url\":\"https:\\\/\\\/www.bmicos.com\\\/ecuador\\\/seguros\\\/support\\\/\",\"name\":\"Plan Support - BMI Ecuador\",\"isPartOf\":{\"@id\":\"https:\\\/\\\/www.bmicos.com\\\/ecuador\\\/#website\"},\"primaryImageOfPage\":{\"@id\":\"https:\\\/\\\/www.bmicos.com\\\/ecuador\\\/seguros\\\/support\\\/#primaryimage\"},\"image\":{\"@id\":\"https:\\\/\\\/www.bmicos.com\\\/ecuador\\\/seguros\\\/support\\\/#primaryimage\"},\"thumbnailUrl\":\"https:\\\/\\\/www.bmicos.com\\\/ecuador\\\/wp-content\\\/uploads\\\/sites\\\/9\\\/2022\\\/01\\\/Imagen-Support.jpg\",\"datePublished\":\"2021-12-20T19:43:59+00:00\",\"dateModified\":\"2023-03-20T21:26:15+00:00\",\"description\":\"Atenci\u00f3n m\u00e9dica exclusiva en los mejores hospitales nacionales e internacionales, con acceso a nuestra red m\u00e9dica en Colombia.\",\"breadcrumb\":{\"@id\":\"https:\\\/\\\/www.bmicos.com\\\/ecuador\\\/seguros\\\/support\\\/#breadcrumb\"},\"inLanguage\":\"es\",\"potentialAction\":[{\"@type\":\"ReadAction\",\"target\":[\"https:\\\/\\\/www.bmicos.com\\\/ecuador\\\/seguros\\\/support\\\/\"]}]},{\"@type\":\"ImageObject\",\"inLanguage\":\"es\",\"@id\":\"https:\\\/\\\/www.bmicos.com\\\/ecuador\\\/seguros\\\/support\\\/#primaryimage\",\"url\":\"https:\\\/\\\/www.bmicos.com\\\/ecuador\\\/wp-content\\\/uploads\\\/sites\\\/9\\\/2022\\\/01\\\/Imagen-Support.jpg\",\"contentUrl\":\"https:\\\/\\\/www.bmicos.com\\\/ecuador\\\/wp-content\\\/uploads\\\/sites\\\/9\\\/2022\\\/01\\\/Imagen-Support.jpg\"},{\"@type\":\"BreadcrumbList\",\"@id\":\"https:\\\/\\\/www.bmicos.com\\\/ecuador\\\/seguros\\\/support\\\/#breadcrumb\",\"itemListElement\":[{\"@type\":\"ListItem\",\"position\":1,\"name\":\"Inicio\",\"item\":\"https:\\\/\\\/www.bmicos.com\\\/ecuador\\\/\"},{\"@type\":\"ListItem\",\"position\":2,\"name\":\"Seguros\",\"item\":\"https:\\\/\\\/www.bmicos.com\\\/ecuador\\\/seguros\\\/\"},{\"@type\":\"ListItem\",\"position\":3,\"name\":\"Plan Support\"}]},{\"@type\":\"WebSite\",\"@id\":\"https:\\\/\\\/www.bmicos.com\\\/ecuador\\\/#website\",\"url\":\"https:\\\/\\\/www.bmicos.com\\\/ecuador\\\/\",\"name\":\"BMI Ecuador\",\"description\":\"Asegurando familias en todo el mundo\",\"publisher\":{\"@id\":\"https:\\\/\\\/www.bmicos.com\\\/ecuador\\\/#organization\"},\"potentialAction\":[{\"@type\":\"SearchAction\",\"target\":{\"@type\":\"EntryPoint\",\"urlTemplate\":\"https:\\\/\\\/www.bmicos.com\\\/ecuador\\\/?s={search_term_string}\"},\"query-input\":{\"@type\":\"PropertyValueSpecification\",\"valueRequired\":true,\"valueName\":\"search_term_string\"}}],\"inLanguage\":\"es\"},{\"@type\":\"Organization\",\"@id\":\"https:\\\/\\\/www.bmicos.com\\\/ecuador\\\/#organization\",\"name\":\"BMI Companies\",\"url\":\"https:\\\/\\\/www.bmicos.com\\\/ecuador\\\/\",\"logo\":{\"@type\":\"ImageObject\",\"inLanguage\":\"es\",\"@id\":\"https:\\\/\\\/www.bmicos.com\\\/ecuador\\\/#\\\/schema\\\/logo\\\/image\\\/\",\"url\":\"https:\\\/\\\/www.bmicos.com\\\/ecuador\\\/wp-content\\\/uploads\\\/sites\\\/9\\\/2020\\\/12\\\/logo-1.png\",\"contentUrl\":\"https:\\\/\\\/www.bmicos.com\\\/ecuador\\\/wp-content\\\/uploads\\\/sites\\\/9\\\/2020\\\/12\\\/logo-1.png\",\"width\":519,\"height\":273,\"caption\":\"BMI Companies\"},\"image\":{\"@id\":\"https:\\\/\\\/www.bmicos.com\\\/ecuador\\\/#\\\/schema\\\/logo\\\/image\\\/\"},\"sameAs\":[\"https:\\\/\\\/www.facebook.com\\\/BMIEcuador\",\"https:\\\/\\\/www.instagram.com\\\/bmi_ec\\\/\",\"https:\\\/\\\/www.linkedin.com\\\/company\\\/bmi-ecuador\",\"https:\\\/\\\/www.youtube.com\\\/c\\\/BMIEcuadorOficial\"]}]}<\/script>\n<!-- \/ Yoast SEO Premium plugin. -->","yoast_head_json":{"title":"Plan Support - BMI Ecuador","description":"Atenci\u00f3n m\u00e9dica exclusiva en los mejores hospitales nacionales e internacionales, con acceso a nuestra red m\u00e9dica en Colombia.","robots":{"index":"index","follow":"follow","max-snippet":"max-snippet:-1","max-image-preview":"max-image-preview:large","max-video-preview":"max-video-preview:-1"},"canonical":"https:\/\/www.bmicos.com\/ecuador\/seguros\/support\/","og_locale":"es_ES","og_type":"article","og_title":"Plan Support","og_description":"Atenci\u00f3n m\u00e9dica exclusiva en los mejores hospitales nacionales e internacionales, con acceso a nuestra red m\u00e9dica en Colombia.","og_url":"https:\/\/www.bmicos.com\/ecuador\/seguros\/support\/","og_site_name":"BMI Ecuador","article_publisher":"https:\/\/www.facebook.com\/BMIEcuador","article_modified_time":"2023-03-20T21:26:15+00:00","og_image":[{"url":"https:\/\/www.bmicos.com\/ecuador\/wp-content\/uploads\/sites\/9\/2022\/01\/Imagen-Support.jpg","width":1,"height":1,"type":"image\/jpeg"}],"twitter_card":"summary_large_image","schema":{"@context":"https:\/\/schema.org","@graph":[{"@type":"WebPage","@id":"https:\/\/www.bmicos.com\/ecuador\/seguros\/support\/","url":"https:\/\/www.bmicos.com\/ecuador\/seguros\/support\/","name":"Plan Support - BMI Ecuador","isPartOf":{"@id":"https:\/\/www.bmicos.com\/ecuador\/#website"},"primaryImageOfPage":{"@id":"https:\/\/www.bmicos.com\/ecuador\/seguros\/support\/#primaryimage"},"image":{"@id":"https:\/\/www.bmicos.com\/ecuador\/seguros\/support\/#primaryimage"},"thumbnailUrl":"https:\/\/www.bmicos.com\/ecuador\/wp-content\/uploads\/sites\/9\/2022\/01\/Imagen-Support.jpg","datePublished":"2021-12-20T19:43:59+00:00","dateModified":"2023-03-20T21:26:15+00:00","description":"Atenci\u00f3n m\u00e9dica exclusiva en los mejores hospitales nacionales e internacionales, con acceso a nuestra red m\u00e9dica en Colombia.","breadcrumb":{"@id":"https:\/\/www.bmicos.com\/ecuador\/seguros\/support\/#breadcrumb"},"inLanguage":"es","potentialAction":[{"@type":"ReadAction","target":["https:\/\/www.bmicos.com\/ecuador\/seguros\/support\/"]}]},{"@type":"ImageObject","inLanguage":"es","@id":"https:\/\/www.bmicos.com\/ecuador\/seguros\/support\/#primaryimage","url":"https:\/\/www.bmicos.com\/ecuador\/wp-content\/uploads\/sites\/9\/2022\/01\/Imagen-Support.jpg","contentUrl":"https:\/\/www.bmicos.com\/ecuador\/wp-content\/uploads\/sites\/9\/2022\/01\/Imagen-Support.jpg"},{"@type":"BreadcrumbList","@id":"https:\/\/www.bmicos.com\/ecuador\/seguros\/support\/#breadcrumb","itemListElement":[{"@type":"ListItem","position":1,"name":"Inicio","item":"https:\/\/www.bmicos.com\/ecuador\/"},{"@type":"ListItem","position":2,"name":"Seguros","item":"https:\/\/www.bmicos.com\/ecuador\/seguros\/"},{"@type":"ListItem","position":3,"name":"Plan Support"}]},{"@type":"WebSite","@id":"https:\/\/www.bmicos.com\/ecuador\/#website","url":"https:\/\/www.bmicos.com\/ecuador\/","name":"BMI Ecuador","description":"Asegurando familias en todo el mundo","publisher":{"@id":"https:\/\/www.bmicos.com\/ecuador\/#organization"},"potentialAction":[{"@type":"SearchAction","target":{"@type":"EntryPoint","urlTemplate":"https:\/\/www.bmicos.com\/ecuador\/?s={search_term_string}"},"query-input":{"@type":"PropertyValueSpecification","valueRequired":true,"valueName":"search_term_string"}}],"inLanguage":"es"},{"@type":"Organization","@id":"https:\/\/www.bmicos.com\/ecuador\/#organization","name":"BMI Companies","url":"https:\/\/www.bmicos.com\/ecuador\/","logo":{"@type":"ImageObject","inLanguage":"es","@id":"https:\/\/www.bmicos.com\/ecuador\/#\/schema\/logo\/image\/","url":"https:\/\/www.bmicos.com\/ecuador\/wp-content\/uploads\/sites\/9\/2020\/12\/logo-1.png","contentUrl":"https:\/\/www.bmicos.com\/ecuador\/wp-content\/uploads\/sites\/9\/2020\/12\/logo-1.png","width":519,"height":273,"caption":"BMI Companies"},"image":{"@id":"https:\/\/www.bmicos.com\/ecuador\/#\/schema\/logo\/image\/"},"sameAs":["https:\/\/www.facebook.com\/BMIEcuador","https:\/\/www.instagram.com\/bmi_ec\/","https:\/\/www.linkedin.com\/company\/bmi-ecuador","https:\/\/www.youtube.com\/c\/BMIEcuadorOficial"]}]}},"_links":{"self":[{"href":"https:\/\/www.bmicos.com\/ecuador\/wp-json\/wp\/v2\/product\/4800","targetHints":{"allow":["GET"]}}],"collection":[{"href":"https:\/\/www.bmicos.com\/ecuador\/wp-json\/wp\/v2\/product"}],"about":[{"href":"https:\/\/www.bmicos.com\/ecuador\/wp-json\/wp\/v2\/types\/product"}],"version-history":[{"count":0,"href":"https:\/\/www.bmicos.com\/ecuador\/wp-json\/wp\/v2\/product\/4800\/revisions"}],"wp:featuredmedia":[{"embeddable":true,"href":"https:\/\/www.bmicos.com\/ecuador\/wp-json\/wp\/v2\/media\/5824"}],"wp:attachment":[{"href":"https:\/\/www.bmicos.com\/ecuador\/wp-json\/wp\/v2\/media?parent=4800"}],"wp:term":[{"taxonomy":"product_brand","embeddable":true,"href":"https:\/\/www.bmicos.com\/ecuador\/wp-json\/wp\/v2\/product_brand?post=4800"},{"taxonomy":"product_cat","embeddable":true,"href":"https:\/\/www.bmicos.com\/ecuador\/wp-json\/wp\/v2\/product_cat?post=4800"},{"taxonomy":"product_tag","embeddable":true,"href":"https:\/\/www.bmicos.com\/ecuador\/wp-json\/wp\/v2\/product_tag?post=4800"}],"curies":[{"name":"wp","href":"https:\/\/api.w.org\/{rel}","templated":true}]}}