{"id":4862,"date":"2021-12-21T14:53:31","date_gmt":"2021-12-21T18:53:31","guid":{"rendered":"https:\/\/www.bmicos.com\/ecuador\/?post_type=product&#038;p=4862"},"modified":"2023-07-19T17:37:41","modified_gmt":"2023-07-19T22:37:41","slug":"accidentes-personales","status":"publish","type":"product","link":"https:\/\/www.bmicos.com\/ecuador\/seguros\/accidentes-personales\/","title":{"rendered":"Accidentes Personales"},"content":{"rendered":"<p><b>Caracter\u00edsticas:<\/b><\/p>\n<ul>\n<li>Desde 26 asegurados<\/li>\n<li>Cobertura las 24 horas del d\u00eda, los 365 d\u00edas del a\u00f1o en cualquier lugar del mundo.<\/li>\n<li>Aplica cr\u00e9dito hospitalario<\/li>\n<\/ul>\n","protected":false},"excerpt":{"rendered":"<p>Planes de muerte accidental desde USD 5,000 hasta USD 50,000 y cobertura de gastos m\u00e9dicos a consecuencia de accidente.<\/p>\n","protected":false},"featured_media":5878,"template":"","meta":{"_acf_changed":false,"content-type":""},"product_brand":[],"product_cat":[508],"product_tag":[510,634],"class_list":{"0":"post-4862","1":"product","2":"type-product","3":"status-publish","4":"has-post-thumbnail","6":"product_cat-planes-vida","7":"product_tag-planes-colectivos-de-vida","8":"product_tag-producto-accidentes-personales","10":"first","11":"instock","12":"shipping-taxable","13":"product-type-simple"},"acf":[],"yoast_head":"<!-- This site is optimized with the Yoast SEO Premium plugin v20.7 (Yoast SEO v27.4) - https:\/\/yoast.com\/product\/yoast-seo-premium-wordpress\/ -->\n<title>Accidentes Personales - BMI Ecuador<\/title>\n<meta name=\"description\" content=\"Desde 26 asegurados Cobertura las 24 horas del d\u00eda, los 365 d\u00edas del a\u00f1o en cualquier lugar del mundo. Aplica cr\u00e9dito hospitalario\" \/>\n<meta name=\"robots\" content=\"index, follow, max-snippet:-1, max-image-preview:large, max-video-preview:-1\" \/>\n<link rel=\"canonical\" href=\"https:\/\/www.bmicos.com\/ecuador\/seguros\/accidentes-personales\/\" \/>\n<meta property=\"og:locale\" content=\"es_ES\" \/>\n<meta property=\"og:type\" content=\"article\" \/>\n<meta property=\"og:title\" content=\"Accidentes Personales\" \/>\n<meta property=\"og:description\" content=\"Desde 26 asegurados Cobertura las 24 horas del d\u00eda, los 365 d\u00edas del a\u00f1o en cualquier lugar del mundo. Aplica cr\u00e9dito hospitalario\" \/>\n<meta property=\"og:url\" content=\"https:\/\/www.bmicos.com\/ecuador\/seguros\/accidentes-personales\/\" \/>\n<meta property=\"og:site_name\" content=\"BMI Ecuador\" \/>\n<meta property=\"article:publisher\" content=\"https:\/\/www.facebook.com\/BMIEcuador\" \/>\n<meta property=\"article:modified_time\" content=\"2023-07-19T22:37:41+00:00\" \/>\n<meta property=\"og:image\" content=\"https:\/\/www.bmicos.com\/ecuador\/wp-content\/uploads\/sites\/9\/2021\/12\/Imagen-Accidentes-Personales.jpg\" \/>\n\t<meta property=\"og:image:width\" content=\"800\" \/>\n\t<meta property=\"og:image:height\" content=\"533\" \/>\n\t<meta property=\"og:image:type\" content=\"image\/jpeg\" \/>\n<meta name=\"twitter:card\" content=\"summary_large_image\" \/>\n<meta name=\"twitter:label1\" content=\"Tiempo de lectura\" \/>\n\t<meta name=\"twitter:data1\" content=\"1 minuto\" \/>\n<script type=\"application\/ld+json\" class=\"yoast-schema-graph\">{\"@context\":\"https:\\\/\\\/schema.org\",\"@graph\":[{\"@type\":\"WebPage\",\"@id\":\"https:\\\/\\\/www.bmicos.com\\\/ecuador\\\/seguros\\\/accidentes-personales\\\/\",\"url\":\"https:\\\/\\\/www.bmicos.com\\\/ecuador\\\/seguros\\\/accidentes-personales\\\/\",\"name\":\"Accidentes Personales - BMI Ecuador\",\"isPartOf\":{\"@id\":\"https:\\\/\\\/www.bmicos.com\\\/ecuador\\\/#website\"},\"primaryImageOfPage\":{\"@id\":\"https:\\\/\\\/www.bmicos.com\\\/ecuador\\\/seguros\\\/accidentes-personales\\\/#primaryimage\"},\"image\":{\"@id\":\"https:\\\/\\\/www.bmicos.com\\\/ecuador\\\/seguros\\\/accidentes-personales\\\/#primaryimage\"},\"thumbnailUrl\":\"https:\\\/\\\/www.bmicos.com\\\/ecuador\\\/wp-content\\\/uploads\\\/sites\\\/9\\\/2021\\\/12\\\/Imagen-Accidentes-Personales.jpg\",\"datePublished\":\"2021-12-21T18:53:31+00:00\",\"dateModified\":\"2023-07-19T22:37:41+00:00\",\"description\":\"Desde 26 asegurados Cobertura las 24 horas del d\u00eda, los 365 d\u00edas del a\u00f1o en cualquier lugar del mundo. Aplica cr\u00e9dito hospitalario\",\"breadcrumb\":{\"@id\":\"https:\\\/\\\/www.bmicos.com\\\/ecuador\\\/seguros\\\/accidentes-personales\\\/#breadcrumb\"},\"inLanguage\":\"es\",\"potentialAction\":[{\"@type\":\"ReadAction\",\"target\":[\"https:\\\/\\\/www.bmicos.com\\\/ecuador\\\/seguros\\\/accidentes-personales\\\/\"]}]},{\"@type\":\"ImageObject\",\"inLanguage\":\"es\",\"@id\":\"https:\\\/\\\/www.bmicos.com\\\/ecuador\\\/seguros\\\/accidentes-personales\\\/#primaryimage\",\"url\":\"https:\\\/\\\/www.bmicos.com\\\/ecuador\\\/wp-content\\\/uploads\\\/sites\\\/9\\\/2021\\\/12\\\/Imagen-Accidentes-Personales.jpg\",\"contentUrl\":\"https:\\\/\\\/www.bmicos.com\\\/ecuador\\\/wp-content\\\/uploads\\\/sites\\\/9\\\/2021\\\/12\\\/Imagen-Accidentes-Personales.jpg\",\"width\":800,\"height\":533},{\"@type\":\"BreadcrumbList\",\"@id\":\"https:\\\/\\\/www.bmicos.com\\\/ecuador\\\/seguros\\\/accidentes-personales\\\/#breadcrumb\",\"itemListElement\":[{\"@type\":\"ListItem\",\"position\":1,\"name\":\"Inicio\",\"item\":\"https:\\\/\\\/www.bmicos.com\\\/ecuador\\\/\"},{\"@type\":\"ListItem\",\"position\":2,\"name\":\"Seguros\",\"item\":\"https:\\\/\\\/www.bmicos.com\\\/ecuador\\\/seguros\\\/\"},{\"@type\":\"ListItem\",\"position\":3,\"name\":\"Accidentes Personales\"}]},{\"@type\":\"WebSite\",\"@id\":\"https:\\\/\\\/www.bmicos.com\\\/ecuador\\\/#website\",\"url\":\"https:\\\/\\\/www.bmicos.com\\\/ecuador\\\/\",\"name\":\"BMI Ecuador\",\"description\":\"Asegurando familias en todo el mundo\",\"publisher\":{\"@id\":\"https:\\\/\\\/www.bmicos.com\\\/ecuador\\\/#organization\"},\"potentialAction\":[{\"@type\":\"SearchAction\",\"target\":{\"@type\":\"EntryPoint\",\"urlTemplate\":\"https:\\\/\\\/www.bmicos.com\\\/ecuador\\\/?s={search_term_string}\"},\"query-input\":{\"@type\":\"PropertyValueSpecification\",\"valueRequired\":true,\"valueName\":\"search_term_string\"}}],\"inLanguage\":\"es\"},{\"@type\":\"Organization\",\"@id\":\"https:\\\/\\\/www.bmicos.com\\\/ecuador\\\/#organization\",\"name\":\"BMI Companies\",\"url\":\"https:\\\/\\\/www.bmicos.com\\\/ecuador\\\/\",\"logo\":{\"@type\":\"ImageObject\",\"inLanguage\":\"es\",\"@id\":\"https:\\\/\\\/www.bmicos.com\\\/ecuador\\\/#\\\/schema\\\/logo\\\/image\\\/\",\"url\":\"https:\\\/\\\/www.bmicos.com\\\/ecuador\\\/wp-content\\\/uploads\\\/sites\\\/9\\\/2020\\\/12\\\/logo-1.png\",\"contentUrl\":\"https:\\\/\\\/www.bmicos.com\\\/ecuador\\\/wp-content\\\/uploads\\\/sites\\\/9\\\/2020\\\/12\\\/logo-1.png\",\"width\":519,\"height\":273,\"caption\":\"BMI Companies\"},\"image\":{\"@id\":\"https:\\\/\\\/www.bmicos.com\\\/ecuador\\\/#\\\/schema\\\/logo\\\/image\\\/\"},\"sameAs\":[\"https:\\\/\\\/www.facebook.com\\\/BMIEcuador\",\"https:\\\/\\\/www.instagram.com\\\/bmi_ec\\\/\",\"https:\\\/\\\/www.linkedin.com\\\/company\\\/bmi-ecuador\",\"https:\\\/\\\/www.youtube.com\\\/c\\\/BMIEcuadorOficial\"]}]}<\/script>\n<!-- \/ Yoast SEO Premium plugin. -->","yoast_head_json":{"title":"Accidentes Personales - BMI Ecuador","description":"Desde 26 asegurados Cobertura las 24 horas del d\u00eda, los 365 d\u00edas del a\u00f1o en cualquier lugar del mundo. Aplica cr\u00e9dito hospitalario","robots":{"index":"index","follow":"follow","max-snippet":"max-snippet:-1","max-image-preview":"max-image-preview:large","max-video-preview":"max-video-preview:-1"},"canonical":"https:\/\/www.bmicos.com\/ecuador\/seguros\/accidentes-personales\/","og_locale":"es_ES","og_type":"article","og_title":"Accidentes Personales","og_description":"Desde 26 asegurados Cobertura las 24 horas del d\u00eda, los 365 d\u00edas del a\u00f1o en cualquier lugar del mundo. Aplica cr\u00e9dito hospitalario","og_url":"https:\/\/www.bmicos.com\/ecuador\/seguros\/accidentes-personales\/","og_site_name":"BMI Ecuador","article_publisher":"https:\/\/www.facebook.com\/BMIEcuador","article_modified_time":"2023-07-19T22:37:41+00:00","og_image":[{"width":800,"height":533,"url":"https:\/\/www.bmicos.com\/ecuador\/wp-content\/uploads\/sites\/9\/2021\/12\/Imagen-Accidentes-Personales.jpg","type":"image\/jpeg"}],"twitter_card":"summary_large_image","twitter_misc":{"Tiempo de lectura":"1 minuto"},"schema":{"@context":"https:\/\/schema.org","@graph":[{"@type":"WebPage","@id":"https:\/\/www.bmicos.com\/ecuador\/seguros\/accidentes-personales\/","url":"https:\/\/www.bmicos.com\/ecuador\/seguros\/accidentes-personales\/","name":"Accidentes Personales - BMI Ecuador","isPartOf":{"@id":"https:\/\/www.bmicos.com\/ecuador\/#website"},"primaryImageOfPage":{"@id":"https:\/\/www.bmicos.com\/ecuador\/seguros\/accidentes-personales\/#primaryimage"},"image":{"@id":"https:\/\/www.bmicos.com\/ecuador\/seguros\/accidentes-personales\/#primaryimage"},"thumbnailUrl":"https:\/\/www.bmicos.com\/ecuador\/wp-content\/uploads\/sites\/9\/2021\/12\/Imagen-Accidentes-Personales.jpg","datePublished":"2021-12-21T18:53:31+00:00","dateModified":"2023-07-19T22:37:41+00:00","description":"Desde 26 asegurados Cobertura las 24 horas del d\u00eda, los 365 d\u00edas del a\u00f1o en cualquier lugar del mundo. Aplica cr\u00e9dito hospitalario","breadcrumb":{"@id":"https:\/\/www.bmicos.com\/ecuador\/seguros\/accidentes-personales\/#breadcrumb"},"inLanguage":"es","potentialAction":[{"@type":"ReadAction","target":["https:\/\/www.bmicos.com\/ecuador\/seguros\/accidentes-personales\/"]}]},{"@type":"ImageObject","inLanguage":"es","@id":"https:\/\/www.bmicos.com\/ecuador\/seguros\/accidentes-personales\/#primaryimage","url":"https:\/\/www.bmicos.com\/ecuador\/wp-content\/uploads\/sites\/9\/2021\/12\/Imagen-Accidentes-Personales.jpg","contentUrl":"https:\/\/www.bmicos.com\/ecuador\/wp-content\/uploads\/sites\/9\/2021\/12\/Imagen-Accidentes-Personales.jpg","width":800,"height":533},{"@type":"BreadcrumbList","@id":"https:\/\/www.bmicos.com\/ecuador\/seguros\/accidentes-personales\/#breadcrumb","itemListElement":[{"@type":"ListItem","position":1,"name":"Inicio","item":"https:\/\/www.bmicos.com\/ecuador\/"},{"@type":"ListItem","position":2,"name":"Seguros","item":"https:\/\/www.bmicos.com\/ecuador\/seguros\/"},{"@type":"ListItem","position":3,"name":"Accidentes Personales"}]},{"@type":"WebSite","@id":"https:\/\/www.bmicos.com\/ecuador\/#website","url":"https:\/\/www.bmicos.com\/ecuador\/","name":"BMI Ecuador","description":"Asegurando familias en todo el mundo","publisher":{"@id":"https:\/\/www.bmicos.com\/ecuador\/#organization"},"potentialAction":[{"@type":"SearchAction","target":{"@type":"EntryPoint","urlTemplate":"https:\/\/www.bmicos.com\/ecuador\/?s={search_term_string}"},"query-input":{"@type":"PropertyValueSpecification","valueRequired":true,"valueName":"search_term_string"}}],"inLanguage":"es"},{"@type":"Organization","@id":"https:\/\/www.bmicos.com\/ecuador\/#organization","name":"BMI Companies","url":"https:\/\/www.bmicos.com\/ecuador\/","logo":{"@type":"ImageObject","inLanguage":"es","@id":"https:\/\/www.bmicos.com\/ecuador\/#\/schema\/logo\/image\/","url":"https:\/\/www.bmicos.com\/ecuador\/wp-content\/uploads\/sites\/9\/2020\/12\/logo-1.png","contentUrl":"https:\/\/www.bmicos.com\/ecuador\/wp-content\/uploads\/sites\/9\/2020\/12\/logo-1.png","width":519,"height":273,"caption":"BMI Companies"},"image":{"@id":"https:\/\/www.bmicos.com\/ecuador\/#\/schema\/logo\/image\/"},"sameAs":["https:\/\/www.facebook.com\/BMIEcuador","https:\/\/www.instagram.com\/bmi_ec\/","https:\/\/www.linkedin.com\/company\/bmi-ecuador","https:\/\/www.youtube.com\/c\/BMIEcuadorOficial"]}]}},"_links":{"self":[{"href":"https:\/\/www.bmicos.com\/ecuador\/wp-json\/wp\/v2\/product\/4862","targetHints":{"allow":["GET"]}}],"collection":[{"href":"https:\/\/www.bmicos.com\/ecuador\/wp-json\/wp\/v2\/product"}],"about":[{"href":"https:\/\/www.bmicos.com\/ecuador\/wp-json\/wp\/v2\/types\/product"}],"version-history":[{"count":0,"href":"https:\/\/www.bmicos.com\/ecuador\/wp-json\/wp\/v2\/product\/4862\/revisions"}],"wp:featuredmedia":[{"embeddable":true,"href":"https:\/\/www.bmicos.com\/ecuador\/wp-json\/wp\/v2\/media\/5878"}],"wp:attachment":[{"href":"https:\/\/www.bmicos.com\/ecuador\/wp-json\/wp\/v2\/media?parent=4862"}],"wp:term":[{"taxonomy":"product_brand","embeddable":true,"href":"https:\/\/www.bmicos.com\/ecuador\/wp-json\/wp\/v2\/product_brand?post=4862"},{"taxonomy":"product_cat","embeddable":true,"href":"https:\/\/www.bmicos.com\/ecuador\/wp-json\/wp\/v2\/product_cat?post=4862"},{"taxonomy":"product_tag","embeddable":true,"href":"https:\/\/www.bmicos.com\/ecuador\/wp-json\/wp\/v2\/product_tag?post=4862"}],"curies":[{"name":"wp","href":"https:\/\/api.w.org\/{rel}","templated":true}]}}