{"id":1049,"date":"2020-01-30T04:33:53","date_gmt":"2020-01-30T04:33:53","guid":{"rendered":"https:\/\/www.bmicos.com\/products\/sin%20categor\u00eda\/lifetime\/"},"modified":"2025-11-14T10:15:10","modified_gmt":"2025-11-14T14:15:10","slug":"lifetime","status":"publish","type":"product","link":"https:\/\/www.bmicos.com\/en\/seguros\/lifetime\/","title":{"rendered":"Lifetime"},"content":{"rendered":"","protected":false},"excerpt":{"rendered":"","protected":false},"featured_media":8445,"template":"","meta":{"_acf_changed":false},"product_brand":[],"product_cat":[257,260],"product_tag":[68],"class_list":{"0":"post-1049","1":"product","2":"type-product","3":"status-publish","4":"has-post-thumbnail","6":"product_cat-vida","7":"product_cat-vida-universal","8":"product_tag-universal-life","10":"first","11":"instock","12":"sold-individually","13":"shipping-taxable","14":"product-type-simple"},"acf":[],"yoast_head":"<!-- This site is optimized with the Yoast SEO Premium plugin v20.7 (Yoast SEO v27.4) - https:\/\/yoast.com\/product\/yoast-seo-premium-wordpress\/ -->\n<title>Lifetime | Vida Universal - BMI Internacional<\/title>\n<meta name=\"description\" content=\"\u2022 Valores Garantizados. Adem\u00e1s de la acumulaci\u00f3n de valores, t\u00edpicos de una p\u00f3liza de vida universal, Lifetime ofrece valores garantizados\" \/>\n<meta name=\"robots\" content=\"index, follow, max-snippet:-1, max-image-preview:large, max-video-preview:-1\" \/>\n<link rel=\"canonical\" href=\"https:\/\/www.bmicos.com\/en\/seguros\/lifetime\/\" \/>\n<meta property=\"og:locale\" content=\"en_US\" \/>\n<meta property=\"og:type\" content=\"article\" \/>\n<meta property=\"og:title\" content=\"Lifetime\" \/>\n<meta property=\"og:description\" content=\"\u2022 Valores Garantizados. Adem\u00e1s de la acumulaci\u00f3n de valores, t\u00edpicos de una p\u00f3liza de vida universal, Lifetime ofrece valores garantizados\" \/>\n<meta property=\"og:url\" content=\"https:\/\/www.bmicos.com\/en\/seguros\/lifetime\/\" \/>\n<meta property=\"og:site_name\" content=\"BMI Internacional\" \/>\n<meta property=\"article:publisher\" content=\"https:\/\/www.facebook.com\/BMIHeadquarters\" \/>\n<meta property=\"article:modified_time\" content=\"2025-11-14T14:15:10+00:00\" \/>\n<meta property=\"og:image\" content=\"https:\/\/www.bmicos.com\/wp-content\/uploads\/2021\/04\/LIFETIME.jpg\" \/>\n\t<meta property=\"og:image:width\" content=\"1000\" \/>\n\t<meta property=\"og:image:height\" content=\"650\" \/>\n\t<meta property=\"og:image:type\" content=\"image\/jpeg\" \/>\n<meta name=\"twitter:card\" content=\"summary_large_image\" \/>\n<meta name=\"twitter:label1\" content=\"Est. reading time\" \/>\n\t<meta name=\"twitter:data1\" content=\"1 minute\" \/>\n<script type=\"application\/ld+json\" class=\"yoast-schema-graph\">{\"@context\":\"https:\\\/\\\/schema.org\",\"@graph\":[{\"@type\":\"WebPage\",\"@id\":\"https:\\\/\\\/www.bmicos.com\\\/seguros\\\/lifetime\\\/\",\"url\":\"https:\\\/\\\/www.bmicos.com\\\/seguros\\\/lifetime\\\/\",\"name\":\"Lifetime | Vida Universal - BMI Internacional\",\"isPartOf\":{\"@id\":\"https:\\\/\\\/www.bmicos.com\\\/#website\"},\"primaryImageOfPage\":{\"@id\":\"https:\\\/\\\/www.bmicos.com\\\/seguros\\\/lifetime\\\/#primaryimage\"},\"image\":{\"@id\":\"https:\\\/\\\/www.bmicos.com\\\/seguros\\\/lifetime\\\/#primaryimage\"},\"thumbnailUrl\":\"https:\\\/\\\/www.bmicos.com\\\/wp-content\\\/uploads\\\/2021\\\/04\\\/LIFETIME.jpg\",\"datePublished\":\"2020-01-30T04:33:53+00:00\",\"dateModified\":\"2025-11-14T14:15:10+00:00\",\"description\":\"\u2022 Valores Garantizados. Adem\u00e1s de la acumulaci\u00f3n de valores, t\u00edpicos de una p\u00f3liza de vida universal, Lifetime ofrece valores garantizados\",\"breadcrumb\":{\"@id\":\"https:\\\/\\\/www.bmicos.com\\\/seguros\\\/lifetime\\\/#breadcrumb\"},\"inLanguage\":\"en-US\",\"potentialAction\":[{\"@type\":\"ReadAction\",\"target\":[\"https:\\\/\\\/www.bmicos.com\\\/seguros\\\/lifetime\\\/\"]}]},{\"@type\":\"ImageObject\",\"inLanguage\":\"en-US\",\"@id\":\"https:\\\/\\\/www.bmicos.com\\\/seguros\\\/lifetime\\\/#primaryimage\",\"url\":\"https:\\\/\\\/www.bmicos.com\\\/wp-content\\\/uploads\\\/2021\\\/04\\\/LIFETIME.jpg\",\"contentUrl\":\"https:\\\/\\\/www.bmicos.com\\\/wp-content\\\/uploads\\\/2021\\\/04\\\/LIFETIME.jpg\",\"width\":1000,\"height\":650},{\"@type\":\"BreadcrumbList\",\"@id\":\"https:\\\/\\\/www.bmicos.com\\\/seguros\\\/lifetime\\\/#breadcrumb\",\"itemListElement\":[{\"@type\":\"ListItem\",\"position\":1,\"name\":\"Inicio\",\"item\":\"https:\\\/\\\/www.bmicos.com\\\/\"},{\"@type\":\"ListItem\",\"position\":2,\"name\":\"Seguros\",\"item\":\"https:\\\/\\\/www.bmicos.com\\\/seguros\\\/\"},{\"@type\":\"ListItem\",\"position\":3,\"name\":\"Lifetime\"}]},{\"@type\":\"WebSite\",\"@id\":\"https:\\\/\\\/www.bmicos.com\\\/#website\",\"url\":\"https:\\\/\\\/www.bmicos.com\\\/\",\"name\":\"BMI Internacional\",\"description\":\"Asegurando familias en todo el mundo\",\"publisher\":{\"@id\":\"https:\\\/\\\/www.bmicos.com\\\/#organization\"},\"potentialAction\":[{\"@type\":\"SearchAction\",\"target\":{\"@type\":\"EntryPoint\",\"urlTemplate\":\"https:\\\/\\\/www.bmicos.com\\\/?s={search_term_string}\"},\"query-input\":{\"@type\":\"PropertyValueSpecification\",\"valueRequired\":true,\"valueName\":\"search_term_string\"}}],\"inLanguage\":\"en-US\"},{\"@type\":\"Organization\",\"@id\":\"https:\\\/\\\/www.bmicos.com\\\/#organization\",\"name\":\"BMI Companies\",\"url\":\"https:\\\/\\\/www.bmicos.com\\\/\",\"logo\":{\"@type\":\"ImageObject\",\"inLanguage\":\"en-US\",\"@id\":\"https:\\\/\\\/www.bmicos.com\\\/#\\\/schema\\\/logo\\\/image\\\/\",\"url\":\"https:\\\/\\\/www.bmicos.com\\\/wp-content\\\/uploads\\\/2020\\\/12\\\/logo-1.png\",\"contentUrl\":\"https:\\\/\\\/www.bmicos.com\\\/wp-content\\\/uploads\\\/2020\\\/12\\\/logo-1.png\",\"width\":519,\"height\":273,\"caption\":\"BMI Companies\"},\"image\":{\"@id\":\"https:\\\/\\\/www.bmicos.com\\\/#\\\/schema\\\/logo\\\/image\\\/\"},\"sameAs\":[\"https:\\\/\\\/www.facebook.com\\\/BMIHeadquarters\",\"https:\\\/\\\/www.instagram.com\\\/bmicompanies\\\/\",\"https:\\\/\\\/www.linkedin.com\\\/company\\\/bmicompanies\\\/\",\"https:\\\/\\\/www.youtube.com\\\/user\\\/BMICompaniesGlobal\"]}]}<\/script>\n<!-- \/ Yoast SEO Premium plugin. -->","yoast_head_json":{"title":"Lifetime | Vida Universal - BMI Internacional","description":"\u2022 Valores Garantizados. Adem\u00e1s de la acumulaci\u00f3n de valores, t\u00edpicos de una p\u00f3liza de vida universal, Lifetime ofrece valores garantizados","robots":{"index":"index","follow":"follow","max-snippet":"max-snippet:-1","max-image-preview":"max-image-preview:large","max-video-preview":"max-video-preview:-1"},"canonical":"https:\/\/www.bmicos.com\/en\/seguros\/lifetime\/","og_locale":"en_US","og_type":"article","og_title":"Lifetime","og_description":"\u2022 Valores Garantizados. Adem\u00e1s de la acumulaci\u00f3n de valores, t\u00edpicos de una p\u00f3liza de vida universal, Lifetime ofrece valores garantizados","og_url":"https:\/\/www.bmicos.com\/en\/seguros\/lifetime\/","og_site_name":"BMI Internacional","article_publisher":"https:\/\/www.facebook.com\/BMIHeadquarters","article_modified_time":"2025-11-14T14:15:10+00:00","og_image":[{"width":1000,"height":650,"url":"https:\/\/www.bmicos.com\/wp-content\/uploads\/2021\/04\/LIFETIME.jpg","type":"image\/jpeg"}],"twitter_card":"summary_large_image","twitter_misc":{"Est. reading time":"1 minute"},"schema":{"@context":"https:\/\/schema.org","@graph":[{"@type":"WebPage","@id":"https:\/\/www.bmicos.com\/seguros\/lifetime\/","url":"https:\/\/www.bmicos.com\/seguros\/lifetime\/","name":"Lifetime | Vida Universal - BMI Internacional","isPartOf":{"@id":"https:\/\/www.bmicos.com\/#website"},"primaryImageOfPage":{"@id":"https:\/\/www.bmicos.com\/seguros\/lifetime\/#primaryimage"},"image":{"@id":"https:\/\/www.bmicos.com\/seguros\/lifetime\/#primaryimage"},"thumbnailUrl":"https:\/\/www.bmicos.com\/wp-content\/uploads\/2021\/04\/LIFETIME.jpg","datePublished":"2020-01-30T04:33:53+00:00","dateModified":"2025-11-14T14:15:10+00:00","description":"\u2022 Valores Garantizados. Adem\u00e1s de la acumulaci\u00f3n de valores, t\u00edpicos de una p\u00f3liza de vida universal, Lifetime ofrece valores garantizados","breadcrumb":{"@id":"https:\/\/www.bmicos.com\/seguros\/lifetime\/#breadcrumb"},"inLanguage":"en-US","potentialAction":[{"@type":"ReadAction","target":["https:\/\/www.bmicos.com\/seguros\/lifetime\/"]}]},{"@type":"ImageObject","inLanguage":"en-US","@id":"https:\/\/www.bmicos.com\/seguros\/lifetime\/#primaryimage","url":"https:\/\/www.bmicos.com\/wp-content\/uploads\/2021\/04\/LIFETIME.jpg","contentUrl":"https:\/\/www.bmicos.com\/wp-content\/uploads\/2021\/04\/LIFETIME.jpg","width":1000,"height":650},{"@type":"BreadcrumbList","@id":"https:\/\/www.bmicos.com\/seguros\/lifetime\/#breadcrumb","itemListElement":[{"@type":"ListItem","position":1,"name":"Inicio","item":"https:\/\/www.bmicos.com\/"},{"@type":"ListItem","position":2,"name":"Seguros","item":"https:\/\/www.bmicos.com\/seguros\/"},{"@type":"ListItem","position":3,"name":"Lifetime"}]},{"@type":"WebSite","@id":"https:\/\/www.bmicos.com\/#website","url":"https:\/\/www.bmicos.com\/","name":"BMI International","description":"Insuring Families Worldwide","publisher":{"@id":"https:\/\/www.bmicos.com\/#organization"},"potentialAction":[{"@type":"SearchAction","target":{"@type":"EntryPoint","urlTemplate":"https:\/\/www.bmicos.com\/?s={search_term_string}"},"query-input":{"@type":"PropertyValueSpecification","valueRequired":true,"valueName":"search_term_string"}}],"inLanguage":"en-US"},{"@type":"Organization","@id":"https:\/\/www.bmicos.com\/#organization","name":"BMI Companies","url":"https:\/\/www.bmicos.com\/","logo":{"@type":"ImageObject","inLanguage":"en-US","@id":"https:\/\/www.bmicos.com\/#\/schema\/logo\/image\/","url":"https:\/\/www.bmicos.com\/wp-content\/uploads\/2020\/12\/logo-1.png","contentUrl":"https:\/\/www.bmicos.com\/wp-content\/uploads\/2020\/12\/logo-1.png","width":519,"height":273,"caption":"BMI Companies"},"image":{"@id":"https:\/\/www.bmicos.com\/#\/schema\/logo\/image\/"},"sameAs":["https:\/\/www.facebook.com\/BMIHeadquarters","https:\/\/www.instagram.com\/bmicompanies\/","https:\/\/www.linkedin.com\/company\/bmicompanies\/","https:\/\/www.youtube.com\/user\/BMICompaniesGlobal"]}]}},"_links":{"self":[{"href":"https:\/\/www.bmicos.com\/en\/wp-json\/wp\/v2\/product\/1049","targetHints":{"allow":["GET"]}}],"collection":[{"href":"https:\/\/www.bmicos.com\/en\/wp-json\/wp\/v2\/product"}],"about":[{"href":"https:\/\/www.bmicos.com\/en\/wp-json\/wp\/v2\/types\/product"}],"version-history":[{"count":0,"href":"https:\/\/www.bmicos.com\/en\/wp-json\/wp\/v2\/product\/1049\/revisions"}],"wp:featuredmedia":[{"embeddable":true,"href":"https:\/\/www.bmicos.com\/en\/wp-json\/wp\/v2\/media\/8445"}],"wp:attachment":[{"href":"https:\/\/www.bmicos.com\/en\/wp-json\/wp\/v2\/media?parent=1049"}],"wp:term":[{"taxonomy":"product_brand","embeddable":true,"href":"https:\/\/www.bmicos.com\/en\/wp-json\/wp\/v2\/product_brand?post=1049"},{"taxonomy":"product_cat","embeddable":true,"href":"https:\/\/www.bmicos.com\/en\/wp-json\/wp\/v2\/product_cat?post=1049"},{"taxonomy":"product_tag","embeddable":true,"href":"https:\/\/www.bmicos.com\/en\/wp-json\/wp\/v2\/product_tag?post=1049"}],"curies":[{"name":"wp","href":"https:\/\/api.w.org\/{rel}","templated":true}]}}