{"id":4263,"date":"2021-01-12T14:59:15","date_gmt":"2021-01-12T14:59:15","guid":{"rendered":"https:\/\/www.bmicos.com\/guatemala\/?page_id=4263"},"modified":"2024-05-20T16:04:09","modified_gmt":"2024-05-20T22:04:09","slug":"administracion","status":"publish","type":"page","link":"https:\/\/www.bmicos.com\/guatemala\/en\/administracion\/","title":{"rendered":"Administration"},"content":{"rendered":"\t\t<div data-elementor-type=\"wp-page\" data-elementor-id=\"4263\" class=\"elementor elementor-4263\" data-elementor-post-type=\"page\">\n\t\t\t\t\t\t<div class=\"elementor-inner\">\n\t\t\t\t<div class=\"elementor-section-wrap\">\n\t\t\t\t\t\t\t\t\t<section data-particle_enable=\"false\" data-particle-mobile-disabled=\"false\" class=\"elementor-section elementor-top-section elementor-element elementor-element-677126b8 elementor-section-full_width elementor-section-height-default elementor-section-height-default\" data-id=\"677126b8\" data-element_type=\"section\" data-settings=\"{&quot;jet_parallax_layout_list&quot;:[{&quot;jet_parallax_layout_image&quot;:{&quot;url&quot;:&quot;&quot;,&quot;id&quot;:&quot;&quot;,&quot;size&quot;:&quot;&quot;},&quot;_id&quot;:&quot;9de5cbe&quot;,&quot;jet_parallax_layout_image_tablet&quot;:{&quot;url&quot;:&quot;&quot;,&quot;id&quot;:&quot;&quot;,&quot;size&quot;:&quot;&quot;},&quot;jet_parallax_layout_image_mobile&quot;:{&quot;url&quot;:&quot;&quot;,&quot;id&quot;:&quot;&quot;,&quot;size&quot;:&quot;&quot;},&quot;jet_parallax_layout_speed&quot;:{&quot;unit&quot;:&quot;%&quot;,&quot;size&quot;:50,&quot;sizes&quot;:[]},&quot;jet_parallax_layout_type&quot;:&quot;scroll&quot;,&quot;jet_parallax_layout_direction&quot;:null,&quot;jet_parallax_layout_fx_direction&quot;:null,&quot;jet_parallax_layout_z_index&quot;:&quot;&quot;,&quot;jet_parallax_layout_bg_x&quot;:50,&quot;jet_parallax_layout_bg_x_tablet&quot;:&quot;&quot;,&quot;jet_parallax_layout_bg_x_mobile&quot;:&quot;&quot;,&quot;jet_parallax_layout_bg_y&quot;:50,&quot;jet_parallax_layout_bg_y_tablet&quot;:&quot;&quot;,&quot;jet_parallax_layout_bg_y_mobile&quot;:&quot;&quot;,&quot;jet_parallax_layout_bg_size&quot;:&quot;auto&quot;,&quot;jet_parallax_layout_bg_size_tablet&quot;:&quot;&quot;,&quot;jet_parallax_layout_bg_size_mobile&quot;:&quot;&quot;,&quot;jet_parallax_layout_animation_prop&quot;:&quot;transform&quot;,&quot;jet_parallax_layout_on&quot;:[&quot;desktop&quot;,&quot;tablet&quot;]}]}\">\n\t\t\t\t\t\t<div class=\"elementor-container elementor-column-gap-default\">\n\t\t\t\t\t\t\t<div class=\"elementor-row\">\n\t\t\t\t\t<div class=\"elementor-column elementor-col-100 elementor-top-column elementor-element elementor-element-5541bc46\" data-id=\"5541bc46\" data-element_type=\"column\">\n\t\t\t<div class=\"elementor-column-wrap elementor-element-populated\">\n\t\t\t\t\t\t\t<div class=\"elementor-widget-wrap\">\n\t\t\t\t\t\t<div class=\"elementor-element elementor-element-135d3ac elementor-widget elementor-widget-heading\" data-id=\"135d3ac\" data-element_type=\"widget\" data-widget_type=\"heading.default\">\n\t\t\t\t<div class=\"elementor-widget-container\">\n\t\t\t<h1 class=\"elementor-heading-title elementor-size-default\">Administraci\u00f3n<\/h1>\t\t<\/div>\n\t\t\t\t<\/div>\n\t\t\t\t<div class=\"elementor-element elementor-element-6fa8128 elementor-widget-divider--view-line elementor-invisible elementor-widget elementor-widget-divider\" data-id=\"6fa8128\" data-element_type=\"widget\" data-settings=\"{&quot;_animation&quot;:&quot;fadeInLeft&quot;}\" data-widget_type=\"divider.default\">\n\t\t\t\t<div class=\"elementor-widget-container\">\n\t\t\t\t\t<div class=\"elementor-divider\">\n\t\t\t<span class=\"elementor-divider-separator\">\n\t\t\t\t\t\t<\/span>\n\t\t<\/div>\n\t\t\t\t<\/div>\n\t\t\t\t<\/div>\n\t\t\t\t\t\t<\/div>\n\t\t\t\t\t<\/div>\n\t\t<\/div>\n\t\t\t\t\t\t\t\t<\/div>\n\t\t\t\t\t<\/div>\n\t\t<\/section>\n\t\t\t\t<section data-particle_enable=\"false\" data-particle-mobile-disabled=\"false\" class=\"elementor-section elementor-top-section elementor-element elementor-element-a2424c3 elementor-section-full_width elementor-section-height-default elementor-section-height-default\" data-id=\"a2424c3\" data-element_type=\"section\" data-settings=\"{&quot;jet_parallax_layout_list&quot;:[{&quot;jet_parallax_layout_image&quot;:{&quot;url&quot;:&quot;&quot;,&quot;id&quot;:&quot;&quot;,&quot;size&quot;:&quot;&quot;},&quot;_id&quot;:&quot;a7ff7e4&quot;,&quot;jet_parallax_layout_image_tablet&quot;:{&quot;url&quot;:&quot;&quot;,&quot;id&quot;:&quot;&quot;,&quot;size&quot;:&quot;&quot;},&quot;jet_parallax_layout_image_mobile&quot;:{&quot;url&quot;:&quot;&quot;,&quot;id&quot;:&quot;&quot;,&quot;size&quot;:&quot;&quot;},&quot;jet_parallax_layout_speed&quot;:{&quot;unit&quot;:&quot;%&quot;,&quot;size&quot;:50,&quot;sizes&quot;:[]},&quot;jet_parallax_layout_type&quot;:&quot;scroll&quot;,&quot;jet_parallax_layout_direction&quot;:null,&quot;jet_parallax_layout_fx_direction&quot;:null,&quot;jet_parallax_layout_z_index&quot;:&quot;&quot;,&quot;jet_parallax_layout_bg_x&quot;:50,&quot;jet_parallax_layout_bg_x_tablet&quot;:&quot;&quot;,&quot;jet_parallax_layout_bg_x_mobile&quot;:&quot;&quot;,&quot;jet_parallax_layout_bg_y&quot;:50,&quot;jet_parallax_layout_bg_y_tablet&quot;:&quot;&quot;,&quot;jet_parallax_layout_bg_y_mobile&quot;:&quot;&quot;,&quot;jet_parallax_layout_bg_size&quot;:&quot;auto&quot;,&quot;jet_parallax_layout_bg_size_tablet&quot;:&quot;&quot;,&quot;jet_parallax_layout_bg_size_mobile&quot;:&quot;&quot;,&quot;jet_parallax_layout_animation_prop&quot;:&quot;transform&quot;,&quot;jet_parallax_layout_on&quot;:[&quot;desktop&quot;,&quot;tablet&quot;]}]}\">\n\t\t\t\t\t\t<div class=\"elementor-container elementor-column-gap-default\">\n\t\t\t\t\t\t\t<div class=\"elementor-row\">\n\t\t\t\t\t<div class=\"elementor-column elementor-col-50 elementor-top-column elementor-element elementor-element-b6d5c1e\" data-id=\"b6d5c1e\" data-element_type=\"column\">\n\t\t\t<div class=\"elementor-column-wrap elementor-element-populated\">\n\t\t\t\t\t\t\t<div class=\"elementor-widget-wrap\">\n\t\t\t\t\t\t<div class=\"elementor-element elementor-element-f90651e elementor-widget elementor-widget-image\" data-id=\"f90651e\" data-element_type=\"widget\" data-widget_type=\"image.default\">\n\t\t\t\t<div class=\"elementor-widget-container\">\n\t\t\t\t\t\t\t\t<div class=\"elementor-image\">\n\t\t\t\t\t\t\t\t\t<figure class=\"wp-caption\">\n\t\t\t\t\t\t\t\t\t\t\t<a href=\"https:\/\/www.bmicos.com\/guatemala\/gobierno-corporativo\/\">\n\t\t\t\t\t\t\t<img loading=\"lazy\" decoding=\"async\" width=\"124\" height=\"125\" src=\"https:\/\/www.bmicos.com\/guatemala\/wp-content\/uploads\/sites\/6\/2021\/01\/bmi_alta-gerencia.png\" class=\"attachment-medium size-medium wp-image-4264\" alt=\"Alta Gerencia\" srcset=\"https:\/\/www.bmicos.com\/guatemala\/wp-content\/uploads\/sites\/6\/2021\/01\/bmi_alta-gerencia.png 124w, https:\/\/www.bmicos.com\/guatemala\/wp-content\/uploads\/sites\/6\/2021\/01\/bmi_alta-gerencia-12x12.png 12w, https:\/\/www.bmicos.com\/guatemala\/wp-content\/uploads\/sites\/6\/2021\/01\/bmi_alta-gerencia-100x100.png 100w\" sizes=\"auto, (max-width: 124px) 100vw, 124px\" \/>\t\t\t\t\t\t\t\t<\/a>\n\t\t\t\t\t\t\t\t\t\t\t<figcaption class=\"widget-image-caption wp-caption-text\">Gobierno corporativo<\/figcaption>\n\t\t\t\t\t\t\t\t\t\t<\/figure>\n\t\t\t\t\t\t\t\t<\/div>\n\t\t\t\t\t\t<\/div>\n\t\t\t\t<\/div>\n\t\t\t\t<div class=\"elementor-element elementor-element-12cc44a elementor-widget elementor-widget-image\" data-id=\"12cc44a\" data-element_type=\"widget\" data-widget_type=\"image.default\">\n\t\t\t\t<div class=\"elementor-widget-container\">\n\t\t\t\t\t\t\t\t<div class=\"elementor-image\">\n\t\t\t\t\t\t\t\t\t<figure class=\"wp-caption\">\n\t\t\t\t\t\t\t\t\t\t\t<a href=\"https:\/\/www.bmicos.com\/guatemala\/consejo-de-administracion\/\">\n\t\t\t\t\t\t\t<img loading=\"lazy\" decoding=\"async\" width=\"125\" height=\"125\" src=\"https:\/\/www.bmicos.com\/guatemala\/wp-content\/uploads\/sites\/6\/2021\/01\/bmi_consejo-de-admin.png\" class=\"attachment-medium size-medium wp-image-4265\" alt=\"Consejo de Administraci\u00f3n\" srcset=\"https:\/\/www.bmicos.com\/guatemala\/wp-content\/uploads\/sites\/6\/2021\/01\/bmi_consejo-de-admin.png 125w, https:\/\/www.bmicos.com\/guatemala\/wp-content\/uploads\/sites\/6\/2021\/01\/bmi_consejo-de-admin-12x12.png 12w, https:\/\/www.bmicos.com\/guatemala\/wp-content\/uploads\/sites\/6\/2021\/01\/bmi_consejo-de-admin-100x100.png 100w\" sizes=\"auto, (max-width: 125px) 100vw, 125px\" \/>\t\t\t\t\t\t\t\t<\/a>\n\t\t\t\t\t\t\t\t\t\t\t<figcaption class=\"widget-image-caption wp-caption-text\">Consejo de Administraci\u00f3n<\/figcaption>\n\t\t\t\t\t\t\t\t\t\t<\/figure>\n\t\t\t\t\t\t\t\t<\/div>\n\t\t\t\t\t\t<\/div>\n\t\t\t\t<\/div>\n\t\t\t\t<div class=\"elementor-element elementor-element-0e4c589 elementor-widget elementor-widget-image\" data-id=\"0e4c589\" data-element_type=\"widget\" data-widget_type=\"image.default\">\n\t\t\t\t<div class=\"elementor-widget-container\">\n\t\t\t\t\t\t\t\t<div class=\"elementor-image\">\n\t\t\t\t\t\t\t\t\t<figure class=\"wp-caption\">\n\t\t\t\t\t\t\t\t\t\t\t<a href=\"https:\/\/www.bmicos.com\/guatemala\/listado-de-agentes\/\">\n\t\t\t\t\t\t\t<img loading=\"lazy\" decoding=\"async\" width=\"124\" height=\"125\" src=\"https:\/\/www.bmicos.com\/guatemala\/wp-content\/uploads\/sites\/6\/2021\/01\/bmi_listado-de-agentes.png\" class=\"attachment-medium size-medium wp-image-4266\" alt=\"Listado de Agentes\" srcset=\"https:\/\/www.bmicos.com\/guatemala\/wp-content\/uploads\/sites\/6\/2021\/01\/bmi_listado-de-agentes.png 124w, https:\/\/www.bmicos.com\/guatemala\/wp-content\/uploads\/sites\/6\/2021\/01\/bmi_listado-de-agentes-12x12.png 12w, https:\/\/www.bmicos.com\/guatemala\/wp-content\/uploads\/sites\/6\/2021\/01\/bmi_listado-de-agentes-100x100.png 100w\" sizes=\"auto, (max-width: 124px) 100vw, 124px\" \/>\t\t\t\t\t\t\t\t<\/a>\n\t\t\t\t\t\t\t\t\t\t\t<figcaption class=\"widget-image-caption wp-caption-text\">Listado de Agentes<\/figcaption>\n\t\t\t\t\t\t\t\t\t\t<\/figure>\n\t\t\t\t\t\t\t\t<\/div>\n\t\t\t\t\t\t<\/div>\n\t\t\t\t<\/div>\n\t\t\t\t\t\t<\/div>\n\t\t\t\t\t<\/div>\n\t\t<\/div>\n\t\t\t\t<div class=\"elementor-column elementor-col-50 elementor-top-column elementor-element elementor-element-bc758dd\" data-id=\"bc758dd\" data-element_type=\"column\">\n\t\t\t<div class=\"elementor-column-wrap elementor-element-populated\">\n\t\t\t\t\t\t\t<div class=\"elementor-widget-wrap\">\n\t\t\t\t\t\t<div class=\"elementor-element elementor-element-ada423e elementor-widget elementor-widget-image\" data-id=\"ada423e\" data-element_type=\"widget\" data-widget_type=\"image.default\">\n\t\t\t\t<div class=\"elementor-widget-container\">\n\t\t\t\t\t\t\t\t<div class=\"elementor-image\">\n\t\t\t\t\t\t\t\t\t<figure class=\"wp-caption\">\n\t\t\t\t\t\t\t\t\t\t\t<a href=\"https:\/\/www.bmicos.com\/guatemala\/administracion\/alta-gerencia\/\">\n\t\t\t\t\t\t\t<img loading=\"lazy\" decoding=\"async\" width=\"124\" height=\"125\" src=\"https:\/\/www.bmicos.com\/guatemala\/wp-content\/uploads\/sites\/6\/2021\/01\/bmi_alta-gerencia.png\" class=\"attachment-medium size-medium wp-image-4264\" alt=\"Alta Gerencia\" srcset=\"https:\/\/www.bmicos.com\/guatemala\/wp-content\/uploads\/sites\/6\/2021\/01\/bmi_alta-gerencia.png 124w, https:\/\/www.bmicos.com\/guatemala\/wp-content\/uploads\/sites\/6\/2021\/01\/bmi_alta-gerencia-12x12.png 12w, https:\/\/www.bmicos.com\/guatemala\/wp-content\/uploads\/sites\/6\/2021\/01\/bmi_alta-gerencia-100x100.png 100w\" sizes=\"auto, (max-width: 124px) 100vw, 124px\" \/>\t\t\t\t\t\t\t\t<\/a>\n\t\t\t\t\t\t\t\t\t\t\t<figcaption class=\"widget-image-caption wp-caption-text\">Alta Gerencia<\/figcaption>\n\t\t\t\t\t\t\t\t\t\t<\/figure>\n\t\t\t\t\t\t\t\t<\/div>\n\t\t\t\t\t\t<\/div>\n\t\t\t\t<\/div>\n\t\t\t\t<div class=\"elementor-element elementor-element-8a680a6 elementor-widget elementor-widget-image\" data-id=\"8a680a6\" data-element_type=\"widget\" data-widget_type=\"image.default\">\n\t\t\t\t<div class=\"elementor-widget-container\">\n\t\t\t\t\t\t\t\t<div class=\"elementor-image\">\n\t\t\t\t\t\t\t\t\t<figure class=\"wp-caption\">\n\t\t\t\t\t\t\t\t\t\t\t<a href=\"https:\/\/www.bmicos.com\/guatemala\/reaseguradores\/\">\n\t\t\t\t\t\t\t<img loading=\"lazy\" decoding=\"async\" width=\"125\" height=\"125\" src=\"https:\/\/www.bmicos.com\/guatemala\/wp-content\/uploads\/sites\/6\/2021\/01\/bmi_reaseguradores.png\" class=\"attachment-medium size-medium wp-image-4267\" alt=\"Reaseguradores\" srcset=\"https:\/\/www.bmicos.com\/guatemala\/wp-content\/uploads\/sites\/6\/2021\/01\/bmi_reaseguradores.png 125w, https:\/\/www.bmicos.com\/guatemala\/wp-content\/uploads\/sites\/6\/2021\/01\/bmi_reaseguradores-12x12.png 12w, https:\/\/www.bmicos.com\/guatemala\/wp-content\/uploads\/sites\/6\/2021\/01\/bmi_reaseguradores-100x100.png 100w\" sizes=\"auto, (max-width: 125px) 100vw, 125px\" \/>\t\t\t\t\t\t\t\t<\/a>\n\t\t\t\t\t\t\t\t\t\t\t<figcaption class=\"widget-image-caption wp-caption-text\">Reaseguradores<\/figcaption>\n\t\t\t\t\t\t\t\t\t\t<\/figure>\n\t\t\t\t\t\t\t\t<\/div>\n\t\t\t\t\t\t<\/div>\n\t\t\t\t<\/div>\n\t\t\t\t\t\t<\/div>\n\t\t\t\t\t<\/div>\n\t\t<\/div>\n\t\t\t\t\t\t\t\t<\/div>\n\t\t\t\t\t<\/div>\n\t\t<\/section>\n\t\t\t\t\t\t\t\t\t<\/div>\n\t\t\t<\/div>\n\t\t\t\t\t<\/div>\n\t\t","protected":false},"excerpt":{"rendered":"<p>Administration Corporate governance Board of Directors List of Agents Senior Management Reinsurers<\/p>","protected":false},"author":10,"featured_media":0,"parent":0,"menu_order":0,"comment_status":"closed","ping_status":"closed","template":"elementor_header_footer","meta":{"_acf_changed":false,"footnotes":""},"class_list":["post-4263","page","type-page","status-publish","hentry"],"acf":[],"yoast_head":"<!-- This site is optimized with the Yoast SEO Premium plugin v20.7 (Yoast SEO v27.4) - https:\/\/yoast.com\/product\/yoast-seo-premium-wordpress\/ -->\n<title>Administraci\u00f3n - BMI Seguros Guatemala<\/title>\n<meta name=\"description\" content=\"Administraci\u00f3n: Gobierno corporativo, Alta Gerencia, Consejo de Administraci\u00f3n, Reaseguradores, Listado de Agentes\" \/>\n<meta name=\"robots\" content=\"index, follow, max-snippet:-1, max-image-preview:large, max-video-preview:-1\" \/>\n<link rel=\"canonical\" href=\"https:\/\/www.bmicos.com\/guatemala\/en\/administracion\/\" \/>\n<meta property=\"og:locale\" content=\"en_US\" \/>\n<meta property=\"og:type\" content=\"article\" \/>\n<meta property=\"og:title\" content=\"Administraci\u00f3n - BMI Seguros Guatemala\" \/>\n<meta property=\"og:description\" content=\"Administraci\u00f3n: Gobierno corporativo, Alta Gerencia, Consejo de Administraci\u00f3n, Reaseguradores, Listado de Agentes\" \/>\n<meta property=\"og:url\" content=\"https:\/\/www.bmicos.com\/guatemala\/en\/administracion\/\" \/>\n<meta property=\"og:site_name\" content=\"BMI Seguros Guatemala\" \/>\n<meta property=\"article:publisher\" content=\"https:\/\/www.facebook.com\/BMIGuatemala\/\" \/>\n<meta property=\"article:modified_time\" content=\"2024-05-20T22:04:09+00:00\" \/>\n<meta property=\"og:image\" content=\"https:\/\/www.bmicos.com\/guatemala\/wp-content\/uploads\/sites\/6\/2020\/12\/BMI-banner-4.png\" \/>\n\t<meta property=\"og:image:width\" content=\"571\" \/>\n\t<meta property=\"og:image:height\" content=\"701\" \/>\n\t<meta property=\"og:image:type\" content=\"image\/png\" \/>\n<meta name=\"twitter:card\" content=\"summary_large_image\" \/>\n<meta name=\"twitter:title\" content=\"Administraci\u00f3n - BMI Seguros Guatemala\" \/>\n<meta name=\"twitter:description\" content=\"Administraci\u00f3n: Gobierno corporativo, Alta Gerencia, Consejo de Administraci\u00f3n, Reaseguradores, Listado de Agentes\" \/>\n<meta name=\"twitter:site\" content=\"@bmiguatemala\" \/>\n<meta name=\"twitter:label1\" content=\"Est. reading time\" \/>\n\t<meta name=\"twitter:data1\" content=\"2 minutes\" \/>\n<script type=\"application\/ld+json\" class=\"yoast-schema-graph\">{\"@context\":\"https:\\\/\\\/schema.org\",\"@graph\":[{\"@type\":\"WebPage\",\"@id\":\"https:\\\/\\\/www.bmicos.com\\\/guatemala\\\/administracion\\\/\",\"url\":\"https:\\\/\\\/www.bmicos.com\\\/guatemala\\\/administracion\\\/\",\"name\":\"Administraci\u00f3n - BMI Seguros Guatemala\",\"isPartOf\":{\"@id\":\"https:\\\/\\\/www.bmicos.com\\\/guatemala\\\/#website\"},\"primaryImageOfPage\":{\"@id\":\"https:\\\/\\\/www.bmicos.com\\\/guatemala\\\/administracion\\\/#primaryimage\"},\"image\":{\"@id\":\"https:\\\/\\\/www.bmicos.com\\\/guatemala\\\/administracion\\\/#primaryimage\"},\"thumbnailUrl\":\"https:\\\/\\\/www.bmicos.com\\\/guatemala\\\/wp-content\\\/uploads\\\/sites\\\/6\\\/2021\\\/01\\\/bmi_alta-gerencia.png\",\"datePublished\":\"2021-01-12T14:59:15+00:00\",\"dateModified\":\"2024-05-20T22:04:09+00:00\",\"description\":\"Administraci\u00f3n: Gobierno corporativo, Alta Gerencia, Consejo de Administraci\u00f3n, Reaseguradores, Listado de Agentes\",\"breadcrumb\":{\"@id\":\"https:\\\/\\\/www.bmicos.com\\\/guatemala\\\/administracion\\\/#breadcrumb\"},\"inLanguage\":\"en-US\",\"potentialAction\":[{\"@type\":\"ReadAction\",\"target\":[\"https:\\\/\\\/www.bmicos.com\\\/guatemala\\\/administracion\\\/\"]}]},{\"@type\":\"ImageObject\",\"inLanguage\":\"en-US\",\"@id\":\"https:\\\/\\\/www.bmicos.com\\\/guatemala\\\/administracion\\\/#primaryimage\",\"url\":\"https:\\\/\\\/www.bmicos.com\\\/guatemala\\\/wp-content\\\/uploads\\\/sites\\\/6\\\/2021\\\/01\\\/bmi_alta-gerencia.png\",\"contentUrl\":\"https:\\\/\\\/www.bmicos.com\\\/guatemala\\\/wp-content\\\/uploads\\\/sites\\\/6\\\/2021\\\/01\\\/bmi_alta-gerencia.png\"},{\"@type\":\"BreadcrumbList\",\"@id\":\"https:\\\/\\\/www.bmicos.com\\\/guatemala\\\/administracion\\\/#breadcrumb\",\"itemListElement\":[{\"@type\":\"ListItem\",\"position\":1,\"name\":\"Inicio\",\"item\":\"https:\\\/\\\/www.bmicos.com\\\/guatemala\\\/\"},{\"@type\":\"ListItem\",\"position\":2,\"name\":\"Administraci\u00f3n\"}]},{\"@type\":\"WebSite\",\"@id\":\"https:\\\/\\\/www.bmicos.com\\\/guatemala\\\/#website\",\"url\":\"https:\\\/\\\/www.bmicos.com\\\/guatemala\\\/\",\"name\":\"BMI Seguros Guatemala\",\"description\":\"Asegurando familias en todo el mundo\",\"publisher\":{\"@id\":\"https:\\\/\\\/www.bmicos.com\\\/guatemala\\\/#organization\"},\"potentialAction\":[{\"@type\":\"SearchAction\",\"target\":{\"@type\":\"EntryPoint\",\"urlTemplate\":\"https:\\\/\\\/www.bmicos.com\\\/guatemala\\\/?s={search_term_string}\"},\"query-input\":{\"@type\":\"PropertyValueSpecification\",\"valueRequired\":true,\"valueName\":\"search_term_string\"}}],\"inLanguage\":\"en-US\"},{\"@type\":\"Organization\",\"@id\":\"https:\\\/\\\/www.bmicos.com\\\/guatemala\\\/#organization\",\"name\":\"BMI Companies\",\"url\":\"https:\\\/\\\/www.bmicos.com\\\/guatemala\\\/\",\"logo\":{\"@type\":\"ImageObject\",\"inLanguage\":\"en-US\",\"@id\":\"https:\\\/\\\/www.bmicos.com\\\/guatemala\\\/#\\\/schema\\\/logo\\\/image\\\/\",\"url\":\"https:\\\/\\\/www.bmicos.com\\\/guatemala\\\/wp-content\\\/uploads\\\/sites\\\/6\\\/2020\\\/12\\\/logo-1.png\",\"contentUrl\":\"https:\\\/\\\/www.bmicos.com\\\/guatemala\\\/wp-content\\\/uploads\\\/sites\\\/6\\\/2020\\\/12\\\/logo-1.png\",\"width\":519,\"height\":273,\"caption\":\"BMI Companies\"},\"image\":{\"@id\":\"https:\\\/\\\/www.bmicos.com\\\/guatemala\\\/#\\\/schema\\\/logo\\\/image\\\/\"},\"sameAs\":[\"https:\\\/\\\/www.facebook.com\\\/BMIGuatemala\\\/\",\"https:\\\/\\\/x.com\\\/bmiguatemala\",\"https:\\\/\\\/www.instagram.com\\\/bmiguatemala\\\/\",\"https:\\\/\\\/www.linkedin.com\\\/company\\\/bmiguatemala\\\/about\\\/\",\"https:\\\/\\\/www.youtube.com\\\/user\\\/BMICompaniesGlobal\\\/videos\"]}]}<\/script>\n<!-- \/ Yoast SEO Premium plugin. -->","yoast_head_json":{"title":"Administraci\u00f3n - BMI Seguros Guatemala","description":"Administration: Corporate Governance, Senior Management, Board of Directors, Reinsurers, List of Agents","robots":{"index":"index","follow":"follow","max-snippet":"max-snippet:-1","max-image-preview":"max-image-preview:large","max-video-preview":"max-video-preview:-1"},"canonical":"https:\/\/www.bmicos.com\/guatemala\/en\/administracion\/","og_locale":"en_US","og_type":"article","og_title":"Administraci\u00f3n - BMI Seguros Guatemala","og_description":"Administraci\u00f3n: Gobierno corporativo, Alta Gerencia, Consejo de Administraci\u00f3n, Reaseguradores, Listado de Agentes","og_url":"https:\/\/www.bmicos.com\/guatemala\/en\/administracion\/","og_site_name":"BMI Seguros Guatemala","article_publisher":"https:\/\/www.facebook.com\/BMIGuatemala\/","article_modified_time":"2024-05-20T22:04:09+00:00","og_image":[{"width":571,"height":701,"url":"https:\/\/www.bmicos.com\/guatemala\/wp-content\/uploads\/sites\/6\/2020\/12\/BMI-banner-4.png","type":"image\/png"}],"twitter_card":"summary_large_image","twitter_title":"Administraci\u00f3n - BMI Seguros Guatemala","twitter_description":"Administraci\u00f3n: Gobierno corporativo, Alta Gerencia, Consejo de Administraci\u00f3n, Reaseguradores, Listado de Agentes","twitter_site":"@bmiguatemala","twitter_misc":{"Est. reading time":"2 minutes"},"schema":{"@context":"https:\/\/schema.org","@graph":[{"@type":"WebPage","@id":"https:\/\/www.bmicos.com\/guatemala\/administracion\/","url":"https:\/\/www.bmicos.com\/guatemala\/administracion\/","name":"Administraci\u00f3n - BMI Seguros Guatemala","isPartOf":{"@id":"https:\/\/www.bmicos.com\/guatemala\/#website"},"primaryImageOfPage":{"@id":"https:\/\/www.bmicos.com\/guatemala\/administracion\/#primaryimage"},"image":{"@id":"https:\/\/www.bmicos.com\/guatemala\/administracion\/#primaryimage"},"thumbnailUrl":"https:\/\/www.bmicos.com\/guatemala\/wp-content\/uploads\/sites\/6\/2021\/01\/bmi_alta-gerencia.png","datePublished":"2021-01-12T14:59:15+00:00","dateModified":"2024-05-20T22:04:09+00:00","description":"Administration: Corporate Governance, Senior Management, Board of Directors, Reinsurers, List of Agents","breadcrumb":{"@id":"https:\/\/www.bmicos.com\/guatemala\/administracion\/#breadcrumb"},"inLanguage":"en-US","potentialAction":[{"@type":"ReadAction","target":["https:\/\/www.bmicos.com\/guatemala\/administracion\/"]}]},{"@type":"ImageObject","inLanguage":"en-US","@id":"https:\/\/www.bmicos.com\/guatemala\/administracion\/#primaryimage","url":"https:\/\/www.bmicos.com\/guatemala\/wp-content\/uploads\/sites\/6\/2021\/01\/bmi_alta-gerencia.png","contentUrl":"https:\/\/www.bmicos.com\/guatemala\/wp-content\/uploads\/sites\/6\/2021\/01\/bmi_alta-gerencia.png"},{"@type":"BreadcrumbList","@id":"https:\/\/www.bmicos.com\/guatemala\/administracion\/#breadcrumb","itemListElement":[{"@type":"ListItem","position":1,"name":"Inicio","item":"https:\/\/www.bmicos.com\/guatemala\/"},{"@type":"ListItem","position":2,"name":"Administraci\u00f3n"}]},{"@type":"WebSite","@id":"https:\/\/www.bmicos.com\/guatemala\/#website","url":"https:\/\/www.bmicos.com\/guatemala\/","name":"BMI Insurance Guatemala","description":"Insuring Families Worldwide","publisher":{"@id":"https:\/\/www.bmicos.com\/guatemala\/#organization"},"potentialAction":[{"@type":"SearchAction","target":{"@type":"EntryPoint","urlTemplate":"https:\/\/www.bmicos.com\/guatemala\/?s={search_term_string}"},"query-input":{"@type":"PropertyValueSpecification","valueRequired":true,"valueName":"search_term_string"}}],"inLanguage":"en-US"},{"@type":"Organization","@id":"https:\/\/www.bmicos.com\/guatemala\/#organization","name":"BMI Companies","url":"https:\/\/www.bmicos.com\/guatemala\/","logo":{"@type":"ImageObject","inLanguage":"en-US","@id":"https:\/\/www.bmicos.com\/guatemala\/#\/schema\/logo\/image\/","url":"https:\/\/www.bmicos.com\/guatemala\/wp-content\/uploads\/sites\/6\/2020\/12\/logo-1.png","contentUrl":"https:\/\/www.bmicos.com\/guatemala\/wp-content\/uploads\/sites\/6\/2020\/12\/logo-1.png","width":519,"height":273,"caption":"BMI Companies"},"image":{"@id":"https:\/\/www.bmicos.com\/guatemala\/#\/schema\/logo\/image\/"},"sameAs":["https:\/\/www.facebook.com\/BMIGuatemala\/","https:\/\/x.com\/bmiguatemala","https:\/\/www.instagram.com\/bmiguatemala\/","https:\/\/www.linkedin.com\/company\/bmiguatemala\/about\/","https:\/\/www.youtube.com\/user\/BMICompaniesGlobal\/videos"]}]}},"_links":{"self":[{"href":"https:\/\/www.bmicos.com\/guatemala\/en\/wp-json\/wp\/v2\/pages\/4263","targetHints":{"allow":["GET"]}}],"collection":[{"href":"https:\/\/www.bmicos.com\/guatemala\/en\/wp-json\/wp\/v2\/pages"}],"about":[{"href":"https:\/\/www.bmicos.com\/guatemala\/en\/wp-json\/wp\/v2\/types\/page"}],"author":[{"embeddable":true,"href":"https:\/\/www.bmicos.com\/guatemala\/en\/wp-json\/wp\/v2\/users\/10"}],"replies":[{"embeddable":true,"href":"https:\/\/www.bmicos.com\/guatemala\/en\/wp-json\/wp\/v2\/comments?post=4263"}],"version-history":[{"count":0,"href":"https:\/\/www.bmicos.com\/guatemala\/en\/wp-json\/wp\/v2\/pages\/4263\/revisions"}],"wp:attachment":[{"href":"https:\/\/www.bmicos.com\/guatemala\/en\/wp-json\/wp\/v2\/media?parent=4263"}],"curies":[{"name":"wp","href":"https:\/\/api.w.org\/{rel}","templated":true}]}}