{"id":1050,"date":"2020-01-30T04:33:22","date_gmt":"2020-01-30T04:33:22","guid":{"rendered":"https:\/\/www.bmicos.com\/guatemala\/products\/sin%20categor\u00eda\/nova\/"},"modified":"2022-03-17T19:35:13","modified_gmt":"2022-03-17T19:35:13","slug":"nova-ii","status":"publish","type":"product","link":"https:\/\/www.bmicos.com\/guatemala\/en\/plan\/nova-ii\/","title":{"rendered":"Nova II"},"content":{"rendered":"","protected":false},"excerpt":{"rendered":"<p>NOVA offers excellent accumulation of values which allows to pay the policy in a few years.<br \/>\n\u2022 Provides immediate solvency in the form of partial withdrawals or salvage value loans.<br \/>\n\u2022 Provides flexible premiums and excellent protection.<br \/>\n\u2022 Offers accumulated securities at a competitive interest rate well above average bank rates; not subject to stock market volatility.<br \/>\n\u2022 Represents a solid asset that complements your insurance and investment portfolio.<\/p>","protected":false},"featured_media":3566,"template":"","meta":{"_acf_changed":false},"product_brand":[],"product_cat":[257],"product_tag":[500],"class_list":{"0":"post-1050","1":"product","2":"type-product","3":"status-publish","4":"has-post-thumbnail","6":"product_cat-vida","7":"product_tag-vida-individual","9":"first","10":"instock","11":"sold-individually","12":"shipping-taxable","13":"product-type-simple"},"acf":[],"yoast_head":"<!-- This site is optimized with the Yoast SEO Premium plugin v20.7 (Yoast SEO v27.4) - https:\/\/yoast.com\/product\/yoast-seo-premium-wordpress\/ -->\n<title>Nova II - BMI Seguros Guatemala<\/title>\n<meta name=\"robots\" content=\"index, follow, max-snippet:-1, max-image-preview:large, max-video-preview:-1\" \/>\n<link rel=\"canonical\" href=\"https:\/\/www.bmicos.com\/guatemala\/en\/plan\/nova-ii\/\" \/>\n<meta property=\"og:locale\" content=\"en_US\" \/>\n<meta property=\"og:type\" content=\"article\" \/>\n<meta property=\"og:title\" content=\"Nova II\" \/>\n<meta property=\"og:description\" content=\"NOVA ofrece excelente acumulaci\u00f3n de valores lo cual permite pagar la p\u00f3liza en pocos a\u00f1os. \u2022 Proporciona solvencia inmediata en forma de retiros parciales o pr\u00e9stamos sobre valores de rescate. \u2022 Brinda primas flexibles y excelente protecci\u00f3n. \u2022 Ofrece valores acumulados a una tasa de inter\u00e9s competitiva muy superior al promedio de las tasas bancarias; no sujeta a la volatilidad del mercado de valores. \u2022 Representa un activo s\u00f3lido que complementa su portafolio de seguros e inversi\u00f3n.\" \/>\n<meta property=\"og:url\" content=\"https:\/\/www.bmicos.com\/guatemala\/en\/plan\/nova-ii\/\" \/>\n<meta property=\"og:site_name\" content=\"BMI Seguros Guatemala\" \/>\n<meta property=\"article:publisher\" content=\"https:\/\/www.facebook.com\/BMIGuatemala\/\" \/>\n<meta property=\"article:modified_time\" content=\"2022-03-17T19:35:13+00:00\" \/>\n<meta property=\"og:image\" content=\"https:\/\/www.bmicos.com\/guatemala\/wp-content\/uploads\/sites\/6\/2020\/01\/Nova.jpg\" \/>\n\t<meta property=\"og:image:width\" content=\"800\" \/>\n\t<meta property=\"og:image:height\" content=\"750\" \/>\n\t<meta property=\"og:image:type\" content=\"image\/jpeg\" \/>\n<meta name=\"twitter:card\" content=\"summary_large_image\" \/>\n<meta name=\"twitter:site\" content=\"@bmiguatemala\" \/>\n<script type=\"application\/ld+json\" class=\"yoast-schema-graph\">{\"@context\":\"https:\\\/\\\/schema.org\",\"@graph\":[{\"@type\":\"WebPage\",\"@id\":\"https:\\\/\\\/www.bmicos.com\\\/guatemala\\\/plan\\\/nova-ii\\\/\",\"url\":\"https:\\\/\\\/www.bmicos.com\\\/guatemala\\\/plan\\\/nova-ii\\\/\",\"name\":\"Nova II - BMI Seguros Guatemala\",\"isPartOf\":{\"@id\":\"https:\\\/\\\/www.bmicos.com\\\/guatemala\\\/#website\"},\"primaryImageOfPage\":{\"@id\":\"https:\\\/\\\/www.bmicos.com\\\/guatemala\\\/plan\\\/nova-ii\\\/#primaryimage\"},\"image\":{\"@id\":\"https:\\\/\\\/www.bmicos.com\\\/guatemala\\\/plan\\\/nova-ii\\\/#primaryimage\"},\"thumbnailUrl\":\"https:\\\/\\\/www.bmicos.com\\\/guatemala\\\/wp-content\\\/uploads\\\/sites\\\/6\\\/2020\\\/01\\\/Nova.jpg\",\"datePublished\":\"2020-01-30T04:33:22+00:00\",\"dateModified\":\"2022-03-17T19:35:13+00:00\",\"breadcrumb\":{\"@id\":\"https:\\\/\\\/www.bmicos.com\\\/guatemala\\\/plan\\\/nova-ii\\\/#breadcrumb\"},\"inLanguage\":\"en-US\",\"potentialAction\":[{\"@type\":\"ReadAction\",\"target\":[\"https:\\\/\\\/www.bmicos.com\\\/guatemala\\\/plan\\\/nova-ii\\\/\"]}]},{\"@type\":\"ImageObject\",\"inLanguage\":\"en-US\",\"@id\":\"https:\\\/\\\/www.bmicos.com\\\/guatemala\\\/plan\\\/nova-ii\\\/#primaryimage\",\"url\":\"https:\\\/\\\/www.bmicos.com\\\/guatemala\\\/wp-content\\\/uploads\\\/sites\\\/6\\\/2020\\\/01\\\/Nova.jpg\",\"contentUrl\":\"https:\\\/\\\/www.bmicos.com\\\/guatemala\\\/wp-content\\\/uploads\\\/sites\\\/6\\\/2020\\\/01\\\/Nova.jpg\",\"width\":800,\"height\":750},{\"@type\":\"BreadcrumbList\",\"@id\":\"https:\\\/\\\/www.bmicos.com\\\/guatemala\\\/plan\\\/nova-ii\\\/#breadcrumb\",\"itemListElement\":[{\"@type\":\"ListItem\",\"position\":1,\"name\":\"Inicio\",\"item\":\"https:\\\/\\\/www.bmicos.com\\\/guatemala\\\/\"},{\"@type\":\"ListItem\",\"position\":2,\"name\":\"Seguros\",\"item\":\"https:\\\/\\\/www.bmicos.com\\\/guatemala\\\/seguros\\\/\"},{\"@type\":\"ListItem\",\"position\":3,\"name\":\"Nova II\"}]},{\"@type\":\"WebSite\",\"@id\":\"https:\\\/\\\/www.bmicos.com\\\/guatemala\\\/#website\",\"url\":\"https:\\\/\\\/www.bmicos.com\\\/guatemala\\\/\",\"name\":\"BMI Seguros Guatemala\",\"description\":\"Asegurando familias en todo el mundo\",\"publisher\":{\"@id\":\"https:\\\/\\\/www.bmicos.com\\\/guatemala\\\/#organization\"},\"potentialAction\":[{\"@type\":\"SearchAction\",\"target\":{\"@type\":\"EntryPoint\",\"urlTemplate\":\"https:\\\/\\\/www.bmicos.com\\\/guatemala\\\/?s={search_term_string}\"},\"query-input\":{\"@type\":\"PropertyValueSpecification\",\"valueRequired\":true,\"valueName\":\"search_term_string\"}}],\"inLanguage\":\"en-US\"},{\"@type\":\"Organization\",\"@id\":\"https:\\\/\\\/www.bmicos.com\\\/guatemala\\\/#organization\",\"name\":\"BMI Companies\",\"url\":\"https:\\\/\\\/www.bmicos.com\\\/guatemala\\\/\",\"logo\":{\"@type\":\"ImageObject\",\"inLanguage\":\"en-US\",\"@id\":\"https:\\\/\\\/www.bmicos.com\\\/guatemala\\\/#\\\/schema\\\/logo\\\/image\\\/\",\"url\":\"https:\\\/\\\/www.bmicos.com\\\/guatemala\\\/wp-content\\\/uploads\\\/sites\\\/6\\\/2020\\\/12\\\/logo-1.png\",\"contentUrl\":\"https:\\\/\\\/www.bmicos.com\\\/guatemala\\\/wp-content\\\/uploads\\\/sites\\\/6\\\/2020\\\/12\\\/logo-1.png\",\"width\":519,\"height\":273,\"caption\":\"BMI Companies\"},\"image\":{\"@id\":\"https:\\\/\\\/www.bmicos.com\\\/guatemala\\\/#\\\/schema\\\/logo\\\/image\\\/\"},\"sameAs\":[\"https:\\\/\\\/www.facebook.com\\\/BMIGuatemala\\\/\",\"https:\\\/\\\/x.com\\\/bmiguatemala\",\"https:\\\/\\\/www.instagram.com\\\/bmiguatemala\\\/\",\"https:\\\/\\\/www.linkedin.com\\\/company\\\/bmiguatemala\\\/about\\\/\",\"https:\\\/\\\/www.youtube.com\\\/user\\\/BMICompaniesGlobal\\\/videos\"]}]}<\/script>\n<!-- \/ Yoast SEO Premium plugin. -->","yoast_head_json":{"title":"Nova II - BMI Seguros Guatemala","robots":{"index":"index","follow":"follow","max-snippet":"max-snippet:-1","max-image-preview":"max-image-preview:large","max-video-preview":"max-video-preview:-1"},"canonical":"https:\/\/www.bmicos.com\/guatemala\/en\/plan\/nova-ii\/","og_locale":"en_US","og_type":"article","og_title":"Nova II","og_description":"NOVA ofrece excelente acumulaci\u00f3n de valores lo cual permite pagar la p\u00f3liza en pocos a\u00f1os. \u2022 Proporciona solvencia inmediata en forma de retiros parciales o pr\u00e9stamos sobre valores de rescate. \u2022 Brinda primas flexibles y excelente protecci\u00f3n. \u2022 Ofrece valores acumulados a una tasa de inter\u00e9s competitiva muy superior al promedio de las tasas bancarias; no sujeta a la volatilidad del mercado de valores. \u2022 Representa un activo s\u00f3lido que complementa su portafolio de seguros e inversi\u00f3n.","og_url":"https:\/\/www.bmicos.com\/guatemala\/en\/plan\/nova-ii\/","og_site_name":"BMI Seguros Guatemala","article_publisher":"https:\/\/www.facebook.com\/BMIGuatemala\/","article_modified_time":"2022-03-17T19:35:13+00:00","og_image":[{"width":800,"height":750,"url":"https:\/\/www.bmicos.com\/guatemala\/wp-content\/uploads\/sites\/6\/2020\/01\/Nova.jpg","type":"image\/jpeg"}],"twitter_card":"summary_large_image","twitter_site":"@bmiguatemala","schema":{"@context":"https:\/\/schema.org","@graph":[{"@type":"WebPage","@id":"https:\/\/www.bmicos.com\/guatemala\/plan\/nova-ii\/","url":"https:\/\/www.bmicos.com\/guatemala\/plan\/nova-ii\/","name":"Nova II - BMI Seguros Guatemala","isPartOf":{"@id":"https:\/\/www.bmicos.com\/guatemala\/#website"},"primaryImageOfPage":{"@id":"https:\/\/www.bmicos.com\/guatemala\/plan\/nova-ii\/#primaryimage"},"image":{"@id":"https:\/\/www.bmicos.com\/guatemala\/plan\/nova-ii\/#primaryimage"},"thumbnailUrl":"https:\/\/www.bmicos.com\/guatemala\/wp-content\/uploads\/sites\/6\/2020\/01\/Nova.jpg","datePublished":"2020-01-30T04:33:22+00:00","dateModified":"2022-03-17T19:35:13+00:00","breadcrumb":{"@id":"https:\/\/www.bmicos.com\/guatemala\/plan\/nova-ii\/#breadcrumb"},"inLanguage":"en-US","potentialAction":[{"@type":"ReadAction","target":["https:\/\/www.bmicos.com\/guatemala\/plan\/nova-ii\/"]}]},{"@type":"ImageObject","inLanguage":"en-US","@id":"https:\/\/www.bmicos.com\/guatemala\/plan\/nova-ii\/#primaryimage","url":"https:\/\/www.bmicos.com\/guatemala\/wp-content\/uploads\/sites\/6\/2020\/01\/Nova.jpg","contentUrl":"https:\/\/www.bmicos.com\/guatemala\/wp-content\/uploads\/sites\/6\/2020\/01\/Nova.jpg","width":800,"height":750},{"@type":"BreadcrumbList","@id":"https:\/\/www.bmicos.com\/guatemala\/plan\/nova-ii\/#breadcrumb","itemListElement":[{"@type":"ListItem","position":1,"name":"Inicio","item":"https:\/\/www.bmicos.com\/guatemala\/"},{"@type":"ListItem","position":2,"name":"Seguros","item":"https:\/\/www.bmicos.com\/guatemala\/seguros\/"},{"@type":"ListItem","position":3,"name":"Nova II"}]},{"@type":"WebSite","@id":"https:\/\/www.bmicos.com\/guatemala\/#website","url":"https:\/\/www.bmicos.com\/guatemala\/","name":"BMI Insurance Guatemala","description":"Insuring Families Worldwide","publisher":{"@id":"https:\/\/www.bmicos.com\/guatemala\/#organization"},"potentialAction":[{"@type":"SearchAction","target":{"@type":"EntryPoint","urlTemplate":"https:\/\/www.bmicos.com\/guatemala\/?s={search_term_string}"},"query-input":{"@type":"PropertyValueSpecification","valueRequired":true,"valueName":"search_term_string"}}],"inLanguage":"en-US"},{"@type":"Organization","@id":"https:\/\/www.bmicos.com\/guatemala\/#organization","name":"BMI Companies","url":"https:\/\/www.bmicos.com\/guatemala\/","logo":{"@type":"ImageObject","inLanguage":"en-US","@id":"https:\/\/www.bmicos.com\/guatemala\/#\/schema\/logo\/image\/","url":"https:\/\/www.bmicos.com\/guatemala\/wp-content\/uploads\/sites\/6\/2020\/12\/logo-1.png","contentUrl":"https:\/\/www.bmicos.com\/guatemala\/wp-content\/uploads\/sites\/6\/2020\/12\/logo-1.png","width":519,"height":273,"caption":"BMI Companies"},"image":{"@id":"https:\/\/www.bmicos.com\/guatemala\/#\/schema\/logo\/image\/"},"sameAs":["https:\/\/www.facebook.com\/BMIGuatemala\/","https:\/\/x.com\/bmiguatemala","https:\/\/www.instagram.com\/bmiguatemala\/","https:\/\/www.linkedin.com\/company\/bmiguatemala\/about\/","https:\/\/www.youtube.com\/user\/BMICompaniesGlobal\/videos"]}]}},"_links":{"self":[{"href":"https:\/\/www.bmicos.com\/guatemala\/en\/wp-json\/wp\/v2\/product\/1050","targetHints":{"allow":["GET"]}}],"collection":[{"href":"https:\/\/www.bmicos.com\/guatemala\/en\/wp-json\/wp\/v2\/product"}],"about":[{"href":"https:\/\/www.bmicos.com\/guatemala\/en\/wp-json\/wp\/v2\/types\/product"}],"version-history":[{"count":0,"href":"https:\/\/www.bmicos.com\/guatemala\/en\/wp-json\/wp\/v2\/product\/1050\/revisions"}],"wp:featuredmedia":[{"embeddable":true,"href":"https:\/\/www.bmicos.com\/guatemala\/en\/wp-json\/wp\/v2\/media\/3566"}],"wp:attachment":[{"href":"https:\/\/www.bmicos.com\/guatemala\/en\/wp-json\/wp\/v2\/media?parent=1050"}],"wp:term":[{"taxonomy":"product_brand","embeddable":true,"href":"https:\/\/www.bmicos.com\/guatemala\/en\/wp-json\/wp\/v2\/product_brand?post=1050"},{"taxonomy":"product_cat","embeddable":true,"href":"https:\/\/www.bmicos.com\/guatemala\/en\/wp-json\/wp\/v2\/product_cat?post=1050"},{"taxonomy":"product_tag","embeddable":true,"href":"https:\/\/www.bmicos.com\/guatemala\/en\/wp-json\/wp\/v2\/product_tag?post=1050"}],"curies":[{"name":"wp","href":"https:\/\/api.w.org\/{rel}","templated":true}]}}