{"id":4240,"date":"2021-01-12T03:39:01","date_gmt":"2021-01-12T03:39:01","guid":{"rendered":"https:\/\/www.bmicos.com\/guatemala\/?post_type=product&#038;p=4240"},"modified":"2021-08-20T22:25:23","modified_gmt":"2021-08-20T22:25:23","slug":"diario","status":"publish","type":"product","link":"https:\/\/www.bmicos.com\/guatemala\/en\/plan\/diario\/","title":{"rendered":"Diary"},"content":{"rendered":"","protected":false},"excerpt":{"rendered":"<p>\u2022 Designed for those people who for pleasure and \/ or business reasons wish to make a single round trip for a period from a minimum of 5 days to a maximum of 90 consecutive days.<\/p>\n<p>\u2022 The price to pay for the assistance plan is exactly for the days of travel to be made, not per block of days.<\/p>\n<p>\u2022 Five coverage options depending on the needs:\u00a0<strong>Classic<\/strong>\u00a0US$10,000,\u00a0<strong>Ultra<\/strong>\u00a0US$30,000,\u00a0<strong>Ultra Plus<\/strong>\u00a0US$60,000,\u00a0<strong>Vip<\/strong>\u00a0US$100,000 and\u00a0<strong>VIP Plus<\/strong>\u00a0US$250,000<\/p>\n<p>\u2022 Valid for all types of international travel whether by air, sea or land<\/p>\n<p>\u2022 No deductible.<\/p>\n<p>\u2022 Optional benefits: Future mother (45 years), Pre-existing disease (up to 74 years).<\/p>","protected":false},"featured_media":1555,"template":"","meta":{"_acf_changed":false},"product_brand":[],"product_cat":[262],"product_tag":[],"class_list":{"0":"post-4240","1":"product","2":"type-product","3":"status-publish","4":"has-post-thumbnail","6":"product_cat-viajes","8":"first","9":"instock","10":"shipping-taxable","11":"product-type-simple"},"acf":[],"yoast_head":"<!-- This site is optimized with the Yoast SEO Premium plugin v20.7 (Yoast SEO v27.4) - https:\/\/yoast.com\/product\/yoast-seo-premium-wordpress\/ -->\n<title>Diario - BMI Seguros Guatemala<\/title>\n<meta name=\"robots\" content=\"index, follow, max-snippet:-1, max-image-preview:large, max-video-preview:-1\" \/>\n<link rel=\"canonical\" href=\"https:\/\/www.bmicos.com\/guatemala\/en\/plan\/diario\/\" \/>\n<meta property=\"og:locale\" content=\"en_US\" \/>\n<meta property=\"og:type\" content=\"article\" \/>\n<meta property=\"og:title\" content=\"Diario\" \/>\n<meta property=\"og:description\" content=\"\u2022 Dise\u00f1ado para aquellas personas que por razones de placer y\/o de negocios deseen realizar un viaje \u00fanico ida y vuelta por un per\u00edodo desde m\u00ednimo 5 d\u00edas hasta un m\u00e1ximo de 90 d\u00edas consecutivos.  \u2022 El precio a pagar por el plan de asistencia es exactamente por los d\u00edas de viaje a realizar, no por bloque de d\u00edas.  \u2022 Cinco opciones de cobertura dependiendo de las necesidades:\u00a0Cl\u00e1sico\u00a0US$10,000,\u00a0Ultra\u00a0US$30,000,\u00a0Ultra Plus\u00a0US$60,000,\u00a0VIP\u00a0US$100,000 y\u00a0VIP Plus\u00a0US$250,000  \u2022 V\u00e1lido para todo tipo de viaje internacional ya sea por v\u00eda a\u00e9rea, mar\u00edtima o terrestre  \u2022 Sin deducible.  \u2022 Beneficios opcionales: Futura mam\u00e1 (45 a\u00f1os), Enfermedad Preexistente (hasta 74 a\u00f1os).\" \/>\n<meta property=\"og:url\" content=\"https:\/\/www.bmicos.com\/guatemala\/en\/plan\/diario\/\" \/>\n<meta property=\"og:site_name\" content=\"BMI Seguros Guatemala\" \/>\n<meta property=\"article:publisher\" content=\"https:\/\/www.facebook.com\/BMIGuatemala\/\" \/>\n<meta property=\"article:modified_time\" content=\"2021-08-20T22:25:23+00:00\" \/>\n<meta property=\"og:image\" content=\"https:\/\/www.bmicos.com\/guatemala\/wp-content\/uploads\/sites\/6\/2020\/10\/Diario.jpg\" \/>\n\t<meta property=\"og:image:width\" content=\"1200\" \/>\n\t<meta property=\"og:image:height\" content=\"800\" \/>\n\t<meta property=\"og:image:type\" content=\"image\/jpeg\" \/>\n<meta name=\"twitter:card\" content=\"summary_large_image\" \/>\n<meta name=\"twitter:site\" content=\"@bmiguatemala\" \/>\n<script type=\"application\/ld+json\" class=\"yoast-schema-graph\">{\"@context\":\"https:\\\/\\\/schema.org\",\"@graph\":[{\"@type\":\"WebPage\",\"@id\":\"https:\\\/\\\/www.bmicos.com\\\/guatemala\\\/en\\\/plan\\\/diario\\\/\",\"url\":\"https:\\\/\\\/www.bmicos.com\\\/guatemala\\\/en\\\/plan\\\/diario\\\/\",\"name\":\"Diario - BMI Seguros Guatemala\",\"isPartOf\":{\"@id\":\"https:\\\/\\\/www.bmicos.com\\\/guatemala\\\/#website\"},\"primaryImageOfPage\":{\"@id\":\"https:\\\/\\\/www.bmicos.com\\\/guatemala\\\/en\\\/plan\\\/diario\\\/#primaryimage\"},\"image\":{\"@id\":\"https:\\\/\\\/www.bmicos.com\\\/guatemala\\\/en\\\/plan\\\/diario\\\/#primaryimage\"},\"thumbnailUrl\":\"https:\\\/\\\/www.bmicos.com\\\/guatemala\\\/wp-content\\\/uploads\\\/sites\\\/6\\\/2020\\\/10\\\/Diario.jpg\",\"datePublished\":\"2021-01-12T03:39:01+00:00\",\"dateModified\":\"2021-08-20T22:25:23+00:00\",\"breadcrumb\":{\"@id\":\"https:\\\/\\\/www.bmicos.com\\\/guatemala\\\/en\\\/plan\\\/diario\\\/#breadcrumb\"},\"inLanguage\":\"en-US\",\"potentialAction\":[{\"@type\":\"ReadAction\",\"target\":[\"https:\\\/\\\/www.bmicos.com\\\/guatemala\\\/en\\\/plan\\\/diario\\\/\"]}]},{\"@type\":\"ImageObject\",\"inLanguage\":\"en-US\",\"@id\":\"https:\\\/\\\/www.bmicos.com\\\/guatemala\\\/en\\\/plan\\\/diario\\\/#primaryimage\",\"url\":\"https:\\\/\\\/www.bmicos.com\\\/guatemala\\\/wp-content\\\/uploads\\\/sites\\\/6\\\/2020\\\/10\\\/Diario.jpg\",\"contentUrl\":\"https:\\\/\\\/www.bmicos.com\\\/guatemala\\\/wp-content\\\/uploads\\\/sites\\\/6\\\/2020\\\/10\\\/Diario.jpg\",\"width\":1200,\"height\":800},{\"@type\":\"BreadcrumbList\",\"@id\":\"https:\\\/\\\/www.bmicos.com\\\/guatemala\\\/en\\\/plan\\\/diario\\\/#breadcrumb\",\"itemListElement\":[{\"@type\":\"ListItem\",\"position\":1,\"name\":\"Inicio\",\"item\":\"https:\\\/\\\/www.bmicos.com\\\/guatemala\\\/\"},{\"@type\":\"ListItem\",\"position\":2,\"name\":\"Seguros\",\"item\":\"https:\\\/\\\/www.bmicos.com\\\/guatemala\\\/seguros\\\/\"},{\"@type\":\"ListItem\",\"position\":3,\"name\":\"Diario\"}]},{\"@type\":\"WebSite\",\"@id\":\"https:\\\/\\\/www.bmicos.com\\\/guatemala\\\/#website\",\"url\":\"https:\\\/\\\/www.bmicos.com\\\/guatemala\\\/\",\"name\":\"BMI Seguros Guatemala\",\"description\":\"Asegurando familias en todo el mundo\",\"publisher\":{\"@id\":\"https:\\\/\\\/www.bmicos.com\\\/guatemala\\\/#organization\"},\"potentialAction\":[{\"@type\":\"SearchAction\",\"target\":{\"@type\":\"EntryPoint\",\"urlTemplate\":\"https:\\\/\\\/www.bmicos.com\\\/guatemala\\\/?s={search_term_string}\"},\"query-input\":{\"@type\":\"PropertyValueSpecification\",\"valueRequired\":true,\"valueName\":\"search_term_string\"}}],\"inLanguage\":\"en-US\"},{\"@type\":\"Organization\",\"@id\":\"https:\\\/\\\/www.bmicos.com\\\/guatemala\\\/#organization\",\"name\":\"BMI Companies\",\"url\":\"https:\\\/\\\/www.bmicos.com\\\/guatemala\\\/\",\"logo\":{\"@type\":\"ImageObject\",\"inLanguage\":\"en-US\",\"@id\":\"https:\\\/\\\/www.bmicos.com\\\/guatemala\\\/#\\\/schema\\\/logo\\\/image\\\/\",\"url\":\"https:\\\/\\\/www.bmicos.com\\\/guatemala\\\/wp-content\\\/uploads\\\/sites\\\/6\\\/2020\\\/12\\\/logo-1.png\",\"contentUrl\":\"https:\\\/\\\/www.bmicos.com\\\/guatemala\\\/wp-content\\\/uploads\\\/sites\\\/6\\\/2020\\\/12\\\/logo-1.png\",\"width\":519,\"height\":273,\"caption\":\"BMI Companies\"},\"image\":{\"@id\":\"https:\\\/\\\/www.bmicos.com\\\/guatemala\\\/#\\\/schema\\\/logo\\\/image\\\/\"},\"sameAs\":[\"https:\\\/\\\/www.facebook.com\\\/BMIGuatemala\\\/\",\"https:\\\/\\\/x.com\\\/bmiguatemala\",\"https:\\\/\\\/www.instagram.com\\\/bmiguatemala\\\/\",\"https:\\\/\\\/www.linkedin.com\\\/company\\\/bmiguatemala\\\/about\\\/\",\"https:\\\/\\\/www.youtube.com\\\/user\\\/BMICompaniesGlobal\\\/videos\"]}]}<\/script>\n<!-- \/ Yoast SEO Premium plugin. -->","yoast_head_json":{"title":"Diario - BMI Seguros Guatemala","robots":{"index":"index","follow":"follow","max-snippet":"max-snippet:-1","max-image-preview":"max-image-preview:large","max-video-preview":"max-video-preview:-1"},"canonical":"https:\/\/www.bmicos.com\/guatemala\/en\/plan\/diario\/","og_locale":"en_US","og_type":"article","og_title":"Diario","og_description":"\u2022 Dise\u00f1ado para aquellas personas que por razones de placer y\/o de negocios deseen realizar un viaje \u00fanico ida y vuelta por un per\u00edodo desde m\u00ednimo 5 d\u00edas hasta un m\u00e1ximo de 90 d\u00edas consecutivos.  \u2022 El precio a pagar por el plan de asistencia es exactamente por los d\u00edas de viaje a realizar, no por bloque de d\u00edas.  \u2022 Cinco opciones de cobertura dependiendo de las necesidades:\u00a0Cl\u00e1sico\u00a0US$10,000,\u00a0Ultra\u00a0US$30,000,\u00a0Ultra Plus\u00a0US$60,000,\u00a0VIP\u00a0US$100,000 y\u00a0VIP Plus\u00a0US$250,000  \u2022 V\u00e1lido para todo tipo de viaje internacional ya sea por v\u00eda a\u00e9rea, mar\u00edtima o terrestre  \u2022 Sin deducible.  \u2022 Beneficios opcionales: Futura mam\u00e1 (45 a\u00f1os), Enfermedad Preexistente (hasta 74 a\u00f1os).","og_url":"https:\/\/www.bmicos.com\/guatemala\/en\/plan\/diario\/","og_site_name":"BMI Seguros Guatemala","article_publisher":"https:\/\/www.facebook.com\/BMIGuatemala\/","article_modified_time":"2021-08-20T22:25:23+00:00","og_image":[{"width":1200,"height":800,"url":"https:\/\/www.bmicos.com\/guatemala\/wp-content\/uploads\/sites\/6\/2020\/10\/Diario.jpg","type":"image\/jpeg"}],"twitter_card":"summary_large_image","twitter_site":"@bmiguatemala","schema":{"@context":"https:\/\/schema.org","@graph":[{"@type":"WebPage","@id":"https:\/\/www.bmicos.com\/guatemala\/en\/plan\/diario\/","url":"https:\/\/www.bmicos.com\/guatemala\/en\/plan\/diario\/","name":"Diario - BMI Seguros Guatemala","isPartOf":{"@id":"https:\/\/www.bmicos.com\/guatemala\/#website"},"primaryImageOfPage":{"@id":"https:\/\/www.bmicos.com\/guatemala\/en\/plan\/diario\/#primaryimage"},"image":{"@id":"https:\/\/www.bmicos.com\/guatemala\/en\/plan\/diario\/#primaryimage"},"thumbnailUrl":"https:\/\/www.bmicos.com\/guatemala\/wp-content\/uploads\/sites\/6\/2020\/10\/Diario.jpg","datePublished":"2021-01-12T03:39:01+00:00","dateModified":"2021-08-20T22:25:23+00:00","breadcrumb":{"@id":"https:\/\/www.bmicos.com\/guatemala\/en\/plan\/diario\/#breadcrumb"},"inLanguage":"en-US","potentialAction":[{"@type":"ReadAction","target":["https:\/\/www.bmicos.com\/guatemala\/en\/plan\/diario\/"]}]},{"@type":"ImageObject","inLanguage":"en-US","@id":"https:\/\/www.bmicos.com\/guatemala\/en\/plan\/diario\/#primaryimage","url":"https:\/\/www.bmicos.com\/guatemala\/wp-content\/uploads\/sites\/6\/2020\/10\/Diario.jpg","contentUrl":"https:\/\/www.bmicos.com\/guatemala\/wp-content\/uploads\/sites\/6\/2020\/10\/Diario.jpg","width":1200,"height":800},{"@type":"BreadcrumbList","@id":"https:\/\/www.bmicos.com\/guatemala\/en\/plan\/diario\/#breadcrumb","itemListElement":[{"@type":"ListItem","position":1,"name":"Inicio","item":"https:\/\/www.bmicos.com\/guatemala\/"},{"@type":"ListItem","position":2,"name":"Seguros","item":"https:\/\/www.bmicos.com\/guatemala\/seguros\/"},{"@type":"ListItem","position":3,"name":"Diario"}]},{"@type":"WebSite","@id":"https:\/\/www.bmicos.com\/guatemala\/#website","url":"https:\/\/www.bmicos.com\/guatemala\/","name":"BMI Insurance Guatemala","description":"Insuring Families Worldwide","publisher":{"@id":"https:\/\/www.bmicos.com\/guatemala\/#organization"},"potentialAction":[{"@type":"SearchAction","target":{"@type":"EntryPoint","urlTemplate":"https:\/\/www.bmicos.com\/guatemala\/?s={search_term_string}"},"query-input":{"@type":"PropertyValueSpecification","valueRequired":true,"valueName":"search_term_string"}}],"inLanguage":"en-US"},{"@type":"Organization","@id":"https:\/\/www.bmicos.com\/guatemala\/#organization","name":"BMI Companies","url":"https:\/\/www.bmicos.com\/guatemala\/","logo":{"@type":"ImageObject","inLanguage":"en-US","@id":"https:\/\/www.bmicos.com\/guatemala\/#\/schema\/logo\/image\/","url":"https:\/\/www.bmicos.com\/guatemala\/wp-content\/uploads\/sites\/6\/2020\/12\/logo-1.png","contentUrl":"https:\/\/www.bmicos.com\/guatemala\/wp-content\/uploads\/sites\/6\/2020\/12\/logo-1.png","width":519,"height":273,"caption":"BMI Companies"},"image":{"@id":"https:\/\/www.bmicos.com\/guatemala\/#\/schema\/logo\/image\/"},"sameAs":["https:\/\/www.facebook.com\/BMIGuatemala\/","https:\/\/x.com\/bmiguatemala","https:\/\/www.instagram.com\/bmiguatemala\/","https:\/\/www.linkedin.com\/company\/bmiguatemala\/about\/","https:\/\/www.youtube.com\/user\/BMICompaniesGlobal\/videos"]}]}},"_links":{"self":[{"href":"https:\/\/www.bmicos.com\/guatemala\/en\/wp-json\/wp\/v2\/product\/4240","targetHints":{"allow":["GET"]}}],"collection":[{"href":"https:\/\/www.bmicos.com\/guatemala\/en\/wp-json\/wp\/v2\/product"}],"about":[{"href":"https:\/\/www.bmicos.com\/guatemala\/en\/wp-json\/wp\/v2\/types\/product"}],"version-history":[{"count":0,"href":"https:\/\/www.bmicos.com\/guatemala\/en\/wp-json\/wp\/v2\/product\/4240\/revisions"}],"wp:featuredmedia":[{"embeddable":true,"href":"https:\/\/www.bmicos.com\/guatemala\/en\/wp-json\/wp\/v2\/media\/1555"}],"wp:attachment":[{"href":"https:\/\/www.bmicos.com\/guatemala\/en\/wp-json\/wp\/v2\/media?parent=4240"}],"wp:term":[{"taxonomy":"product_brand","embeddable":true,"href":"https:\/\/www.bmicos.com\/guatemala\/en\/wp-json\/wp\/v2\/product_brand?post=4240"},{"taxonomy":"product_cat","embeddable":true,"href":"https:\/\/www.bmicos.com\/guatemala\/en\/wp-json\/wp\/v2\/product_cat?post=4240"},{"taxonomy":"product_tag","embeddable":true,"href":"https:\/\/www.bmicos.com\/guatemala\/en\/wp-json\/wp\/v2\/product_tag?post=4240"}],"curies":[{"name":"wp","href":"https:\/\/api.w.org\/{rel}","templated":true}]}}