{"id":5169,"date":"2022-03-01T18:52:23","date_gmt":"2022-03-01T18:52:23","guid":{"rendered":"https:\/\/www.bmicos.com\/guatemala\/?post_type=product&#038;p=5169"},"modified":"2022-03-17T22:34:26","modified_gmt":"2022-03-17T22:34:26","slug":"programa-proteccion-integral","status":"publish","type":"product","link":"https:\/\/www.bmicos.com\/guatemala\/en\/plan\/programa-proteccion-integral\/","title":{"rendered":"Comprehensive Protection Program"},"content":{"rendered":"<p><span style=\"font-weight: 400\">Annual insurance program that combines coverage for Death from Any Cause, Accidental Death, Medical Expenses due to Accident, Daily Income for Hospitalization and Advance Payment for Serious Illnesses. Specially designed for groups of administrative and office staff in SMEs, with attractive health coverage and benefits for both the insured and their family. for a monthly premium from Q75.00 per month. Minimum 10 policyholders.<\/span><\/p>\n<ul>\n<li><span style=\"font-weight: 400\"> \u00a0 <\/span> <span style=\"font-weight: 400\">Minimum of 10 policyholders.<\/span><\/li>\n<li><span style=\"font-weight: 400\"> \u00a0 <\/span> <span style=\"font-weight: 400\">Monthly premiums from Q75.00 per person<\/span><\/li>\n<li><span style=\"font-weight: 400\"> \u00a0 <\/span> <span style=\"font-weight: 400\">Only Annual Plan<\/span><\/li>\n<\/ul>\n<div class='w3eden'><!-- WPDM Link Template: Default Template -->\n\n\n<div class=\"link-template-default card mb-2\">\n    <div class=\"card-body\">\n        <div class=\"media stack-xs\">\n            <div class=\"media-body\">\n                <div class=\"media\">\n                    <div class=\"mr-3 img-48\"><img decoding=\"async\" class=\"wpdm_icon\" alt=\"Icon\" src=\"https:\/\/www.bmicos.com\/guatemala\/wp-content\/plugins\/download-manager\/assets\/file-type-icons\/pdf.svg\" \/><\/div>\n                    <div class=\"media-body\">\n                        <h3 class=\"package-title\">Comprehensive Protection Program<\/h3>\n                        <div class=\"text-muted text-small\"><i class=\"fas fa-copy\"><\/i> 1 file(s) <i class=\"fas fa-hdd ml-3\"><\/i> 13.68MB<\/div>\n                    <\/div>\n                <\/div>\n            <\/div>\n            <div class=\"ml-3 wpdmdl-btn\">\n                <a href=\"https:\/\/www.bmicos.com\/guatemala\/en\/download\/programa-proteccion-integral\/?wpdmdl=5170&refresh=69e7daf9cf5811776802553\" class=\"btn btn-primary\" target=\"_blank\">view file<\/a>\n                <\/div>\n        <\/div>\n    <\/div>\n<\/div><\/div>","protected":false},"excerpt":{"rendered":"<p>Programa de seguro anual que combina coberturas de Muerte por Cualquier Causa, Muerte Accidental, Gastos M\u00e9dicos por Accidente, Renta Diaria por Hospitalizaci\u00f3n y Anticipo por Enfermedades Graves. Especialmente dise\u00f1ado para grupos de personal administrativo y de oficina en PYMES, con coberturas y beneficios de salud atractivos tanto para el asegurado como su n\u00facleo familiar. por [&hellip;]<\/p>\n","protected":false},"featured_media":5328,"template":"","meta":{"_acf_changed":false},"product_brand":[],"product_cat":[588],"product_tag":[],"class_list":{"0":"post-5169","1":"product","2":"type-product","3":"status-publish","4":"has-post-thumbnail","6":"product_cat-polizas-colectivas","8":"first","9":"instock","10":"shipping-taxable","11":"product-type-simple"},"acf":[],"yoast_head":"<!-- This site is optimized with the Yoast SEO Premium plugin v20.7 (Yoast SEO v27.4) - https:\/\/yoast.com\/product\/yoast-seo-premium-wordpress\/ -->\n<title>Programa Protecci\u00f3n Integral - BMI Seguros Guatemala<\/title>\n<meta name=\"robots\" content=\"index, follow, max-snippet:-1, max-image-preview:large, max-video-preview:-1\" \/>\n<link rel=\"canonical\" href=\"https:\/\/www.bmicos.com\/guatemala\/en\/plan\/programa-proteccion-integral\/\" \/>\n<meta property=\"og:locale\" content=\"en_US\" \/>\n<meta property=\"og:type\" content=\"article\" \/>\n<meta property=\"og:title\" content=\"Programa Protecci\u00f3n Integral\" \/>\n<meta property=\"og:description\" content=\"Programa de seguro anual que combina coberturas de Muerte por Cualquier Causa, Muerte Accidental, Gastos M\u00e9dicos por Accidente, Renta Diaria por Hospitalizaci\u00f3n y Anticipo por Enfermedades Graves. Especialmente dise\u00f1ado para grupos de personal administrativo y de oficina en PYMES, con coberturas y beneficios de salud atractivos tanto para el asegurado como su n\u00facleo familiar. por [&hellip;]\" \/>\n<meta property=\"og:url\" content=\"https:\/\/www.bmicos.com\/guatemala\/en\/plan\/programa-proteccion-integral\/\" \/>\n<meta property=\"og:site_name\" content=\"BMI Seguros Guatemala\" \/>\n<meta property=\"article:publisher\" content=\"https:\/\/www.facebook.com\/BMIGuatemala\/\" \/>\n<meta property=\"article:modified_time\" content=\"2022-03-17T22:34:26+00:00\" \/>\n<meta property=\"og:image\" content=\"https:\/\/www.bmicos.com\/guatemala\/wp-content\/uploads\/sites\/6\/2022\/03\/Proteccio\u0301n-Integral.jpg\" \/>\n\t<meta property=\"og:image:width\" content=\"800\" \/>\n\t<meta property=\"og:image:height\" content=\"533\" \/>\n\t<meta property=\"og:image:type\" content=\"image\/jpeg\" \/>\n<meta name=\"twitter:card\" content=\"summary_large_image\" \/>\n<meta name=\"twitter:site\" content=\"@bmiguatemala\" \/>\n<meta name=\"twitter:label1\" content=\"Est. reading time\" \/>\n\t<meta name=\"twitter:data1\" content=\"1 minute\" \/>\n<script type=\"application\/ld+json\" class=\"yoast-schema-graph\">{\"@context\":\"https:\\\/\\\/schema.org\",\"@graph\":[{\"@type\":\"WebPage\",\"@id\":\"https:\\\/\\\/www.bmicos.com\\\/guatemala\\\/plan\\\/programa-proteccion-integral\\\/\",\"url\":\"https:\\\/\\\/www.bmicos.com\\\/guatemala\\\/plan\\\/programa-proteccion-integral\\\/\",\"name\":\"Programa Protecci\u00f3n Integral - BMI Seguros Guatemala\",\"isPartOf\":{\"@id\":\"https:\\\/\\\/www.bmicos.com\\\/guatemala\\\/#website\"},\"primaryImageOfPage\":{\"@id\":\"https:\\\/\\\/www.bmicos.com\\\/guatemala\\\/plan\\\/programa-proteccion-integral\\\/#primaryimage\"},\"image\":{\"@id\":\"https:\\\/\\\/www.bmicos.com\\\/guatemala\\\/plan\\\/programa-proteccion-integral\\\/#primaryimage\"},\"thumbnailUrl\":\"https:\\\/\\\/www.bmicos.com\\\/guatemala\\\/wp-content\\\/uploads\\\/sites\\\/6\\\/2022\\\/03\\\/Proteccio\u0301n-Integral.jpg\",\"datePublished\":\"2022-03-01T18:52:23+00:00\",\"dateModified\":\"2022-03-17T22:34:26+00:00\",\"breadcrumb\":{\"@id\":\"https:\\\/\\\/www.bmicos.com\\\/guatemala\\\/plan\\\/programa-proteccion-integral\\\/#breadcrumb\"},\"inLanguage\":\"en-US\",\"potentialAction\":[{\"@type\":\"ReadAction\",\"target\":[\"https:\\\/\\\/www.bmicos.com\\\/guatemala\\\/plan\\\/programa-proteccion-integral\\\/\"]}]},{\"@type\":\"ImageObject\",\"inLanguage\":\"en-US\",\"@id\":\"https:\\\/\\\/www.bmicos.com\\\/guatemala\\\/plan\\\/programa-proteccion-integral\\\/#primaryimage\",\"url\":\"https:\\\/\\\/www.bmicos.com\\\/guatemala\\\/wp-content\\\/uploads\\\/sites\\\/6\\\/2022\\\/03\\\/Proteccio\u0301n-Integral.jpg\",\"contentUrl\":\"https:\\\/\\\/www.bmicos.com\\\/guatemala\\\/wp-content\\\/uploads\\\/sites\\\/6\\\/2022\\\/03\\\/Proteccio\u0301n-Integral.jpg\",\"width\":800,\"height\":533},{\"@type\":\"BreadcrumbList\",\"@id\":\"https:\\\/\\\/www.bmicos.com\\\/guatemala\\\/plan\\\/programa-proteccion-integral\\\/#breadcrumb\",\"itemListElement\":[{\"@type\":\"ListItem\",\"position\":1,\"name\":\"Inicio\",\"item\":\"https:\\\/\\\/www.bmicos.com\\\/guatemala\\\/\"},{\"@type\":\"ListItem\",\"position\":2,\"name\":\"Seguros\",\"item\":\"https:\\\/\\\/www.bmicos.com\\\/guatemala\\\/seguros\\\/\"},{\"@type\":\"ListItem\",\"position\":3,\"name\":\"Programa Protecci\u00f3n Integral\"}]},{\"@type\":\"WebSite\",\"@id\":\"https:\\\/\\\/www.bmicos.com\\\/guatemala\\\/#website\",\"url\":\"https:\\\/\\\/www.bmicos.com\\\/guatemala\\\/\",\"name\":\"BMI Seguros Guatemala\",\"description\":\"Asegurando familias en todo el mundo\",\"publisher\":{\"@id\":\"https:\\\/\\\/www.bmicos.com\\\/guatemala\\\/#organization\"},\"potentialAction\":[{\"@type\":\"SearchAction\",\"target\":{\"@type\":\"EntryPoint\",\"urlTemplate\":\"https:\\\/\\\/www.bmicos.com\\\/guatemala\\\/?s={search_term_string}\"},\"query-input\":{\"@type\":\"PropertyValueSpecification\",\"valueRequired\":true,\"valueName\":\"search_term_string\"}}],\"inLanguage\":\"en-US\"},{\"@type\":\"Organization\",\"@id\":\"https:\\\/\\\/www.bmicos.com\\\/guatemala\\\/#organization\",\"name\":\"BMI Companies\",\"url\":\"https:\\\/\\\/www.bmicos.com\\\/guatemala\\\/\",\"logo\":{\"@type\":\"ImageObject\",\"inLanguage\":\"en-US\",\"@id\":\"https:\\\/\\\/www.bmicos.com\\\/guatemala\\\/#\\\/schema\\\/logo\\\/image\\\/\",\"url\":\"https:\\\/\\\/www.bmicos.com\\\/guatemala\\\/wp-content\\\/uploads\\\/sites\\\/6\\\/2020\\\/12\\\/logo-1.png\",\"contentUrl\":\"https:\\\/\\\/www.bmicos.com\\\/guatemala\\\/wp-content\\\/uploads\\\/sites\\\/6\\\/2020\\\/12\\\/logo-1.png\",\"width\":519,\"height\":273,\"caption\":\"BMI Companies\"},\"image\":{\"@id\":\"https:\\\/\\\/www.bmicos.com\\\/guatemala\\\/#\\\/schema\\\/logo\\\/image\\\/\"},\"sameAs\":[\"https:\\\/\\\/www.facebook.com\\\/BMIGuatemala\\\/\",\"https:\\\/\\\/x.com\\\/bmiguatemala\",\"https:\\\/\\\/www.instagram.com\\\/bmiguatemala\\\/\",\"https:\\\/\\\/www.linkedin.com\\\/company\\\/bmiguatemala\\\/about\\\/\",\"https:\\\/\\\/www.youtube.com\\\/user\\\/BMICompaniesGlobal\\\/videos\"]}]}<\/script>\n<!-- \/ Yoast SEO Premium plugin. -->","yoast_head_json":{"title":"Comprehensive Protection Program - BMI Seguros Guatemala","robots":{"index":"index","follow":"follow","max-snippet":"max-snippet:-1","max-image-preview":"max-image-preview:large","max-video-preview":"max-video-preview:-1"},"canonical":"https:\/\/www.bmicos.com\/guatemala\/en\/plan\/programa-proteccion-integral\/","og_locale":"en_US","og_type":"article","og_title":"Programa Protecci\u00f3n Integral","og_description":"Programa de seguro anual que combina coberturas de Muerte por Cualquier Causa, Muerte Accidental, Gastos M\u00e9dicos por Accidente, Renta Diaria por Hospitalizaci\u00f3n y Anticipo por Enfermedades Graves. Especialmente dise\u00f1ado para grupos de personal administrativo y de oficina en PYMES, con coberturas y beneficios de salud atractivos tanto para el asegurado como su n\u00facleo familiar. por [&hellip;]","og_url":"https:\/\/www.bmicos.com\/guatemala\/en\/plan\/programa-proteccion-integral\/","og_site_name":"BMI Seguros Guatemala","article_publisher":"https:\/\/www.facebook.com\/BMIGuatemala\/","article_modified_time":"2022-03-17T22:34:26+00:00","og_image":[{"width":800,"height":533,"url":"https:\/\/www.bmicos.com\/guatemala\/wp-content\/uploads\/sites\/6\/2022\/03\/Proteccio\u0301n-Integral.jpg","type":"image\/jpeg"}],"twitter_card":"summary_large_image","twitter_site":"@bmiguatemala","twitter_misc":{"Est. reading time":"1 minute"},"schema":{"@context":"https:\/\/schema.org","@graph":[{"@type":"WebPage","@id":"https:\/\/www.bmicos.com\/guatemala\/plan\/programa-proteccion-integral\/","url":"https:\/\/www.bmicos.com\/guatemala\/plan\/programa-proteccion-integral\/","name":"Comprehensive Protection Program - BMI Seguros Guatemala","isPartOf":{"@id":"https:\/\/www.bmicos.com\/guatemala\/#website"},"primaryImageOfPage":{"@id":"https:\/\/www.bmicos.com\/guatemala\/plan\/programa-proteccion-integral\/#primaryimage"},"image":{"@id":"https:\/\/www.bmicos.com\/guatemala\/plan\/programa-proteccion-integral\/#primaryimage"},"thumbnailUrl":"https:\/\/www.bmicos.com\/guatemala\/wp-content\/uploads\/sites\/6\/2022\/03\/Proteccio\u0301n-Integral.jpg","datePublished":"2022-03-01T18:52:23+00:00","dateModified":"2022-03-17T22:34:26+00:00","breadcrumb":{"@id":"https:\/\/www.bmicos.com\/guatemala\/plan\/programa-proteccion-integral\/#breadcrumb"},"inLanguage":"en-US","potentialAction":[{"@type":"ReadAction","target":["https:\/\/www.bmicos.com\/guatemala\/plan\/programa-proteccion-integral\/"]}]},{"@type":"ImageObject","inLanguage":"en-US","@id":"https:\/\/www.bmicos.com\/guatemala\/plan\/programa-proteccion-integral\/#primaryimage","url":"https:\/\/www.bmicos.com\/guatemala\/wp-content\/uploads\/sites\/6\/2022\/03\/Proteccio\u0301n-Integral.jpg","contentUrl":"https:\/\/www.bmicos.com\/guatemala\/wp-content\/uploads\/sites\/6\/2022\/03\/Proteccio\u0301n-Integral.jpg","width":800,"height":533},{"@type":"BreadcrumbList","@id":"https:\/\/www.bmicos.com\/guatemala\/plan\/programa-proteccion-integral\/#breadcrumb","itemListElement":[{"@type":"ListItem","position":1,"name":"Inicio","item":"https:\/\/www.bmicos.com\/guatemala\/"},{"@type":"ListItem","position":2,"name":"Seguros","item":"https:\/\/www.bmicos.com\/guatemala\/seguros\/"},{"@type":"ListItem","position":3,"name":"Programa Protecci\u00f3n Integral"}]},{"@type":"WebSite","@id":"https:\/\/www.bmicos.com\/guatemala\/#website","url":"https:\/\/www.bmicos.com\/guatemala\/","name":"BMI Insurance Guatemala","description":"Insuring Families Worldwide","publisher":{"@id":"https:\/\/www.bmicos.com\/guatemala\/#organization"},"potentialAction":[{"@type":"SearchAction","target":{"@type":"EntryPoint","urlTemplate":"https:\/\/www.bmicos.com\/guatemala\/?s={search_term_string}"},"query-input":{"@type":"PropertyValueSpecification","valueRequired":true,"valueName":"search_term_string"}}],"inLanguage":"en-US"},{"@type":"Organization","@id":"https:\/\/www.bmicos.com\/guatemala\/#organization","name":"BMI Companies","url":"https:\/\/www.bmicos.com\/guatemala\/","logo":{"@type":"ImageObject","inLanguage":"en-US","@id":"https:\/\/www.bmicos.com\/guatemala\/#\/schema\/logo\/image\/","url":"https:\/\/www.bmicos.com\/guatemala\/wp-content\/uploads\/sites\/6\/2020\/12\/logo-1.png","contentUrl":"https:\/\/www.bmicos.com\/guatemala\/wp-content\/uploads\/sites\/6\/2020\/12\/logo-1.png","width":519,"height":273,"caption":"BMI Companies"},"image":{"@id":"https:\/\/www.bmicos.com\/guatemala\/#\/schema\/logo\/image\/"},"sameAs":["https:\/\/www.facebook.com\/BMIGuatemala\/","https:\/\/x.com\/bmiguatemala","https:\/\/www.instagram.com\/bmiguatemala\/","https:\/\/www.linkedin.com\/company\/bmiguatemala\/about\/","https:\/\/www.youtube.com\/user\/BMICompaniesGlobal\/videos"]}]}},"_links":{"self":[{"href":"https:\/\/www.bmicos.com\/guatemala\/en\/wp-json\/wp\/v2\/product\/5169","targetHints":{"allow":["GET"]}}],"collection":[{"href":"https:\/\/www.bmicos.com\/guatemala\/en\/wp-json\/wp\/v2\/product"}],"about":[{"href":"https:\/\/www.bmicos.com\/guatemala\/en\/wp-json\/wp\/v2\/types\/product"}],"version-history":[{"count":0,"href":"https:\/\/www.bmicos.com\/guatemala\/en\/wp-json\/wp\/v2\/product\/5169\/revisions"}],"wp:featuredmedia":[{"embeddable":true,"href":"https:\/\/www.bmicos.com\/guatemala\/en\/wp-json\/wp\/v2\/media\/5328"}],"wp:attachment":[{"href":"https:\/\/www.bmicos.com\/guatemala\/en\/wp-json\/wp\/v2\/media?parent=5169"}],"wp:term":[{"taxonomy":"product_brand","embeddable":true,"href":"https:\/\/www.bmicos.com\/guatemala\/en\/wp-json\/wp\/v2\/product_brand?post=5169"},{"taxonomy":"product_cat","embeddable":true,"href":"https:\/\/www.bmicos.com\/guatemala\/en\/wp-json\/wp\/v2\/product_cat?post=5169"},{"taxonomy":"product_tag","embeddable":true,"href":"https:\/\/www.bmicos.com\/guatemala\/en\/wp-json\/wp\/v2\/product_tag?post=5169"}],"curies":[{"name":"wp","href":"https:\/\/api.w.org\/{rel}","templated":true}]}}