{"id":5175,"date":"2022-03-01T18:55:15","date_gmt":"2022-03-01T18:55:15","guid":{"rendered":"https:\/\/www.bmicos.com\/guatemala\/?post_type=product&#038;p=5175"},"modified":"2022-03-17T22:32:22","modified_gmt":"2022-03-17T22:32:22","slug":"programa-perpetual-life","status":"publish","type":"product","link":"https:\/\/www.bmicos.com\/guatemala\/en\/plan\/programa-perpetual-life\/","title":{"rendered":"Perpetual Life Program"},"content":{"rendered":"<p><span style=\"font-weight: 400\">Business Collective Life Insurance Program combining 5 complete funeral service packages and 2 burial services per insured which can be used for both the insured and their family (Spouse, children and Parents).<\/span><\/p>\n<ul>\n<li><span style=\"font-weight: 400\"> \u00a0 <\/span> <span style=\"font-weight: 400\">Minimum of 5 policyholders.<\/span><\/li>\n<li><span style=\"font-weight: 400\"> \u00a0 <\/span> <span style=\"font-weight: 400\">Monthly premiums from Q75.00 per person<\/span><\/li>\n<li><span style=\"font-weight: 400\"> \u00a0 <\/span> <span style=\"font-weight: 400\">Only Annual Plan<\/span><\/li>\n<\/ul>\n<div class='w3eden'><!-- WPDM Link Template: Default Template -->\n\n\n<div class=\"link-template-default card mb-2\">\n    <div class=\"card-body\">\n        <div class=\"media stack-xs\">\n            <div class=\"media-body\">\n                <div class=\"media\">\n                    <div class=\"mr-3 img-48\"><img decoding=\"async\" class=\"wpdm_icon\" alt=\"Icon\" src=\"https:\/\/www.bmicos.com\/guatemala\/wp-content\/plugins\/download-manager\/assets\/file-type-icons\/pdf.svg\" \/><\/div>\n                    <div class=\"media-body\">\n                        <h3 class=\"package-title\">Perpetual Life Program<\/h3>\n                        <div class=\"text-muted text-small\"><i class=\"fas fa-copy\"><\/i> 1 file(s) <i class=\"fas fa-hdd ml-3\"><\/i> 16.21MB<\/div>\n                    <\/div>\n                <\/div>\n            <\/div>\n            <div class=\"ml-3 wpdmdl-btn\">\n                <a href=\"https:\/\/www.bmicos.com\/guatemala\/en\/download\/programa-perpetual-life\/?wpdmdl=5174&refresh=69e7ee6dcefd11776807533\" class=\"btn btn-primary\" target=\"_blank\">view file<\/a>\n                <\/div>\n        <\/div>\n    <\/div>\n<\/div><\/div>","protected":false},"excerpt":{"rendered":"<p>Programa de Seguro de Vida Colectivo empresarial combinando 5 paquetes de servicios funerarios completos y 2 Servicios de inhumaci\u00f3n por asegurado los cuales pueden ser utilizados tanto para el asegurado como su n\u00facleo familiar (C\u00f3nyuge hijos y Padres). \u00a0 M\u00ednimo de 5 asegurados en p\u00f3liza. \u00a0 Primas mensuales desde Q75.00 por persona \u00a0 \u00danicamente Plan [&hellip;]<\/p>\n","protected":false},"featured_media":5326,"template":"","meta":{"_acf_changed":false},"product_brand":[],"product_cat":[588],"product_tag":[],"class_list":{"0":"post-5175","1":"product","2":"type-product","3":"status-publish","4":"has-post-thumbnail","6":"product_cat-polizas-colectivas","8":"first","9":"instock","10":"shipping-taxable","11":"product-type-simple"},"acf":[],"yoast_head":"<!-- This site is optimized with the Yoast SEO Premium plugin v20.7 (Yoast SEO v27.4) - https:\/\/yoast.com\/product\/yoast-seo-premium-wordpress\/ -->\n<title>Programa Perpetual Life - BMI Seguros Guatemala<\/title>\n<meta name=\"robots\" content=\"index, follow, max-snippet:-1, max-image-preview:large, max-video-preview:-1\" \/>\n<link rel=\"canonical\" href=\"https:\/\/www.bmicos.com\/guatemala\/en\/plan\/programa-perpetual-life\/\" \/>\n<meta property=\"og:locale\" content=\"en_US\" \/>\n<meta property=\"og:type\" content=\"article\" \/>\n<meta property=\"og:title\" content=\"Programa Perpetual Life\" \/>\n<meta property=\"og:description\" content=\"Programa de Seguro de Vida Colectivo empresarial combinando 5 paquetes de servicios funerarios completos y 2 Servicios de inhumaci\u00f3n por asegurado los cuales pueden ser utilizados tanto para el asegurado como su n\u00facleo familiar (C\u00f3nyuge hijos y Padres). \u00a0 M\u00ednimo de 5 asegurados en p\u00f3liza. \u00a0 Primas mensuales desde Q75.00 por persona \u00a0 \u00danicamente Plan [&hellip;]\" \/>\n<meta property=\"og:url\" content=\"https:\/\/www.bmicos.com\/guatemala\/en\/plan\/programa-perpetual-life\/\" \/>\n<meta property=\"og:site_name\" content=\"BMI Seguros Guatemala\" \/>\n<meta property=\"article:publisher\" content=\"https:\/\/www.facebook.com\/BMIGuatemala\/\" \/>\n<meta property=\"article:modified_time\" content=\"2022-03-17T22:32:22+00:00\" \/>\n<meta property=\"og:image\" content=\"https:\/\/www.bmicos.com\/guatemala\/wp-content\/uploads\/sites\/6\/2022\/03\/Perpetual-Life.jpg\" \/>\n\t<meta property=\"og:image:width\" content=\"800\" \/>\n\t<meta property=\"og:image:height\" content=\"533\" \/>\n\t<meta property=\"og:image:type\" content=\"image\/jpeg\" \/>\n<meta name=\"twitter:card\" content=\"summary_large_image\" \/>\n<meta name=\"twitter:site\" content=\"@bmiguatemala\" \/>\n<meta name=\"twitter:label1\" content=\"Est. reading time\" \/>\n\t<meta name=\"twitter:data1\" content=\"1 minute\" \/>\n<script type=\"application\/ld+json\" class=\"yoast-schema-graph\">{\"@context\":\"https:\\\/\\\/schema.org\",\"@graph\":[{\"@type\":\"WebPage\",\"@id\":\"https:\\\/\\\/www.bmicos.com\\\/guatemala\\\/plan\\\/programa-perpetual-life\\\/\",\"url\":\"https:\\\/\\\/www.bmicos.com\\\/guatemala\\\/plan\\\/programa-perpetual-life\\\/\",\"name\":\"Programa Perpetual Life - BMI Seguros Guatemala\",\"isPartOf\":{\"@id\":\"https:\\\/\\\/www.bmicos.com\\\/guatemala\\\/#website\"},\"primaryImageOfPage\":{\"@id\":\"https:\\\/\\\/www.bmicos.com\\\/guatemala\\\/plan\\\/programa-perpetual-life\\\/#primaryimage\"},\"image\":{\"@id\":\"https:\\\/\\\/www.bmicos.com\\\/guatemala\\\/plan\\\/programa-perpetual-life\\\/#primaryimage\"},\"thumbnailUrl\":\"https:\\\/\\\/www.bmicos.com\\\/guatemala\\\/wp-content\\\/uploads\\\/sites\\\/6\\\/2022\\\/03\\\/Perpetual-Life.jpg\",\"datePublished\":\"2022-03-01T18:55:15+00:00\",\"dateModified\":\"2022-03-17T22:32:22+00:00\",\"breadcrumb\":{\"@id\":\"https:\\\/\\\/www.bmicos.com\\\/guatemala\\\/plan\\\/programa-perpetual-life\\\/#breadcrumb\"},\"inLanguage\":\"en-US\",\"potentialAction\":[{\"@type\":\"ReadAction\",\"target\":[\"https:\\\/\\\/www.bmicos.com\\\/guatemala\\\/plan\\\/programa-perpetual-life\\\/\"]}]},{\"@type\":\"ImageObject\",\"inLanguage\":\"en-US\",\"@id\":\"https:\\\/\\\/www.bmicos.com\\\/guatemala\\\/plan\\\/programa-perpetual-life\\\/#primaryimage\",\"url\":\"https:\\\/\\\/www.bmicos.com\\\/guatemala\\\/wp-content\\\/uploads\\\/sites\\\/6\\\/2022\\\/03\\\/Perpetual-Life.jpg\",\"contentUrl\":\"https:\\\/\\\/www.bmicos.com\\\/guatemala\\\/wp-content\\\/uploads\\\/sites\\\/6\\\/2022\\\/03\\\/Perpetual-Life.jpg\",\"width\":800,\"height\":533},{\"@type\":\"BreadcrumbList\",\"@id\":\"https:\\\/\\\/www.bmicos.com\\\/guatemala\\\/plan\\\/programa-perpetual-life\\\/#breadcrumb\",\"itemListElement\":[{\"@type\":\"ListItem\",\"position\":1,\"name\":\"Inicio\",\"item\":\"https:\\\/\\\/www.bmicos.com\\\/guatemala\\\/\"},{\"@type\":\"ListItem\",\"position\":2,\"name\":\"Seguros\",\"item\":\"https:\\\/\\\/www.bmicos.com\\\/guatemala\\\/seguros\\\/\"},{\"@type\":\"ListItem\",\"position\":3,\"name\":\"Programa Perpetual Life\"}]},{\"@type\":\"WebSite\",\"@id\":\"https:\\\/\\\/www.bmicos.com\\\/guatemala\\\/#website\",\"url\":\"https:\\\/\\\/www.bmicos.com\\\/guatemala\\\/\",\"name\":\"BMI Seguros Guatemala\",\"description\":\"Asegurando familias en todo el mundo\",\"publisher\":{\"@id\":\"https:\\\/\\\/www.bmicos.com\\\/guatemala\\\/#organization\"},\"potentialAction\":[{\"@type\":\"SearchAction\",\"target\":{\"@type\":\"EntryPoint\",\"urlTemplate\":\"https:\\\/\\\/www.bmicos.com\\\/guatemala\\\/?s={search_term_string}\"},\"query-input\":{\"@type\":\"PropertyValueSpecification\",\"valueRequired\":true,\"valueName\":\"search_term_string\"}}],\"inLanguage\":\"en-US\"},{\"@type\":\"Organization\",\"@id\":\"https:\\\/\\\/www.bmicos.com\\\/guatemala\\\/#organization\",\"name\":\"BMI Companies\",\"url\":\"https:\\\/\\\/www.bmicos.com\\\/guatemala\\\/\",\"logo\":{\"@type\":\"ImageObject\",\"inLanguage\":\"en-US\",\"@id\":\"https:\\\/\\\/www.bmicos.com\\\/guatemala\\\/#\\\/schema\\\/logo\\\/image\\\/\",\"url\":\"https:\\\/\\\/www.bmicos.com\\\/guatemala\\\/wp-content\\\/uploads\\\/sites\\\/6\\\/2020\\\/12\\\/logo-1.png\",\"contentUrl\":\"https:\\\/\\\/www.bmicos.com\\\/guatemala\\\/wp-content\\\/uploads\\\/sites\\\/6\\\/2020\\\/12\\\/logo-1.png\",\"width\":519,\"height\":273,\"caption\":\"BMI Companies\"},\"image\":{\"@id\":\"https:\\\/\\\/www.bmicos.com\\\/guatemala\\\/#\\\/schema\\\/logo\\\/image\\\/\"},\"sameAs\":[\"https:\\\/\\\/www.facebook.com\\\/BMIGuatemala\\\/\",\"https:\\\/\\\/x.com\\\/bmiguatemala\",\"https:\\\/\\\/www.instagram.com\\\/bmiguatemala\\\/\",\"https:\\\/\\\/www.linkedin.com\\\/company\\\/bmiguatemala\\\/about\\\/\",\"https:\\\/\\\/www.youtube.com\\\/user\\\/BMICompaniesGlobal\\\/videos\"]}]}<\/script>\n<!-- \/ Yoast SEO Premium plugin. -->","yoast_head_json":{"title":"Perpetual Life Program - BMI Seguros Guatemala","robots":{"index":"index","follow":"follow","max-snippet":"max-snippet:-1","max-image-preview":"max-image-preview:large","max-video-preview":"max-video-preview:-1"},"canonical":"https:\/\/www.bmicos.com\/guatemala\/en\/plan\/programa-perpetual-life\/","og_locale":"en_US","og_type":"article","og_title":"Programa Perpetual Life","og_description":"Programa de Seguro de Vida Colectivo empresarial combinando 5 paquetes de servicios funerarios completos y 2 Servicios de inhumaci\u00f3n por asegurado los cuales pueden ser utilizados tanto para el asegurado como su n\u00facleo familiar (C\u00f3nyuge hijos y Padres). \u00a0 M\u00ednimo de 5 asegurados en p\u00f3liza. \u00a0 Primas mensuales desde Q75.00 por persona \u00a0 \u00danicamente Plan [&hellip;]","og_url":"https:\/\/www.bmicos.com\/guatemala\/en\/plan\/programa-perpetual-life\/","og_site_name":"BMI Seguros Guatemala","article_publisher":"https:\/\/www.facebook.com\/BMIGuatemala\/","article_modified_time":"2022-03-17T22:32:22+00:00","og_image":[{"width":800,"height":533,"url":"https:\/\/www.bmicos.com\/guatemala\/wp-content\/uploads\/sites\/6\/2022\/03\/Perpetual-Life.jpg","type":"image\/jpeg"}],"twitter_card":"summary_large_image","twitter_site":"@bmiguatemala","twitter_misc":{"Est. reading time":"1 minute"},"schema":{"@context":"https:\/\/schema.org","@graph":[{"@type":"WebPage","@id":"https:\/\/www.bmicos.com\/guatemala\/plan\/programa-perpetual-life\/","url":"https:\/\/www.bmicos.com\/guatemala\/plan\/programa-perpetual-life\/","name":"Perpetual Life Program - BMI Seguros Guatemala","isPartOf":{"@id":"https:\/\/www.bmicos.com\/guatemala\/#website"},"primaryImageOfPage":{"@id":"https:\/\/www.bmicos.com\/guatemala\/plan\/programa-perpetual-life\/#primaryimage"},"image":{"@id":"https:\/\/www.bmicos.com\/guatemala\/plan\/programa-perpetual-life\/#primaryimage"},"thumbnailUrl":"https:\/\/www.bmicos.com\/guatemala\/wp-content\/uploads\/sites\/6\/2022\/03\/Perpetual-Life.jpg","datePublished":"2022-03-01T18:55:15+00:00","dateModified":"2022-03-17T22:32:22+00:00","breadcrumb":{"@id":"https:\/\/www.bmicos.com\/guatemala\/plan\/programa-perpetual-life\/#breadcrumb"},"inLanguage":"en-US","potentialAction":[{"@type":"ReadAction","target":["https:\/\/www.bmicos.com\/guatemala\/plan\/programa-perpetual-life\/"]}]},{"@type":"ImageObject","inLanguage":"en-US","@id":"https:\/\/www.bmicos.com\/guatemala\/plan\/programa-perpetual-life\/#primaryimage","url":"https:\/\/www.bmicos.com\/guatemala\/wp-content\/uploads\/sites\/6\/2022\/03\/Perpetual-Life.jpg","contentUrl":"https:\/\/www.bmicos.com\/guatemala\/wp-content\/uploads\/sites\/6\/2022\/03\/Perpetual-Life.jpg","width":800,"height":533},{"@type":"BreadcrumbList","@id":"https:\/\/www.bmicos.com\/guatemala\/plan\/programa-perpetual-life\/#breadcrumb","itemListElement":[{"@type":"ListItem","position":1,"name":"Inicio","item":"https:\/\/www.bmicos.com\/guatemala\/"},{"@type":"ListItem","position":2,"name":"Seguros","item":"https:\/\/www.bmicos.com\/guatemala\/seguros\/"},{"@type":"ListItem","position":3,"name":"Programa Perpetual Life"}]},{"@type":"WebSite","@id":"https:\/\/www.bmicos.com\/guatemala\/#website","url":"https:\/\/www.bmicos.com\/guatemala\/","name":"BMI Insurance Guatemala","description":"Insuring Families Worldwide","publisher":{"@id":"https:\/\/www.bmicos.com\/guatemala\/#organization"},"potentialAction":[{"@type":"SearchAction","target":{"@type":"EntryPoint","urlTemplate":"https:\/\/www.bmicos.com\/guatemala\/?s={search_term_string}"},"query-input":{"@type":"PropertyValueSpecification","valueRequired":true,"valueName":"search_term_string"}}],"inLanguage":"en-US"},{"@type":"Organization","@id":"https:\/\/www.bmicos.com\/guatemala\/#organization","name":"BMI Companies","url":"https:\/\/www.bmicos.com\/guatemala\/","logo":{"@type":"ImageObject","inLanguage":"en-US","@id":"https:\/\/www.bmicos.com\/guatemala\/#\/schema\/logo\/image\/","url":"https:\/\/www.bmicos.com\/guatemala\/wp-content\/uploads\/sites\/6\/2020\/12\/logo-1.png","contentUrl":"https:\/\/www.bmicos.com\/guatemala\/wp-content\/uploads\/sites\/6\/2020\/12\/logo-1.png","width":519,"height":273,"caption":"BMI Companies"},"image":{"@id":"https:\/\/www.bmicos.com\/guatemala\/#\/schema\/logo\/image\/"},"sameAs":["https:\/\/www.facebook.com\/BMIGuatemala\/","https:\/\/x.com\/bmiguatemala","https:\/\/www.instagram.com\/bmiguatemala\/","https:\/\/www.linkedin.com\/company\/bmiguatemala\/about\/","https:\/\/www.youtube.com\/user\/BMICompaniesGlobal\/videos"]}]}},"_links":{"self":[{"href":"https:\/\/www.bmicos.com\/guatemala\/en\/wp-json\/wp\/v2\/product\/5175","targetHints":{"allow":["GET"]}}],"collection":[{"href":"https:\/\/www.bmicos.com\/guatemala\/en\/wp-json\/wp\/v2\/product"}],"about":[{"href":"https:\/\/www.bmicos.com\/guatemala\/en\/wp-json\/wp\/v2\/types\/product"}],"version-history":[{"count":0,"href":"https:\/\/www.bmicos.com\/guatemala\/en\/wp-json\/wp\/v2\/product\/5175\/revisions"}],"wp:featuredmedia":[{"embeddable":true,"href":"https:\/\/www.bmicos.com\/guatemala\/en\/wp-json\/wp\/v2\/media\/5326"}],"wp:attachment":[{"href":"https:\/\/www.bmicos.com\/guatemala\/en\/wp-json\/wp\/v2\/media?parent=5175"}],"wp:term":[{"taxonomy":"product_brand","embeddable":true,"href":"https:\/\/www.bmicos.com\/guatemala\/en\/wp-json\/wp\/v2\/product_brand?post=5175"},{"taxonomy":"product_cat","embeddable":true,"href":"https:\/\/www.bmicos.com\/guatemala\/en\/wp-json\/wp\/v2\/product_cat?post=5175"},{"taxonomy":"product_tag","embeddable":true,"href":"https:\/\/www.bmicos.com\/guatemala\/en\/wp-json\/wp\/v2\/product_tag?post=5175"}],"curies":[{"name":"wp","href":"https:\/\/api.w.org\/{rel}","templated":true}]}}