{"id":5163,"date":"2022-03-01T17:54:01","date_gmt":"2022-03-01T17:54:01","guid":{"rendered":"https:\/\/www.bmicos.com\/guatemala\/?post_type=product&#038;p=5163"},"modified":"2022-03-17T22:35:07","modified_gmt":"2022-03-17T22:35:07","slug":"programa-de-pilotos-de-transporte-pesado","status":"publish","type":"product","link":"https:\/\/www.bmicos.com\/guatemala\/plan\/programa-de-pilotos-de-transporte-pesado\/","title":{"rendered":"Programa de Pilotos de Transporte Pesado"},"content":{"rendered":"<p><span style=\"font-weight: 400\">Programa de Seguro anual de Accidentes Personales basado en el Decreto Ley 45-2016 Art\u00edculo 6 de la \u201cLey de Seguridad Vial\u201d brindando cobertura por Muerte Accidental a Pilotos de Transporte Pesado de 3.5 Toneladas en adelante por Q150,000.00 con opciones de Repatriaci\u00f3n desde M\u00e9xico y Centro Am\u00e9rica, Servicios funerarios, inhumaci\u00f3n, consultas m\u00e9dicas presenciales en Centroam\u00e9rica entre otros beneficios.<\/span><\/p>\n<ul>\n<li><span style=\"font-weight: 400\"> \u00a0 <\/span> <span style=\"font-weight: 400\">M\u00ednimo de 5 asegurados en p\u00f3liza.<\/span><\/li>\n<li><span style=\"font-weight: 400\"> \u00a0 <\/span> <span style=\"font-weight: 400\">Primas mensuales desde Q37.00 por persona<\/span><\/li>\n<li><span style=\"font-weight: 400\"> \u00a0 <\/span> <span style=\"font-weight: 400\">\u00danicamente Plan Anual<\/span><\/li>\n<\/ul>\n<div class='w3eden'><!-- WPDM Link Template: Default Template -->\n\n\n<div class=\"link-template-default card mb-2\">\n    <div class=\"card-body\">\n        <div class=\"media stack-xs\">\n            <div class=\"media-body\">\n                <div class=\"media\">\n                    <div class=\"mr-3 img-48\"><img decoding=\"async\" class=\"wpdm_icon\" alt=\"Icono\" src=\"https:\/\/www.bmicos.com\/guatemala\/wp-content\/plugins\/download-manager\/assets\/file-type-icons\/pdf.svg\" \/><\/div>\n                    <div class=\"media-body\">\n                        <h3 class=\"package-title\">Programa de Pilotos de Transporte Pesado<\/h3>\n                        <div class=\"text-muted text-small\"><i class=\"fas fa-copy\"><\/i> 1 archivo(s) <i class=\"fas fa-hdd ml-3\"><\/i> 5.32 MB<\/div>\n                    <\/div>\n                <\/div>\n            <\/div>\n            <div class=\"ml-3 wpdmdl-btn\">\n                <a href=\"https:\/\/www.bmicos.com\/guatemala\/download\/programa-de-pilotos-de-transporte-pesado\/?wpdmdl=5165&refresh=69e7ad5f4cd281776790879\" class=\"btn btn-primary\" target=_blank>Ver archivo<\/a>\n                <\/div>\n        <\/div>\n    <\/div>\n<\/div><\/div>\n","protected":false},"excerpt":{"rendered":"<p>Programa de Seguro anual de Accidentes Personales basado en el Decreto Ley 45-2016 Art\u00edculo 6 de la \u201cLey de Seguridad Vial\u201d brindando cobertura por Muerte Accidental a Pilotos de Transporte Pesado de 3.5 Toneladas en adelante por Q150,000.00 con opciones de Repatriaci\u00f3n desde M\u00e9xico y Centro Am\u00e9rica, Servicios funerarios, inhumaci\u00f3n, consultas m\u00e9dicas presenciales en Centroam\u00e9rica [&hellip;]<\/p>\n","protected":false},"featured_media":5327,"template":"","meta":{"_acf_changed":false},"product_brand":[],"product_cat":[588],"product_tag":[],"class_list":{"0":"post-5163","1":"product","2":"type-product","3":"status-publish","4":"has-post-thumbnail","6":"product_cat-polizas-colectivas","8":"first","9":"instock","10":"shipping-taxable","11":"product-type-simple"},"acf":[],"yoast_head":"<!-- This site is optimized with the Yoast SEO Premium plugin v20.7 (Yoast SEO v27.4) - https:\/\/yoast.com\/product\/yoast-seo-premium-wordpress\/ -->\n<title>Programa de Pilotos de Transporte Pesado - BMI Seguros Guatemala<\/title>\n<meta name=\"robots\" content=\"index, follow, max-snippet:-1, max-image-preview:large, max-video-preview:-1\" \/>\n<link rel=\"canonical\" href=\"https:\/\/www.bmicos.com\/guatemala\/plan\/programa-de-pilotos-de-transporte-pesado\/\" \/>\n<meta property=\"og:locale\" content=\"es_ES\" \/>\n<meta property=\"og:type\" content=\"article\" \/>\n<meta property=\"og:title\" content=\"Programa de Pilotos de Transporte Pesado\" \/>\n<meta property=\"og:description\" content=\"Programa de Seguro anual de Accidentes Personales basado en el Decreto Ley 45-2016 Art\u00edculo 6 de la \u201cLey de Seguridad Vial\u201d brindando cobertura por Muerte Accidental a Pilotos de Transporte Pesado de 3.5 Toneladas en adelante por Q150,000.00 con opciones de Repatriaci\u00f3n desde M\u00e9xico y Centro Am\u00e9rica, Servicios funerarios, inhumaci\u00f3n, consultas m\u00e9dicas presenciales en Centroam\u00e9rica [&hellip;]\" \/>\n<meta property=\"og:url\" content=\"https:\/\/www.bmicos.com\/guatemala\/plan\/programa-de-pilotos-de-transporte-pesado\/\" \/>\n<meta property=\"og:site_name\" content=\"BMI Seguros Guatemala\" \/>\n<meta property=\"article:publisher\" content=\"https:\/\/www.facebook.com\/BMIGuatemala\/\" \/>\n<meta property=\"article:modified_time\" content=\"2022-03-17T22:35:07+00:00\" \/>\n<meta property=\"og:image\" content=\"https:\/\/www.bmicos.com\/guatemala\/wp-content\/uploads\/sites\/6\/2022\/03\/Pilotos-de-Transporte-Pesado.jpg\" \/>\n\t<meta property=\"og:image:width\" content=\"800\" \/>\n\t<meta property=\"og:image:height\" content=\"533\" \/>\n\t<meta property=\"og:image:type\" content=\"image\/jpeg\" \/>\n<meta name=\"twitter:card\" content=\"summary_large_image\" \/>\n<meta name=\"twitter:site\" content=\"@bmiguatemala\" \/>\n<meta name=\"twitter:label1\" content=\"Tiempo de lectura\" \/>\n\t<meta name=\"twitter:data1\" content=\"1 minuto\" \/>\n<script type=\"application\/ld+json\" class=\"yoast-schema-graph\">{\"@context\":\"https:\\\/\\\/schema.org\",\"@graph\":[{\"@type\":\"WebPage\",\"@id\":\"https:\\\/\\\/www.bmicos.com\\\/guatemala\\\/plan\\\/programa-de-pilotos-de-transporte-pesado\\\/\",\"url\":\"https:\\\/\\\/www.bmicos.com\\\/guatemala\\\/plan\\\/programa-de-pilotos-de-transporte-pesado\\\/\",\"name\":\"Programa de Pilotos de Transporte Pesado - BMI Seguros Guatemala\",\"isPartOf\":{\"@id\":\"https:\\\/\\\/www.bmicos.com\\\/guatemala\\\/#website\"},\"primaryImageOfPage\":{\"@id\":\"https:\\\/\\\/www.bmicos.com\\\/guatemala\\\/plan\\\/programa-de-pilotos-de-transporte-pesado\\\/#primaryimage\"},\"image\":{\"@id\":\"https:\\\/\\\/www.bmicos.com\\\/guatemala\\\/plan\\\/programa-de-pilotos-de-transporte-pesado\\\/#primaryimage\"},\"thumbnailUrl\":\"https:\\\/\\\/www.bmicos.com\\\/guatemala\\\/wp-content\\\/uploads\\\/sites\\\/6\\\/2022\\\/03\\\/Pilotos-de-Transporte-Pesado.jpg\",\"datePublished\":\"2022-03-01T17:54:01+00:00\",\"dateModified\":\"2022-03-17T22:35:07+00:00\",\"breadcrumb\":{\"@id\":\"https:\\\/\\\/www.bmicos.com\\\/guatemala\\\/plan\\\/programa-de-pilotos-de-transporte-pesado\\\/#breadcrumb\"},\"inLanguage\":\"es\",\"potentialAction\":[{\"@type\":\"ReadAction\",\"target\":[\"https:\\\/\\\/www.bmicos.com\\\/guatemala\\\/plan\\\/programa-de-pilotos-de-transporte-pesado\\\/\"]}]},{\"@type\":\"ImageObject\",\"inLanguage\":\"es\",\"@id\":\"https:\\\/\\\/www.bmicos.com\\\/guatemala\\\/plan\\\/programa-de-pilotos-de-transporte-pesado\\\/#primaryimage\",\"url\":\"https:\\\/\\\/www.bmicos.com\\\/guatemala\\\/wp-content\\\/uploads\\\/sites\\\/6\\\/2022\\\/03\\\/Pilotos-de-Transporte-Pesado.jpg\",\"contentUrl\":\"https:\\\/\\\/www.bmicos.com\\\/guatemala\\\/wp-content\\\/uploads\\\/sites\\\/6\\\/2022\\\/03\\\/Pilotos-de-Transporte-Pesado.jpg\",\"width\":800,\"height\":533},{\"@type\":\"BreadcrumbList\",\"@id\":\"https:\\\/\\\/www.bmicos.com\\\/guatemala\\\/plan\\\/programa-de-pilotos-de-transporte-pesado\\\/#breadcrumb\",\"itemListElement\":[{\"@type\":\"ListItem\",\"position\":1,\"name\":\"Inicio\",\"item\":\"https:\\\/\\\/www.bmicos.com\\\/guatemala\\\/\"},{\"@type\":\"ListItem\",\"position\":2,\"name\":\"Seguros\",\"item\":\"https:\\\/\\\/www.bmicos.com\\\/guatemala\\\/seguros\\\/\"},{\"@type\":\"ListItem\",\"position\":3,\"name\":\"Programa de Pilotos de Transporte Pesado\"}]},{\"@type\":\"WebSite\",\"@id\":\"https:\\\/\\\/www.bmicos.com\\\/guatemala\\\/#website\",\"url\":\"https:\\\/\\\/www.bmicos.com\\\/guatemala\\\/\",\"name\":\"BMI Seguros Guatemala\",\"description\":\"Asegurando familias en todo el mundo\",\"publisher\":{\"@id\":\"https:\\\/\\\/www.bmicos.com\\\/guatemala\\\/#organization\"},\"potentialAction\":[{\"@type\":\"SearchAction\",\"target\":{\"@type\":\"EntryPoint\",\"urlTemplate\":\"https:\\\/\\\/www.bmicos.com\\\/guatemala\\\/?s={search_term_string}\"},\"query-input\":{\"@type\":\"PropertyValueSpecification\",\"valueRequired\":true,\"valueName\":\"search_term_string\"}}],\"inLanguage\":\"es\"},{\"@type\":\"Organization\",\"@id\":\"https:\\\/\\\/www.bmicos.com\\\/guatemala\\\/#organization\",\"name\":\"BMI Companies\",\"url\":\"https:\\\/\\\/www.bmicos.com\\\/guatemala\\\/\",\"logo\":{\"@type\":\"ImageObject\",\"inLanguage\":\"es\",\"@id\":\"https:\\\/\\\/www.bmicos.com\\\/guatemala\\\/#\\\/schema\\\/logo\\\/image\\\/\",\"url\":\"https:\\\/\\\/www.bmicos.com\\\/guatemala\\\/wp-content\\\/uploads\\\/sites\\\/6\\\/2020\\\/12\\\/logo-1.png\",\"contentUrl\":\"https:\\\/\\\/www.bmicos.com\\\/guatemala\\\/wp-content\\\/uploads\\\/sites\\\/6\\\/2020\\\/12\\\/logo-1.png\",\"width\":519,\"height\":273,\"caption\":\"BMI Companies\"},\"image\":{\"@id\":\"https:\\\/\\\/www.bmicos.com\\\/guatemala\\\/#\\\/schema\\\/logo\\\/image\\\/\"},\"sameAs\":[\"https:\\\/\\\/www.facebook.com\\\/BMIGuatemala\\\/\",\"https:\\\/\\\/x.com\\\/bmiguatemala\",\"https:\\\/\\\/www.instagram.com\\\/bmiguatemala\\\/\",\"https:\\\/\\\/www.linkedin.com\\\/company\\\/bmiguatemala\\\/about\\\/\",\"https:\\\/\\\/www.youtube.com\\\/user\\\/BMICompaniesGlobal\\\/videos\"]}]}<\/script>\n<!-- \/ Yoast SEO Premium plugin. -->","yoast_head_json":{"title":"Programa de Pilotos de Transporte Pesado - BMI Seguros Guatemala","robots":{"index":"index","follow":"follow","max-snippet":"max-snippet:-1","max-image-preview":"max-image-preview:large","max-video-preview":"max-video-preview:-1"},"canonical":"https:\/\/www.bmicos.com\/guatemala\/plan\/programa-de-pilotos-de-transporte-pesado\/","og_locale":"es_ES","og_type":"article","og_title":"Programa de Pilotos de Transporte Pesado","og_description":"Programa de Seguro anual de Accidentes Personales basado en el Decreto Ley 45-2016 Art\u00edculo 6 de la \u201cLey de Seguridad Vial\u201d brindando cobertura por Muerte Accidental a Pilotos de Transporte Pesado de 3.5 Toneladas en adelante por Q150,000.00 con opciones de Repatriaci\u00f3n desde M\u00e9xico y Centro Am\u00e9rica, Servicios funerarios, inhumaci\u00f3n, consultas m\u00e9dicas presenciales en Centroam\u00e9rica [&hellip;]","og_url":"https:\/\/www.bmicos.com\/guatemala\/plan\/programa-de-pilotos-de-transporte-pesado\/","og_site_name":"BMI Seguros Guatemala","article_publisher":"https:\/\/www.facebook.com\/BMIGuatemala\/","article_modified_time":"2022-03-17T22:35:07+00:00","og_image":[{"width":800,"height":533,"url":"https:\/\/www.bmicos.com\/guatemala\/wp-content\/uploads\/sites\/6\/2022\/03\/Pilotos-de-Transporte-Pesado.jpg","type":"image\/jpeg"}],"twitter_card":"summary_large_image","twitter_site":"@bmiguatemala","twitter_misc":{"Tiempo de lectura":"1 minuto"},"schema":{"@context":"https:\/\/schema.org","@graph":[{"@type":"WebPage","@id":"https:\/\/www.bmicos.com\/guatemala\/plan\/programa-de-pilotos-de-transporte-pesado\/","url":"https:\/\/www.bmicos.com\/guatemala\/plan\/programa-de-pilotos-de-transporte-pesado\/","name":"Programa de Pilotos de Transporte Pesado - BMI Seguros Guatemala","isPartOf":{"@id":"https:\/\/www.bmicos.com\/guatemala\/#website"},"primaryImageOfPage":{"@id":"https:\/\/www.bmicos.com\/guatemala\/plan\/programa-de-pilotos-de-transporte-pesado\/#primaryimage"},"image":{"@id":"https:\/\/www.bmicos.com\/guatemala\/plan\/programa-de-pilotos-de-transporte-pesado\/#primaryimage"},"thumbnailUrl":"https:\/\/www.bmicos.com\/guatemala\/wp-content\/uploads\/sites\/6\/2022\/03\/Pilotos-de-Transporte-Pesado.jpg","datePublished":"2022-03-01T17:54:01+00:00","dateModified":"2022-03-17T22:35:07+00:00","breadcrumb":{"@id":"https:\/\/www.bmicos.com\/guatemala\/plan\/programa-de-pilotos-de-transporte-pesado\/#breadcrumb"},"inLanguage":"es","potentialAction":[{"@type":"ReadAction","target":["https:\/\/www.bmicos.com\/guatemala\/plan\/programa-de-pilotos-de-transporte-pesado\/"]}]},{"@type":"ImageObject","inLanguage":"es","@id":"https:\/\/www.bmicos.com\/guatemala\/plan\/programa-de-pilotos-de-transporte-pesado\/#primaryimage","url":"https:\/\/www.bmicos.com\/guatemala\/wp-content\/uploads\/sites\/6\/2022\/03\/Pilotos-de-Transporte-Pesado.jpg","contentUrl":"https:\/\/www.bmicos.com\/guatemala\/wp-content\/uploads\/sites\/6\/2022\/03\/Pilotos-de-Transporte-Pesado.jpg","width":800,"height":533},{"@type":"BreadcrumbList","@id":"https:\/\/www.bmicos.com\/guatemala\/plan\/programa-de-pilotos-de-transporte-pesado\/#breadcrumb","itemListElement":[{"@type":"ListItem","position":1,"name":"Inicio","item":"https:\/\/www.bmicos.com\/guatemala\/"},{"@type":"ListItem","position":2,"name":"Seguros","item":"https:\/\/www.bmicos.com\/guatemala\/seguros\/"},{"@type":"ListItem","position":3,"name":"Programa de Pilotos de Transporte Pesado"}]},{"@type":"WebSite","@id":"https:\/\/www.bmicos.com\/guatemala\/#website","url":"https:\/\/www.bmicos.com\/guatemala\/","name":"BMI Seguros Guatemala","description":"Asegurando familias en todo el mundo","publisher":{"@id":"https:\/\/www.bmicos.com\/guatemala\/#organization"},"potentialAction":[{"@type":"SearchAction","target":{"@type":"EntryPoint","urlTemplate":"https:\/\/www.bmicos.com\/guatemala\/?s={search_term_string}"},"query-input":{"@type":"PropertyValueSpecification","valueRequired":true,"valueName":"search_term_string"}}],"inLanguage":"es"},{"@type":"Organization","@id":"https:\/\/www.bmicos.com\/guatemala\/#organization","name":"BMI Companies","url":"https:\/\/www.bmicos.com\/guatemala\/","logo":{"@type":"ImageObject","inLanguage":"es","@id":"https:\/\/www.bmicos.com\/guatemala\/#\/schema\/logo\/image\/","url":"https:\/\/www.bmicos.com\/guatemala\/wp-content\/uploads\/sites\/6\/2020\/12\/logo-1.png","contentUrl":"https:\/\/www.bmicos.com\/guatemala\/wp-content\/uploads\/sites\/6\/2020\/12\/logo-1.png","width":519,"height":273,"caption":"BMI Companies"},"image":{"@id":"https:\/\/www.bmicos.com\/guatemala\/#\/schema\/logo\/image\/"},"sameAs":["https:\/\/www.facebook.com\/BMIGuatemala\/","https:\/\/x.com\/bmiguatemala","https:\/\/www.instagram.com\/bmiguatemala\/","https:\/\/www.linkedin.com\/company\/bmiguatemala\/about\/","https:\/\/www.youtube.com\/user\/BMICompaniesGlobal\/videos"]}]}},"_links":{"self":[{"href":"https:\/\/www.bmicos.com\/guatemala\/wp-json\/wp\/v2\/product\/5163","targetHints":{"allow":["GET"]}}],"collection":[{"href":"https:\/\/www.bmicos.com\/guatemala\/wp-json\/wp\/v2\/product"}],"about":[{"href":"https:\/\/www.bmicos.com\/guatemala\/wp-json\/wp\/v2\/types\/product"}],"version-history":[{"count":0,"href":"https:\/\/www.bmicos.com\/guatemala\/wp-json\/wp\/v2\/product\/5163\/revisions"}],"wp:featuredmedia":[{"embeddable":true,"href":"https:\/\/www.bmicos.com\/guatemala\/wp-json\/wp\/v2\/media\/5327"}],"wp:attachment":[{"href":"https:\/\/www.bmicos.com\/guatemala\/wp-json\/wp\/v2\/media?parent=5163"}],"wp:term":[{"taxonomy":"product_brand","embeddable":true,"href":"https:\/\/www.bmicos.com\/guatemala\/wp-json\/wp\/v2\/product_brand?post=5163"},{"taxonomy":"product_cat","embeddable":true,"href":"https:\/\/www.bmicos.com\/guatemala\/wp-json\/wp\/v2\/product_cat?post=5163"},{"taxonomy":"product_tag","embeddable":true,"href":"https:\/\/www.bmicos.com\/guatemala\/wp-json\/wp\/v2\/product_tag?post=5163"}],"curies":[{"name":"wp","href":"https:\/\/api.w.org\/{rel}","templated":true}]}}