{"id":529,"date":"2022-05-17T11:55:53","date_gmt":"2022-05-17T16:55:53","guid":{"rendered":"https:\/\/www.bmicos.com\/tarjetamascr\/beneficios-colectivo\/"},"modified":"2026-02-05T11:56:41","modified_gmt":"2026-02-05T16:56:41","slug":"beneficios-colectivo","status":"publish","type":"page","link":"https:\/\/www.bmicos.com\/tarjetamascr\/beneficios-colectivo\/","title":{"rendered":"Beneficios colectivo"},"content":{"rendered":"\t\t<div data-elementor-type=\"wp-page\" data-elementor-id=\"529\" class=\"elementor elementor-529\" data-elementor-post-type=\"page\">\n\t\t\t\t\t\t<div class=\"elementor-inner\">\n\t\t\t\t<div class=\"elementor-section-wrap\">\n\t\t\t\t\t\t\t\t\t<section data-particle_enable=\"false\" data-particle-mobile-disabled=\"false\" class=\"elementor-section elementor-top-section elementor-element elementor-element-48be538b elementor-section-height-min-height elementor-section-boxed elementor-section-height-default elementor-section-items-middle\" data-id=\"48be538b\" data-element_type=\"section\" data-settings=\"{&quot;background_background&quot;:&quot;classic&quot;}\">\n\t\t\t\t\t\t<div class=\"elementor-container elementor-column-gap-default\">\n\t\t\t\t\t\t\t<div class=\"elementor-row\">\n\t\t\t\t\t<div class=\"elementor-column elementor-col-100 elementor-top-column elementor-element elementor-element-3fc0e19a\" data-id=\"3fc0e19a\" data-element_type=\"column\">\n\t\t\t<div class=\"elementor-column-wrap elementor-element-populated\">\n\t\t\t\t\t\t\t<div class=\"elementor-widget-wrap\">\n\t\t\t\t\t\t<div class=\"elementor-element elementor-element-252550e4 elementor-widget elementor-widget-heading\" data-id=\"252550e4\" data-element_type=\"widget\" data-widget_type=\"heading.default\">\n\t\t\t\t<div class=\"elementor-widget-container\">\n\t\t\t<h1 class=\"elementor-heading-title elementor-size-default\">TARJETA MAS COLECTIVO: BENEFICIOS<\/h1>\t\t<\/div>\n\t\t\t\t<\/div>\n\t\t\t\t\t\t<\/div>\n\t\t\t\t\t<\/div>\n\t\t<\/div>\n\t\t\t\t\t\t\t\t<\/div>\n\t\t\t\t\t<\/div>\n\t\t<\/section>\n\t\t\t\t<section data-particle_enable=\"false\" data-particle-mobile-disabled=\"false\" class=\"elementor-section elementor-top-section elementor-element elementor-element-a5fdd1b elementor-section-boxed elementor-section-height-default elementor-section-height-default\" data-id=\"a5fdd1b\" data-element_type=\"section\">\n\t\t\t\t\t\t<div class=\"elementor-container elementor-column-gap-default\">\n\t\t\t\t\t\t\t<div class=\"elementor-row\">\n\t\t\t\t\t<div class=\"elementor-column elementor-col-100 elementor-top-column elementor-element elementor-element-436ca847\" data-id=\"436ca847\" data-element_type=\"column\">\n\t\t\t<div class=\"elementor-column-wrap elementor-element-populated\">\n\t\t\t\t\t\t\t<div class=\"elementor-widget-wrap\">\n\t\t\t\t\t\t<div class=\"elementor-element elementor-element-5abcb6a9 elementor-widget elementor-widget-text-editor\" data-id=\"5abcb6a9\" data-element_type=\"widget\" data-widget_type=\"text-editor.default\">\n\t\t\t\t<div class=\"elementor-widget-container\">\n\t\t\t\t\t\t\t\t<div class=\"elementor-text-editor elementor-clearfix\">\n\t\t\t\t<p class=\"font_8\">Conocemos tus necesidades, por lo que hemos seleccionado una Red de Proveedores de la m\u00e1s alta calidad en servicios tales como Visita M\u00e9dica a Domicilio, Servicios Funerarios o Segunda Opini\u00f3n M\u00e9dica a distancia en Estados Unidos; cualquiera de ellos mediante una sencilla llamada telef\u00f3nica.<\/p>\t\t\t\t\t<\/div>\n\t\t\t\t\t\t<\/div>\n\t\t\t\t<\/div>\n\t\t\t\t\t\t<\/div>\n\t\t\t\t\t<\/div>\n\t\t<\/div>\n\t\t\t\t\t\t\t\t<\/div>\n\t\t\t\t\t<\/div>\n\t\t<\/section>\n\t\t\t\t<section data-particle_enable=\"false\" data-particle-mobile-disabled=\"false\" class=\"elementor-section elementor-top-section elementor-element elementor-element-e0a4a17 elementor-section-boxed elementor-section-height-default elementor-section-height-default\" data-id=\"e0a4a17\" data-element_type=\"section\">\n\t\t\t\t\t\t<div class=\"elementor-container elementor-column-gap-default\">\n\t\t\t\t\t\t\t<div class=\"elementor-row\">\n\t\t\t\t\t<div class=\"elementor-column elementor-col-100 elementor-top-column elementor-element elementor-element-2c072e99\" data-id=\"2c072e99\" data-element_type=\"column\">\n\t\t\t<div class=\"elementor-column-wrap elementor-element-populated\">\n\t\t\t\t\t\t\t<div class=\"elementor-widget-wrap\">\n\t\t\t\t\t\t<div class=\"elementor-element elementor-element-2428b8e6 elementor-widget elementor-widget-heading\" data-id=\"2428b8e6\" data-element_type=\"widget\" data-widget_type=\"heading.default\">\n\t\t\t\t<div class=\"elementor-widget-container\">\n\t\t\t<h2 class=\"elementor-heading-title elementor-size-default\">Detalles<\/h2>\t\t<\/div>\n\t\t\t\t<\/div>\n\t\t\t\t<section data-particle_enable=\"false\" data-particle-mobile-disabled=\"false\" class=\"elementor-section elementor-inner-section elementor-element elementor-element-c727b73 elementor-section-boxed elementor-section-height-default elementor-section-height-default\" data-id=\"c727b73\" data-element_type=\"section\">\n\t\t\t\t\t\t<div class=\"elementor-container elementor-column-gap-default\">\n\t\t\t\t\t\t\t<div class=\"elementor-row\">\n\t\t\t\t\t<div class=\"elementor-column elementor-col-100 elementor-inner-column elementor-element elementor-element-607517ca\" data-id=\"607517ca\" data-element_type=\"column\" data-settings=\"{&quot;background_background&quot;:&quot;classic&quot;}\">\n\t\t\t<div class=\"elementor-column-wrap elementor-element-populated\">\n\t\t\t\t\t<div class=\"elementor-background-overlay\"><\/div>\n\t\t\t\t\t\t\t<div class=\"elementor-widget-wrap\">\n\t\t\t\t\t\t<div class=\"elementor-element elementor-element-5778393c elementor-widget elementor-widget-image\" data-id=\"5778393c\" data-element_type=\"widget\" data-widget_type=\"image.default\">\n\t\t\t\t<div class=\"elementor-widget-container\">\n\t\t\t\t\t\t\t\t<div class=\"elementor-image\">\n\t\t\t\t\t\t\t\t\t\t\t\t\t<a href=\"https:\/\/www.bmicos.com\/tarjetamascr\/beneficios-colectivo\/visita-medica-domiciliaria-colectivo\/\">\n\t\t\t\t\t\t\t<img loading=\"lazy\" decoding=\"async\" width=\"946\" height=\"1024\" src=\"https:\/\/www.bmicos.com\/tarjetamascr\/wp-content\/uploads\/sites\/8\/2022\/05\/shutterstock_1701457318@2x.jpg\" class=\"attachment-full size-full wp-image-465\" alt=\"\" srcset=\"https:\/\/www.bmicos.com\/tarjetamascr\/wp-content\/uploads\/sites\/8\/2022\/05\/shutterstock_1701457318@2x.jpg 946w, https:\/\/www.bmicos.com\/tarjetamascr\/wp-content\/uploads\/sites\/8\/2022\/05\/shutterstock_1701457318@2x-600x649.jpg 600w\" sizes=\"auto, (max-width: 946px) 100vw, 946px\" \/>\t\t\t\t\t\t\t\t<\/a>\n\t\t\t\t\t\t\t\t\t\t\t\t\t\t<\/div>\n\t\t\t\t\t\t<\/div>\n\t\t\t\t<\/div>\n\t\t\t\t<div class=\"elementor-element elementor-element-1b14b3c3 elementor-widget elementor-widget-heading\" data-id=\"1b14b3c3\" data-element_type=\"widget\" data-widget_type=\"heading.default\">\n\t\t\t\t<div class=\"elementor-widget-container\">\n\t\t\t<h2 class=\"elementor-heading-title elementor-size-default\"><a href=\"https:\/\/www.bmicos.com\/tarjetamascr\/beneficios-colectivo\/visita-medica-domiciliaria-colectivo\/\">Visita M\u00e9dica Domiciliaria<\/a><\/h2>\t\t<\/div>\n\t\t\t\t<\/div>\n\t\t\t\t<div class=\"elementor-element elementor-element-3e4b5ebe elementor-widget__width-auto elementor-widget elementor-widget-button\" data-id=\"3e4b5ebe\" data-element_type=\"widget\" data-widget_type=\"button.default\">\n\t\t\t\t<div class=\"elementor-widget-container\">\n\t\t\t\t\t<div class=\"elementor-button-wrapper\">\n\t\t\t<a class=\"elementor-button elementor-button-link elementor-size-sm\" href=\"https:\/\/www.bmicos.com\/tarjetamascr\/beneficios-colectivo\/visita-medica-domiciliaria-colectivo\/\">\n\t\t\t\t\t\t<span class=\"elementor-button-content-wrapper\">\n\t\t\t\t\t\t<span class=\"elementor-button-text\">Ver m\u00e1s<\/span>\n\t\t<\/span>\n\t\t\t\t\t<\/a>\n\t\t<\/div>\n\t\t\t\t<\/div>\n\t\t\t\t<\/div>\n\t\t\t\t\t\t<\/div>\n\t\t\t\t\t<\/div>\n\t\t<\/div>\n\t\t\t\t\t\t\t\t<\/div>\n\t\t\t\t\t<\/div>\n\t\t<\/section>\n\t\t\t\t<div class=\"elementor-element elementor-element-852cc95 elementor-align-center elementor-invisible elementor-widget elementor-widget-button\" data-id=\"852cc95\" data-element_type=\"widget\" data-settings=\"{&quot;_animation&quot;:&quot;zoomIn&quot;}\" data-widget_type=\"button.default\">\n\t\t\t\t<div class=\"elementor-widget-container\">\n\t\t\t\t\t<div class=\"elementor-button-wrapper\">\n\t\t\t<a class=\"elementor-button elementor-button-link elementor-size-lg\" href=\"https:\/\/www.bmicos.com\/tarjetamascr\/descuentos\/\">\n\t\t\t\t\t\t<span class=\"elementor-button-content-wrapper\">\n\t\t\t\t\t\t<span class=\"elementor-button-text\">Conoce tus descuentos aqu\u00ed<\/span>\n\t\t<\/span>\n\t\t\t\t\t<\/a>\n\t\t<\/div>\n\t\t\t\t<\/div>\n\t\t\t\t<\/div>\n\t\t\t\t\t\t<\/div>\n\t\t\t\t\t<\/div>\n\t\t<\/div>\n\t\t\t\t\t\t\t\t<\/div>\n\t\t\t\t\t<\/div>\n\t\t<\/section>\n\t\t\t\t\t\t\t\t\t<\/div>\n\t\t\t<\/div>\n\t\t\t\t\t<\/div>\n\t\t","protected":false},"excerpt":{"rendered":"<p>TARJETA MAS COLECTIVO: BENEFICIOS Conocemos tus necesidades, por lo que hemos seleccionado una Red de Proveedores de la m\u00e1s alta calidad en servicios tales como Visita M\u00e9dica a Domicilio, Servicios Funerarios o Segunda Opini\u00f3n M\u00e9dica a distancia en Estados Unidos; cualquiera de ellos mediante una sencilla llamada telef\u00f3nica. Detalles Visita M\u00e9dica Domiciliaria Ver m\u00e1s Conoce [&hellip;]<\/p>\n","protected":false},"author":1,"featured_media":0,"parent":0,"menu_order":0,"comment_status":"closed","ping_status":"closed","template":"","meta":{"_acf_changed":false,"footnotes":""},"class_list":["post-529","page","type-page","status-publish","hentry"],"acf":[],"yoast_head":"<!-- This site is optimized with the Yoast SEO Premium plugin v20.7 (Yoast SEO v27.4) - https:\/\/yoast.com\/product\/yoast-seo-premium-wordpress\/ -->\n<title>Beneficios colectivo - Tarjeta MAS beneficios y descuentos<\/title>\n<meta name=\"robots\" content=\"index, follow, max-snippet:-1, max-image-preview:large, max-video-preview:-1\" \/>\n<link rel=\"canonical\" href=\"https:\/\/www.bmicos.com\/tarjetamascr\/beneficios-colectivo\/\" \/>\n<meta property=\"og:locale\" content=\"es_ES\" \/>\n<meta property=\"og:type\" content=\"article\" \/>\n<meta property=\"og:title\" content=\"Beneficios colectivo\" \/>\n<meta property=\"og:description\" content=\"TARJETA MAS COLECTIVO: BENEFICIOS Conocemos tus necesidades, por lo que hemos seleccionado una Red de Proveedores de la m\u00e1s alta calidad en servicios tales como Visita M\u00e9dica a Domicilio, Servicios Funerarios o Segunda Opini\u00f3n M\u00e9dica a distancia en Estados Unidos; cualquiera de ellos mediante una sencilla llamada telef\u00f3nica. Detalles Visita M\u00e9dica Domiciliaria Ver m\u00e1s Conoce [&hellip;]\" \/>\n<meta property=\"og:url\" content=\"https:\/\/www.bmicos.com\/tarjetamascr\/beneficios-colectivo\/\" \/>\n<meta property=\"og:site_name\" content=\"Tarjeta MAS beneficios y descuentos\" \/>\n<meta property=\"article:modified_time\" content=\"2026-02-05T16:56:41+00:00\" \/>\n<meta property=\"og:image\" content=\"https:\/\/www.bmicos.com\/tarjetamascr\/wp-content\/uploads\/sites\/8\/2022\/05\/shutterstock_1701457318@2x.jpg\" \/>\n\t<meta property=\"og:image:width\" content=\"946\" \/>\n\t<meta property=\"og:image:height\" content=\"1024\" \/>\n\t<meta property=\"og:image:type\" content=\"image\/jpeg\" \/>\n<meta name=\"twitter:card\" content=\"summary_large_image\" \/>\n<meta name=\"twitter:label1\" content=\"Tiempo de lectura\" \/>\n\t<meta name=\"twitter:data1\" content=\"1 minuto\" \/>\n<script type=\"application\/ld+json\" class=\"yoast-schema-graph\">{\"@context\":\"https:\\\/\\\/schema.org\",\"@graph\":[{\"@type\":\"WebPage\",\"@id\":\"https:\\\/\\\/www.bmicos.com\\\/tarjetamascr\\\/beneficios-colectivo\\\/\",\"url\":\"https:\\\/\\\/www.bmicos.com\\\/tarjetamascr\\\/beneficios-colectivo\\\/\",\"name\":\"Beneficios colectivo - Tarjeta MAS beneficios y descuentos\",\"isPartOf\":{\"@id\":\"https:\\\/\\\/www.bmicos.com\\\/tarjetamascr\\\/#website\"},\"primaryImageOfPage\":{\"@id\":\"https:\\\/\\\/www.bmicos.com\\\/tarjetamascr\\\/beneficios-colectivo\\\/#primaryimage\"},\"image\":{\"@id\":\"https:\\\/\\\/www.bmicos.com\\\/tarjetamascr\\\/beneficios-colectivo\\\/#primaryimage\"},\"thumbnailUrl\":\"https:\\\/\\\/www.bmicos.com\\\/tarjetamascr\\\/wp-content\\\/uploads\\\/sites\\\/8\\\/2022\\\/05\\\/shutterstock_1701457318@2x.jpg\",\"datePublished\":\"2022-05-17T16:55:53+00:00\",\"dateModified\":\"2026-02-05T16:56:41+00:00\",\"breadcrumb\":{\"@id\":\"https:\\\/\\\/www.bmicos.com\\\/tarjetamascr\\\/beneficios-colectivo\\\/#breadcrumb\"},\"inLanguage\":\"es\",\"potentialAction\":[{\"@type\":\"ReadAction\",\"target\":[\"https:\\\/\\\/www.bmicos.com\\\/tarjetamascr\\\/beneficios-colectivo\\\/\"]}]},{\"@type\":\"ImageObject\",\"inLanguage\":\"es\",\"@id\":\"https:\\\/\\\/www.bmicos.com\\\/tarjetamascr\\\/beneficios-colectivo\\\/#primaryimage\",\"url\":\"https:\\\/\\\/www.bmicos.com\\\/tarjetamascr\\\/wp-content\\\/uploads\\\/sites\\\/8\\\/2022\\\/05\\\/shutterstock_1701457318@2x.jpg\",\"contentUrl\":\"https:\\\/\\\/www.bmicos.com\\\/tarjetamascr\\\/wp-content\\\/uploads\\\/sites\\\/8\\\/2022\\\/05\\\/shutterstock_1701457318@2x.jpg\",\"width\":946,\"height\":1024},{\"@type\":\"BreadcrumbList\",\"@id\":\"https:\\\/\\\/www.bmicos.com\\\/tarjetamascr\\\/beneficios-colectivo\\\/#breadcrumb\",\"itemListElement\":[{\"@type\":\"ListItem\",\"position\":1,\"name\":\"Portada\",\"item\":\"https:\\\/\\\/www.bmicos.com\\\/tarjetamascr\\\/\"},{\"@type\":\"ListItem\",\"position\":2,\"name\":\"Beneficios colectivo\"}]},{\"@type\":\"WebSite\",\"@id\":\"https:\\\/\\\/www.bmicos.com\\\/tarjetamascr\\\/#website\",\"url\":\"https:\\\/\\\/www.bmicos.com\\\/tarjetamascr\\\/\",\"name\":\"Tarjeta MAS beneficios y descuentos\",\"description\":\"Programa de beneficios y descuentos para los asegurados de BMI\",\"publisher\":{\"@id\":\"https:\\\/\\\/www.bmicos.com\\\/tarjetamascr\\\/#organization\"},\"potentialAction\":[{\"@type\":\"SearchAction\",\"target\":{\"@type\":\"EntryPoint\",\"urlTemplate\":\"https:\\\/\\\/www.bmicos.com\\\/tarjetamascr\\\/?s={search_term_string}\"},\"query-input\":{\"@type\":\"PropertyValueSpecification\",\"valueRequired\":true,\"valueName\":\"search_term_string\"}}],\"inLanguage\":\"es\"},{\"@type\":\"Organization\",\"@id\":\"https:\\\/\\\/www.bmicos.com\\\/tarjetamascr\\\/#organization\",\"name\":\"Tarjeta MAS\",\"url\":\"https:\\\/\\\/www.bmicos.com\\\/tarjetamascr\\\/\",\"logo\":{\"@type\":\"ImageObject\",\"inLanguage\":\"es\",\"@id\":\"https:\\\/\\\/www.bmicos.com\\\/tarjetamascr\\\/#\\\/schema\\\/logo\\\/image\\\/\",\"url\":\"https:\\\/\\\/www.bmicos.com\\\/tarjetamascr\\\/wp-content\\\/uploads\\\/sites\\\/8\\\/2020\\\/03\\\/LogoMas-LetraAzul-1-1.png\",\"contentUrl\":\"https:\\\/\\\/www.bmicos.com\\\/tarjetamascr\\\/wp-content\\\/uploads\\\/sites\\\/8\\\/2020\\\/03\\\/LogoMas-LetraAzul-1-1.png\",\"width\":400,\"height\":153,\"caption\":\"Tarjeta MAS\"},\"image\":{\"@id\":\"https:\\\/\\\/www.bmicos.com\\\/tarjetamascr\\\/#\\\/schema\\\/logo\\\/image\\\/\"}}]}<\/script>\n<!-- \/ Yoast SEO Premium plugin. -->","yoast_head_json":{"title":"Beneficios colectivo - Tarjeta MAS beneficios y descuentos","robots":{"index":"index","follow":"follow","max-snippet":"max-snippet:-1","max-image-preview":"max-image-preview:large","max-video-preview":"max-video-preview:-1"},"canonical":"https:\/\/www.bmicos.com\/tarjetamascr\/beneficios-colectivo\/","og_locale":"es_ES","og_type":"article","og_title":"Beneficios colectivo","og_description":"TARJETA MAS COLECTIVO: BENEFICIOS Conocemos tus necesidades, por lo que hemos seleccionado una Red de Proveedores de la m\u00e1s alta calidad en servicios tales como Visita M\u00e9dica a Domicilio, Servicios Funerarios o Segunda Opini\u00f3n M\u00e9dica a distancia en Estados Unidos; cualquiera de ellos mediante una sencilla llamada telef\u00f3nica. Detalles Visita M\u00e9dica Domiciliaria Ver m\u00e1s Conoce [&hellip;]","og_url":"https:\/\/www.bmicos.com\/tarjetamascr\/beneficios-colectivo\/","og_site_name":"Tarjeta MAS beneficios y descuentos","article_modified_time":"2026-02-05T16:56:41+00:00","og_image":[{"width":946,"height":1024,"url":"https:\/\/www.bmicos.com\/tarjetamascr\/wp-content\/uploads\/sites\/8\/2022\/05\/shutterstock_1701457318@2x.jpg","type":"image\/jpeg"}],"twitter_card":"summary_large_image","twitter_misc":{"Tiempo de lectura":"1 minuto"},"schema":{"@context":"https:\/\/schema.org","@graph":[{"@type":"WebPage","@id":"https:\/\/www.bmicos.com\/tarjetamascr\/beneficios-colectivo\/","url":"https:\/\/www.bmicos.com\/tarjetamascr\/beneficios-colectivo\/","name":"Beneficios colectivo - Tarjeta MAS beneficios y descuentos","isPartOf":{"@id":"https:\/\/www.bmicos.com\/tarjetamascr\/#website"},"primaryImageOfPage":{"@id":"https:\/\/www.bmicos.com\/tarjetamascr\/beneficios-colectivo\/#primaryimage"},"image":{"@id":"https:\/\/www.bmicos.com\/tarjetamascr\/beneficios-colectivo\/#primaryimage"},"thumbnailUrl":"https:\/\/www.bmicos.com\/tarjetamascr\/wp-content\/uploads\/sites\/8\/2022\/05\/shutterstock_1701457318@2x.jpg","datePublished":"2022-05-17T16:55:53+00:00","dateModified":"2026-02-05T16:56:41+00:00","breadcrumb":{"@id":"https:\/\/www.bmicos.com\/tarjetamascr\/beneficios-colectivo\/#breadcrumb"},"inLanguage":"es","potentialAction":[{"@type":"ReadAction","target":["https:\/\/www.bmicos.com\/tarjetamascr\/beneficios-colectivo\/"]}]},{"@type":"ImageObject","inLanguage":"es","@id":"https:\/\/www.bmicos.com\/tarjetamascr\/beneficios-colectivo\/#primaryimage","url":"https:\/\/www.bmicos.com\/tarjetamascr\/wp-content\/uploads\/sites\/8\/2022\/05\/shutterstock_1701457318@2x.jpg","contentUrl":"https:\/\/www.bmicos.com\/tarjetamascr\/wp-content\/uploads\/sites\/8\/2022\/05\/shutterstock_1701457318@2x.jpg","width":946,"height":1024},{"@type":"BreadcrumbList","@id":"https:\/\/www.bmicos.com\/tarjetamascr\/beneficios-colectivo\/#breadcrumb","itemListElement":[{"@type":"ListItem","position":1,"name":"Portada","item":"https:\/\/www.bmicos.com\/tarjetamascr\/"},{"@type":"ListItem","position":2,"name":"Beneficios colectivo"}]},{"@type":"WebSite","@id":"https:\/\/www.bmicos.com\/tarjetamascr\/#website","url":"https:\/\/www.bmicos.com\/tarjetamascr\/","name":"Tarjeta MAS beneficios y descuentos","description":"Programa de beneficios y descuentos para los asegurados de BMI","publisher":{"@id":"https:\/\/www.bmicos.com\/tarjetamascr\/#organization"},"potentialAction":[{"@type":"SearchAction","target":{"@type":"EntryPoint","urlTemplate":"https:\/\/www.bmicos.com\/tarjetamascr\/?s={search_term_string}"},"query-input":{"@type":"PropertyValueSpecification","valueRequired":true,"valueName":"search_term_string"}}],"inLanguage":"es"},{"@type":"Organization","@id":"https:\/\/www.bmicos.com\/tarjetamascr\/#organization","name":"Tarjeta MAS","url":"https:\/\/www.bmicos.com\/tarjetamascr\/","logo":{"@type":"ImageObject","inLanguage":"es","@id":"https:\/\/www.bmicos.com\/tarjetamascr\/#\/schema\/logo\/image\/","url":"https:\/\/www.bmicos.com\/tarjetamascr\/wp-content\/uploads\/sites\/8\/2020\/03\/LogoMas-LetraAzul-1-1.png","contentUrl":"https:\/\/www.bmicos.com\/tarjetamascr\/wp-content\/uploads\/sites\/8\/2020\/03\/LogoMas-LetraAzul-1-1.png","width":400,"height":153,"caption":"Tarjeta MAS"},"image":{"@id":"https:\/\/www.bmicos.com\/tarjetamascr\/#\/schema\/logo\/image\/"}}]}},"_links":{"self":[{"href":"https:\/\/www.bmicos.com\/tarjetamascr\/wp-json\/wp\/v2\/pages\/529","targetHints":{"allow":["GET"]}}],"collection":[{"href":"https:\/\/www.bmicos.com\/tarjetamascr\/wp-json\/wp\/v2\/pages"}],"about":[{"href":"https:\/\/www.bmicos.com\/tarjetamascr\/wp-json\/wp\/v2\/types\/page"}],"author":[{"embeddable":true,"href":"https:\/\/www.bmicos.com\/tarjetamascr\/wp-json\/wp\/v2\/users\/1"}],"replies":[{"embeddable":true,"href":"https:\/\/www.bmicos.com\/tarjetamascr\/wp-json\/wp\/v2\/comments?post=529"}],"version-history":[{"count":0,"href":"https:\/\/www.bmicos.com\/tarjetamascr\/wp-json\/wp\/v2\/pages\/529\/revisions"}],"wp:attachment":[{"href":"https:\/\/www.bmicos.com\/tarjetamascr\/wp-json\/wp\/v2\/media?parent=529"}],"curies":[{"name":"wp","href":"https:\/\/api.w.org\/{rel}","templated":true}]}}