{"id":890,"date":"2026-02-12T10:38:43","date_gmt":"2026-02-12T15:38:43","guid":{"rendered":"https:\/\/www.bmicos.com\/tarjetamascr\/?page_id=890"},"modified":"2026-03-31T16:10:59","modified_gmt":"2026-03-31T21:10:59","slug":"beneficios-care","status":"publish","type":"page","link":"https:\/\/www.bmicos.com\/tarjetamascr\/beneficios-individual\/beneficios-care\/","title":{"rendered":"Beneficios Care"},"content":{"rendered":"\t\t<div data-elementor-type=\"wp-page\" data-elementor-id=\"890\" class=\"elementor elementor-890\" data-elementor-post-type=\"page\">\n\t\t\t\t\t\t<div class=\"elementor-inner\">\n\t\t\t\t<div class=\"elementor-section-wrap\">\n\t\t\t\t\t\t\t\t\t<section data-particle_enable=\"false\" data-particle-mobile-disabled=\"false\" class=\"elementor-section elementor-top-section elementor-element elementor-element-1041a6ed elementor-section-full_width elementor-section-height-default elementor-section-height-default\" data-id=\"1041a6ed\" data-element_type=\"section\" data-settings=\"{&quot;background_background&quot;:&quot;classic&quot;}\">\n\t\t\t\t\t\t<div class=\"elementor-container elementor-column-gap-default\">\n\t\t\t\t\t\t\t<div class=\"elementor-row\">\n\t\t\t\t\t<div class=\"elementor-column elementor-col-100 elementor-top-column elementor-element elementor-element-24d36eb6\" data-id=\"24d36eb6\" data-element_type=\"column\">\n\t\t\t<div class=\"elementor-column-wrap elementor-element-populated\">\n\t\t\t\t\t\t\t<div class=\"elementor-widget-wrap\">\n\t\t\t\t\t\t<div class=\"elementor-element elementor-element-2f6cb98 elementor-widget elementor-widget-image\" data-id=\"2f6cb98\" data-element_type=\"widget\" data-widget_type=\"image.default\">\n\t\t\t\t<div class=\"elementor-widget-container\">\n\t\t\t\t\t\t\t\t<div class=\"elementor-image\">\n\t\t\t\t\t\t\t\t\t\t\t\t<img loading=\"lazy\" decoding=\"async\" width=\"200\" height=\"154\" src=\"https:\/\/www.bmicos.com\/tarjetamascr\/wp-content\/uploads\/sites\/8\/2026\/02\/Azul_Logo-Beneficios-Care_md.png\" class=\"attachment-full size-full wp-image-903\" alt=\"\" \/>\t\t\t\t\t\t\t\t\t\t\t\t\t\t<\/div>\n\t\t\t\t\t\t<\/div>\n\t\t\t\t<\/div>\n\t\t\t\t\t\t<\/div>\n\t\t\t\t\t<\/div>\n\t\t<\/div>\n\t\t\t\t\t\t\t\t<\/div>\n\t\t\t\t\t<\/div>\n\t\t<\/section>\n\t\t\t\t<section data-particle_enable=\"false\" data-particle-mobile-disabled=\"false\" class=\"elementor-section elementor-top-section elementor-element elementor-element-1cbb0c1 elementor-section-full_width elementor-section-height-default elementor-section-height-default\" data-id=\"1cbb0c1\" data-element_type=\"section\" data-settings=\"{&quot;background_background&quot;:&quot;classic&quot;}\">\n\t\t\t\t\t\t<div class=\"elementor-container elementor-column-gap-default\">\n\t\t\t\t\t\t\t<div class=\"elementor-row\">\n\t\t\t\t\t<div class=\"elementor-column elementor-col-100 elementor-top-column elementor-element elementor-element-4bacf961\" data-id=\"4bacf961\" data-element_type=\"column\">\n\t\t\t<div class=\"elementor-column-wrap elementor-element-populated\">\n\t\t\t\t\t\t\t<div class=\"elementor-widget-wrap\">\n\t\t\t\t\t\t<div class=\"elementor-element elementor-element-55e569a elementor-widget__width-initial elementor-widget elementor-widget-heading\" data-id=\"55e569a\" data-element_type=\"widget\" data-widget_type=\"heading.default\">\n\t\t\t\t<div class=\"elementor-widget-container\">\n\t\t\t<h1 class=\"elementor-heading-title elementor-size-default\">Descripci\u00f3n<\/h1>\t\t<\/div>\n\t\t\t\t<\/div>\n\t\t\t\t<div class=\"elementor-element elementor-element-7ea91f8 elementor-widget elementor-widget-text-editor\" data-id=\"7ea91f8\" data-element_type=\"widget\" data-widget_type=\"text-editor.default\">\n\t\t\t\t<div class=\"elementor-widget-container\">\n\t\t\t\t\t\t\t\t<div class=\"elementor-text-editor elementor-clearfix\">\n\t\t\t\t<p>Beneficios Care es una soluci\u00f3n integral que re\u00fane servicios especializados para el cuidado de tu veh\u00edculo y tu bienestar personal, a trav\u00e9s de nuestras dos l\u00edneas: Car Care y Life Care.<\/p><p>Para m\u00e1s informaci\u00f3n, pod\u00e9s comunicarte con Beneficios Care al 7200-2273 o escribir al correo info@beneficioscare.com<\/p><p>A continuaci\u00f3n, se detallan los beneficios que ofrece cada una.<\/p>\t\t\t\t\t<\/div>\n\t\t\t\t\t\t<\/div>\n\t\t\t\t<\/div>\n\t\t\t\t<div class=\"elementor-element elementor-element-9966da1 elementor-widget elementor-widget-image\" data-id=\"9966da1\" data-element_type=\"widget\" data-widget_type=\"image.default\">\n\t\t\t\t<div class=\"elementor-widget-container\">\n\t\t\t\t\t\t\t\t<div class=\"elementor-image\">\n\t\t\t\t\t\t\t\t\t\t\t\t<img loading=\"lazy\" decoding=\"async\" width=\"800\" height=\"537\" src=\"https:\/\/www.bmicos.com\/tarjetamascr\/wp-content\/uploads\/sites\/8\/2026\/02\/Beneficios-Care--1024x687.png\" class=\"attachment-large size-large wp-image-878\" alt=\"\" \/>\t\t\t\t\t\t\t\t\t\t\t\t\t\t<\/div>\n\t\t\t\t\t\t<\/div>\n\t\t\t\t<\/div>\n\t\t\t\t<div class=\"elementor-element elementor-element-fe77328 elementor-widget elementor-widget-image\" data-id=\"fe77328\" data-element_type=\"widget\" data-widget_type=\"image.default\">\n\t\t\t\t<div class=\"elementor-widget-container\">\n\t\t\t\t\t\t\t\t<div class=\"elementor-image\">\n\t\t\t\t\t\t\t\t\t\t\t\t<img loading=\"lazy\" decoding=\"async\" width=\"800\" height=\"352\" src=\"https:\/\/www.bmicos.com\/tarjetamascr\/wp-content\/uploads\/sites\/8\/2026\/02\/Beneficios-Care-2-1024x451.png\" class=\"attachment-large size-large wp-image-879\" alt=\"\" \/>\t\t\t\t\t\t\t\t\t\t\t\t\t\t<\/div>\n\t\t\t\t\t\t<\/div>\n\t\t\t\t<\/div>\n\t\t\t\t<div class=\"elementor-element elementor-element-e85a55b elementor-widget elementor-widget-image\" data-id=\"e85a55b\" data-element_type=\"widget\" data-widget_type=\"image.default\">\n\t\t\t\t<div class=\"elementor-widget-container\">\n\t\t\t\t\t\t\t\t<div class=\"elementor-image\">\n\t\t\t\t\t\t\t\t\t\t\t\t<img loading=\"lazy\" decoding=\"async\" width=\"800\" height=\"353\" src=\"https:\/\/www.bmicos.com\/tarjetamascr\/wp-content\/uploads\/sites\/8\/2026\/03\/Beneficios-Care-3.png\" class=\"attachment-large size-large wp-image-914\" alt=\"\" srcset=\"https:\/\/www.bmicos.com\/tarjetamascr\/wp-content\/uploads\/sites\/8\/2026\/03\/Beneficios-Care-3.png 853w, https:\/\/www.bmicos.com\/tarjetamascr\/wp-content\/uploads\/sites\/8\/2026\/03\/Beneficios-Care-3-600x264.png 600w\" sizes=\"auto, (max-width: 800px) 100vw, 800px\" \/>\t\t\t\t\t\t\t\t\t\t\t\t\t\t<\/div>\n\t\t\t\t\t\t<\/div>\n\t\t\t\t<\/div>\n\t\t\t\t\t\t<\/div>\n\t\t\t\t\t<\/div>\n\t\t<\/div>\n\t\t\t\t\t\t\t\t<\/div>\n\t\t\t\t\t<\/div>\n\t\t<\/section>\n\t\t\t\t<section data-particle_enable=\"false\" data-particle-mobile-disabled=\"false\" class=\"elementor-section elementor-top-section elementor-element elementor-element-f5837de elementor-section-boxed elementor-section-height-default elementor-section-height-default\" data-id=\"f5837de\" data-element_type=\"section\">\n\t\t\t\t\t\t<div class=\"elementor-container elementor-column-gap-default\">\n\t\t\t\t\t\t\t<div class=\"elementor-row\">\n\t\t\t\t\t<div class=\"elementor-column elementor-col-100 elementor-top-column elementor-element elementor-element-a3bb6ba\" data-id=\"a3bb6ba\" data-element_type=\"column\">\n\t\t\t<div class=\"elementor-column-wrap\">\n\t\t\t\t\t\t\t<div class=\"elementor-widget-wrap\">\n\t\t\t\t\t\t\t\t<\/div>\n\t\t\t\t\t<\/div>\n\t\t<\/div>\n\t\t\t\t\t\t\t\t<\/div>\n\t\t\t\t\t<\/div>\n\t\t<\/section>\n\t\t\t\t\t\t\t\t\t<\/div>\n\t\t\t<\/div>\n\t\t\t\t\t<\/div>\n\t\t","protected":false},"excerpt":{"rendered":"<p>Descripci\u00f3n Beneficios Care es una soluci\u00f3n integral que re\u00fane servicios especializados para el cuidado de tu veh\u00edculo y tu bienestar personal, a trav\u00e9s de nuestras dos l\u00edneas: Car Care y Life Care. Para m\u00e1s informaci\u00f3n, pod\u00e9s comunicarte con Beneficios Care al 7200-2273 o escribir al correo info@beneficioscare.com A continuaci\u00f3n, se detallan los beneficios que ofrece [&hellip;]<\/p>\n","protected":false},"author":1,"featured_media":0,"parent":595,"menu_order":0,"comment_status":"closed","ping_status":"closed","template":"","meta":{"_acf_changed":false,"footnotes":""},"class_list":["post-890","page","type-page","status-publish","hentry"],"acf":[],"yoast_head":"<!-- This site is optimized with the Yoast SEO Premium plugin v20.7 (Yoast SEO v27.4) - https:\/\/yoast.com\/product\/yoast-seo-premium-wordpress\/ -->\n<title>Beneficios Care - Tarjeta MAS beneficios y descuentos<\/title>\n<meta name=\"robots\" content=\"index, follow, max-snippet:-1, max-image-preview:large, max-video-preview:-1\" \/>\n<link rel=\"canonical\" href=\"https:\/\/www.bmicos.com\/tarjetamascr\/beneficios-individual\/beneficios-care\/\" \/>\n<meta property=\"og:locale\" content=\"es_ES\" \/>\n<meta property=\"og:type\" content=\"article\" \/>\n<meta property=\"og:title\" content=\"Beneficios Care\" \/>\n<meta property=\"og:description\" content=\"Descripci\u00f3n Beneficios Care es una soluci\u00f3n integral que re\u00fane servicios especializados para el cuidado de tu veh\u00edculo y tu bienestar personal, a trav\u00e9s de nuestras dos l\u00edneas: Car Care y Life Care. Para m\u00e1s informaci\u00f3n, pod\u00e9s comunicarte con Beneficios Care al 7200-2273 o escribir al correo info@beneficioscare.com A continuaci\u00f3n, se detallan los beneficios que ofrece [&hellip;]\" \/>\n<meta property=\"og:url\" content=\"https:\/\/www.bmicos.com\/tarjetamascr\/beneficios-individual\/beneficios-care\/\" \/>\n<meta property=\"og:site_name\" content=\"Tarjeta MAS beneficios y descuentos\" \/>\n<meta property=\"article:modified_time\" content=\"2026-03-31T21:10:59+00:00\" \/>\n<meta property=\"og:image\" content=\"https:\/\/www.bmicos.com\/tarjetamascr\/wp-content\/uploads\/sites\/8\/2026\/02\/Azul_Logo-Beneficios-Care_md.png\" \/>\n\t<meta property=\"og:image:width\" content=\"200\" \/>\n\t<meta property=\"og:image:height\" content=\"154\" \/>\n\t<meta property=\"og:image:type\" content=\"image\/png\" \/>\n<meta name=\"twitter:card\" content=\"summary_large_image\" \/>\n<meta name=\"twitter:label1\" content=\"Tiempo de lectura\" \/>\n\t<meta name=\"twitter:data1\" content=\"2 minutos\" \/>\n<script type=\"application\/ld+json\" class=\"yoast-schema-graph\">{\"@context\":\"https:\\\/\\\/schema.org\",\"@graph\":[{\"@type\":\"WebPage\",\"@id\":\"https:\\\/\\\/www.bmicos.com\\\/tarjetamascr\\\/beneficios-individual\\\/beneficios-care\\\/\",\"url\":\"https:\\\/\\\/www.bmicos.com\\\/tarjetamascr\\\/beneficios-individual\\\/beneficios-care\\\/\",\"name\":\"Beneficios Care - Tarjeta MAS beneficios y descuentos\",\"isPartOf\":{\"@id\":\"https:\\\/\\\/www.bmicos.com\\\/tarjetamascr\\\/#website\"},\"primaryImageOfPage\":{\"@id\":\"https:\\\/\\\/www.bmicos.com\\\/tarjetamascr\\\/beneficios-individual\\\/beneficios-care\\\/#primaryimage\"},\"image\":{\"@id\":\"https:\\\/\\\/www.bmicos.com\\\/tarjetamascr\\\/beneficios-individual\\\/beneficios-care\\\/#primaryimage\"},\"thumbnailUrl\":\"https:\\\/\\\/www.bmicos.com\\\/tarjetamascr\\\/wp-content\\\/uploads\\\/sites\\\/8\\\/2026\\\/02\\\/Azul_Logo-Beneficios-Care_md.png\",\"datePublished\":\"2026-02-12T15:38:43+00:00\",\"dateModified\":\"2026-03-31T21:10:59+00:00\",\"breadcrumb\":{\"@id\":\"https:\\\/\\\/www.bmicos.com\\\/tarjetamascr\\\/beneficios-individual\\\/beneficios-care\\\/#breadcrumb\"},\"inLanguage\":\"es\",\"potentialAction\":[{\"@type\":\"ReadAction\",\"target\":[\"https:\\\/\\\/www.bmicos.com\\\/tarjetamascr\\\/beneficios-individual\\\/beneficios-care\\\/\"]}]},{\"@type\":\"ImageObject\",\"inLanguage\":\"es\",\"@id\":\"https:\\\/\\\/www.bmicos.com\\\/tarjetamascr\\\/beneficios-individual\\\/beneficios-care\\\/#primaryimage\",\"url\":\"https:\\\/\\\/www.bmicos.com\\\/tarjetamascr\\\/wp-content\\\/uploads\\\/sites\\\/8\\\/2026\\\/02\\\/Azul_Logo-Beneficios-Care_md.png\",\"contentUrl\":\"https:\\\/\\\/www.bmicos.com\\\/tarjetamascr\\\/wp-content\\\/uploads\\\/sites\\\/8\\\/2026\\\/02\\\/Azul_Logo-Beneficios-Care_md.png\",\"width\":200,\"height\":154},{\"@type\":\"BreadcrumbList\",\"@id\":\"https:\\\/\\\/www.bmicos.com\\\/tarjetamascr\\\/beneficios-individual\\\/beneficios-care\\\/#breadcrumb\",\"itemListElement\":[{\"@type\":\"ListItem\",\"position\":1,\"name\":\"Portada\",\"item\":\"https:\\\/\\\/www.bmicos.com\\\/tarjetamascr\\\/\"},{\"@type\":\"ListItem\",\"position\":2,\"name\":\"Beneficios individual\",\"item\":\"https:\\\/\\\/www.bmicos.com\\\/tarjetamascr\\\/beneficios-individual\\\/\"},{\"@type\":\"ListItem\",\"position\":3,\"name\":\"Beneficios Care\"}]},{\"@type\":\"WebSite\",\"@id\":\"https:\\\/\\\/www.bmicos.com\\\/tarjetamascr\\\/#website\",\"url\":\"https:\\\/\\\/www.bmicos.com\\\/tarjetamascr\\\/\",\"name\":\"Tarjeta MAS beneficios y descuentos\",\"description\":\"Programa de beneficios y descuentos para los asegurados de BMI\",\"publisher\":{\"@id\":\"https:\\\/\\\/www.bmicos.com\\\/tarjetamascr\\\/#organization\"},\"potentialAction\":[{\"@type\":\"SearchAction\",\"target\":{\"@type\":\"EntryPoint\",\"urlTemplate\":\"https:\\\/\\\/www.bmicos.com\\\/tarjetamascr\\\/?s={search_term_string}\"},\"query-input\":{\"@type\":\"PropertyValueSpecification\",\"valueRequired\":true,\"valueName\":\"search_term_string\"}}],\"inLanguage\":\"es\"},{\"@type\":\"Organization\",\"@id\":\"https:\\\/\\\/www.bmicos.com\\\/tarjetamascr\\\/#organization\",\"name\":\"Tarjeta MAS\",\"url\":\"https:\\\/\\\/www.bmicos.com\\\/tarjetamascr\\\/\",\"logo\":{\"@type\":\"ImageObject\",\"inLanguage\":\"es\",\"@id\":\"https:\\\/\\\/www.bmicos.com\\\/tarjetamascr\\\/#\\\/schema\\\/logo\\\/image\\\/\",\"url\":\"https:\\\/\\\/www.bmicos.com\\\/tarjetamascr\\\/wp-content\\\/uploads\\\/sites\\\/8\\\/2020\\\/03\\\/LogoMas-LetraAzul-1-1.png\",\"contentUrl\":\"https:\\\/\\\/www.bmicos.com\\\/tarjetamascr\\\/wp-content\\\/uploads\\\/sites\\\/8\\\/2020\\\/03\\\/LogoMas-LetraAzul-1-1.png\",\"width\":400,\"height\":153,\"caption\":\"Tarjeta MAS\"},\"image\":{\"@id\":\"https:\\\/\\\/www.bmicos.com\\\/tarjetamascr\\\/#\\\/schema\\\/logo\\\/image\\\/\"}}]}<\/script>\n<!-- \/ Yoast SEO Premium plugin. -->","yoast_head_json":{"title":"Beneficios Care - Tarjeta MAS beneficios y descuentos","robots":{"index":"index","follow":"follow","max-snippet":"max-snippet:-1","max-image-preview":"max-image-preview:large","max-video-preview":"max-video-preview:-1"},"canonical":"https:\/\/www.bmicos.com\/tarjetamascr\/beneficios-individual\/beneficios-care\/","og_locale":"es_ES","og_type":"article","og_title":"Beneficios Care","og_description":"Descripci\u00f3n Beneficios Care es una soluci\u00f3n integral que re\u00fane servicios especializados para el cuidado de tu veh\u00edculo y tu bienestar personal, a trav\u00e9s de nuestras dos l\u00edneas: Car Care y Life Care. Para m\u00e1s informaci\u00f3n, pod\u00e9s comunicarte con Beneficios Care al 7200-2273 o escribir al correo info@beneficioscare.com A continuaci\u00f3n, se detallan los beneficios que ofrece [&hellip;]","og_url":"https:\/\/www.bmicos.com\/tarjetamascr\/beneficios-individual\/beneficios-care\/","og_site_name":"Tarjeta MAS beneficios y descuentos","article_modified_time":"2026-03-31T21:10:59+00:00","og_image":[{"width":200,"height":154,"url":"https:\/\/www.bmicos.com\/tarjetamascr\/wp-content\/uploads\/sites\/8\/2026\/02\/Azul_Logo-Beneficios-Care_md.png","type":"image\/png"}],"twitter_card":"summary_large_image","twitter_misc":{"Tiempo de lectura":"2 minutos"},"schema":{"@context":"https:\/\/schema.org","@graph":[{"@type":"WebPage","@id":"https:\/\/www.bmicos.com\/tarjetamascr\/beneficios-individual\/beneficios-care\/","url":"https:\/\/www.bmicos.com\/tarjetamascr\/beneficios-individual\/beneficios-care\/","name":"Beneficios Care - Tarjeta MAS beneficios y descuentos","isPartOf":{"@id":"https:\/\/www.bmicos.com\/tarjetamascr\/#website"},"primaryImageOfPage":{"@id":"https:\/\/www.bmicos.com\/tarjetamascr\/beneficios-individual\/beneficios-care\/#primaryimage"},"image":{"@id":"https:\/\/www.bmicos.com\/tarjetamascr\/beneficios-individual\/beneficios-care\/#primaryimage"},"thumbnailUrl":"https:\/\/www.bmicos.com\/tarjetamascr\/wp-content\/uploads\/sites\/8\/2026\/02\/Azul_Logo-Beneficios-Care_md.png","datePublished":"2026-02-12T15:38:43+00:00","dateModified":"2026-03-31T21:10:59+00:00","breadcrumb":{"@id":"https:\/\/www.bmicos.com\/tarjetamascr\/beneficios-individual\/beneficios-care\/#breadcrumb"},"inLanguage":"es","potentialAction":[{"@type":"ReadAction","target":["https:\/\/www.bmicos.com\/tarjetamascr\/beneficios-individual\/beneficios-care\/"]}]},{"@type":"ImageObject","inLanguage":"es","@id":"https:\/\/www.bmicos.com\/tarjetamascr\/beneficios-individual\/beneficios-care\/#primaryimage","url":"https:\/\/www.bmicos.com\/tarjetamascr\/wp-content\/uploads\/sites\/8\/2026\/02\/Azul_Logo-Beneficios-Care_md.png","contentUrl":"https:\/\/www.bmicos.com\/tarjetamascr\/wp-content\/uploads\/sites\/8\/2026\/02\/Azul_Logo-Beneficios-Care_md.png","width":200,"height":154},{"@type":"BreadcrumbList","@id":"https:\/\/www.bmicos.com\/tarjetamascr\/beneficios-individual\/beneficios-care\/#breadcrumb","itemListElement":[{"@type":"ListItem","position":1,"name":"Portada","item":"https:\/\/www.bmicos.com\/tarjetamascr\/"},{"@type":"ListItem","position":2,"name":"Beneficios individual","item":"https:\/\/www.bmicos.com\/tarjetamascr\/beneficios-individual\/"},{"@type":"ListItem","position":3,"name":"Beneficios Care"}]},{"@type":"WebSite","@id":"https:\/\/www.bmicos.com\/tarjetamascr\/#website","url":"https:\/\/www.bmicos.com\/tarjetamascr\/","name":"Tarjeta MAS beneficios y descuentos","description":"Programa de beneficios y descuentos para los asegurados de BMI","publisher":{"@id":"https:\/\/www.bmicos.com\/tarjetamascr\/#organization"},"potentialAction":[{"@type":"SearchAction","target":{"@type":"EntryPoint","urlTemplate":"https:\/\/www.bmicos.com\/tarjetamascr\/?s={search_term_string}"},"query-input":{"@type":"PropertyValueSpecification","valueRequired":true,"valueName":"search_term_string"}}],"inLanguage":"es"},{"@type":"Organization","@id":"https:\/\/www.bmicos.com\/tarjetamascr\/#organization","name":"Tarjeta MAS","url":"https:\/\/www.bmicos.com\/tarjetamascr\/","logo":{"@type":"ImageObject","inLanguage":"es","@id":"https:\/\/www.bmicos.com\/tarjetamascr\/#\/schema\/logo\/image\/","url":"https:\/\/www.bmicos.com\/tarjetamascr\/wp-content\/uploads\/sites\/8\/2020\/03\/LogoMas-LetraAzul-1-1.png","contentUrl":"https:\/\/www.bmicos.com\/tarjetamascr\/wp-content\/uploads\/sites\/8\/2020\/03\/LogoMas-LetraAzul-1-1.png","width":400,"height":153,"caption":"Tarjeta MAS"},"image":{"@id":"https:\/\/www.bmicos.com\/tarjetamascr\/#\/schema\/logo\/image\/"}}]}},"_links":{"self":[{"href":"https:\/\/www.bmicos.com\/tarjetamascr\/wp-json\/wp\/v2\/pages\/890","targetHints":{"allow":["GET"]}}],"collection":[{"href":"https:\/\/www.bmicos.com\/tarjetamascr\/wp-json\/wp\/v2\/pages"}],"about":[{"href":"https:\/\/www.bmicos.com\/tarjetamascr\/wp-json\/wp\/v2\/types\/page"}],"author":[{"embeddable":true,"href":"https:\/\/www.bmicos.com\/tarjetamascr\/wp-json\/wp\/v2\/users\/1"}],"replies":[{"embeddable":true,"href":"https:\/\/www.bmicos.com\/tarjetamascr\/wp-json\/wp\/v2\/comments?post=890"}],"version-history":[{"count":0,"href":"https:\/\/www.bmicos.com\/tarjetamascr\/wp-json\/wp\/v2\/pages\/890\/revisions"}],"up":[{"embeddable":true,"href":"https:\/\/www.bmicos.com\/tarjetamascr\/wp-json\/wp\/v2\/pages\/595"}],"wp:attachment":[{"href":"https:\/\/www.bmicos.com\/tarjetamascr\/wp-json\/wp\/v2\/media?parent=890"}],"curies":[{"name":"wp","href":"https:\/\/api.w.org\/{rel}","templated":true}]}}